{"id":99,"date":"2012-11-13T14:18:47","date_gmt":"2012-11-13T12:18:47","guid":{"rendered":"http:\/\/www.painters.fi\/taiteenhankintamalli\/?page_id=99"},"modified":"2013-02-08T09:40:56","modified_gmt":"2013-02-08T07:40:56","slug":"ruotsalainen-anitta","status":"publish","type":"page","link":"https:\/\/www.painters.fi\/taiteenhankintamalli\/esimerkkeja-taideprojekteista\/ruotsalainen-anitta\/","title":{"rendered":"Ruotsalainen Anitta"},"content":{"rendered":"<h2>Ainon ja W\u00e4in\u00f6n talkootanssi-sein\u00e4reliefiteos rivitalon p\u00e4\u00e4tyyn<\/h2>\n<p><a href=\"https:\/\/www.painters.fi\/taiteenhankintamalli\/wp-content\/uploads\/2012\/11\/ruotsalainen2.jpg\"><img loading=\"lazy\" decoding=\"async\" class=\"alignnone size-large wp-image-207\" title=\"Anitta Ruotsalainen: &quot;Ainon ja W\u00e4in\u00f6n talkoontanssi&quot; sein\u00e4reliefiteos rivitalon p\u00e4\u00e4tyyn Turkuun 2011\" src=\"https:\/\/www.painters.fi\/taiteenhankintamalli\/wp-content\/uploads\/2012\/11\/ruotsalainen2-1024x768.jpg\" alt=\"\" width=\"620\" height=\"465\" srcset=\"https:\/\/www.painters.fi\/taiteenhankintamalli\/wp-content\/uploads\/2012\/11\/ruotsalainen2-1024x768.jpg 1024w, https:\/\/www.painters.fi\/taiteenhankintamalli\/wp-content\/uploads\/2012\/11\/ruotsalainen2-300x225.jpg 300w\" sizes=\"auto, (max-width: 620px) 100vw, 620px\" \/><\/a><\/p>\n<h3>Perustiedot<\/h3>\n<p>Taiteilija: Anitta Ruotsalainen <a href=\"http:\/\/www.kuvataiteilijamatrikkeli.fi\/fi\/taiteilijat\/2376\">&gt;&gt; Anitta Ruotsalainen<\/a><br \/>\nHankkeen nimi: Ainon ja W\u00e4in\u00f6n talkootanssi-sein\u00e4reliefiteos rivitalon p\u00e4\u00e4tyyn<br \/>\nSijainti: Turku, Hirvensalo<br \/>\nTilaaja: VASO (Varsinais-Suomen asumisoikeus Oy)<br \/>\nRakennuttaja: VASO<br \/>\nArkkitehti: Arkkitehtitoimisto C &amp; Co Oy<br \/>\nHankkeen suunnittelu alkoi: 2011<br \/>\nHanke toteutui: 2011<\/p>\n<p><a href=\"https:\/\/www.painters.fi\/taiteenhankintamalli\/wp-content\/uploads\/2012\/11\/ruotsalainen1.jpg\"><img loading=\"lazy\" decoding=\"async\" class=\"alignnone size-large wp-image-206\" title=\"Anitta Ruotsalainen: &quot;Ainon ja W\u00e4in\u00f6n talkoontanssi&quot; sein\u00e4reliefiteos rivitalon p\u00e4\u00e4tyyn Turkuun 2011\" src=\"https:\/\/www.painters.fi\/taiteenhankintamalli\/wp-content\/uploads\/2012\/11\/ruotsalainen1-1024x685.jpg\" alt=\"\" width=\"620\" height=\"414\" srcset=\"https:\/\/www.painters.fi\/taiteenhankintamalli\/wp-content\/uploads\/2012\/11\/ruotsalainen1-1024x685.jpg 1024w, https:\/\/www.painters.fi\/taiteenhankintamalli\/wp-content\/uploads\/2012\/11\/ruotsalainen1-300x200.jpg 300w\" sizes=\"auto, (max-width: 620px) 100vw, 620px\" \/><\/a><\/p>\n<h3>Projektin k\u00e4yt\u00e4nn\u00f6n etenemisest\u00e4<\/h3>\n<p>VASO pyysi Turun Taideakatemian Julkinen taide \u00a0-erikoistumisopintojen suorittajilta teosehdotuksia rakennusvaiheessa olevalle rivitaloalueelle sijoitettavasta taideteoksesta. Anitta Ruotsalaisen teosehdotus tuli valituksi, ja h\u00e4n toteutti teoksen samana vuonna.<br \/>\nProjekti kesti noin kahdeksan kuukautta: se alkoi maalis-huhtikuussa ja p\u00e4\u00e4ttyi loka-marraskuussa.<\/p>\n<p>Ruotsalainen kiitt\u00e4\u00e4 t\u00e4ydennyskoulutuksia, joissa tulee esiin uusia mahdollisuuksia omalle tekemiselle ja joissa voi p\u00e4ivitt\u00e4\u00e4 osaamistaan. H\u00e4n sai opintojensa kautta tietoa rakennusprosessista.<br \/>\nAsioita, joita olisi voinut kysy\u00e4 koulutuksen koordinaattorilta, kuten aikataulu, budjetti ja laskutus ym., Ruotsalainen p\u00e4\u00e4tyi kysym\u00e4\u00e4n \u00a0puolisoltaan, jolla oli kokemusta projektity\u00f6skentelyst\u00e4 ja kommunikoinnista yritysjohdon kanssa.<\/p>\n<p>Ruotsalainen hoiti kuljetukset ja varastoinnin itse. Teos muokkautui luonnosvaiheen ja tekovaiheen v\u00e4lill\u00e4. VASOn kanssa sovittiin, ett\u00e4 urakoitsijalta tulee yksi ty\u00f6ntekij\u00e4 auttamaan teoksen sommitteluty\u00f6ss\u00e4 ja paikalleen kiinnitt\u00e4misess\u00e4. T\u00e4h\u00e4n ty\u00f6vaiheeseen meni yksi ty\u00f6p\u00e4iv\u00e4. Ripustusvaiheessa my\u00f6s toisesta taiteilijasta olisi ollut apua.<\/p>\n<h3>Yhteisty\u00f6 tilaajan kanssa<\/h3>\n<p>Turun Taideakatemiassa opintojen mukaan \u00a0neuvotteluihin olisi voinut ottaa avustajan, mutta Ruotsalainen ei kokenut sit\u00e4 tarpeelliseksi. H\u00e4n tiedosti sen, ett\u00e4 tapaamisiin kannattaa menn\u00e4 valmistautuneena. Rakennuspuolella ei ole varattuna koko p\u00e4iv\u00e4\u00e4 neuvotteluihin, joten Ruotsalainen valmistautui keskusteluihin k\u00e4yt\u00e4nn\u00f6n asioista. Kuvataiteen sis\u00e4lt\u00f6kysymykset h\u00e4n ratkaisi kollegojen kanssa.<\/p>\n<p>Kommunikointi tapahtui VASOn toimitusjohtajan kanssa. H\u00e4n on henkil\u00f6kohtaisesti kiinnostunut saamaan teoksia rakennuskohteisiin. Kun toimitusjohtaja oli hyv\u00e4ksynyt idean,\u00a0Ruotsalainen koki tekemisens\u00e4 vapautuneeksi.<br \/>\nEnsimm\u00e4inen tapaaminen oli VASOn toimistossa, jossa toimitusjohtaja esitteli kohdetta. Tapaamiseen valmistautuminen oli t\u00e4rke\u00e4\u00e4, jotta osasi kysy\u00e4 asioita ja kuunnella sek\u00e4 tulkita rivien v\u00e4list\u00e4. Ihmiset haluavat taideteokselle tarinan, ja historia ja paikallisuus auttavat t\u00e4ss\u00e4.<br \/>\nToinen tapaaminen oli ty\u00f6maalla, jossa urakoitsijaa edustava ty\u00f6maan rakennusmestari oli l\u00e4sn\u00e4. Rakennusmestarin kanssa sovittiin teoksen kiinnityksest\u00e4 ja muista k\u00e4yt\u00e4nn\u00f6n asioista. Sopimus teoksesta allekirjoitettiin ty\u00f6maak\u00e4ynnin yhteydess\u00e4. Ruotsalainen laati sopimuksen Taidemaalariliiton sopimusmallin pohjalta, koska VASOlla ei ollut omaa sopimusmallia. Ruotsalainen kirjasi sopimukseen vaaran vastuun ja m\u00e4\u00e4ritti, ett\u00e4 h\u00e4n saisi 1\/3 palkkiosta etuk\u00e4teen, jotta p\u00e4\u00e4sisi aloittamaan materiaalihankinnat. H\u00e4n teki ty\u00f6n verokortilla. Tilaaja hyv\u00e4ksyi sopimuksen ensimm\u00e4isen version.<br \/>\nVASO suhtautuu my\u00f6nteisesti taidehankkeisiin, mutta se ei viel\u00e4 toimi prosenttiperiaatteen mittakaavassa. Projekteihin sijoitetaan rahaa 5 000\u201310 000 \u20ac\/hanke.<br \/>\nAnitta Ruotsalaisen taidehanke oli VASOn toinen taideprojekti. Vuonna 2010 Emmi K\u00f6mmist\u00f6 toteutti hankkeen Vason Keonraitin ala-aulaan. Kolmatta hanketta on toteuttamassa Satu-Minna J\u00e4rvi.<\/p>\n<p>Yhteisty\u00f6 tilaajan kanssa oli asiallista. Valmistelut tehtiin puhelimitse ja s\u00e4hk\u00f6postitse. Ruotsalainen j\u00e4i kuitenkin kaipaamaan enemm\u00e4n keskustelua tilaajan kanssa ja ennalta sovittuja v\u00e4lipalavereja. Tekoprosessin aikanakin pit\u00e4isi vaihtaa mielipiteit\u00e4 ja luoda molemminpuolista luottamista. Tilanne kompensoitui loppukeskustelussa teoksen julkistamisen yhteydess\u00e4.<\/p>\n<h3>Kohderyhm\u00e4n huomioiminen<\/h3>\n<p>Kohderyhm\u00e4 huomioitiin teoksen ideoinnin aikana. Ideointiprosessiin oli aikaa pari viikkoa. VASOn toimitusjohtajaa kuunnellessa Ruotsalainen sai selville, ett\u00e4 alueelle t\u00e4rke\u00e4\u00e4 oli sen luonto ja ett\u00e4 W\u00e4in\u00f6 Aaltosella oli ollut ateljee Hirvensalossa. Opinnot vahvistivat Ruotsalaisen muiden materiaalien k\u00e4ytt\u00e4mist\u00e4. Paikka, kohderyhm\u00e4 ja paikallisuus toivat esiin W\u00e4in\u00f6 Aaltosen ja rivitalon tulevat asukkaat\/perheet. W\u00e4in\u00f6ll\u00e4 oli vaimo Aino, ja asukkailla olisi talkoita, mist\u00e4 syntyi teoksen nimi: Ainon ja W\u00e4in\u00f6n talkootanssit. Nimen kautta kehittyi teoksen vapaa muoto. Ruotsalainen yhdisti teosehdotukseensa tarinan W\u00e4in\u00f6st\u00e4 pyyt\u00e4m\u00e4ss\u00e4 Ainolta p\u00e4\u00e4sy\u00e4 saatille talkootanssien j\u00e4lkeen, astumassa hieman Ainon saappaan p\u00e4\u00e4lle.<\/p>\n<p><a href=\"https:\/\/www.painters.fi\/taiteenhankintamalli\/wp-content\/uploads\/2012\/11\/ruotsalainen3.jpg\"><img loading=\"lazy\" decoding=\"async\" class=\"alignnone size-large wp-image-208\" title=\"Anitta Ruotsalainen: &quot;Ainon ja W\u00e4in\u00f6n talkoontanssi&quot; sein\u00e4reliefiteos rivitalon p\u00e4\u00e4tyyn Turkuun 2011\" src=\"https:\/\/www.painters.fi\/taiteenhankintamalli\/wp-content\/uploads\/2012\/11\/ruotsalainen3-1024x768.jpg\" alt=\"\" width=\"620\" height=\"465\" srcset=\"https:\/\/www.painters.fi\/taiteenhankintamalli\/wp-content\/uploads\/2012\/11\/ruotsalainen3-1024x768.jpg 1024w, https:\/\/www.painters.fi\/taiteenhankintamalli\/wp-content\/uploads\/2012\/11\/ruotsalainen3-300x225.jpg 300w\" sizes=\"auto, (max-width: 620px) 100vw, 620px\" \/><\/a><\/p>\n<h3>Suhde muuhun taiteelliseen tuotantoon ja materiaalivalinnat<\/h3>\n<p>Reliefin tekeminen oli tietenkin erilaista kuin maalaaminen. Ajattelun tapa ei kuitenkaan poikennut moniosaisen maalauksen tekemisest\u00e4. Litte\u00e4n reliefin tekeminen oli j\u00e4ljen j\u00e4tt\u00e4mist\u00e4, mik\u00e4 ei eroa maalauksesta.<br \/>\nValaistukseen ei ollut budjetoitu rahaa, joten teos piti suunnitella sellaiseksi, ett\u00e4 se toimii ilman valaistusta. Reunaehdot olivat selke\u00e4t, joten suunnittelu oli selke\u00e4\u00e4.<br \/>\nBudjetti m\u00e4\u00e4ritti teoksen kokoa. Ruotsalainen huomioi my\u00f6s oman tulonsa. H\u00e4n valitsi itse materiaalit, ja kohteen arkkitehti hyv\u00e4ksyi ne. Laserle Oy toteutti teoksen leikkauksen ter\u00e4ksest\u00e4 Ruotsalaisen piirustusten perusteella. Yhteisty\u00f6 kolmannen osapuolen kanssa sujui hyvin.<br \/>\n<\/p>\n","protected":false},"excerpt":{"rendered":"<p>Ainon ja W\u00e4in\u00f6n talkootanssi-sein\u00e4reliefiteos rivitalon p\u00e4\u00e4tyyn Perustiedot Taiteilija: Anitta Ruotsalainen &gt;&gt; Anitta Ruotsalainen Hankkeen nimi: Ainon ja W\u00e4in\u00f6n talkootanssi-sein\u00e4reliefiteos rivitalon p\u00e4\u00e4tyyn Sijainti: Turku, Hirvensalo Tilaaja: VASO (Varsinais-Suomen asumisoikeus Oy) Rakennuttaja: VASO Arkkitehti: Arkkitehtitoimisto C &amp; Co Oy Hankkeen suunnittelu alkoi: &hellip; <a href=\"https:\/\/www.painters.fi\/taiteenhankintamalli\/esimerkkeja-taideprojekteista\/ruotsalainen-anitta\/\">Continue reading <span class=\"meta-nav\">&rarr;<\/span><\/a><\/p>\n","protected":false},"author":4,"featured_media":0,"parent":74,"menu_order":36,"comment_status":"closed","ping_status":"closed","template":"","meta":{"footnotes":""},"class_list":["post-99","page","type-page","status-publish","hentry"],"_links":{"self":[{"href":"https:\/\/www.painters.fi\/taiteenhankintamalli\/wp-json\/wp\/v2\/pages\/99","targetHints":{"allow":["GET"]}}],"collection":[{"href":"https:\/\/www.painters.fi\/taiteenhankintamalli\/wp-json\/wp\/v2\/pages"}],"about":[{"href":"https:\/\/www.painters.fi\/taiteenhankintamalli\/wp-json\/wp\/v2\/types\/page"}],"author":[{"embeddable":true,"href":"https:\/\/www.painters.fi\/taiteenhankintamalli\/wp-json\/wp\/v2\/users\/4"}],"replies":[{"embeddable":true,"href":"https:\/\/www.painters.fi\/taiteenhankintamalli\/wp-json\/wp\/v2\/comments?post=99"}],"version-history":[{"count":22,"href":"https:\/\/www.painters.fi\/taiteenhankintamalli\/wp-json\/wp\/v2\/pages\/99\/revisions"}],"predecessor-version":[{"id":199,"href":"https:\/\/www.painters.fi\/taiteenhankintamalli\/wp-json\/wp\/v2\/pages\/99\/revisions\/199"}],"up":[{"embeddable":true,"href":"https:\/\/www.painters.fi\/taiteenhankintamalli\/wp-json\/wp\/v2\/pages\/74"}],"wp:attachment":[{"href":"https:\/\/www.painters.fi\/taiteenhankintamalli\/wp-json\/wp\/v2\/media?parent=99"}],"curies":[{"name":"wp","href":"https:\/\/api.w.org\/{rel}","templated":true}]}}