{"id":97,"date":"2012-11-13T14:18:22","date_gmt":"2012-11-13T12:18:22","guid":{"rendered":"http:\/\/www.painters.fi\/taiteenhankintamalli\/?page_id=97"},"modified":"2013-02-08T09:40:20","modified_gmt":"2013-02-08T07:40:20","slug":"mughal-maria","status":"publish","type":"page","link":"https:\/\/www.painters.fi\/taiteenhankintamalli\/esimerkkeja-taideprojekteista\/mughal-maria\/","title":{"rendered":"Mughal Maria"},"content":{"rendered":"<h2>Sein\u00e4maalauksia julkisivuun ja taidelasia uudiskohteeseen<\/h2>\n<p><a href=\"https:\/\/www.painters.fi\/taiteenhankintamalli\/wp-content\/uploads\/2012\/11\/maria_mughal2.jpg\"><img loading=\"lazy\" decoding=\"async\" class=\"alignnone  wp-image-264\" title=\"Maria Mughal: &quot;Sein\u00e4taidetta&quot; kerrostalojen julkisivuihin Joensuuhun 2011. Kuva: Vesa Vapanen\" src=\"https:\/\/www.painters.fi\/taiteenhankintamalli\/wp-content\/uploads\/2012\/11\/maria_mughal2.jpg\" alt=\"\" width=\"689\" height=\"387\" srcset=\"https:\/\/www.painters.fi\/taiteenhankintamalli\/wp-content\/uploads\/2012\/11\/maria_mughal2.jpg 850w, https:\/\/www.painters.fi\/taiteenhankintamalli\/wp-content\/uploads\/2012\/11\/maria_mughal2-300x168.jpg 300w\" sizes=\"auto, (max-width: 689px) 100vw, 689px\" \/><\/a><\/p>\n<h3>Perustiedot julkisivuhankkeesta<\/h3>\n<p>Taiteilija: Maria Mughal <a href=\"http:\/\/www.mughal.fi\/\">&gt;&gt; Maria Mughal<\/a><br \/>\nHankkeen nimi: &#8220;sein\u00e4taidetta&#8221; kolmeen julkisivuun (talojen p\u00e4\u00e4dyt)<br \/>\nSijainti: Joensuu<br \/>\nTilaaja: Joensuun Elli<br \/>\nRakennuttaja: Opiskelija-asunnot Oy, Joensuun Elli<br \/>\nArkkitehti: Samuli Sallinen, Arcadia Oy Arkkitehtitoimisto<br \/>\nHankkeen suunnittelu alkoi: 2009<br \/>\nHanke toteutui: 2011<\/p>\n<h3>Projektin k\u00e4yt\u00e4nn\u00f6n etenemisest\u00e4<\/h3>\n<p>Kohteen teosten koko, sijoituspaikka ja tekniikka oli Mughalin mukaan tullessa jo m\u00e4\u00e4ritelty ja arkkitehti oli suunnitellut teosten v\u00e4rimaailman (aina yksi\u2028v\u00e4ri\/sein\u00e4) perusajatuksen. Mughal sai vaikuttaa v\u00e4rien osalta betonin v\u00e4ripigmentin voimakkuuteen.<\/p>\n<h3>Kuvaston m\u00e4\u00e4r\u00e4ytyminen ja suhde muuhun taiteelliseen tuotantoon<\/h3>\n<p>Mughal k\u00e4ytti sein\u00e4maalausten l\u00e4ht\u00f6kohtana jo olemassa olevia maalauksiaan, sill\u00e4 ne toimivat h\u00e4nen mielest\u00e4\u00e4n hyvin yhdess\u00e4. Teoksia kehitettiin eteenp\u00e4in, niihin tuli uusia yksityiskohtia ja niit\u00e4 muokattiin tekniikkaan sopivammaksi.\u2028Teokset ovat kuin Mughalin maalausten &#8220;sisart\u00f6it\u00e4&#8221;, jatkumoa h\u00e4nen aikaisemmalle tuotannolleen. Toki ne on tehty betoniin ja kokokin on todella suuri verrattuna alkuper\u00e4isiin maalauksiin. Betoni aineena oli h\u00e4nelle uusi tuttavuus, ja se innosti h\u00e4nt\u00e4.<\/p>\n<p><a href=\"https:\/\/www.painters.fi\/taiteenhankintamalli\/wp-content\/uploads\/2012\/11\/maria_mughal3.jpg\"><img loading=\"lazy\" decoding=\"async\" class=\"alignnone  wp-image-375\" title=\"Maria Mughal: &quot;Kasvu&quot; lasiteos koulun ruokalaan Ouluun 2012. Kuva: E.Hyv\u00e4rinen\" src=\"https:\/\/www.painters.fi\/taiteenhankintamalli\/wp-content\/uploads\/2012\/11\/maria_mughal3.jpg\" alt=\"\" width=\"698\" height=\"558\" srcset=\"https:\/\/www.painters.fi\/taiteenhankintamalli\/wp-content\/uploads\/2012\/11\/maria_mughal3.jpg 850w, https:\/\/www.painters.fi\/taiteenhankintamalli\/wp-content\/uploads\/2012\/11\/maria_mughal3-300x240.jpg 300w\" sizes=\"auto, (max-width: 698px) 100vw, 698px\" \/><\/a><\/p>\n<h3>Perustiedot taidelasihankkeesta<\/h3>\n<p>Taiteilija: Maria Mughal<br \/>\nHankkeen nimi: taidelasia uudiskohteeseen (koulu ja kirjasto)<br \/>\nSijainti: Oulu<br \/>\nTilaaja: Oulun Taidemuseo<br \/>\nRakennuttaja: Oulun kaupunki<br \/>\nArkkitehti: arkkitehtitoimisto HML, Jukka Lahtinen<br \/>\nHankkeen suunnittelu alkoi: 2010<br \/>\nHanke toteutui: 2012<\/p>\n<h3>Projektin k\u00e4yt\u00e4nn\u00f6n etenemisest\u00e4<\/h3>\n<p>Oulun kohde oli prosenttitaidehanke. Arkkitehdin tekem\u00e4t suunnitelmat ikkunoista ja niiden suuruudesta sek\u00e4 taiteen sijoittamisesta ikkunalasien v\u00e4liin olivat jo valmiina Mughalin tullessa mukaan hankkeeseen. Niihin Mughal ei voinut vaikuttaa. H\u00e4nelle annettiin selv\u00e4t ohjeet siit\u00e4, mihin ikkunoihin taidetta oli tarkoitus suunnitella. Suunnitteluty\u00f6ss\u00e4 h\u00e4nen tuli ottaa huomioon k\u00e4ytt\u00e4jien toiveet (kirjaston ja koulun henkil\u00f6kunta olivat mukana kokouksissa).<\/p>\n<h3>Kuvaston m\u00e4\u00e4r\u00e4ytyminen ja suhde muuhun taiteelliseen tuotantoon<\/h3>\n<p>Lasi-ikkunoista koostuva teos oli Mughalille uusi haaste.\u2028H\u00e4n p\u00e4\u00e4tyi muuta tuotantoaan abstraktimpaan ilmaisuun ja suunnitteli monta eri ehdotuskokonaisuutta esitett\u00e4v\u00e4ksi Oulun taidemuseolle. Museo valitsi lopulliset teosluonnokset, joita Mughal viel\u00e4 hioi eteenp\u00e4in.\u2028Lasitaideteokset ovat antaneet Mughalille uusia virikkeit\u00e4 abstraktimpaan ilmaisuun. Lasi kiehtoo h\u00e4nt\u00e4 aineena, mm. sen l\u00e4pin\u00e4kyvyys on hyvin kiinnostavaa.<\/p>\n<p>Molemmissa hankkeissa keskusteluja k\u00e4ytiin eritt\u00e4in hyv\u00e4ss\u00e4 hengess\u00e4. Mughalille annettiin paljon taiteellista vapautta ja ty\u00f6rauha.<br \/>\n<\/p>\n","protected":false},"excerpt":{"rendered":"<p>Sein\u00e4maalauksia julkisivuun ja taidelasia uudiskohteeseen Perustiedot julkisivuhankkeesta Taiteilija: Maria Mughal &gt;&gt; Maria Mughal Hankkeen nimi: &#8220;sein\u00e4taidetta&#8221; kolmeen julkisivuun (talojen p\u00e4\u00e4dyt) Sijainti: Joensuu Tilaaja: Joensuun Elli Rakennuttaja: Opiskelija-asunnot Oy, Joensuun Elli Arkkitehti: Samuli Sallinen, Arcadia Oy Arkkitehtitoimisto Hankkeen suunnittelu alkoi: 2009 &hellip; <a href=\"https:\/\/www.painters.fi\/taiteenhankintamalli\/esimerkkeja-taideprojekteista\/mughal-maria\/\">Continue reading <span class=\"meta-nav\">&rarr;<\/span><\/a><\/p>\n","protected":false},"author":4,"featured_media":0,"parent":74,"menu_order":24,"comment_status":"closed","ping_status":"closed","template":"","meta":{"footnotes":""},"class_list":["post-97","page","type-page","status-publish","hentry"],"_links":{"self":[{"href":"https:\/\/www.painters.fi\/taiteenhankintamalli\/wp-json\/wp\/v2\/pages\/97","targetHints":{"allow":["GET"]}}],"collection":[{"href":"https:\/\/www.painters.fi\/taiteenhankintamalli\/wp-json\/wp\/v2\/pages"}],"about":[{"href":"https:\/\/www.painters.fi\/taiteenhankintamalli\/wp-json\/wp\/v2\/types\/page"}],"author":[{"embeddable":true,"href":"https:\/\/www.painters.fi\/taiteenhankintamalli\/wp-json\/wp\/v2\/users\/4"}],"replies":[{"embeddable":true,"href":"https:\/\/www.painters.fi\/taiteenhankintamalli\/wp-json\/wp\/v2\/comments?post=97"}],"version-history":[{"count":21,"href":"https:\/\/www.painters.fi\/taiteenhankintamalli\/wp-json\/wp\/v2\/pages\/97\/revisions"}],"predecessor-version":[{"id":253,"href":"https:\/\/www.painters.fi\/taiteenhankintamalli\/wp-json\/wp\/v2\/pages\/97\/revisions\/253"}],"up":[{"embeddable":true,"href":"https:\/\/www.painters.fi\/taiteenhankintamalli\/wp-json\/wp\/v2\/pages\/74"}],"wp:attachment":[{"href":"https:\/\/www.painters.fi\/taiteenhankintamalli\/wp-json\/wp\/v2\/media?parent=97"}],"curies":[{"name":"wp","href":"https:\/\/api.w.org\/{rel}","templated":true}]}}