{"id":95,"date":"2012-11-13T14:17:51","date_gmt":"2012-11-13T12:17:51","guid":{"rendered":"http:\/\/www.painters.fi\/taiteenhankintamalli\/?page_id=95"},"modified":"2013-02-08T09:40:08","modified_gmt":"2013-02-08T07:40:08","slug":"makkonen-inkeri","status":"publish","type":"page","link":"https:\/\/www.painters.fi\/taiteenhankintamalli\/esimerkkeja-taideprojekteista\/makkonen-inkeri\/","title":{"rendered":"Makkonen Inkeri"},"content":{"rendered":"<h2>Kaupunkitaiteen ideointi- ja koordinointiteht\u00e4v\u00e4t Espoon kaupungille<\/h2>\n<h3>Perustiedot<\/h3>\n<p>Ty\u00f6ryhm\u00e4: kuvataiteilija arkkitehti Inkeri Makkonen <a href=\"http:\/\/www.inkerimakkonen.net\/\">&gt;&gt; Inkeri Makkonen<\/a> ja Espoon kaupungin virkamiehi\u00e4 (arkkitehteja, insin\u00f6\u00f6rej\u00e4), N\u00e4kym\u00e4-arkkitehdit, trumpetisti Verneri Pohjola<br \/>\nHankkeen nimi: Espoon keskuksen taideprojekti<br \/>\nSijainti: Espoon keskus<br \/>\nTilaaja: Espoon kaupunki<br \/>\nArkkitehti: Inkeri Makkonen<br \/>\nHankkeen suunnittelu alkoi: 2011<br \/>\nHanke toteutui: 2012\u2013<\/p>\n<p><a href=\"https:\/\/www.painters.fi\/taiteenhankintamalli\/wp-content\/uploads\/2012\/11\/inkeri_makkonen11.jpg\"><img loading=\"lazy\" decoding=\"async\" class=\"alignnone size-full wp-image-1067\" title=\"Inkeri Makkonen: Maalatut ruukut Espoon keskuksen taideprojektiin Espooseen 2012. Kuva: N\u00e4kym\u00e4 Oy\" src=\"https:\/\/www.painters.fi\/taiteenhankintamalli\/wp-content\/uploads\/2012\/11\/inkeri_makkonen11.jpg\" alt=\"\" width=\"667\" height=\"445\" srcset=\"https:\/\/www.painters.fi\/taiteenhankintamalli\/wp-content\/uploads\/2012\/11\/inkeri_makkonen11.jpg 667w, https:\/\/www.painters.fi\/taiteenhankintamalli\/wp-content\/uploads\/2012\/11\/inkeri_makkonen11-300x200.jpg 300w\" sizes=\"auto, (max-width: 667px) 100vw, 667px\" \/><\/a><\/p>\n<h3>Projektin k\u00e4yt\u00e4nn\u00f6n etenemisest\u00e4<\/h3>\n<p>Inkeri Makkonen sai unelmiensa teht\u00e4v\u00e4n ideoida ja koordinoida Espoon keskukseen kaupunkitaidetta World Design Capital vuodeksi 2012 sek\u00e4 my\u00f6s sen j\u00e4lkeen tuleville vuosille. Ty\u00f6n aloitteentekij\u00e4 oli Espoon kaupunkisuunnittelukeskuksen hallintop\u00e4\u00e4llikk\u00f6 Erik Stenroos. Espoon keskuksen projektijohtaja Torsti Hokkanen, joka on j\u00e4rjestellyt taidehankkeille rahoitusta, oli avoin kaikille ideoille. Makkosen palkkion ty\u00f6st\u00e4 maksoi kaupunkisuunnittelukeskus.<\/p>\n<p>Makkonen teki 44-sivuisen Powerpoint-esityksen kaupunkitaide -ideoista Espoon keskuksen \u201dkaupunkitaidety\u00f6ryhm\u00e4lle\u201d. Listassa oli hologrammitaidetta, junan ravintolavaunu kahvilak\u00e4yt\u00f6ss\u00e4 Espoontorin laidassa, k\u00e4sitetaidetta, \u00e4\u00e4nitaidetta, ekologista taidetta ja kierr\u00e4tystaidetta. Ty\u00f6ryhm\u00e4 innostui ajatuksista, ja he pitiv\u00e4t asian tiimoilta pari palaveria, joissa Makkosen ideoitten lis\u00e4ksi kehiteltiin teoksiksi kaupunkisuunnittelukeskuksen arkkitehtien ty\u00f6n ohessa syntyneit\u00e4 n\u00e4kemyksi\u00e4.<\/p>\n<p>Ty\u00f6ryhm\u00e4 valitsi kahdeksan mielest\u00e4\u00e4n kiinnostavinta ja toteutuskelpoisinta taideprojektia. Niist\u00e4 Makkonen valitsi toteutettaviksi kaksi sek\u00e4 yhden ulkopuolelle j\u00e4\u00e4neen ehdotuksen, arkkitehti Liisa Ikosen ehdottaman Suvelan siluetin valaistuksen, jonka Makkonen ehdottomasti halusi mukaan. Muut h\u00e4nen toteutettavaksi haluamansa hankkeet olivat Espoon keskuksen oma iltasoitto, sek\u00e4 radanvarren maisemataide-ajatuksen, joka tuntui v\u00e4ltt\u00e4m\u00e4tt\u00f6m\u00e4lt\u00e4, koska radanvarsi on n\u00e4kyv\u00e4 sek\u00e4 asukkaille arkip\u00e4iv\u00e4n maisemana ett\u00e4 ohikulkeville junamatkustajille.<br \/>\nMakkonen halusi valita toteutettaviksi nimenomaan teoksia suurmaisemaan. N\u00e4m\u00e4 teokset ovat kokoavia pienten, hajottavien ja levottomaksi tekevien teosten sijaan.<\/p>\n<p>Makkonen uskoo, ett\u00e4 n\u00e4m\u00e4 teokset kokoavat ymp\u00e4rist\u00f6\u00e4\u00e4n ja sen monia pieni\u00e4 asioita. H\u00e4n uskoo my\u00f6s, ett\u00e4 teokset lis\u00e4\u00e4v\u00e4t monikulttuurisen asujaimiston yhteisyytt\u00e4 ja ylpeytt\u00e4 omasta asuinalueestaan sek\u00e4 halua pit\u00e4\u00e4 ymp\u00e4rist\u00f6st\u00e4\u00e4n huolta.<\/p>\n<p><a href=\"https:\/\/www.painters.fi\/taiteenhankintamalli\/wp-content\/uploads\/2012\/11\/Inkeri_Makkonen_suunnitelmakuva.jpg\"><img loading=\"lazy\" decoding=\"async\" class=\"alignnone size-full wp-image-1069\" title=\"Maisema-arkkitehtitoimisto N\u00e4kym\u00e4n suunnitelmakuva Inkeri Makkosen maalaamista ruukuista Espoon keskukseen. Kuva: Maisema-arkkitehtitoimisto N\u00e4kym\u00e4\" src=\"https:\/\/www.painters.fi\/taiteenhankintamalli\/wp-content\/uploads\/2012\/11\/Inkeri_Makkonen_suunnitelmakuva.jpg\" alt=\"\" width=\"676\" height=\"309\" srcset=\"https:\/\/www.painters.fi\/taiteenhankintamalli\/wp-content\/uploads\/2012\/11\/Inkeri_Makkonen_suunnitelmakuva.jpg 676w, https:\/\/www.painters.fi\/taiteenhankintamalli\/wp-content\/uploads\/2012\/11\/Inkeri_Makkonen_suunnitelmakuva-300x137.jpg 300w\" sizes=\"auto, (max-width: 676px) 100vw, 676px\" \/><\/a><\/p>\n<p>&nbsp;<\/p>\n<h3>Radanvarren maisemataidetta<\/h3>\n<p>&nbsp;<\/p>\n<p>Radanvarren alue on keskener\u00e4inen ja tulee rakentumaan l\u00e4hivuosina. Alueelle kaivattiin v\u00e4liaikaista taidetta, jonka voisi toteuttaa jo tulevana kes\u00e4n\u00e4 2012.<br \/>\nMakkonen ideoi yhdess\u00e4 arkkitehti Liisa Ikosen ja maisema-arkkitehti Mikla Koivusen kanssa aluetta ja radanvarren raivaamista pensaista, kaupunkiviljelypalstoja, istutuskuvioita ja kasvihuoneita, jotka olisivat olleet VR:lle hienoa mainosta ekologisesta matkustustavasta. Lis\u00e4ksi he halusivat istuttaa kukkia laajoille rakentamattomille niityille ja pelloille sek\u00e4 tehd\u00e4 viherveistoksia esim. Omnian viherrakentamisen opiskelijoiden kanssa.<\/p>\n<p>Koska ideoitten toteutus olisi vaatinut maisema-arkkitehdin ammattitaitoa ja t\u00e4ytt\u00e4 ty\u00f6panosta, eik\u00e4 kaupungin maisema-arkkitehdin ty\u00f6 antanut siihen mahdollisuutta, p\u00e4\u00e4dyttiin tilaamaan toteutuskelpoinen suunnitelma maisema-arkkitehtitoimisto N\u00e4kym\u00e4 Oy:lt\u00e4.<\/p>\n<p>N\u00e4kym\u00e4 Oy:n ideoista p\u00e4\u00e4tettiin toteuttaa toria ja aukioita rytmitt\u00e4v\u00e4t maalatut, vanhat kukkalaatikot perinteist\u00e4 poikkeavin istutuksin (tatar- ja hein\u00e4kasvein). Radanvarsi p\u00e4\u00e4tettiin hoitaa karsimalla puustoa ja pensaita. Ty\u00f6 toteutettaisiin kaupungin ja liikenneviraston yhteisty\u00f6n\u00e4, jossa liikennevirasto vastaisi turvallisuustekij\u00f6ist\u00e4 rata-alueella. Suuret suunnitelmat kutistuivat. Mm. kukkapeltoja ei voitu toteuttaa, koska alueitten rakentaminen alkoi jo samana kes\u00e4n\u00e4.\u00a0Radanvarren maisemanhoitotoimet j\u00e4\u00e4v\u00e4t tuleville vuosille.<\/p>\n<p>Parkkialueille p\u00e4\u00e4tettiin maalata eriv\u00e4risi\u00e4 parkkiruutuja. Parkkiruutujen maalaamisesta toteutui vain osa, koska Citycon ei voinut katsoa suostuvansa hallinnoimansa alueen parkkiruutujen maalaamiseen. Ruutujen maalauksesta saatu tarjous oli my\u00f6s yll\u00e4tt\u00e4v\u00e4n kallis pohjustuksineen kaikkineen.<br \/>\nN\u00e4kym\u00e4 Oy:n suunnitelma virkist\u00e4\u00e4 ja rytmitt\u00e4\u00e4 Espoon keskuksen radanvarren maisemaa. My\u00f6s saatu palaute on ollut positiivista.<\/p>\n<p><a href=\"https:\/\/www.painters.fi\/taiteenhankintamalli\/wp-content\/uploads\/2012\/11\/inkeri_makkonen21.jpg\"><img loading=\"lazy\" decoding=\"async\" class=\"alignnone size-full wp-image-1071\" title=\"Ideasuunnitelma maalatuista parkkiruuduista ja kukkaruukuista Espoon keskuksessa 2012\" src=\"https:\/\/www.painters.fi\/taiteenhankintamalli\/wp-content\/uploads\/2012\/11\/inkeri_makkonen21.jpg\" alt=\"\" width=\"790\" height=\"554\" srcset=\"https:\/\/www.painters.fi\/taiteenhankintamalli\/wp-content\/uploads\/2012\/11\/inkeri_makkonen21.jpg 790w, https:\/\/www.painters.fi\/taiteenhankintamalli\/wp-content\/uploads\/2012\/11\/inkeri_makkonen21-300x210.jpg 300w\" sizes=\"auto, (max-width: 790px) 100vw, 790px\" \/><\/a><\/p>\n<h3>Suvelan siluetin valaiseminen<\/h3>\n<p>40 valaistua ilmastointi- ja hissikonehuonetta<\/p>\n<p>Suvelan siluetin valaisemisen toteutusta suunniteltiin ryhm\u00e4ss\u00e4. Ryhm\u00e4 halusi korostaa Suvelan kerrostaloalueen komeaa profiilia. Kallioilla taivasta vasten piirtyv\u00e4 siluetti n\u00e4kyy aina Turun v\u00e4yl\u00e4lle saakka.<\/p>\n<p>Ty\u00f6ryhm\u00e4 pohti led-nauhojen k\u00e4ytt\u00f6\u00e4 ja maastoon asennettavia valaisimia, valaistua mets\u00e4n profiilia, heittimien asentamista r\u00e4yst\u00e4\u00e4n taakse. Lopulta neuvotteluissa kaupunkikuva-arkkitehti Anne Nurmiolta tuli ratkaisevan hieno ehdotus Suvelan ilmastointi- ja hissikonehuoneitten valaisemisesta. Mielikuva nelj\u00e4nkymmenen valaistun konehuoneen helminauhasta sai Makkosen innostumaan ideasta entist\u00e4 enemm\u00e4n.<\/p>\n<p>Suunnitelman toteutumisen onnistumisesta oli paljon ep\u00e4ilyj\u00e4. Taloyhti\u00f6itten hallitukset ja is\u00e4nn\u00f6itsij\u00e4t sek\u00e4 hissiyhti\u00f6t oli saatava mukaan toteutukseen. Espoon kaupungin s\u00e4hk\u00f6insin\u00f6\u00f6ri Pekka Sillanp\u00e4\u00e4n asiantuntemus tukenaan Makkonen kirjoitti kirjeen, jolla is\u00e4nn\u00f6itsij\u00e4t kutsuttiin palaveriin.<br \/>\n\u201d Projektin onnistumiselle on t\u00e4rke\u00e4\u00e4 kaikkien taloyhti\u00f6iden osallistuminen. Taloyhti\u00f6ille ei tule valaistuksesta kustannuksia, eik\u00e4 huoltotoimia. H\u00e4m\u00e4r\u00e4kytkimell\u00e4 varustetut halogeeni- tai led-valaisimet kiinnitet\u00e4\u00e4n pantakiinnityksell\u00e4 katoille jo olemassa oleviin rakenteisiin esim. tikasrakenteisiin, viem\u00e4rituuletusputkiin tai r\u00e4yst\u00e4srakenteisiin. Jos sopivaa kiinnityskohtaa ei l\u00f6ydy, valaisinta varten tuodaan erillinen massiiviteline. Vesieristeisiin ei puhkota reiki\u00e4. Valaistus suunnataan niin, ettei se aiheuta h\u00e4ik\u00e4isy\u00e4 asukkaille.<br \/>\nS\u00e4hk\u00f6n ulostuonti otetaan ilmastointikonehuoneesta. Taloyhti\u00f6ille maksetaan korvaus s\u00e4hk\u00f6nkulutuksesta tehdyn laskelman tai mittauksen mukaan.\u201d<\/p>\n<p>Makkosesta oli innostavaa kokea kaikkien taloyhti\u00f6itten hallitusten ja is\u00e4nn\u00f6itsij\u00f6iden kiinnostus asiaan.<\/p>\n<p>S\u00e4hk\u00f6insin\u00f6\u00f6ri Pekka Sillanp\u00e4\u00e4n osuus t\u00e4m\u00e4n teoksen toteuttamisessa oli merkitt\u00e4v\u00e4. Sillanp\u00e4\u00e4 ja Makkonen k\u00e4viv\u00e4t asentamassa \u2013 tosin ep\u00e4onnistuneesti \u2013 koevalaisimen. My\u00f6hemmin he tekiv\u00e4t akrobatiaa vaativan kattokierroksen, jossa he tarkistivat kaikkien rakennusten s\u00e4hk\u00f6nsaannin ja s\u00e4hk\u00f6n ulosviennin mahdollisuudet. Ty\u00f6t\u00e4 viivyttiv\u00e4t joulunajan lumisateet, jotka ty\u00f6llistiv\u00e4t Espoon kaupungin s\u00e4hk\u00f6alan ty\u00f6ntekij\u00f6it\u00e4 moneksi viikoksi. Lumisateet paljastivat my\u00f6s toteutuskelvottomaksi haaveen led-heittimist\u00e4 katoille. Halogeenivalo sent\u00e4\u00e4n sulattaa jonkin verran lunta ymp\u00e4rilt\u00e4\u00e4n. Lumisena talvena led-heitin olisi hautautunut monta kertaa kinoksiin, eik\u00e4 taloyhti\u00f6ilt\u00e4 voi edellytt\u00e4\u00e4 lumit\u00f6it\u00e4 katolla olevien valaisimien ymp\u00e4rilt\u00e4.<\/p>\n<p>Makkonen oli haaveillut, ett\u00e4 valaisimet voisi j\u00e4tt\u00e4\u00e4 paikoilleen vuoden j\u00e4lkeen. Vastuu ja kustannukset niist\u00e4 olisivat siirtyneet taloyhti\u00f6ille. Halogeenin s\u00e4hk\u00f6nkulutus on kuitenkin suurempi kuin led-valaisimen. Halogeeni vaatii my\u00f6s polttimon vaihtoa ehk\u00e4 parikin kertaa vuodessa. On siis ep\u00e4todenn\u00e4k\u00f6ist\u00e4, ett\u00e4 taloyhti\u00f6t ottavat ne huolekseen. Huoltovapaata valaisinta ei k\u00e4yt\u00f6ss\u00e4 olevilla m\u00e4\u00e4r\u00e4rahoilla ja asennusmahdollisuuksilla ole. My\u00f6sk\u00e4\u00e4n h\u00e4m\u00e4r\u00e4kytkimell\u00e4 varustettuja kohtuuhintaisia valaisimia ei markkinoilta l\u00f6ytynyt.\u00a0Halogeeniheittimien asennusty\u00f6t viiv\u00e4styiv\u00e4t ja ne saatiin lopulta toimimaan vasta marraskuussa 2012. Valaisimiin oli asennettava ajastin ja lamput s\u00e4\u00e4dettiin valaisemaan klo 16-22.<\/p>\n<p>Suurin osa s\u00e4hk\u00f6n ulosvientiaukoista ja s\u00e4hk\u00f6pistokkeista sijaitsevat hissikonehuoneissa.\u00a0Espoon Hissi ja Kone Oy ovat olleet avainasemassa teoksen toteutumisessa.<\/p>\n<p>Suvelan siluetin valaistus on yksi n\u00e4kyvimmist\u00e4 Espoon keskuksen vuoden 2012 pime\u00e4\u00e4n vuodenaikaan sijoittuvista projekteista. Valaistus asennettiin syksyll\u00e4 2012 ja poistetaan kev\u00e4\u00e4ll\u00e4 2013 .<\/p>\n<p>Nelj\u00e4nkymmenen valaistun hissikonehuoneen nauha n\u00e4kyy iltaisin aina Turun v\u00e4yl\u00e4lle saakka.<\/p>\n<p><a href=\"https:\/\/www.painters.fi\/taiteenhankintamalli\/wp-content\/uploads\/2012\/11\/suvelan-valot-3sp.jpg\"><img loading=\"lazy\" decoding=\"async\" class=\"alignnone size-full wp-image-1073\" title=\"Suvelan valot: 40 valaistua ilmastointi- ja hissihuonetta. Ty\u00f6ryhm\u00e4: Anne Nurmio, Inkeri Makkonen, Pekka Sillanp\u00e4\u00e4, 2012. Kuva: Marko Oikarinen\" src=\"https:\/\/www.painters.fi\/taiteenhankintamalli\/wp-content\/uploads\/2012\/11\/suvelan-valot-3sp.jpg\" alt=\"\" width=\"2560\" height=\"1920\" srcset=\"https:\/\/www.painters.fi\/taiteenhankintamalli\/wp-content\/uploads\/2012\/11\/suvelan-valot-3sp.jpg 2560w, https:\/\/www.painters.fi\/taiteenhankintamalli\/wp-content\/uploads\/2012\/11\/suvelan-valot-3sp-300x225.jpg 300w, https:\/\/www.painters.fi\/taiteenhankintamalli\/wp-content\/uploads\/2012\/11\/suvelan-valot-3sp-1024x768.jpg 1024w\" sizes=\"auto, (max-width: 2560px) 100vw, 2560px\" \/><\/a><\/p>\n<h3>Espoon keskuksen Iltasoitto<\/h3>\n<p>Espoon keskukselle s\u00e4velt\u00e4nyt ja soittanut Verneri Pohjola<\/p>\n<p>Idea Verneri Pohjolan s\u00e4velt\u00e4m\u00e4st\u00e4 ja soittamasta Iltasoitosta putkahti, kun Makkonen rupatteli tytt\u00e4rens\u00e4 Ina Naukkarisen kanssa Espoon keskuksen taideprojektista, \u00e4\u00e4nitaiteesta ja alueen asukkaista. Ina oli juuri n\u00e4hnyt ja kuullut Kansallisteatterin Mr Vertigon, johon Verneri Pohjola on s\u00e4velt\u00e4nyt musiikin, ja oli siit\u00e4 todella innoissaan.<\/p>\n<p>Makkonen sai Verneri Pohjolan yhteystiedot Jazzliitosta ja otti h\u00e4neen yhteytt\u00e4. Pohjola innostui heti ajatuksesta, ja sopimus saatiin aikaiseksi. Syksyll\u00e4 2011 Makkonen l\u00e4hetti ev\u00e4stykseksi s\u00e4velt\u00e4j\u00e4lle toiveita Iltasoitosta:<br \/>\n\u201dEspoon keskuksessa asuu paljon nuoria perheit\u00e4, mutta my\u00f6s vanhuksia. Maahanmuuttajia asuu runsaasti. Toivoin, ett\u00e4 itse kukin voisi tunnistaa siin\u00e4 jotain itselleen tuttua. T\u00e4n\u00e4\u00e4n palaverissa osanottajat kertoivat (huolettomasti!) toivomuksiaan kappaleesta, ja<br \/>\nlaitan ne t\u00e4h\u00e4n viel\u00e4 listaksi. Osaat varmaan suhtautua niihin taiteilijan vapaudella: helppo, tonaalinen, ei loukkaa ket\u00e4\u00e4n, rauhallinen, rauhoittava, ei minareettilaulu\u201d<\/p>\n<p>8. toukokuuta 2012 ty\u00f6ryhm\u00e4 kuuli studiossa kauniin, rauhoittavan, juhlallisenkin Iltasoiton ensimm\u00e4ist\u00e4 kertaa. Pohjola kertoi, ett\u00e4 on pyrkinyt s\u00e4velt\u00e4m\u00e4\u00e4n ei-eurooppalaista, perinteist\u00e4 vaan yleismaailmallista musiikkia, jota ei voi yhdist\u00e4\u00e4 mihink\u00e4\u00e4n musiikkityyliin. Yleis\u00f6 kuuli siin\u00e4 tuttua s\u00e4velkulkua, jonka jatkoa ei kuitenkaan osannut arvata. Melodia houkuttaa kuulemaan sen uudelleen.<\/p>\n<p>Kes\u00e4kauden alkajaisiksi, toukokuun 30. p\u00e4iv\u00e4n\u00e4 kello 18.00 Iltasoitto kuultiin s\u00e4velt\u00e4j\u00e4n soittamana, liven\u00e4 asemasillalla, josta soitto kuului aseman seudulle, sek\u00e4 asemasillalla ja Valatorilla, kirjaston l\u00e4hell\u00e4.<\/p>\n<p>Kes\u00e4kuun ensimm\u00e4isen\u00e4 iltana Espoontornista kajahti ensimm\u00e4ist\u00e4 kertaa lumoava Iltasoitto. Trumpetin laulu kuului kauppakeskuksen sek\u00e4 asemanseudulla klo 20.05.<\/p>\n<p>Teos on Suomessa ainutlaatuinen \u2013 kaupunginosalle s\u00e4velletty oma Iltasoitto.<br \/>\nIltasoitto soi kes\u00e4-elokuun ajan. Kes\u00e4n 2012 Iltasoitto oli kokeilu, ja koska asukkailta saatu palaute oli positiivista, Iltasoittoa jatketaan tulevina kesin\u00e4.<\/p>\n<p><a href=\"http:\/\/www.hs.fi\/kulttuuri\/Verneri+Pohjolan+s\u00e4vellys+soi+iltaisin+Espoon+keskuksessa\/a1305571087901\">&gt;&gt; HS: &#8221; Verneri Pohjolan s\u00e4vellys soi iltaisin Espoon Keskuksessa&#8221;<\/a><\/p>\n<p><a href=\"https:\/\/www.painters.fi\/taiteenhankintamalli\/wp-content\/uploads\/2012\/11\/tumpetisti2.jpg\"><img loading=\"lazy\" decoding=\"async\" class=\"alignnone size-full wp-image-1079\" title=\"Trumpetisti Verneri Pohjola soittaa iltasoiton ensiesityst\u00e4 Espoon sillalla 2012. Kuva: Inkeri Makkonen\" src=\"https:\/\/www.painters.fi\/taiteenhankintamalli\/wp-content\/uploads\/2012\/11\/tumpetisti2.jpg\" alt=\"\" width=\"319\" height=\"425\" srcset=\"https:\/\/www.painters.fi\/taiteenhankintamalli\/wp-content\/uploads\/2012\/11\/tumpetisti2.jpg 319w, https:\/\/www.painters.fi\/taiteenhankintamalli\/wp-content\/uploads\/2012\/11\/tumpetisti2-225x300.jpg 225w\" sizes=\"auto, (max-width: 319px) 100vw, 319px\" \/><\/a><br \/>\n<\/p>\n","protected":false},"excerpt":{"rendered":"<p>Kaupunkitaiteen ideointi- ja koordinointiteht\u00e4v\u00e4t Espoon kaupungille Perustiedot Ty\u00f6ryhm\u00e4: kuvataiteilija arkkitehti Inkeri Makkonen &gt;&gt; Inkeri Makkonen ja Espoon kaupungin virkamiehi\u00e4 (arkkitehteja, insin\u00f6\u00f6rej\u00e4), N\u00e4kym\u00e4-arkkitehdit, trumpetisti Verneri Pohjola Hankkeen nimi: Espoon keskuksen taideprojekti Sijainti: Espoon keskus Tilaaja: Espoon kaupunki Arkkitehti: Inkeri Makkonen Hankkeen &hellip; <a href=\"https:\/\/www.painters.fi\/taiteenhankintamalli\/esimerkkeja-taideprojekteista\/makkonen-inkeri\/\">Continue reading <span class=\"meta-nav\">&rarr;<\/span><\/a><\/p>\n","protected":false},"author":4,"featured_media":0,"parent":74,"menu_order":22,"comment_status":"closed","ping_status":"closed","template":"","meta":{"footnotes":""},"class_list":["post-95","page","type-page","status-publish","hentry"],"_links":{"self":[{"href":"https:\/\/www.painters.fi\/taiteenhankintamalli\/wp-json\/wp\/v2\/pages\/95","targetHints":{"allow":["GET"]}}],"collection":[{"href":"https:\/\/www.painters.fi\/taiteenhankintamalli\/wp-json\/wp\/v2\/pages"}],"about":[{"href":"https:\/\/www.painters.fi\/taiteenhankintamalli\/wp-json\/wp\/v2\/types\/page"}],"author":[{"embeddable":true,"href":"https:\/\/www.painters.fi\/taiteenhankintamalli\/wp-json\/wp\/v2\/users\/4"}],"replies":[{"embeddable":true,"href":"https:\/\/www.painters.fi\/taiteenhankintamalli\/wp-json\/wp\/v2\/comments?post=95"}],"version-history":[{"count":21,"href":"https:\/\/www.painters.fi\/taiteenhankintamalli\/wp-json\/wp\/v2\/pages\/95\/revisions"}],"predecessor-version":[{"id":239,"href":"https:\/\/www.painters.fi\/taiteenhankintamalli\/wp-json\/wp\/v2\/pages\/95\/revisions\/239"}],"up":[{"embeddable":true,"href":"https:\/\/www.painters.fi\/taiteenhankintamalli\/wp-json\/wp\/v2\/pages\/74"}],"wp:attachment":[{"href":"https:\/\/www.painters.fi\/taiteenhankintamalli\/wp-json\/wp\/v2\/media?parent=95"}],"curies":[{"name":"wp","href":"https:\/\/api.w.org\/{rel}","templated":true}]}}