{"id":93,"date":"2012-11-13T14:17:22","date_gmt":"2012-11-13T12:17:22","guid":{"rendered":"http:\/\/www.painters.fi\/taiteenhankintamalli\/?page_id=93"},"modified":"2013-02-08T09:41:47","modified_gmt":"2013-02-08T07:41:47","slug":"tuokko-kirsti","status":"publish","type":"page","link":"https:\/\/www.painters.fi\/taiteenhankintamalli\/esimerkkeja-taideprojekteista\/tuokko-kirsti\/","title":{"rendered":"Tuokko Kirsti"},"content":{"rendered":"<h2>Kauppakeskus Klaavan sein\u00e4maalaus<\/h2>\n<p><a href=\"https:\/\/www.painters.fi\/taiteenhankintamalli\/wp-content\/uploads\/2012\/11\/kirsti_tuokko1.jpg\"><img loading=\"lazy\" decoding=\"async\" class=\"alignnone  wp-image-416\" title=\"Kirsti Tuokko: &quot;Shoppailijat Klaava&quot; maalaus tulostettu kuvana 10mm pleksin nurjalle puolelle kauppakeskus Klaavaan Tampereen Vuorekseen, 2012. Kuva: Kirsti Tuokko\" src=\"https:\/\/www.painters.fi\/taiteenhankintamalli\/wp-content\/uploads\/2012\/11\/kirsti_tuokko1.jpg\" alt=\"\" width=\"721\" height=\"500\" srcset=\"https:\/\/www.painters.fi\/taiteenhankintamalli\/wp-content\/uploads\/2012\/11\/kirsti_tuokko1.jpg 850w, https:\/\/www.painters.fi\/taiteenhankintamalli\/wp-content\/uploads\/2012\/11\/kirsti_tuokko1-300x208.jpg 300w\" sizes=\"auto, (max-width: 721px) 100vw, 721px\" \/><\/a><\/p>\n<h3>Perustiedot<\/h3>\n<p>Ty\u00f6ryhm\u00e4: Kirsti Tuokko <a href=\"http:\/\/kirstituokko.net\/index.htm\">&gt;&gt; Kirsti Tuokko<\/a>\/ tuottaja Frei Zimmer Oy (Tuula Lehtinen,<br \/>\nLasse Kosunen, Heini Orell vt Matti Koistinen)<br \/>\nHankkeen nimi: Shoppailijat \/ Kauppakeskus Klaavan sein\u00e4maalaus<br \/>\nSijainti: Vuores, Tampere<br \/>\nTilaaja: POK, Pirkanmaan Osuuskauppiaat, tuottaja Frei Zimmer Oy<br \/>\nArkkitehti: Puustainnovations, Maija Perhe<br \/>\nHankkeen suunnittelu alkoi: joulukuussa 2011<br \/>\nHanke toteutui: hein\u00e4kuussa 2012<\/p>\n<h3>Projektin k\u00e4yt\u00e4nn\u00f6n etenemisest\u00e4<\/h3>\n<p>Tuottaja Frei Zimmer otti yhteytt\u00e4 Kirsti Tuokkoon.<br \/>\nKeskustelut hankkeesta alkoivat tapaamisessa Tampereella joulukuussa 2011. Tuokon lis\u00e4ksi tapaamisessa olivat l\u00e4sn\u00e4 tuottajan edustajat Tuula Lehtinen, Lasse Kosunen, Heini Orell sek\u00e4 Pirkanmaan Osuuskauppiaista viisi edustajaa. Tuokko esitteli aikaisempaa taiteellista tuotantoaan sek\u00e4 kirjallisesti ett\u00e4 kuvien avulla. Sovittiin seuraava tapaaminen, jossa Tuokko esittelisi alustavat ehdotukset kauppakeskus Klaavan teoksesta.<\/p>\n<p>Toisessa tapaamisessa Tuokko esitteli ja ehdotti \u201dKuvaus ihmisvirrasta\u201d-teosta. H\u00e4n sai itse valita paikan, johon teos sijoittui. Kymmenen tietokoneella tehdyn luonnoksen joukosta POK valitsi version, jonka p\u00e4\u00e4v\u00e4rin\u00e4 toimi keltainen. Lopulliseksi keltaisen s\u00e4vyksi tuli \u201dSALEn keltainen\u201d. Luonnossopimus solmittiin t\u00e4ss\u00e4 tapaamisessa.<\/p>\n<p>Kolmannessa tapaamisessa Tuokko esitteli kolme pleksille tehty\u00e4 luonnosta. Samassa tapaamisessa esiteltiin kustannusarvio ja tehtiin toimeksiantosopimus.<\/p>\n<p>POK:n tehty\u00e4 p\u00e4\u00e4t\u00f6ksen tilaamisesta ja haluamastaan luonnosvaihtoehdosta Tuokko aloitti ty\u00f6skentelyn maaliskuun alussa 2012.<\/p>\n<p>Kaikkiin tapaamisiin osallistui tuottaja Frei Zimmer, joka muutenkin oli tukena ja apuna sopimusten ja tilausluonnoksen laatimisessa, ty\u00f6n teknisten vaihtoehtojen etsimisess\u00e4, ja painopaikan yms. kilpailuttamisessa.<\/p>\n<h3>Yhteisty\u00f6 tuottajan ja hankkeen muiden osapuolten kanssa<\/h3>\n<p>Frei Zimmer pyrkii luomaan tarvetta taiteelle, joten he ottavat aktiivisesti yhteytt\u00e4 tilaajiin. Arkkitehti, kuvataiteilija ja tuottaja\u00a0py\u00f6ritt\u00e4v\u00e4t\u00a0\u00a0yhdess\u00e4 koordinointia.<\/p>\n<p>Tuokko sai POKin edustajat vakuuttuneeksi taidehankkeesta ensimm\u00e4isill\u00e4 luonnoksillaan, joissa h\u00e4n jo otti tilaajan toiveet huomioon. Tuokon selke\u00e4 n\u00e4kemys teoksesta vakuutti hankkeen muut osapuolet niin, ett\u00e4 lis\u00e4keskustelu teoksen sopivuudesta ei ollut tarpeen.<\/p>\n<p>Tuokko sai projektin aikana riitt\u00e4v\u00e4sti kommentteja, tukea ja vuorovaikutusta Frei Zimmerilt\u00e4. Yhteisty\u00f6 arkkitehdin kanssa oli ollut sujuvaa, ja tapaamisia tilaajatahon kanssa oli tarpeeksi.<\/p>\n<p><a href=\"http:\/\/www.freizimmer.fi\/\">&gt;&gt; Frei Zimmer<\/a><\/p>\n<h3>Tilan ja kohderyhm\u00e4n huomioimisesta<\/h3>\n<p>Tuokko l\u00e4hestyi hanketta suunnittelija-periaatteella. H\u00e4n on kiinnostunut designin ja taiteen rajank\u00e4ynnist\u00e4. Teoksissaan Tuokko pyrkii liikkumaan molempien k\u00e4sitteiden konteksteissa. H\u00e4n painottaa yhteisty\u00f6n t\u00e4rkeytt\u00e4, tilasuunnittelun arvostusta, arkkitehdin kuuntelemista ja koko tilan huomioimista.<\/p>\n<p>Tuokko halusi teoksen olevan selke\u00e4 ja katutaidevaikutteinen. Teoksen l\u00e4ht\u00f6kohtia olivat tilaajan toivomat ihmishahmot ja kirkkaat v\u00e4rit. Toiveissa oli my\u00f6s keltainen v\u00e4ri, joka on kauppaketjun tunnusv\u00e4ri.<br \/>\nTuokko l\u00e4hti toteuttamaan toiveita mieless\u00e4\u00e4n maalaus julkisivuun sis\u00e4\u00e4nk\u00e4ynnin viereen. Maalaukseen tulisi katutasossa luonnollista kokoa oleva ihmisjoukko asiakasvirran seuraksi ja jatkeeksi. Toteutuksessa h\u00e4n tavoitteli street art genren kuvailmaisua kirkkaine v\u00e4reineen ja maalitussikalligrafioineen. Teoksessa olevien hahmojen varjot ovat aukkoja, l\u00e4pin\u00e4kyv\u00e4\u00e4 pleksi\u00e4, ja niiden l\u00e4pi n\u00e4kyy rakennuksen keltaiseksi maalattu sein\u00e4. Koska teos on installoitu hieman irti sein\u00e4st\u00e4, n\u00e4in sein\u00e4\u00e4n piirtyv\u00e4t varjot sitovat sen osaksi rakennusta ja n\u00e4kyv\u00e4t aina hieman eri tavalla ohi kuljettaessa. Kirkkaat v\u00e4rit ja selke\u00e4t hahmot n\u00e4kyv\u00e4t my\u00f6s kauemmaksi, my\u00f6s nopeasti ohi ajettaessa autolla, py\u00f6r\u00e4ll\u00e4 tms. jolloin maalaus toimii viestin\u00e4 ja mahdollisesti houkuttimena.<\/p>\n<p><a href=\"https:\/\/www.painters.fi\/taiteenhankintamalli\/wp-content\/uploads\/2012\/11\/kirsti_tuokko2.jpg\"><img loading=\"lazy\" decoding=\"async\" class=\"alignnone  wp-image-684\" title=\"Kirsti Tuokko: &quot;Shoppailijat Klaava&quot;, \u00f6ljy, maalitussi ja spray pleksille . Maalaus ty\u00f6huoneella. Tulostettu kuvana pleksille kauppakeskus Klaavaan Tampereen Vuorekseen, 2012. Kuva: Saija Koponen\" src=\"https:\/\/www.painters.fi\/taiteenhankintamalli\/wp-content\/uploads\/2012\/11\/kirsti_tuokko2.jpg\" alt=\"\" width=\"567\" height=\"425\" srcset=\"https:\/\/www.painters.fi\/taiteenhankintamalli\/wp-content\/uploads\/2012\/11\/kirsti_tuokko2.jpg 567w, https:\/\/www.painters.fi\/taiteenhankintamalli\/wp-content\/uploads\/2012\/11\/kirsti_tuokko2-300x224.jpg 300w\" sizes=\"auto, (max-width: 567px) 100vw, 567px\" \/><\/a><br \/>\n<\/p>\n","protected":false},"excerpt":{"rendered":"<p>Kauppakeskus Klaavan sein\u00e4maalaus Perustiedot Ty\u00f6ryhm\u00e4: Kirsti Tuokko &gt;&gt; Kirsti Tuokko\/ tuottaja Frei Zimmer Oy (Tuula Lehtinen, Lasse Kosunen, Heini Orell vt Matti Koistinen) Hankkeen nimi: Shoppailijat \/ Kauppakeskus Klaavan sein\u00e4maalaus Sijainti: Vuores, Tampere Tilaaja: POK, Pirkanmaan Osuuskauppiaat, tuottaja Frei Zimmer &hellip; <a href=\"https:\/\/www.painters.fi\/taiteenhankintamalli\/esimerkkeja-taideprojekteista\/tuokko-kirsti\/\">Continue reading <span class=\"meta-nav\">&rarr;<\/span><\/a><\/p>\n","protected":false},"author":4,"featured_media":0,"parent":74,"menu_order":47,"comment_status":"closed","ping_status":"closed","template":"","meta":{"footnotes":""},"class_list":["post-93","page","type-page","status-publish","hentry"],"_links":{"self":[{"href":"https:\/\/www.painters.fi\/taiteenhankintamalli\/wp-json\/wp\/v2\/pages\/93","targetHints":{"allow":["GET"]}}],"collection":[{"href":"https:\/\/www.painters.fi\/taiteenhankintamalli\/wp-json\/wp\/v2\/pages"}],"about":[{"href":"https:\/\/www.painters.fi\/taiteenhankintamalli\/wp-json\/wp\/v2\/types\/page"}],"author":[{"embeddable":true,"href":"https:\/\/www.painters.fi\/taiteenhankintamalli\/wp-json\/wp\/v2\/users\/4"}],"replies":[{"embeddable":true,"href":"https:\/\/www.painters.fi\/taiteenhankintamalli\/wp-json\/wp\/v2\/comments?post=93"}],"version-history":[{"count":26,"href":"https:\/\/www.painters.fi\/taiteenhankintamalli\/wp-json\/wp\/v2\/pages\/93\/revisions"}],"predecessor-version":[{"id":1331,"href":"https:\/\/www.painters.fi\/taiteenhankintamalli\/wp-json\/wp\/v2\/pages\/93\/revisions\/1331"}],"up":[{"embeddable":true,"href":"https:\/\/www.painters.fi\/taiteenhankintamalli\/wp-json\/wp\/v2\/pages\/74"}],"wp:attachment":[{"href":"https:\/\/www.painters.fi\/taiteenhankintamalli\/wp-json\/wp\/v2\/media?parent=93"}],"curies":[{"name":"wp","href":"https:\/\/api.w.org\/{rel}","templated":true}]}}