{"id":91,"date":"2012-11-13T14:16:52","date_gmt":"2012-11-13T12:16:52","guid":{"rendered":"http:\/\/www.painters.fi\/taiteenhankintamalli\/?page_id=91"},"modified":"2013-02-08T09:39:55","modified_gmt":"2013-02-08T07:39:55","slug":"immonen-kati","status":"publish","type":"page","link":"https:\/\/www.painters.fi\/taiteenhankintamalli\/esimerkkeja-taideprojekteista\/immonen-kati\/","title":{"rendered":"Immonen Kati"},"content":{"rendered":"<h2>\u00a0Maalausinstallaatio Luolavuoren kouluun<\/h2>\n<p><a href=\"https:\/\/www.painters.fi\/taiteenhankintamalli\/wp-content\/uploads\/2012\/11\/kati_immonen1.jpg\"><img loading=\"lazy\" decoding=\"async\" class=\"alignnone size-full wp-image-246\" title=\"Kati Immonen, maalausinstallaatio &quot;Ruusuretki&quot;, akryyli- ja \u00f6ljyv\u00e4ri. Teos toteutettu Luolavuoren kouluun Turkuun 2008. Kuva: Kati Immonen\" src=\"https:\/\/www.painters.fi\/taiteenhankintamalli\/wp-content\/uploads\/2012\/11\/kati_immonen1.jpg\" alt=\"\" width=\"595\" height=\"470\" srcset=\"https:\/\/www.painters.fi\/taiteenhankintamalli\/wp-content\/uploads\/2012\/11\/kati_immonen1.jpg 595w, https:\/\/www.painters.fi\/taiteenhankintamalli\/wp-content\/uploads\/2012\/11\/kati_immonen1-300x236.jpg 300w\" sizes=\"auto, (max-width: 595px) 100vw, 595px\" \/><\/a><\/p>\n<h3><strong>Perustiedot<\/strong><\/h3>\n<p>Taiteilija: Kati Immonen <a href=\"http:\/\/www.katimariaimmonen.com\/\">&gt;&gt; Kati Immonen<\/a><br \/>\nHankkeen nimi: maalausinstallaatio Ruusuretki<br \/>\nSijainti: Luolavuoren koulu, Luolavuorentie 36, 20810 Turku<br \/>\nTilaaja: Turun kaupunki<br \/>\nRakennuttaja: Turun kaupunki<br \/>\nArkkitehti: Pia Helin, Arkkitehtitoimisto Ark&#8217;Aboa<br \/>\nHankkeen suunnittelu alkoi: 2008<br \/>\nHanke toteutui: 2008<\/p>\n<p>W\u00e4in\u00f6 Aaltosen museo valikoi taiteilijat, joilta pyydettiin teossuunnitelmat viel\u00e4 keskener\u00e4iseen uudisrakennukseen. Teosten sis\u00e4ll\u00f6ist\u00e4, sijoittelusta ja muista k\u00e4yt\u00e4nn\u00f6n asioista neuvoteltiin yhdess\u00e4 W\u00e4in\u00f6 Aaltosen museon, Luolavuoren koulun henkil\u00f6kunnan ja Turun tilalaitoksen kanssa. Prosessi eteni vaivattomasti, erityisesti arkkitehti Pia Helinin ja W\u00e4in\u00f6 Aaltosen museon henkil\u00f6kunnan ansiosta.<\/p>\n<p><a href=\"https:\/\/www.painters.fi\/taiteenhankintamalli\/wp-content\/uploads\/2012\/11\/kati_immonen2.jpg\"><img loading=\"lazy\" decoding=\"async\" class=\"alignnone size-full wp-image-248\" title=\"Kati Immonen, maalausinstallaatio &quot;Ruusuretki&quot;, akryyli- ja \u00f6ljyv\u00e4ri. Teos toteutettu Luolavuoren kouluun Turkuun 2008. Kuva: Kati Immonen\" src=\"https:\/\/www.painters.fi\/taiteenhankintamalli\/wp-content\/uploads\/2012\/11\/kati_immonen2.jpg\" alt=\"\" width=\"567\" height=\"444\" srcset=\"https:\/\/www.painters.fi\/taiteenhankintamalli\/wp-content\/uploads\/2012\/11\/kati_immonen2.jpg 567w, https:\/\/www.painters.fi\/taiteenhankintamalli\/wp-content\/uploads\/2012\/11\/kati_immonen2-300x234.jpg 300w\" sizes=\"auto, (max-width: 567px) 100vw, 567px\" \/><\/a><\/p>\n<p>&nbsp;<\/p>\n<h2>\u00a0Sein\u00e4maalaus Kappelim\u00e4en kouluun Laitilaan<\/h2>\n<p><a href=\"https:\/\/www.painters.fi\/taiteenhankintamalli\/wp-content\/uploads\/2012\/11\/kati_immonen3.jpg\"><img loading=\"lazy\" decoding=\"async\" class=\"alignnone size-full wp-image-250\" title=\"Kati Immonen, sein\u00e4maalaus &quot;Mets\u00e4n syliss\u00e4&quot;, vesiv\u00e4ri ja akryyliv\u00e4ri. Teos toteutettu Kappelim\u00e4en kouluun Laitilaan 2012. Kuva: Tiina Vainio\" src=\"https:\/\/www.painters.fi\/taiteenhankintamalli\/wp-content\/uploads\/2012\/11\/kati_immonen3.jpg\" alt=\"\" width=\"567\" height=\"425\" srcset=\"https:\/\/www.painters.fi\/taiteenhankintamalli\/wp-content\/uploads\/2012\/11\/kati_immonen3.jpg 567w, https:\/\/www.painters.fi\/taiteenhankintamalli\/wp-content\/uploads\/2012\/11\/kati_immonen3-300x224.jpg 300w\" sizes=\"auto, (max-width: 567px) 100vw, 567px\" \/><\/a><\/p>\n<p><strong>Perustiedot<\/strong><\/p>\n<p>Taiteilija: Kati Immonen<br \/>\nHankkeen nimi: sein\u00e4maalaus &#8220;Mets\u00e4n syliss\u00e4&#8221;<br \/>\nSijainti: Kappelim\u00e4en koulu, Koulutie 8, 23800 Laitila<br \/>\nTilaaja: Laitilan kaupunki<br \/>\nRakennuttaja: Laitilan kaupunki<br \/>\nArkkitehti: arkkitehtitoimisto ArkPaukkunen Oy<br \/>\nHankkeen suunnittelu alkoi: 2011<br \/>\nHanke toteutui: 2012<\/p>\n<p>&nbsp;<\/p>\n<p>Kati Immonen voitti Varsinais-Suomen taidetoimikunnan j\u00e4rjest\u00e4m\u00e4n kutsukilpailun Kappelim\u00e4en koulun aulaan tulevasta taideteoksesta kes\u00e4ll\u00e4 2011. K\u00e4yt\u00e4nn\u00f6n j\u00e4rjestelyt ja toteutusaikataulu sovittiin yhdess\u00e4 Kappelim\u00e4en koulun ja Laitilan kaupungin edustajien kanssa.<\/p>\n<p><a href=\"https:\/\/www.painters.fi\/taiteenhankintamalli\/wp-content\/uploads\/2012\/11\/kati_immonen4.jpg\"><img loading=\"lazy\" decoding=\"async\" class=\"alignnone size-full wp-image-251\" title=\"Kati Immonen, sein\u00e4maalaus &quot;Mets\u00e4n syliss\u00e4&quot; Kappelim\u00e4en koulussa Laitilassa 2012. Kuva: Kati Immonen\" src=\"https:\/\/www.painters.fi\/taiteenhankintamalli\/wp-content\/uploads\/2012\/11\/kati_immonen4.jpg\" alt=\"\" width=\"567\" height=\"380\" srcset=\"https:\/\/www.painters.fi\/taiteenhankintamalli\/wp-content\/uploads\/2012\/11\/kati_immonen4.jpg 567w, https:\/\/www.painters.fi\/taiteenhankintamalli\/wp-content\/uploads\/2012\/11\/kati_immonen4-300x201.jpg 300w\" sizes=\"auto, (max-width: 567px) 100vw, 567px\" \/><\/a><br \/>\n<\/p>\n","protected":false},"excerpt":{"rendered":"<p>\u00a0Maalausinstallaatio Luolavuoren kouluun Perustiedot Taiteilija: Kati Immonen &gt;&gt; Kati Immonen Hankkeen nimi: maalausinstallaatio Ruusuretki Sijainti: Luolavuoren koulu, Luolavuorentie 36, 20810 Turku Tilaaja: Turun kaupunki Rakennuttaja: Turun kaupunki Arkkitehti: Pia Helin, Arkkitehtitoimisto Ark&#8217;Aboa Hankkeen suunnittelu alkoi: 2008 Hanke toteutui: 2008 W\u00e4in\u00f6 &hellip; <a href=\"https:\/\/www.painters.fi\/taiteenhankintamalli\/esimerkkeja-taideprojekteista\/immonen-kati\/\">Continue reading <span class=\"meta-nav\">&rarr;<\/span><\/a><\/p>\n","protected":false},"author":4,"featured_media":0,"parent":74,"menu_order":18,"comment_status":"closed","ping_status":"closed","template":"","meta":{"footnotes":""},"class_list":["post-91","page","type-page","status-publish","hentry"],"_links":{"self":[{"href":"https:\/\/www.painters.fi\/taiteenhankintamalli\/wp-json\/wp\/v2\/pages\/91","targetHints":{"allow":["GET"]}}],"collection":[{"href":"https:\/\/www.painters.fi\/taiteenhankintamalli\/wp-json\/wp\/v2\/pages"}],"about":[{"href":"https:\/\/www.painters.fi\/taiteenhankintamalli\/wp-json\/wp\/v2\/types\/page"}],"author":[{"embeddable":true,"href":"https:\/\/www.painters.fi\/taiteenhankintamalli\/wp-json\/wp\/v2\/users\/4"}],"replies":[{"embeddable":true,"href":"https:\/\/www.painters.fi\/taiteenhankintamalli\/wp-json\/wp\/v2\/comments?post=91"}],"version-history":[{"count":21,"href":"https:\/\/www.painters.fi\/taiteenhankintamalli\/wp-json\/wp\/v2\/pages\/91\/revisions"}],"predecessor-version":[{"id":244,"href":"https:\/\/www.painters.fi\/taiteenhankintamalli\/wp-json\/wp\/v2\/pages\/91\/revisions\/244"}],"up":[{"embeddable":true,"href":"https:\/\/www.painters.fi\/taiteenhankintamalli\/wp-json\/wp\/v2\/pages\/74"}],"wp:attachment":[{"href":"https:\/\/www.painters.fi\/taiteenhankintamalli\/wp-json\/wp\/v2\/media?parent=91"}],"curies":[{"name":"wp","href":"https:\/\/api.w.org\/{rel}","templated":true}]}}