{"id":87,"date":"2012-11-13T14:14:44","date_gmt":"2012-11-13T12:14:44","guid":{"rendered":"http:\/\/www.painters.fi\/taiteenhankintamalli\/?page_id=87"},"modified":"2013-02-08T09:39:22","modified_gmt":"2013-02-08T07:39:22","slug":"granlund-viva","status":"publish","type":"page","link":"https:\/\/www.painters.fi\/taiteenhankintamalli\/esimerkkeja-taideprojekteista\/granlund-viva\/","title":{"rendered":"Granlund Viva"},"content":{"rendered":"<h2>Maalauksia kaupunkirakenteisiin<\/h2>\n<p><a href=\"https:\/\/www.painters.fi\/taiteenhankintamalli\/wp-content\/uploads\/2012\/11\/viva_grandlund1.jpg\"><img loading=\"lazy\" decoding=\"async\" class=\"alignnone  wp-image-427\" title=\"Viva Granlund: &quot;Ilmaston muutos&quot; maalaus valmiiseen kaupunkirakenteeseen\" src=\"https:\/\/www.painters.fi\/taiteenhankintamalli\/wp-content\/uploads\/2012\/11\/viva_grandlund1.jpg\" alt=\"\" width=\"690\" height=\"421\" srcset=\"https:\/\/www.painters.fi\/taiteenhankintamalli\/wp-content\/uploads\/2012\/11\/viva_grandlund1.jpg 850w, https:\/\/www.painters.fi\/taiteenhankintamalli\/wp-content\/uploads\/2012\/11\/viva_grandlund1-300x183.jpg 300w\" sizes=\"auto, (max-width: 690px) 100vw, 690px\" \/><\/a><\/p>\n<h3>Perustiedot<\/h3>\n<p>Taiteilija: Viva Granlund <a href=\"http:\/\/www.vivagranlund.fi\/\">&gt;&gt; Viva Grandlund<\/a><br \/>\nHankkeen nimi: Maalauksia kaupunkirakenteisiin.<br \/>\nSijainti: Hakaniemi, Pasila, Malmi, Pirkkola, Tivolitien alikulkutunneli, Kolmas Linja 11 sis\u00e4piha<br \/>\nTilaaja: taiteilijal\u00e4ht\u00f6inen<br \/>\nRakennuttaja: valmis rakenne<br \/>\nHankkeen suunnittelu alkoi: muutamia kuukausia ennen toteutusta<br \/>\nHanke toteutui: l\u00e4mpim\u00e4n\u00e4 vuodenaikana<\/p>\n<p><a href=\"https:\/\/www.painters.fi\/taiteenhankintamalli\/wp-content\/uploads\/2012\/11\/viva_granlund2.jpg\"><img loading=\"lazy\" decoding=\"async\" class=\"alignnone  wp-image-428\" title=\"Viva Granlund: Malmin tunneli, maalaus valmiiseen kaupunkirakenteeseen\" src=\"https:\/\/www.painters.fi\/taiteenhankintamalli\/wp-content\/uploads\/2012\/11\/viva_granlund2.jpg\" alt=\"\" width=\"691\" height=\"276\" srcset=\"https:\/\/www.painters.fi\/taiteenhankintamalli\/wp-content\/uploads\/2012\/11\/viva_granlund2.jpg 850w, https:\/\/www.painters.fi\/taiteenhankintamalli\/wp-content\/uploads\/2012\/11\/viva_granlund2-300x120.jpg 300w\" sizes=\"auto, (max-width: 691px) 100vw, 691px\" \/><\/a><\/p>\n<h3>Projektien k\u00e4yt\u00e4nn\u00f6n etenemisest\u00e4<\/h3>\n<p>Viva Granlund on projekteissaan toiminut Helsingin kaupungin rakennusviraston, Ratahallintokeskuksen sek\u00e4 yksityisten toimijoiden kanssa. Kaupunkirakenteisiin toteutettavat ty\u00f6t tarvitsevat luvan rakenteen hallinnoijalta. Granlund on hakenut lupia esitt\u00e4m\u00e4ll\u00e4 teossuunnitelman ja luonnoksen lupia my\u00f6nt\u00e4v\u00e4lle taholle. Teosten toteutus on alkanut heti luvan saannin j\u00e4lkeen.<\/p>\n<h3>Kohderyhm\u00e4n ja tilan huomioiminen sek\u00e4 teosten sis\u00e4lt\u00f6 ja materiaalit<\/h3>\n<p>Viva Granlund on pyrkinyt teoksia ideoidessaan ottamaan huomioon yhteis\u00f6llisyyden ymp\u00e4rist\u00f6ss\u00e4, tilan mittasuhteet ja luonnollisuuden. H\u00e4n mielt\u00e4\u00e4 teoksensa katutaiteeksi. Erona moniin muihin katutaideteoksiin Granlundin maalaukset ovat laillisia. H\u00e4n toivookin toimintansa rakentavan siltaa erilaisten taidek\u00e4sitysten v\u00e4lille.<br \/>\nMaalausten tekoprosessi ja sen aikana tapahtuva yhteys ymp\u00e4rist\u00f6n asukkaisiin on yksi teosten t\u00e4rke\u00e4 piirre. Yhteis\u00f6llisyys ja ihmisille takaisin antaminen on ty\u00f6skentelyss\u00e4 t\u00e4rke\u00e4\u00e4. Pelk\u00e4n oman n\u00e4kemyksens\u00e4 toteuttaminen tuntuu Granlundista egokeskeiselt\u00e4.<\/p>\n<p>Tilan huomioimisessa ensimm\u00e4iseksi tulee sen l\u00e4pik\u00e4yminen, seuraavaksi tilan ja tekotavan yhteys ja kolmanneksi teoksen teema. Teema syntyy yleens\u00e4 ymp\u00e4rist\u00f6st\u00e4, ja teoksen mittasuhteet tuovat muita ominaisuuksia.<br \/>\nHelsingin kaupunki on vaikuttanut teosten sis\u00e4lt\u00f6\u00f6n kieltojen kautta. Lupa on annettu teoksille, jotka eiv\u00e4t sis\u00e4ll\u00e4 seksi\u00e4, p\u00e4ihteit\u00e4, v\u00e4kivaltaa tai alastomuutta. Materiaalien on pit\u00e4nyt olla v\u00e4liaikaisia, paikalleen kiinnitettyj\u00e4 vanereita. Granlund ei ole saanut lupaa maalata teoksiaan suoraan betoniin, lukuun ottamatta Malmilla alikulkutunneliin nuorten kanssa tehty\u00e4 yhteis\u00f6taidehanketta, koska Helsingin kaupungin edustajat ovat pel\u00e4nneet sen rohkaisevan luvattomien graffittien tekemist\u00e4.\u00a0 H\u00e4n toteuttaa teoksensa vesiliukoisilla maaleilla, joten tarvittaessa ne voidaan poistaa pesem\u00e4ll\u00e4.<\/p>\n<h3>Teosten huolto<\/h3>\n<p>Koska teokset ovat Granlundin omistuksessa, h\u00e4n on vastuussa niiden yll\u00e4pidosta. H\u00e4n uusii niiden luvat 9\u201312kk v\u00e4lein. Ilkivaltaa h\u00e4n ei ole juuri kohdannut muutamaa teosten p\u00e4\u00e4lle tehty\u00e4 tagia tai elimen kuvaa lukuun ottamatta. Tageja ei tehd\u00e4 monimutkaisten kuvioiden p\u00e4\u00e4lle.<\/p>\n<h3>Prosessien helpottuminen ja taiteilijan ty\u00f6n kunnioittaminen<\/h3>\n<p>T\u00e4rkeimp\u00e4n\u00e4 prosesseja helpottavana tekij\u00e4n\u00e4 Granlund kokee muutoksen, joka on tapahtunut viime vuosien aikana suhtautumisessa kaupunkitilaan. Taideteos n\u00e4hd\u00e4\u00e4n tilaan lis\u00e4arvoa tuovana tekij\u00e4n\u00e4.<br \/>\nTaiteilija taas tarvitsee arvostusta ja palkkaa. N\u00e4m\u00e4 ovat useimmille muille ammattikunnille hyvinvointia luovia perusasioita, mutta taiteilijoille ne eiv\u00e4t ole itsest\u00e4\u00e4nselvyyksi\u00e4. Kunnioittamisen synnytt\u00e4miseksi taiteilijoitten ty\u00f6st\u00e4 pit\u00e4isi jakaa enemm\u00e4n tietoa. Julkinen taide on osa ihmisten fyysist\u00e4 ymp\u00e4rist\u00f6\u00e4, ei pois siit\u00e4. Granlund kokee pystyv\u00e4ns\u00e4 vaikuttamaan asenteisiin paikallistasolla, mutta ei koe pitk\u00e4j\u00e4nteist\u00e4 vaikuttamisen tunnetta isommalla mittakaavalla.<\/p>\n<h3>Rahoitus ja luvat<\/h3>\n<p>Granlund on saanut projekteihinsa avustusta Helsingin kaupungin kulttuurikeskukselta sek\u00e4 sponsorirahaa yrityksilt\u00e4, kuten Linnanm\u00e4en huvipuistolta. H\u00e4n kokee yritysten kanssa asioimisen miellytt\u00e4v\u00e4n selke\u00e4n\u00e4, koska vastaukset ovat nopeita ja suoria. Granlund n\u00e4keekin yritysmaailman ja tilausty\u00f6t mahdollisuutena. Odottamista h\u00e4n ei koe \u00a0mielekk\u00e4\u00e4ksi vaan pyrkii koko ajan tekem\u00e4\u00e4n ja ker\u00e4\u00e4m\u00e4\u00e4n uusia ideoita ja yhteisty\u00f6kumppaneita. Granlund tekee teokset olipa h\u00e4nell\u00e4 rahaa tai ei. Kustannuksia on l\u00e4hinn\u00e4 maaleista ja pensseleist\u00e4 sek\u00e4 vanerilevyist\u00e4.<\/p>\n<p><a href=\"https:\/\/www.painters.fi\/taiteenhankintamalli\/wp-content\/uploads\/2012\/11\/viva_granlund4.jpg\"><img loading=\"lazy\" decoding=\"async\" class=\"alignnone  wp-image-429\" title=\"Viva Granlund: &quot;euIMPORTEXPORT&quot; maalaus valmiiseen kaupunkirakenteeseen, ty\u00f6st\u00f6vaiheessa\" src=\"https:\/\/www.painters.fi\/taiteenhankintamalli\/wp-content\/uploads\/2012\/11\/viva_granlund4.jpg\" alt=\"\" width=\"690\" height=\"343\" srcset=\"https:\/\/www.painters.fi\/taiteenhankintamalli\/wp-content\/uploads\/2012\/11\/viva_granlund4.jpg 850w, https:\/\/www.painters.fi\/taiteenhankintamalli\/wp-content\/uploads\/2012\/11\/viva_granlund4-300x149.jpg 300w\" sizes=\"auto, (max-width: 690px) 100vw, 690px\" \/><\/a><br \/>\n<\/p>\n","protected":false},"excerpt":{"rendered":"<p>Maalauksia kaupunkirakenteisiin Perustiedot Taiteilija: Viva Granlund &gt;&gt; Viva Grandlund Hankkeen nimi: Maalauksia kaupunkirakenteisiin. Sijainti: Hakaniemi, Pasila, Malmi, Pirkkola, Tivolitien alikulkutunneli, Kolmas Linja 11 sis\u00e4piha Tilaaja: taiteilijal\u00e4ht\u00f6inen Rakennuttaja: valmis rakenne Hankkeen suunnittelu alkoi: muutamia kuukausia ennen toteutusta Hanke toteutui: l\u00e4mpim\u00e4n\u00e4 vuodenaikana &hellip; <a href=\"https:\/\/www.painters.fi\/taiteenhankintamalli\/esimerkkeja-taideprojekteista\/granlund-viva\/\">Continue reading <span class=\"meta-nav\">&rarr;<\/span><\/a><\/p>\n","protected":false},"author":4,"featured_media":0,"parent":74,"menu_order":11,"comment_status":"closed","ping_status":"closed","template":"","meta":{"footnotes":""},"class_list":["post-87","page","type-page","status-publish","hentry"],"_links":{"self":[{"href":"https:\/\/www.painters.fi\/taiteenhankintamalli\/wp-json\/wp\/v2\/pages\/87","targetHints":{"allow":["GET"]}}],"collection":[{"href":"https:\/\/www.painters.fi\/taiteenhankintamalli\/wp-json\/wp\/v2\/pages"}],"about":[{"href":"https:\/\/www.painters.fi\/taiteenhankintamalli\/wp-json\/wp\/v2\/types\/page"}],"author":[{"embeddable":true,"href":"https:\/\/www.painters.fi\/taiteenhankintamalli\/wp-json\/wp\/v2\/users\/4"}],"replies":[{"embeddable":true,"href":"https:\/\/www.painters.fi\/taiteenhankintamalli\/wp-json\/wp\/v2\/comments?post=87"}],"version-history":[{"count":23,"href":"https:\/\/www.painters.fi\/taiteenhankintamalli\/wp-json\/wp\/v2\/pages\/87\/revisions"}],"predecessor-version":[{"id":1311,"href":"https:\/\/www.painters.fi\/taiteenhankintamalli\/wp-json\/wp\/v2\/pages\/87\/revisions\/1311"}],"up":[{"embeddable":true,"href":"https:\/\/www.painters.fi\/taiteenhankintamalli\/wp-json\/wp\/v2\/pages\/74"}],"wp:attachment":[{"href":"https:\/\/www.painters.fi\/taiteenhankintamalli\/wp-json\/wp\/v2\/media?parent=87"}],"curies":[{"name":"wp","href":"https:\/\/api.w.org\/{rel}","templated":true}]}}