{"id":83,"date":"2012-11-13T14:13:47","date_gmt":"2012-11-13T12:13:47","guid":{"rendered":"http:\/\/www.painters.fi\/taiteenhankintamalli\/?page_id=83"},"modified":"2013-02-08T11:35:07","modified_gmt":"2013-02-08T09:35:07","slug":"baumgartner-stig","status":"publish","type":"page","link":"https:\/\/www.painters.fi\/taiteenhankintamalli\/esimerkkeja-taideprojekteista\/baumgartner-stig\/","title":{"rendered":"Baumgartner Stig"},"content":{"rendered":"<h2>Sein\u00e4maalaus Viking Linen terminaaliin Katajanokalle<\/h2>\n<p><a href=\"https:\/\/www.painters.fi\/taiteenhankintamalli\/wp-content\/uploads\/2012\/11\/stig_baumgartner1.jpg\"><img loading=\"lazy\" decoding=\"async\" class=\"alignnone  wp-image-433\" title=\"Stig Baumgartner: &quot;Transorange&quot;, sein\u00e4maalaus sein\u00e4maalilla Viking Line terminaaliin Katajanokalle Helsinkiin, 2008. Kuva: Stig Baumgartner\" src=\"https:\/\/www.painters.fi\/taiteenhankintamalli\/wp-content\/uploads\/2012\/11\/stig_baumgartner1.jpg\" alt=\"\" width=\"667\" height=\"510\" srcset=\"https:\/\/www.painters.fi\/taiteenhankintamalli\/wp-content\/uploads\/2012\/11\/stig_baumgartner1.jpg 850w, https:\/\/www.painters.fi\/taiteenhankintamalli\/wp-content\/uploads\/2012\/11\/stig_baumgartner1-300x229.jpg 300w\" sizes=\"auto, (max-width: 667px) 100vw, 667px\" \/><\/a><\/p>\n<h3>Perustiedot<\/h3>\n<p>Taiteilija: Stig Baumgartner <a href=\"http:\/\/www.stigbaumgartner.net\">&gt;&gt; Stig Baumgartner<\/a><br \/>\nHankkeen nimi: sein\u00e4maalaus<br \/>\nSijainti: Katajanokka, Viking Linen terminaali<br \/>\nTilaaja: Helsingin satama<br \/>\nRakennuttaja: Helsingin satama<br \/>\nArkkitehti: Ari Bungers<br \/>\nHankkeen suunnittelu alkoi: syksyll\u00e4 2007<br \/>\nHanke toteutui: kev\u00e4\u00e4ll\u00e4 2008<\/p>\n<h3>Projektin k\u00e4yt\u00e4nn\u00f6n etenemisest\u00e4<\/h3>\n<p>Stig Baumgartner kuuli Helsingin Katajanokan laivaterminaalin uudistamisesta syksyll\u00e4 2007. Ty\u00f6t olivat jo alkaneet, kun h\u00e4n kysyi arkkitehdilt\u00e4, oliko rakennukseen tulossa my\u00f6s taidetta. Kun h\u00e4n sai tiet\u00e4\u00e4, ett\u00e4 taidehanketta ei ollut tulossa, h\u00e4n kysyi miksi ei. Baumgartner tarjoutui tekem\u00e4\u00e4n hyvin lyhyell\u00e4 varoitusajalla (noin kaksi kuukautta) alustavat suunnitelmat ja budjetin sein\u00e4maalaukselle. Sek\u00e4 tilaaja ett\u00e4 arkkitehti olivat heti kiinnostuneita, ja koko projekti l\u00e4hti k\u00e4yntiin todella ripe\u00e4sti ja tehokkaasti. Baumgartner maalasi itse ty\u00f6n paikan p\u00e4\u00e4ll\u00e4, joten k\u00e4yt\u00e4nn\u00f6ss\u00e4 ty\u00f6skentelyn organisointi oli helppo toteuttaa. Maalausurakka kesti noin kolme viikkoa.<\/p>\n<p>H\u00e4nen aikaisemmin tekem\u00e4ns\u00e4 julkisen taiteen hankkeet Helsingin Tapanilassa ja Arabianrannassa auttoivat arkkitehdin ja tilaajan vakuuttamisessa hankkeen kannattavuudesta.<\/p>\n<h3><\/h3>\n<div id=\"attachment_1276\" style=\"width: 677px\" class=\"wp-caption alignnone\"><a href=\"https:\/\/www.painters.fi\/taiteenhankintamalli\/wp-content\/uploads\/2012\/11\/satamamaal_kaavio.jpg\"><img loading=\"lazy\" decoding=\"async\" aria-describedby=\"caption-attachment-1276\" class=\"size-full wp-image-1276\" title=\"Stig Baumgartner: kaavio sein\u00e4maalauksesta Viking Line-terminaaliin\" src=\"https:\/\/www.painters.fi\/taiteenhankintamalli\/wp-content\/uploads\/2012\/11\/satamamaal_kaavio.jpg\" alt=\"\" width=\"667\" height=\"199\" srcset=\"https:\/\/www.painters.fi\/taiteenhankintamalli\/wp-content\/uploads\/2012\/11\/satamamaal_kaavio.jpg 667w, https:\/\/www.painters.fi\/taiteenhankintamalli\/wp-content\/uploads\/2012\/11\/satamamaal_kaavio-300x89.jpg 300w\" sizes=\"auto, (max-width: 667px) 100vw, 667px\" \/><\/a><p id=\"caption-attachment-1276\" class=\"wp-caption-text\">Kaavio sein\u00e4maalauksesta. Teos sijaitsee laivan tuloterminaalissa noin 6 metri\u00e4 leve\u00e4n k\u00e4yt\u00e4v\u00e4n sein\u00e4ll\u00e4. Maalaus on noin 3,5 metri\u00e4 korkea (korkeus vaihtelee) ja 25 metri\u00e4 pitk\u00e4. Teos on maalattu teloilla ja siveltimill\u00e4 lujaa kulutusta kest\u00e4v\u00e4ll\u00e4 maaleilla.<\/p><\/div>\n<p><a href=\"https:\/\/www.painters.fi\/taiteenhankintamalli\/wp-content\/uploads\/2012\/11\/v\u00e4riohjeet_BW2.pdf\">Sein\u00e4maalauksen v\u00e4riohjeet<\/a><\/p>\n<h3>Tilan ja kohderyhm\u00e4n huomioiminen<\/h3>\n<p>Baumgartner huomioi tilanteen, jossa teos kohdataan. Paikkana on tulli, portti maahan, josta kuljetaan l\u00e4pi. Teos on osa tilaa ja sijoittuu sein\u00e4lle, jonka vieress\u00e4 on liuska, jota pitkin laivasta maihin k\u00e4velev\u00e4t ihmiset kulkevat. Maalausta ei ole suunniteltu pys\u00e4htyen katsottavaksi. Kuvassa on liike, ja jotain j\u00e4\u00e4 mieleen. Perusmaalausty\u00f6skentelyss\u00e4 l\u00e4ht\u00f6kohta on erilainen.\u2028Teoksen v\u00e4rimaailmaan vaikuttivat tilassa jo ollut oranssi v\u00e4ri ja tilan muut kirkkaat v\u00e4rit. Teokseenkin tuli kirkkaita v\u00e4rej\u00e4. Huomioon otettavaa oli my\u00f6s sein\u00e4n vierustalla kulkeva kaide.<\/p>\n<p>Teosta varten Baumgartner teki 85 luonnosta, joista kymment\u00e4 h\u00e4n viel\u00e4 hioi eteenp\u00e4in. Lopullinen muoto kehittyi teoksen sijoituspaikalla viimeisimm\u00e4n luonnoksen pohjalta. Baumgartner t\u00e4hdent\u00e4\u00e4, miten t\u00e4rkeit\u00e4 luonnokset ovat itseluottamukselle, ja per\u00e4\u00e4nkuuluttaa taiteilijoilta rohkeaa visuaalisuutta.<\/p>\n<p>Maalauksen paikan Baumgartner mietti yhdess\u00e4 arkkitehdin kanssa, koska sein\u00e4maalaus kommentoi aina my\u00f6s arkkitehdin suunnittelemaa tilaa. Arkkitehti ei puuttunut teoksen visuaaliseen ilmeeseen. Arkkitehdeilt\u00e4 tilataan rakennuksen suunnittelua, joltain muulta sisustus, joltain toiselta valaistus, jne. Baumgartner kokee, ett\u00e4 arkkitehdit kunnioittavat taiteilijoita. Arkkitehdeill\u00e4 itsell\u00e4\u00e4n on tiukemmat reunaehdot ja budjetit.<\/p>\n<h3>Sopimus ja hinnoittelu<\/h3>\n<p>Baumgartnerilla ei etuk\u00e4teen ollut k\u00e4sityst\u00e4 \u201dTrans orange\u201d-teoksen hinnoittelusta. H\u00e4n k\u00e4ytti apuna Hiidenkiven peruskouluun Tapanilaan ja asuintalon rappuk\u00e4yt\u00e4v\u00e4\u00e4n Arabianrannassa prosenttihankkeena toteutettuja projekteja. Hinnoittelussa otettiin my\u00f6s huomioon, ett\u00e4 maalaus on yksi tilan elementti. Silloin hinta on alhaisempi kuin vastaavan kokoisessa erillisess\u00e4 maalauksessa. My\u00f6s ty\u00f6n m\u00e4\u00e4r\u00e4 ja k\u00e4ytett\u00e4vien materiaalien laatu otettiin huomioon. Hintaan sis\u00e4ltyiv\u00e4t materiaalit, luonnokset\/luonnospalkkio ja korvaus omasta ty\u00f6st\u00e4. Maksut suoritettiin eriss\u00e4.<\/p>\n<p>Sopimusmallina Baumgartner k\u00e4ytti Helsingin Taidemuseon prosenttihankkeissa k\u00e4ytetty\u00e4 sopimusta ja muokkasi sit\u00e4 \u201dTrans Orange\u201d-hankkeeseen sopivammaksi. Sopimuksessa h\u00e4n huomioi kaikki omaa ty\u00f6skentely\u00e4\u00e4n koskevat aliurakoitsijoiden vaiheet ja huomioi my\u00f6s sen, ett\u00e4 oli itse yksi vastuullinen aliurakoitsija suuremmassa hankkeessa.\u2028Rakennuttajaa varten h\u00e4n selvitti teoksen materiaalit, ei teoksen taiteellista sis\u00e4lt\u00f6\u00e4.\u2028Sein\u00e4maalausta tehdess\u00e4 t\u00e4ytyy huomioida my\u00f6s pohjustusty\u00f6. Uusissa kohteissa t\u00e4m\u00e4n voi sis\u00e4llytt\u00e4\u00e4 perusurakkaan, oman ty\u00f6skentelyn ulkopuolelle. Samalla tavalla voi toimia my\u00f6s valaistuksen osalta ja suunnitella sen yhdess\u00e4 hankkeen muiden osapuolten kanssa.\u2028Projektia varten Baumgartner hankki itselleen tapaturma- ja sairasvakuutuksen, sek\u00e4 teokselle teosvakuutuksen luovutushetkeen saakka.<\/p>\n<h3>Ty\u00f6maalla ty\u00f6skentely<\/h3>\n<p>Ty\u00f6maalla Baumgartner suunnitteli aikataulunsa tarkasti, noin puolen tunnin tarkkuudella, valon ja l\u00e4mp\u00f6tilan huomioonottamiseksi. Viking Linen matkustajia kulki liuskalla kahden tunnin v\u00e4lein, ja siihen h\u00e4n oli varautunut. H\u00e4iri\u00f6it\u00e4 ei ollut, ja rakentajat olivat joustavia.<\/p>\n<p>&nbsp;<\/p>\n\n","protected":false},"excerpt":{"rendered":"<p>Sein\u00e4maalaus Viking Linen terminaaliin Katajanokalle Perustiedot Taiteilija: Stig Baumgartner &gt;&gt; Stig Baumgartner Hankkeen nimi: sein\u00e4maalaus Sijainti: Katajanokka, Viking Linen terminaali Tilaaja: Helsingin satama Rakennuttaja: Helsingin satama Arkkitehti: Ari Bungers Hankkeen suunnittelu alkoi: syksyll\u00e4 2007 Hanke toteutui: kev\u00e4\u00e4ll\u00e4 2008 Projektin k\u00e4yt\u00e4nn\u00f6n &hellip; <a href=\"https:\/\/www.painters.fi\/taiteenhankintamalli\/esimerkkeja-taideprojekteista\/baumgartner-stig\/\">Continue reading <span class=\"meta-nav\">&rarr;<\/span><\/a><\/p>\n","protected":false},"author":4,"featured_media":0,"parent":74,"menu_order":7,"comment_status":"closed","ping_status":"closed","template":"","meta":{"footnotes":""},"class_list":["post-83","page","type-page","status-publish","hentry"],"_links":{"self":[{"href":"https:\/\/www.painters.fi\/taiteenhankintamalli\/wp-json\/wp\/v2\/pages\/83","targetHints":{"allow":["GET"]}}],"collection":[{"href":"https:\/\/www.painters.fi\/taiteenhankintamalli\/wp-json\/wp\/v2\/pages"}],"about":[{"href":"https:\/\/www.painters.fi\/taiteenhankintamalli\/wp-json\/wp\/v2\/types\/page"}],"author":[{"embeddable":true,"href":"https:\/\/www.painters.fi\/taiteenhankintamalli\/wp-json\/wp\/v2\/users\/4"}],"replies":[{"embeddable":true,"href":"https:\/\/www.painters.fi\/taiteenhankintamalli\/wp-json\/wp\/v2\/comments?post=83"}],"version-history":[{"count":34,"href":"https:\/\/www.painters.fi\/taiteenhankintamalli\/wp-json\/wp\/v2\/pages\/83\/revisions"}],"predecessor-version":[{"id":261,"href":"https:\/\/www.painters.fi\/taiteenhankintamalli\/wp-json\/wp\/v2\/pages\/83\/revisions\/261"}],"up":[{"embeddable":true,"href":"https:\/\/www.painters.fi\/taiteenhankintamalli\/wp-json\/wp\/v2\/pages\/74"}],"wp:attachment":[{"href":"https:\/\/www.painters.fi\/taiteenhankintamalli\/wp-json\/wp\/v2\/media?parent=83"}],"curies":[{"name":"wp","href":"https:\/\/api.w.org\/{rel}","templated":true}]}}