{"id":81,"date":"2012-11-13T14:12:04","date_gmt":"2012-11-13T12:12:04","guid":{"rendered":"http:\/\/www.painters.fi\/taiteenhankintamalli\/?page_id=81"},"modified":"2013-02-08T09:38:43","modified_gmt":"2013-02-08T07:38:43","slug":"adamsson-erika-paattisten-monitoimitalo","status":"publish","type":"page","link":"https:\/\/www.painters.fi\/taiteenhankintamalli\/esimerkkeja-taideprojekteista\/adamsson-erika-paattisten-monitoimitalo\/","title":{"rendered":"Adamsson Erika"},"content":{"rendered":"<h2>Paattisten monitoimitalo<\/h2>\n<p><a href=\"https:\/\/www.painters.fi\/taiteenhankintamalli\/wp-content\/uploads\/2012\/11\/erika_adamsson2.jpg\"><img loading=\"lazy\" decoding=\"async\" class=\"alignnone  wp-image-235\" title=\"Erika Adamsson viimeistelem\u00e4ss\u00e4 taideteostaan rakenteilla olevassa koulussa Paattisilla. Teos: &quot;Kohtaamisia Paattisilla&quot;, tekniikka: \u00f6ljyv\u00e4ri akryylilevylle. Kuva: Turun museokeskus\/Martti Puhakka\" src=\"https:\/\/www.painters.fi\/taiteenhankintamalli\/wp-content\/uploads\/2012\/11\/erika_adamsson2-682x1024.jpg\" alt=\"\" width=\"558\" height=\"837\" srcset=\"https:\/\/www.painters.fi\/taiteenhankintamalli\/wp-content\/uploads\/2012\/11\/erika_adamsson2-682x1024.jpg 682w, https:\/\/www.painters.fi\/taiteenhankintamalli\/wp-content\/uploads\/2012\/11\/erika_adamsson2-200x300.jpg 200w, https:\/\/www.painters.fi\/taiteenhankintamalli\/wp-content\/uploads\/2012\/11\/erika_adamsson2.jpg 699w\" sizes=\"auto, (max-width: 558px) 100vw, 558px\" \/><\/a><\/p>\n<h3><strong>Perustiedot<\/strong><\/h3>\n<p>Taiteilija: Erika Adamsson <a href=\"http:\/\/www.erika-adamsson.com\">&gt;&gt; Erika Adamsson<\/a><br \/>\nHankkeen nimi: Paattisten monitoimitalo<br \/>\nSijainti: Paattinen, Turku<br \/>\nTilaaja: Turun kaupunki<br \/>\nRakennuttaja: Turun kaupunki, tilaliikelaitos<br \/>\nArkkitehti: arkkitehtisuunnittelu Mikko Uotila<br \/>\nHankkeen suunnittelu alkoi: loppuvuonna 2010 (taiteilija mukaan suunniteluun, luonnoskilpailu)<br \/>\nHanke toteutui: 2011<\/p>\n<p><a href=\"https:\/\/www.painters.fi\/taiteenhankintamalli\/wp-content\/uploads\/2012\/11\/erika_adamsson14.jpg\"><img loading=\"lazy\" decoding=\"async\" class=\"alignnone  wp-image-230\" title=\"Erika Adamsson ripustamassa taideteostaan rakenteilla olevassa koulussa Paattisilla. Teos: &quot;Kohtaamisia Paattisilla&quot;, tekniikka: \u00f6ljyv\u00e4ri akryylilevylle. Kuva:Martti Puhakka\" src=\"https:\/\/www.painters.fi\/taiteenhankintamalli\/wp-content\/uploads\/2012\/11\/erika_adamsson14-682x1024.jpg\" alt=\"\" width=\"502\" height=\"753\" srcset=\"https:\/\/www.painters.fi\/taiteenhankintamalli\/wp-content\/uploads\/2012\/11\/erika_adamsson14-682x1024.jpg 682w, https:\/\/www.painters.fi\/taiteenhankintamalli\/wp-content\/uploads\/2012\/11\/erika_adamsson14-200x300.jpg 200w, https:\/\/www.painters.fi\/taiteenhankintamalli\/wp-content\/uploads\/2012\/11\/erika_adamsson14.jpg 699w\" sizes=\"auto, (max-width: 502px) 100vw, 502px\" \/><\/a><\/p>\n\n","protected":false},"excerpt":{"rendered":"<p>Paattisten monitoimitalo Perustiedot Taiteilija: Erika Adamsson &gt;&gt; Erika Adamsson Hankkeen nimi: Paattisten monitoimitalo Sijainti: Paattinen, Turku Tilaaja: Turun kaupunki Rakennuttaja: Turun kaupunki, tilaliikelaitos Arkkitehti: arkkitehtisuunnittelu Mikko Uotila Hankkeen suunnittelu alkoi: loppuvuonna 2010 (taiteilija mukaan suunniteluun, luonnoskilpailu) Hanke toteutui: 2011<\/p>\n","protected":false},"author":4,"featured_media":0,"parent":74,"menu_order":4,"comment_status":"closed","ping_status":"closed","template":"","meta":{"footnotes":""},"class_list":["post-81","page","type-page","status-publish","hentry"],"_links":{"self":[{"href":"https:\/\/www.painters.fi\/taiteenhankintamalli\/wp-json\/wp\/v2\/pages\/81","targetHints":{"allow":["GET"]}}],"collection":[{"href":"https:\/\/www.painters.fi\/taiteenhankintamalli\/wp-json\/wp\/v2\/pages"}],"about":[{"href":"https:\/\/www.painters.fi\/taiteenhankintamalli\/wp-json\/wp\/v2\/types\/page"}],"author":[{"embeddable":true,"href":"https:\/\/www.painters.fi\/taiteenhankintamalli\/wp-json\/wp\/v2\/users\/4"}],"replies":[{"embeddable":true,"href":"https:\/\/www.painters.fi\/taiteenhankintamalli\/wp-json\/wp\/v2\/comments?post=81"}],"version-history":[{"count":21,"href":"https:\/\/www.painters.fi\/taiteenhankintamalli\/wp-json\/wp\/v2\/pages\/81\/revisions"}],"predecessor-version":[{"id":1307,"href":"https:\/\/www.painters.fi\/taiteenhankintamalli\/wp-json\/wp\/v2\/pages\/81\/revisions\/1307"}],"up":[{"embeddable":true,"href":"https:\/\/www.painters.fi\/taiteenhankintamalli\/wp-json\/wp\/v2\/pages\/74"}],"wp:attachment":[{"href":"https:\/\/www.painters.fi\/taiteenhankintamalli\/wp-json\/wp\/v2\/media?parent=81"}],"curies":[{"name":"wp","href":"https:\/\/api.w.org\/{rel}","templated":true}]}}