{"id":780,"date":"2012-12-20T12:52:12","date_gmt":"2012-12-20T10:52:12","guid":{"rendered":"http:\/\/www.painters.fi\/taiteenhankintamalli\/?page_id=780"},"modified":"2012-12-20T14:46:16","modified_gmt":"2012-12-20T12:46:16","slug":"paikkaan-sidottua-taidetta-koskeva-lupajarjestelma","status":"publish","type":"page","link":"https:\/\/www.painters.fi\/taiteenhankintamalli\/paikkasidonnainen-taide\/paikkaan-sidottua-taidetta-koskeva-lupajarjestelma\/","title":{"rendered":"Paikkaan sidottua taidetta koskeva lupaj\u00e4rjestelm\u00e4"},"content":{"rendered":"<h3>Lupaj\u00e4rjestelm\u00e4n tarkoitus<\/h3>\n<p>Toimiva yhdyskuntarakenne edellytt\u00e4\u00e4, ett\u00e4 kaikenlainen ymp\u00e4rist\u00f6nk\u00e4yt\u00f6n suunnittelu on yhteis\u00f6llisen p\u00e4\u00e4t\u00f6ksenteon kohteena. Siksi julkiset viranomaiset kontrolloivat valvonta- ja lupaj\u00e4rjestelm\u00e4ll\u00e4 rakentamista ja muuta ymp\u00e4rist\u00f6nk\u00e4ytt\u00f6\u00e4.<\/p>\n<p>Maank\u00e4ytt\u00f6\u00e4 ja rakentamista koskeva lains\u00e4\u00e4d\u00e4nt\u00f6 s\u00e4\u00e4telee my\u00f6s erityyppiseen paikkasidonnaiseen taiteeseen liittyvi\u00e4 rakentamishankkeita. Maank\u00e4yt\u00f6n ja rakentamisen lupaj\u00e4rjestelm\u00e4n perusteista s\u00e4\u00e4det\u00e4\u00e4n maank\u00e4ytt\u00f6- ja rakennuslaissa (122\/1999) ja sit\u00e4 t\u00e4sment\u00e4v\u00e4ss\u00e4 maank\u00e4ytt\u00f6- ja rakennusasetuksessa (895\/1999).<\/p>\n<p><a href=\"http:\/\/www.finlex.fi\/fi\/laki\/ajantasa\/1999\/19990132\">&gt;&gt; maank\u00e4ytt\u00f6- ja rakennuslaki (FINLEX)<\/a><br \/>\n<a href=\"http:\/\/www.finlex.fi\/fi\/laki\/ajantasa\/1999\/19990895\">&gt;&gt; maank\u00e4ytt\u00f6- ja rakennusasetus (FINLEX)<\/a><\/p>\n<p>S\u00e4\u00e4d\u00f6kset j\u00e4tt\u00e4v\u00e4t kunnille liikkumavaraa kuntakohtaiseen tarkentavaan s\u00e4\u00e4ntelyyn, jota annetaan rakentamista ohjaavilla kaavam\u00e4\u00e4r\u00e4yksill\u00e4 ja rakennusj\u00e4rjestyksell\u00e4. Koska rakentamisen s\u00e4\u00e4ntelyyn liittyy kuntakohtaisia eroja, on yksityiskohdat syyt\u00e4 selvitt\u00e4\u00e4 rakentamishankkeen sijaintikunnan rakennusvalvontaviranomaisilta. T\u00e4ll\u00e4 sivustolla annetaan yleiskuva lupamenettelyn periaatteesta.<\/p>\n<h3>Rakennusvalvontaviranomaiset neuvovat lupamenettelyss\u00e4<\/h3>\n<p>Kunnan rakennusvalvontaviranomaiset antavat ohjausta ja neuvontaa kaikissa rakentamiseen liittyviss\u00e4 lupa-asioissa. Tavanomaisissa rakentamishankkeissa rakentamisen luvat my\u00f6nt\u00e4\u00e4 kunnan rakennustarkastaja, johon kannattaa olla jo ennen varsinaisen lupahakemuksen j\u00e4tt\u00e4mist\u00e4 yhteydess\u00e4, sill\u00e4 ennakkokeskustelut voivat s\u00e4\u00e4st\u00e4\u00e4 tarpeettomilta kustannuksilta.<\/p>\n<p>Er\u00e4iss\u00e4 tapauksissa rakentamisen luvat k\u00e4sitell\u00e4\u00e4n kunnallisissa lautakunnissa (esimerkiksi rakennus- tai ymp\u00e4rist\u00f6lautakunnassa). N\u00e4iss\u00e4 tapauksissa kunnan rakennusvalvontaviranomaiset valmistelevat lupa-asian lautakunnan p\u00e4\u00e4tett\u00e4v\u00e4ksi.<\/p>\n<h3>Rakennuspaikan omistaja tai hallitsija hakee rakentamiseen tarvittavat luvat<\/h3>\n<p>Rakentamiseen tarvittavat luvat hakee se, joka omistaa tai hallitsee rakennuspaikkaa. K\u00e4yt\u00e4nn\u00f6ss\u00e4 luvan hakijan on osoitettava t\u00e4m\u00e4 lainhuutotodistuksella, kauppakirjaj\u00e4ljenn\u00f6ksell\u00e4, vuokrasopimusj\u00e4ljenn\u00f6ksell\u00e4 tai muulla vastaavalla tavalla. Esimerkiksi rakennuksen sein\u00e4\u00e4n sijoittettavan julkisivumaalauksen kohdalla hakijana toimii rakennuksen omistaja (taloyhti\u00f6). Koska lupaharkinnassa m\u00e4\u00e4ritell\u00e4\u00e4n usein tarkasti rakennettavan taideteoksen yksityiskohtia, taiteilijan on t\u00e4rke\u00e4\u00e4 olla aktiivisesti mukana lupaprosessissa, vaikkei h\u00e4n olisikaan rakennuspaikan omistaja tai hallitsija.<\/p>\n<p>On t\u00e4rke\u00e4\u00e4 muistaa, ett\u00e4 my\u00f6s kunta tarvitsee omistamalleen tai hallitsemalleen rakennuspaikalle asianmukaiset luvat rakentamiseen, siin\u00e4 miss\u00e4 kuka tahansa muukin. Niinp\u00e4 esimerkiksi kunnanhallituksen j\u00e4rjest\u00e4m\u00e4n taidekilpailun perusteella toteutettavaa julkista veistosta varten on hankittava tarvittavat luvat kunnan rakennusvalvontaviranomaisilta aivan samalla tavalla kuin miss\u00e4 tahansa muussakin tilanteessa.<\/p>\n<h2>Kaavoitus ohjaa rakentamista<\/h2>\n<h3>Kaavoitus vaikuttaa paikkasidonnaiseen taiteeseen<\/h3>\n<p>Kaavoitetuilla alueilla on rakennettava siten kuin kaavassa on m\u00e4\u00e4r\u00e4tty. T\u00e4m\u00e4n vuoksi kunnan laatimat asemakaavam\u00e4\u00e4r\u00e4ykset vaikuttavat monin tavoin paikkasidonnaisten taideteosten sijoitteluun ja ulkoasuun asemakaava-alueilla.<\/p>\n<p>Asemakaavam\u00e4\u00e4r\u00e4yksiss\u00e4 voidaan m\u00e4\u00e4ritell\u00e4 esimerkiksi suunnitteilla olevan veistoksen tai julkisivumaalauksen sijaintipaikka, mik\u00e4li kunta haluaa kaavoitusp\u00e4\u00e4t\u00f6ksenteon yhteydess\u00e4 t\u00e4m\u00e4ntyyppisi\u00e4 m\u00e4\u00e4r\u00e4yksi\u00e4 antaa. Usein asemakaavam\u00e4\u00e4r\u00e4yksien tarkoituksena on suhteuttaa uudet rakennushankkeet jo rakennettuun ymp\u00e4rist\u00f6\u00f6n. Niinp\u00e4 asemakaavam\u00e4\u00e4r\u00e4yksiss\u00e4 voidaan m\u00e4\u00e4r\u00e4t\u00e4 esimerkiksi, ettei suunnitteilla olevan julkisen veistoksen korkeus saa ylitt\u00e4\u00e4 sen sijaintipaikan vieress\u00e4 olevan rakennuksen harjakorkeutta.<\/p>\n<h3>Asemakaavasta poikkeaminen edellytt\u00e4\u00e4 poikkeamislupaa<\/h3>\n<p>Asemakaavam\u00e4\u00e4r\u00e4yksist\u00e4 voidaan kuitenkin poiketa, mik\u00e4li kaavasta poikkeamiselle on olemassa perustellut syyt. Poikkeaminen edellytt\u00e4\u00e4 erityisen poikkeamisluvan hakemista. Poikkeamislupa on hankittava kunnassa p\u00e4\u00e4t\u00f6svaltaiselta taholta eli pienemmiss\u00e4 kunnissa useimmiten kunnanhallitukselta ennen muiden rakentamisen lupien hankkimista.<\/p>\n<h3><strong>Kaikki rakentaminen edellytt\u00e4\u00e4 p\u00e4\u00e4s\u00e4\u00e4nt\u00f6isesti ennakkolupaa\u00a0<\/strong><\/h3>\n<h3>Paikkasidonnainen taide tarvitsee p\u00e4\u00e4s\u00e4\u00e4nt\u00f6isesti toimenpideluvan<\/h3>\n<p>P\u00e4\u00e4s\u00e4\u00e4nt\u00f6isesti kaikenlaisten rakennettujen taideteosten sijoittaminen ymp\u00e4rist\u00f6\u00f6n edellytt\u00e4\u00e4 viranomaisten ennakkolupaa eli joko rakennuslupaa tai toimenpidelupaa. Yleens\u00e4 taideteoksien rakentaminen ja sijoittaminen edellytt\u00e4\u00e4 kunnan rakennusvalvontaviranomaisten my\u00f6nt\u00e4m\u00e4n toimenpideluvan. Toimenpidelupa on hankittava esimerkiksi niin muistomerkkien rakentamiseen kuin my\u00f6s suurehkon julkisivumaalauksen sijoittamiseen rakennuksen ulkosein\u00e4\u00e4n.<\/p>\n<h3>Tavanomaista suurempaa viranomaisvalvontaa vaativa hanke tarvitsee\u00a0 rakennusluvan<\/h3>\n<p>Varsinainen rakennuslupa on hankittava vain sellaisille taideteoksille, jotka esimerkiksi turvallisuuteen, maisemallisuuteen taikka ymp\u00e4rist\u00f6n\u00e4k\u00f6kohtiin liittyvist\u00e4 syist\u00e4 tarvitsevat tavanomaista suurempaa viranomaisvalvontaa. Useimmiten t\u00e4m\u00e4ntyyppinen viranomaisvalvonnan tarve ei kuitenkaan liity taideteoksen ominaisuuksiin, vaan pikemminkin teoksen rakennus- tai sijoittamispaikan ominaisuuksiin. Esimerkiksi rakenteensa puolesta toimenpidelupaa edellytt\u00e4v\u00e4n veistoksen sijoittaminen kulttuuri- tai ymp\u00e4rist\u00f6arvoiltaan merkitt\u00e4v\u00e4lle paikalle voi edellytt\u00e4\u00e4 rakennusluvan hankkimista.<\/p>\n<p>Sill\u00e4 vaatiiko taideteos toimenpidelupaa vai rakennuslupaa, ei ole taiteilijan ja taideteoksen tilaajan kannalta yleens\u00e4 erityist\u00e4 merkityst\u00e4. Rakennuslupaa vaativassa hankkeessa edellytet\u00e4\u00e4n kuitenkin yleens\u00e4 yksityiskohtaisempia rakennesuunnitelmia. Samoin rakennuslupaa vaativa hanke edellytt\u00e4\u00e4 yleens\u00e4, ett\u00e4 p\u00e4\u00e4suunnittelija (esim. arkkitehti tai rakennusinsin\u00f6\u00f6ri) on mukana jo lupaprosessin alkuvaiheissa.<\/p>\n<p>Lupaharkinnan n\u00e4k\u00f6kulmasta rakennuslupaa edellytt\u00e4v\u00e4n hankkeen toteuttamisedellytykset eiv\u00e4t kuitenkaan tavallisesti eroa toimenpidelupaa edellytt\u00e4v\u00e4n hankkeen toteuttamisedellytyksist\u00e4. Molempien lupien my\u00f6nt\u00e4miseen sovelletaan nimitt\u00e4in l\u00e4hes samoja kriteerej\u00e4, ja kaava-alueelle rakennettaessa kaavam\u00e4\u00e4r\u00e4ykset m\u00e4\u00e4ritt\u00e4v\u00e4t toimenpideluvan ehtoja aivan samoin kuin varsinaisen rakennusluvan ehtoja.<\/p>\n<h3>Pieni ja helposti liikuteltava taideteos ei tarvitse ennakkolupaa<\/h3>\n<p>Sellaiset rakennelmat, joita maank\u00e4ytt\u00f6- ja rakennuslains\u00e4\u00e4d\u00e4nn\u00f6n terminologiassa kutsutaan \u201dkevyiksi rakennelmiksi tai pienehk\u00f6iksi laitoksiksi\u201d eiv\u00e4t kuitenkaan tarvitse ennakkolupaa. T\u00e4h\u00e4n ryhm\u00e4\u00e4n kuuluvat esimerkiksi pienimuotoiset ja helposti siirrett\u00e4viss\u00e4 olevat taideteokset, kuten\u00a0ilman erillisen perustan valamista maassa vapaasti seisova pienikokoinen veistos. Niinp\u00e4 esimerkiksi puutarhatontun saa sijoittaa pihalleen ilman ennakkolupaa. Sen sijaan esimerkiksi lipputankoon verrattavissa olevaa pienehk\u00f6lle perustukselle kiinnittyv\u00e4\u00e4 ja maisemassa selv\u00e4sti erottuvaa veistosta ei voi l\u00e4ht\u00f6kohtaisesti rakentaa tai sijoittaa ymp\u00e4rist\u00f6\u00f6n ilman toimenpidelupaa.<\/p>\n<h3>Toimenpideluvan tarve m\u00e4\u00e4ritell\u00e4\u00e4n kuntakohtaisesti<\/h3>\n<p>K\u00e4yt\u00e4nn\u00f6ss\u00e4 toimenpidelupaa vaativat hankkeet m\u00e4\u00e4ritell\u00e4\u00e4n kuntakohtaisesti. Kunta voi rakennusj\u00e4rjestyksess\u00e4\u00e4n vapauttaa jotkin l\u00e4ht\u00f6kohtaisesti toimenpideluvanvaraiset rakennelmat toimenpideluvan hankkimisesta. Samoin kunta voi m\u00e4\u00e4r\u00e4t\u00e4, ett\u00e4 toimenpideluvan hakemisen sijaan ennen johonkin toimenpiteeseen ryhtymist\u00e4 on ainoastaan annettava ilmoitus rakennushankkeen k\u00e4ynnist\u00e4misest\u00e4. Niinp\u00e4 joissakin kunnissa l\u00e4hes kaikki paikkasidonnainen taide on vapautettu ennakkoluvan hankkimisesta, kun taas toisissa kunnissa se kuuluu ennakkolupaj\u00e4rjestelm\u00e4n piiriin.<\/p>\n<h3>Paikkasidonnaisen taiteen kohdalla lupaharkinnassa korostuu paikalle sopivuuden arviointi<\/h3>\n<p>Rakennus- ja toimenpidelupia my\u00f6nnett\u00e4ess\u00e4 tarkastetaan, t\u00e4ytt\u00e4\u00e4k\u00f6 rakennushanke kaavassa sille asetetut vaatimukset. Taideteoksiin liittyviss\u00e4 rakennushankkeissa toinen merkitt\u00e4v\u00e4 tekij\u00e4 on rakennelman soveltuvuus aiotulle rakennuspaikalle.<\/p>\n<p>Maank\u00e4ytt\u00f6- ja rakennuslaissa edellytet\u00e4\u00e4n, ett\u00e4 rakennelmat soveltuvat rakennettuun ymp\u00e4rist\u00f6\u00f6n ja maisemaan sek\u00e4 t\u00e4ytt\u00e4v\u00e4t kauneuden ja sopusuhtaisuuden vaatimukset. N\u00e4m\u00e4 vaatimukset ovat kuitenkin varsin v\u00e4lji\u00e4. Niill\u00e4 ei esimerkiksi voida pakottaa rakennelmaa mukautumaan sit\u00e4 ymp\u00e4r\u00f6ivien rakennelmien tyylisuuntiin. My\u00f6s suhteessa ymp\u00e4rist\u00f6\u00f6ns\u00e4 j\u00e4nnitteinen ja huomiota her\u00e4tt\u00e4v\u00e4 taideteos on kiistatta paikalle soveltuva, kunhan sen\u00a0 vaikutus ymp\u00e4rist\u00f6ss\u00e4\u00e4n on luonteva.<\/p>\n<h3>Lupaharkinnassa ei saa rajoittaa taiteilijan ilmaisunvapautta<\/h3>\n<p>Koska taideteosten tyyppisiss\u00e4 rakennelmissa korostuu niiden ilmaisullinen funktio, kaavoitus- ja rakennuslupap\u00e4\u00e4t\u00f6ksenteolla ei saisi asettaa paikkasidonnaiselle taiteelle pidemm\u00e4lle menevi\u00e4 rajoituksia kuin mik\u00e4 on ymp\u00e4rist\u00f6arvojen ja yhdyskuntarakenteen toimivuuden kannalta v\u00e4ltt\u00e4m\u00e4t\u00f6nt\u00e4. Mik\u00e4li jokin rakennuspaikka yleisesti ottaen soveltuu paikkasidonnaiselle taideteokselle, rakennus- tai toimenpidelupaharkinnassa ei voida hyl\u00e4t\u00e4 taideteoksen toteuttamista esimerkiksi sen vuoksi, ett\u00e4 se esitt\u00e4\u00e4 kiistanalaista henkil\u00f6\u00e4 tai on toteutettu ep\u00e4tavanomaisesta materiaalista.<\/p>\n<p>Sen sijaan harkinnassa voidaan kyll\u00e4 puuttua teoksen muotoon, mik\u00e4li se ei t\u00e4yt\u00e4 terveyden ja turvallisuuden vaatimuksia. Niinp\u00e4 lupaharkinnan yhteydess\u00e4 voidaan m\u00e4\u00e4r\u00e4t\u00e4 esimerkiksi vaaraa aiheuttavat elementit, kuten piikit tai ter\u00e4v\u00e4t kulmat, muunnettavaksi vaarattomiksi. K\u00e4yt\u00e4nn\u00f6ss\u00e4 terveyden ja turvallisuuden vaatimukset vaihtelevat rakennuspaikoittain. Esimerkiksi tavanomaisessa puistossa voidaan sallia sellaisia elementtej\u00e4, joita ei sallittaisi lasten leikkipuistossa.<\/p>\n<h3>My\u00f6s sellaisen teoksen, jonka rakentamiseen ei tarvita toimenpidelupaa, on sopeuduttava ymp\u00e4rist\u00f6\u00f6ns\u00e4<\/h3>\n<p>My\u00f6s sellaisen paikkasidonnaisen taideteoksen, joka ei tarvitse toimenpidelupaa tai rakennuslupaa, on sopeuduttava sille paikalle, johon se on rakennettu tai sijoitettu. Kunnan rakennusvalvontaviranomainen voi nimitt\u00e4in kaikissa tapauksissa m\u00e4\u00e4r\u00e4t\u00e4 poistettavaksi tai muutettavaksi sellaisen paikkasidonnaisen teoksen, joka ei terveellisyydelt\u00e4\u00e4n, turvallisuudeltaan tai ulkoasultaan t\u00e4yt\u00e4 sille kohtuullisuudella asetettavia vaatimuksia taikka sopeudu ymp\u00e4rist\u00f6\u00f6n.<\/p>\n<p>Terveyden ja turvallisuuden vaatimukset nousivat esiin esimerkiksi Pekka Jylh\u00e4n L\u00e4hteen eli Finlandia-talon puistossa sijaitsevan Urho Kekkosen muistomerkin yhteydess\u00e4. Teokseen kuuluvaan vesialtaaseen asennettiin sen julkistamisen j\u00e4lkeen vedenalaiset tikkaat, sill\u00e4 julkisessa keskustelussa oli arvioitu, ett\u00e4 ter\u00e4ksest\u00e4 ja py\u00f6re\u00e4pohjaisesta vesialtaasta olisi vaikea ilman niit\u00e4 kivuta pois, jos sinne sattuisi putoamaan.<\/p>\n<h3>Rakennusvalvontaviranomainen voi m\u00e4\u00e4r\u00e4t\u00e4 poistettavaksi teoksen, joka on haitaksi liikenteelle.<\/h3>\n<p>Kaupunkitilassa sijaitsevien paikkasidonnaisten taideteosten kohdalla nousee aika ajoin esiin kysymys siit\u00e4, ett\u00e4 jokin taideteos on haitaksi liikenteelle. Esimerkiksi liikenteenjakajan keskelle tai kadunvarteen sijoitettu taideteos saattaa h\u00e4irit\u00e4 liikennett\u00e4. N\u00e4iss\u00e4 tapauksissa kunnan rakennusvalvontaviranomaisella on oikeus m\u00e4\u00e4r\u00e4t\u00e4 teos poistettavaksi, ellei teosta voi taiteilijan suostumuksella muuttaa siten, ettei se en\u00e4\u00e4 haittaa liikennett\u00e4.<\/p>\n<p>Kunnan rakennusvalvontaviranomainen ei voi kuitenkaan puuttua teokseen enemp\u00e4\u00e4 kuin mik\u00e4 on v\u00e4ltt\u00e4m\u00e4t\u00f6nt\u00e4. Mik\u00e4li teokseen esimerkiksi liittyy sellainen valo, joka aiheuttaa vaaraa liikenneturvallisuudelle, kunnan rakennusvalvontaviranomainen voi vaatia valon uudelleensuuntaamista tai sulkemista. Mik\u00e4li t\u00e4m\u00e4 poistaa liikenteelle aiheutuvan haitan ja taiteilija suostuu t\u00e4h\u00e4n muutokseen, kunnan rakennusvalvontaviranomainen ei voi t\u00e4ss\u00e4 tapauksessa vaatia teosta kokonaan poistettavaksi.<\/p>\n<p>&nbsp;<\/p>\n<p>*******<\/p>\n<p><strong>ASIASANOJA<\/strong><\/p>\n<p>Poikkeamislupa = Mik\u00e4li rakentamisessa on perustellusta syyst\u00e4 tarve poiketa kaavasta tai muista maank\u00e4ytt\u00f6- ja rakentamislain mukaisista tai sen nojalla annetuista rakentamista tai muuta toimenpidett\u00e4 koskevista s\u00e4\u00e4nn\u00f6ksist\u00e4, m\u00e4\u00e4r\u00e4yksist\u00e4, kielloista tai rajoituksista (esimerkiksi kunnan rakennusj\u00e4rjestyksest\u00e4), tarvitaan ennen rakennuslupaa erityinen poikkeamislupa.<\/p>\n<p>Rakennusj\u00e4rjestys = Jokaisessa kunnassa tulee olla rakennusj\u00e4rjestys, jolla ohjataan rakentamista kyseisess\u00e4 kunnassa. Rakennusj\u00e4rjestyksen m\u00e4\u00e4r\u00e4ykset voivat koskea muun muassa rakennuspaikkaa, rakennuksen kokoa ja sen sijoittumista, rakennuksen sopeutumista ymp\u00e4rist\u00f6\u00f6n, rakentamistapaa, rakennetun ymp\u00e4rist\u00f6n hoitoa. Rakennusj\u00e4rjestyksen m\u00e4\u00e4r\u00e4ykset voivat olla erilaisia kunnan eri alueilla.<\/p>\n<p>Rakennuslupa = Rakennuksen rakentamiseen tarvittava lupa, joka vaaditaan erityist\u00e4 viranomaisvalvontaa edellytt\u00e4vilt\u00e4 paikkasidonnaisilta taideteoksilta<\/p>\n<p>Toimenpidelupa = Paikkasidonnaisen taideteoksen rakentamisen tavanomaisesti edellytt\u00e4m\u00e4 lupa (ks. my\u00f6s rakennuslupa)<\/p>\n<p>Kaava = Kaava on asiakirja, jossa m\u00e4\u00e4r\u00e4t\u00e4\u00e4n alueiden k\u00e4yt\u00f6st\u00e4 ja rakentamisesta. Kaavamuotoja on kolme: maakuntakaava, yleiskaava ja asemakaava. Ranta-alueilla olevan loma-asutuksen j\u00e4rjest\u00e4miseksi voidaan laatia my\u00f6s erityinen ranta-asemakaava.<\/p>\n<p>Asemakaava = Asemakaava on yksityiskohtainen suunnitelma siit\u00e4, miten alueiden k\u00e4ytt\u00f6 j\u00e4rjestet\u00e4\u00e4n. Siit\u00e4 ilmenee, mit\u00e4 kaavaan merkitylle alueelle saa rakentaa ja kuinka paljon. Usein kaava sis\u00e4lt\u00e4\u00e4 viel\u00e4 yksityiskohtaisia m\u00e4\u00e4r\u00e4yksi\u00e4 rakentamistavasta eli asemakaavam\u00e4\u00e4r\u00e4yksi\u00e4.<\/p>\n\n","protected":false},"excerpt":{"rendered":"<p>Lupaj\u00e4rjestelm\u00e4n tarkoitus Toimiva yhdyskuntarakenne edellytt\u00e4\u00e4, ett\u00e4 kaikenlainen ymp\u00e4rist\u00f6nk\u00e4yt\u00f6n suunnittelu on yhteis\u00f6llisen p\u00e4\u00e4t\u00f6ksenteon kohteena. Siksi julkiset viranomaiset kontrolloivat valvonta- ja lupaj\u00e4rjestelm\u00e4ll\u00e4 rakentamista ja muuta ymp\u00e4rist\u00f6nk\u00e4ytt\u00f6\u00e4. Maank\u00e4ytt\u00f6\u00e4 ja rakentamista koskeva lains\u00e4\u00e4d\u00e4nt\u00f6 s\u00e4\u00e4telee my\u00f6s erityyppiseen paikkasidonnaiseen taiteeseen liittyvi\u00e4 rakentamishankkeita. Maank\u00e4yt\u00f6n ja rakentamisen lupaj\u00e4rjestelm\u00e4n &hellip; <a href=\"https:\/\/www.painters.fi\/taiteenhankintamalli\/paikkasidonnainen-taide\/paikkaan-sidottua-taidetta-koskeva-lupajarjestelma\/\">Continue reading <span class=\"meta-nav\">&rarr;<\/span><\/a><\/p>\n","protected":false},"author":4,"featured_media":0,"parent":32,"menu_order":1,"comment_status":"closed","ping_status":"open","template":"","meta":{"footnotes":""},"class_list":["post-780","page","type-page","status-publish","hentry"],"_links":{"self":[{"href":"https:\/\/www.painters.fi\/taiteenhankintamalli\/wp-json\/wp\/v2\/pages\/780","targetHints":{"allow":["GET"]}}],"collection":[{"href":"https:\/\/www.painters.fi\/taiteenhankintamalli\/wp-json\/wp\/v2\/pages"}],"about":[{"href":"https:\/\/www.painters.fi\/taiteenhankintamalli\/wp-json\/wp\/v2\/types\/page"}],"author":[{"embeddable":true,"href":"https:\/\/www.painters.fi\/taiteenhankintamalli\/wp-json\/wp\/v2\/users\/4"}],"replies":[{"embeddable":true,"href":"https:\/\/www.painters.fi\/taiteenhankintamalli\/wp-json\/wp\/v2\/comments?post=780"}],"version-history":[{"count":5,"href":"https:\/\/www.painters.fi\/taiteenhankintamalli\/wp-json\/wp\/v2\/pages\/780\/revisions"}],"predecessor-version":[{"id":782,"href":"https:\/\/www.painters.fi\/taiteenhankintamalli\/wp-json\/wp\/v2\/pages\/780\/revisions\/782"}],"up":[{"embeddable":true,"href":"https:\/\/www.painters.fi\/taiteenhankintamalli\/wp-json\/wp\/v2\/pages\/32"}],"wp:attachment":[{"href":"https:\/\/www.painters.fi\/taiteenhankintamalli\/wp-json\/wp\/v2\/media?parent=780"}],"curies":[{"name":"wp","href":"https:\/\/api.w.org\/{rel}","templated":true}]}}