{"id":778,"date":"2012-12-20T12:46:56","date_gmt":"2012-12-20T10:46:56","guid":{"rendered":"http:\/\/www.painters.fi\/taiteenhankintamalli\/taide-ja-taiteilija-kaavoituksessa\/"},"modified":"2013-02-13T14:56:57","modified_gmt":"2013-02-13T12:56:57","slug":"taide-ja-taiteilija-kaavoituksessa","status":"publish","type":"page","link":"https:\/\/www.painters.fi\/taiteenhankintamalli\/taide-ja-taiteilija-kaavoituksessa\/","title":{"rendered":"Taide ja taiteilija kaavoituksessa"},"content":{"rendered":"<p>Kun taidetta ja taidehankintoja otetaan mukaan kaavoitukseen, pit\u00e4\u00e4 muistaa seuraavat seikat: aikaperspektiivi, osallistuminen, k\u00e4yt\u00e4nn\u00f6n toteuttaminen ja tulevaisuuden visio.<\/p>\n<h3>Aikaperspektiivi<\/h3>\n<p>Maakuntaliiton keskeisimpi\u00e4 teht\u00e4vi\u00e4 on laatia alueelleen maakuntakaava, jolla ilmaistaan maakunnan haluttu kehityssuunta tulevaisuudessa. Maakuntakaava on kaavahierarkian yleispiirteisin taso. Alemman tason kaavat, kuten yleis- ja asemakaavat, laatii kunta.<\/p>\n<p>Maakuntakaava laaditaan n. 30 vuoden aikaperspektiivill\u00e4, ja t\u00e4ll\u00e4 hetkell\u00e4 laadittavan maakuntakaavan tarkoitus on ennakoida tilannetta maakunnassa noin vuonna 2040.\u00a0Kaavaprosessi on jatkuvasti uudistuva keh\u00e4; kaavan ajan tasalla pit\u00e4minen on yht\u00e4lailla lakis\u00e4\u00e4teinen velvoite kuin kaavan laatiminen. Kun kaava on hallintoprosessissa lausunnolla, n\u00e4ht\u00e4vill\u00e4 ja hyv\u00e4ksytt\u00e4v\u00e4n\u00e4, alkaa jo seuraavan maakuntakaavakierroksen valmistelu.<\/p>\n<p>Esimerkiksi Uudenmaan maakuntasuunnitelman 2033 maakuntavaltuusto hyv\u00e4ksyi joulukuussa 2009. Suunnitelman yleislinjat ovat kasvuhakuisuus ja ekologinen kest\u00e4vyys.<\/p>\n<p>Samalla tavalla yleiskaavaty\u00f6 on jatkuvaa ja jatkuvasti ajantasaistettavaa: tilanteet ja tavoitteet muuttuvat. Kaavoituksen l\u00e4ht\u00f6kohtana ovat v\u00e4est\u00f6ennusteet, ty\u00f6paikkaennusteet, erilaisten rakennemuutosten seurausten ennakointi, erilaiset erityisselvitykset ja niiden tuoman uuden tiedon huomioon ottaminen.<\/p>\n<p>Yleiskaava laaditaan esimerkiksi Helsingiss\u00e4 noin kymmenen vuoden v\u00e4lein. Yleiskaavaa voidaan t\u00e4ydent\u00e4\u00e4 tai muuttaa suppeammalle alueelle laadittavalla osayleiskaavalla. Helsingin nykyinen yleiskaava (Yleiskaava 2002) tuli voimaan vuonna 2007 lukuun ottamatta Malmin lentokent\u00e4n aluetta.\u00a0Helsingin uuden yleiskaavan laadinta aloitettiin syksyll\u00e4 2012.<br \/>\n<a href=\"http:\/\/www.hel.fi\/hki\/ksv\/fi\/Kaavoitus\" target=\"_blank\">&gt;&gt; www.hel.fi\/hki\/ksv\/fi\/Kaavoitus<\/a><br \/>\n<a href=\"http:\/\/www.yleiskaava.fi\" target=\"_blank\">&gt;&gt; www.yleiskaava.fi<\/a><\/p>\n<p>Asemakaavan aikaperspektiivi on lyhyempi, sill\u00e4 asemakaava t\u00e4ht\u00e4\u00e4 rakentamiseen ja toteuttamiseen. Hyv\u00e4ksytty asemakaava on aina rakentamisen edellytys muilla kuin haja-asutusalueilla. Mutta asemaakaavakin voidaan todeta vanhentuneeksi ja laatia uusi asemakaava tai asemakaavamuutos.<\/p>\n<p>Maank\u00e4ytt\u00f6- ja rakennuslaki edellytt\u00e4\u00e4, ett\u00e4 kaupunki tai kunta tiedottaa kaavan vireillepanosta ja laatii osallistumis- ja arviointisuunnitelman kaavaty\u00f6n alkuvaiheissa. \u00a0Kaavoitusprosessia kuvaa esimerkiksi kuva 7.4\u00a0 teoksessa Jauhiainen-Niemenmaa: Alueellinen suunnittelu. Tampere 2006. S. 254<\/p>\n<p><a href=\"https:\/\/www.painters.fi\/taiteenhankintamalli\/wp-content\/uploads\/2012\/12\/kaavio_kaavoitusprosessi.jpg\"><img loading=\"lazy\" decoding=\"async\" class=\"alignnone size-large wp-image-1238\" title=\"kaavio_kaavoitusprosessi\" src=\"https:\/\/www.painters.fi\/taiteenhankintamalli\/wp-content\/uploads\/2012\/12\/kaavio_kaavoitusprosessi-779x1024.jpg\" alt=\"\" width=\"620\" height=\"814\" srcset=\"https:\/\/www.painters.fi\/taiteenhankintamalli\/wp-content\/uploads\/2012\/12\/kaavio_kaavoitusprosessi-779x1024.jpg 779w, https:\/\/www.painters.fi\/taiteenhankintamalli\/wp-content\/uploads\/2012\/12\/kaavio_kaavoitusprosessi-228x300.jpg 228w, https:\/\/www.painters.fi\/taiteenhankintamalli\/wp-content\/uploads\/2012\/12\/kaavio_kaavoitusprosessi.jpg 1578w\" sizes=\"auto, (max-width: 620px) 100vw, 620px\" \/><\/a><\/p>\n<h3>Osallistuminen kaavoitusprosessiin<\/h3>\n<p>Maank\u00e4ytt\u00f6- ja rakennuslaki edellytt\u00e4\u00e4 kaikilla tasoilla asukkaiden ja muiden alueella toimivien ryhmien kuulemista ja mukaan ottamista suunnitteluprosessiin.<\/p>\n<p>Maakuntakaavaty\u00f6n yhteydess\u00e4 laaditaan osallistumissuunnitelma, jossa on m\u00e4\u00e4ritelty tahot, joiden kanssa ollaan yhteisty\u00f6ss\u00e4. Ymp\u00e4rist\u00f6hallinnon ohjeiden mukaan \u201d<em>Tavoitteena on my\u00f6s turvata jokaisen osallistumismahdollisuus asioiden valmisteluun, suunnittelun laatu ja vuorovaikutteisuus, asiantuntemuksen monipuolisuus sek\u00e4 avoin tiedottaminen k\u00e4sitelt\u00e4vin\u00e4 olevissa asioissa<\/em>\u201d<br \/>\n(<a href=\"http:\/\/www.ymparisto.fi\/default.asp?contentid=382673&amp;lan=FI\" target=\"_blank\">&gt;&gt; Ymp\u00e4rist\u00f6ministeri\u00f6\/Opas 8 Osallistuminen ja vaikutusten arviointi maakuntakaavoituksessa<\/a>)<\/p>\n<p>Maakuntatasolla alueellinen taidetoimikunta, l\u00e4\u00e4nintaiteilija, paikalliset taiteilijaseurat ja aluetaidemuseot tulisi ottaa mukaan kaavoitusprosessiin.<\/p>\n<p>Varsinais-Suomen maakuntaliiton ty\u00f6skentelyss\u00e4 ja arkkitehtuuripoliittisen ohjelman laatimisessa osana maakuntastrategiaa Varsinais-Suomen taidetoimikunnalla ja sen Taideaaltohankkeella on ollut suuri osuus tavoitteiden asettamisessa, prosenttiperiaatteen tunnetuksi tekemisess\u00e4 ja sen mukaan ottamisessa tavoitteiden toteuttamiseen.<\/p>\n<p>Maank\u00e4yt\u00f6n suunnittelu ja kaavoitus on hyvin monenlaisten intressien yhteensovittamista. Yleis- ja asemakaavoja laadittaessa kaavoituksen osapuolia ovat kaavoittaja ja eri hallintokunnat (suunnittelu), lautakunta, kunnanhallitus, kunnanvaltuusto (p\u00e4\u00e4t\u00f6ksenteko), maanomistajat, asukkaat ja muut alueen k\u00e4ytt\u00e4j\u00e4t, j\u00e4rjest\u00f6t ja yhdistykset, yritykset, kunnan j\u00e4senet (osalliset), muut kunnat, seutuyhteisty\u00f6elimet, maakunnan liitto, valtion viranomaiset, alueellinen ymp\u00e4rist\u00f6keskus.<\/p>\n<p>Osallinen on m\u00e4\u00e4ritelty maank\u00e4ytt\u00f6- ja rakennuslaissa. Osallisia ovat maanomistajien lis\u00e4ksi kaikki ne, joiden asumiseen, ty\u00f6ntekoon tai muihin oloihin kaava saattaa huomattavasti vaikuttaa. Viranomaiset ja yhteis\u00f6t ovat osallisia silloin, kun suunnittelu koskee niiden toimialaa. Osallistumismahdollisuuksien j\u00e4rjest\u00e4minen on kunnan teht\u00e4v\u00e4. Kunnan toimia osallistumisen aikaansaamiseksi kutsutaan my\u00f6s osallistamiseksi.Osallistuminen on kunnan j\u00e4rjest\u00e4mien osallistumismahdollisuuksien hy\u00f6dynt\u00e4mist\u00e4, ja se voi olla my\u00f6s omaehtoista.<\/p>\n<p>Vuorovaikutus on kaavoituksen eri toimijoiden \u2013 kaavoittajan, osallisten, kunnan p\u00e4\u00e4t\u00f6ksentekij\u00f6iden ja alueellisen ymp\u00e4rist\u00f6keskuksen \u2013 v\u00e4list\u00e4 tiedonvaihtoa, vuoropuhelua ja yhteisty\u00f6t\u00e4. Vaikuttaminen on ennen muuta vaikuttamista kaavan sis\u00e4lt\u00f6\u00f6n. Kaava syntyy erilaisten tavoitteiden yhteensovittamisen ja valintojen tuloksena. Siksi yksitt\u00e4isen osallistujan vaikutusta on yleens\u00e4 vaikea erottaa kokonaisuudesta.<br \/>\n<a href=\"http:\/\/www.ymparisto.fi\/default.asp?contentid=224191\" target=\"_blank\">&gt;&gt; Ymp\u00e4rist\u00f6ministeri\u00f6\/OH1_2007 Osallistuminen yleis- ja asemakaavoituksessa<\/a><\/p>\n<p>Yksitt\u00e4isen taiteilijan mahdollisuudet vaikuttaa kaavojen sis\u00e4lt\u00f6\u00f6n ovat rajalliset, mutta t\u00e4ss\u00e4kin paikalliset taiteilijayhdistykset, alueelliset taidetoimikunnat ja aluetaidemuseot voivat toimia kaavoitusprosessissa taiteen asiantuntijoina ja olla mukana suunnittelussa.<\/p>\n<h3>K\u00e4yt\u00e4nn\u00f6n toteuttaminen\/Tulevaisuuden visio<\/h3>\n<p>Viitisenkymment\u00e4 vuotta sitten tuskin yhdess\u00e4k\u00e4\u00e4n asema- tai yleiskaavassa oli mukana rakennussuojelumerkint\u00e4\u00e4 tai kulttuurihistoriallisesti merkitt\u00e4vi\u00e4 alueita ja kohteita. T\u00e4ll\u00e4 hetkell\u00e4 rakennussuojelu toteutuu Suomessa p\u00e4\u00e4osin asemakaavoituksen kautta ja kaikilla kaavatasoilla on olemassa olevat hyv\u00e4ksytyt viralliset suojelumerkinn\u00e4t.<\/p>\n<p>Voi ajatella, ett\u00e4 ty\u00f6 taiteen ja prosenttiperiaatteen mukaan ottamiseksi maank\u00e4yt\u00f6n suunnittelussa ja\u00a0 kaavoituksessa alkoi Arabianrannan kaavoitusprosessista 1990-luvun alussa. T\u00e4m\u00e4 ty\u00f6 voi johtaa tilanteeseen, jossa taide on itsest\u00e4\u00e4n selv\u00e4n\u00e4 mukana kaavoituksen ja maank\u00e4yt\u00f6n suunnittelun sek\u00e4 rakentamisen kaikilla tasoilla ja kaikissa muodoissa.<\/p>\n<h3>Prosenttiperiaate<\/h3>\n<p>Prosenttiperiaate tulisi ottaa mukaan kaikkiin maakuntakaavatason suunnitelmiin ja arkkitehtuuripoliittisiin ohjelmiin, joita laaditaan ja hyv\u00e4ksyt\u00e4\u00e4n eri kaupunkeihin.<\/p>\n<p>Kaikilla kaavoitustasoilla kaavaty\u00f6h\u00f6n liittyy aluerajauksin, piirrosmerkinn\u00f6in ja kaavam\u00e4\u00e4r\u00e4yksin m\u00e4\u00e4ritelty maank\u00e4ytt\u00f6\u00e4 ohjaava kaavakartta. Kaavakarttaan liittyy aina my\u00f6s selostus, johon sis\u00e4ltyy tavoitteiden ja niiden toteuttamiseksi tarvittavien toimenpiteiden m\u00e4\u00e4rittely.<\/p>\n<p>Maakuntakaavaan kirjattu tavoite ja prosenttiperiaate sen toteuttamisen keinona ovat toteutuneet muun muassa Varsinais-Suomen sairaanhoitopiirin toteuttamassa T-sairaalahankkeessa, jonka toteutukseen kuuluu olennaisena osana taidehankinnat ja n\u00e4iden hankintojen koordinointi.<\/p>\n<p>KS. N\u00c4M\u00c4 LINKIT<\/p>\n<p><a href=\"http:\/\/www.vsshp.fi\/fi\/tiedotteet2005\/11974\/\" target=\"_blank\">&gt;&gt; Taide osaksi sairaalan arkea TYKSin T-sairaalassa<\/a><br \/>\n<a href=\"http:\/\/www.tyks.fi\/fi\/taide-sairaalassa\/42570\/\" target=\"_blank\">&gt;&gt; T-sairaalan taidehankinnat<\/a><br \/>\n<a href=\"http:\/\/www.taike.fi\/documents\/11580\/137239\/Varsinais-Suomen+arkkitehtuuripoliittinen+ohjelma.pdf\" target=\"_blank\">&gt;&gt; Varsinais-Suomen arkkitehtuuripoliittinen ohjelma<\/a><br \/>\n<a href=\"http:\/\/www.artists.fi\/edunvalvonta\/prosenttiperiaate\" target=\"_blank\">&gt;&gt; Mik\u00e4 on prosenttiperiaate??<\/a><br \/>\n<a href=\"http:\/\/www.e-julkaisu.fi\/vstaide\/prosenttiesite\/\" target=\"_blank\">&gt;&gt; Prosenttiperiaate<\/a><\/p>\n<p>Kuntatasolla esimerkkin\u00e4 voi mainita Kuopion kaupungin, jonka arkkitehtuuripoliittiseen ohjelmaan on hyv\u00e4ksytty maininta prosenttiperiaatteesta.<\/p>\n<p><em>\u201dArkkitehtuuri ja kaupunkirakennustaide ovat osa taidetta ja kulttuuria. Parhaimmillaan taide on erottamaton osa arkkitehtuuria. Taide nostaa kiinteist\u00f6n arvoa ja sill\u00e4 voidaan saavuttaa kaupunkirakennustaiteellisia tavoitteita. Kuopion kaupunginhallitus on tehnyt 5.1.2004 prosenttiperiaatep\u00e4\u00e4t\u00f6ksen sijoittaa taiteelliseen ty\u00f6h\u00f6n 0,5\u20131,5 % peruskorjaus- ja uudisrakennusten hankinta-arvosta. T\u00e4m\u00e4 p\u00e4\u00e4t\u00f6ksen toteuttaminen on esimerkkin\u00e4 ja suosituksena my\u00f6s muille rakennuttajille. Saaristokaupunkiin on laadittu taiteen ja kulttuurin yleissuunnitelma, Taiteen kaava, joka ohjaa alueen rakentamista ja kehitysty\u00f6t\u00e4. Se luo pohjan Saaristogalleria-hankkeelle, joka sis\u00e4lt\u00e4\u00e4 eri taiteenlajien, arkkitehtuurin, maisema arkkitehtuurin ja muotoilun yhteisty\u00f6projekteja. Se lis\u00e4\u00e4 kuopiolaisten vaikuttamismahdollisuuksia omaan ymp\u00e4rist\u00f6\u00f6ns\u00e4 ja tuottaa taide- ja ymp\u00e4rist\u00f6kasvatusta lapsille ja nuorille.<\/em><\/p>\n<p><em>TOIMENPITEET<\/em><\/p>\n<p><em>13) Edistet\u00e4\u00e4n muiden taiteenalojen yhdist\u00e4mist\u00e4 arkkitehtuuriin ja kaupunkirakennustaiteeseen laajentamalla \u2018prosentti taiteelle\u2018 \u2013periaatetta koskemaan kaikkea kaupungin rakentamista ja kannustetaan muita rakennuttajia periaatteen k\u00e4ytt\u00f6\u00f6n (taidemuseo, tilakeskus ja muut rakennuttajat, kunnallistekninen osasto).<\/em><\/p>\n<p><em>14) Otetaan \u2018prosentti taiteelle\u2018 -hankkeissa taiteilijat mukaan jo suunnittelun alusta asti (taidemuseo, tilakeskus ja muut rakennuttajat, kunnallistekninen osasto).<\/em><\/p>\n<p><em>15) Toteutetaan Taiteen kaavan pohjalta taiteen ja kulttuurin projekteja Saaristokaupunkiin (asuntotoimi ja projektit, Saaristogalleria\u2013hankeorganisaatio, kaavoitusosasto, kunnallistekninen osasto, prosenttitaidety\u00f6ryhm\u00e4, taidemuseo, rakennuttajat).\u201d<\/em><br \/>\n(<a href=\"http:\/\/www.kuopio.fi\/c\/document_library\/get_file?uuid=75e438da-6712-4165-8802-f037a61bf9c9&amp;groupId=12111\" target=\"_blank\">&gt;&gt; APOLI KUOPIO, kohta 1.8 Arkkitehtuuri osana taide- ja kulttuuriel\u00e4m\u00e4\u00e4<\/a>\u00a0)<br \/>\n<a href=\"http:\/\/www.kuopio.fi\/web\/kaavoitus\" target=\"_blank\">&gt;&gt; www.kuopio.fi\/web\/kaavoitus<\/a>\u00a0 julkaisuja\/arkkitehtuuripoliittinen ohjelma<\/p>\n<h3>Taidehankkeet maank\u00e4yt\u00f6n suunnittelussa<\/h3>\n<p>Prosenttiperiaate ei v\u00e4ltt\u00e4m\u00e4tt\u00e4 tarkoita sit\u00e4, ett\u00e4 kaikilla kaava-alueilla ja kaikissa hankkeissa on taidetta mukana prosentin verran rakennuskustannuksista.<\/p>\n<p>Maakuntatasolla ja yleiskaavoissa, miksei jopa valtakunnan tasolla, voidaan m\u00e4\u00e4ritell\u00e4 alueet ja paikat, joilla taide ja taiteilijat ovat mukana toteutuksessa, ja toteuttaa prosenttiperiaatetta kohdennetusti \u2013 samaan tapaan kuin rakennussuojelu toteutetaan.<\/p>\n<p>Rakentamisella korjataan jo vaurioituneita alueita, joiden aiempi k\u00e4ytt\u00f6 on loppunut ja alue on j\u00e4\u00e4nyt jonkinlaiseksi odotusalueeksi, ei kenenk\u00e4\u00e4n maaksi. \u00a0Taide, taiteilijat ja taidehankkeet ovat luoneet erityisen lis\u00e4arvon jo useissa t\u00e4llaisissa uusiok\u00e4ytt\u00f6hankkeissa.<\/p>\n<p>Esimerkkein\u00e4 k\u00e4yt\u00f6st\u00e4 poistuneista teollisuusalueista ovat Arabianranta Helsingiss\u00e4 (ent. Arabian posliinitehtaan alue) ja Penttil\u00e4nranta Joensuussa (palanut saha-alue). Esimerkkej\u00e4 k\u00e4yt\u00f6st\u00e4 poistuneen infrastruktuurin alueista ovat Baana Helsingiss\u00e4 (kantakaupungin halkova teollisuusratakuilu, joka on muutettu kevyen liikenteen v\u00e4yl\u00e4ksi) tai New Yorkin Manhattanilla oleva entinen teollisuusrata, josta on tehty taidepuisto.<br \/>\n<a href=\"http:\/\/www.arabianranta.fi\/\" target=\"_blank\">&gt;&gt; Arabianranta, Helsinki<\/a><br \/>\n<a href=\"http:\/\/www.jns.fi\/Resource.phx\/sivut\/sivut-penttilanranta\/index.htx\" target=\"_blank\">&gt;&gt; Penttil\u00e4nranta, Joensuu<\/a><br \/>\n<a href=\"http:\/\/www.finlandiapuisto.fi\/pages\/fi\/puistoa-rakennetaan\/ratakuilu.php\" target=\"_blank\">&gt;&gt; Baana, Helsinki<\/a><br \/>\n<a href=\"http:\/\/www.thehighline.org\/\" target=\"_blank\">&gt;&gt; The High Line, New York<\/a><\/p>\n<p><a href=\"https:\/\/www.painters.fi\/taiteenhankintamalli\/wp-content\/uploads\/2012\/12\/newyork1.jpg\"><img loading=\"lazy\" decoding=\"async\" class=\"alignnone size-full wp-image-1344\" title=\"El Anatsui: &quot;Broken Bridge II&quot; installaatio puristetusta ja kierr\u00e4tetyst\u00e4 pellist\u00e4 ja peileist\u00e4 New Yorkiin High Line:lle, 2012. Kuva: Jorma Kivist\u00f6\" src=\"https:\/\/www.painters.fi\/taiteenhankintamalli\/wp-content\/uploads\/2012\/12\/newyork1.jpg\" alt=\"\" width=\"600\" height=\"450\" srcset=\"https:\/\/www.painters.fi\/taiteenhankintamalli\/wp-content\/uploads\/2012\/12\/newyork1.jpg 600w, https:\/\/www.painters.fi\/taiteenhankintamalli\/wp-content\/uploads\/2012\/12\/newyork1-300x225.jpg 300w\" sizes=\"auto, (max-width: 600px) 100vw, 600px\" \/><\/a><\/p>\n<p>&nbsp;<\/p>\n<p><a href=\"https:\/\/www.painters.fi\/taiteenhankintamalli\/wp-content\/uploads\/2012\/12\/newyork32.jpg\"><img loading=\"lazy\" decoding=\"async\" class=\"alignnone size-large wp-image-1350\" title=\"Kyltti El Anatsuin toteuttamasta installaatiosta High Line:lle New Yorkiin, 2012. Kuva: Jorma Kivist\u00f6\" src=\"https:\/\/www.painters.fi\/taiteenhankintamalli\/wp-content\/uploads\/2012\/12\/newyork32-904x1024.jpg\" alt=\"\" width=\"473\" height=\"536\" srcset=\"https:\/\/www.painters.fi\/taiteenhankintamalli\/wp-content\/uploads\/2012\/12\/newyork32-904x1024.jpg 904w, https:\/\/www.painters.fi\/taiteenhankintamalli\/wp-content\/uploads\/2012\/12\/newyork32-264x300.jpg 264w, https:\/\/www.painters.fi\/taiteenhankintamalli\/wp-content\/uploads\/2012\/12\/newyork32.jpg 1391w\" sizes=\"auto, (max-width: 473px) 100vw, 473px\" \/><\/a><\/p>\n<p>Vuores Tampereella ja Leinel\u00e4 Vantaalla ovat alueita, joissa taidesuunnitelma ja sen toteuttaminen liittyy identiteetin luomiseen uusille asuinalueille, jotka on suunniteltu mets\u00e4\u00e4n aiemmin rakentamattomille alueille.<br \/>\n<a href=\"http:\/\/www.tampere.fi\/vuores.html\" target=\"_blank\">&gt;&gt; Vuores, Tampere<\/a><br \/>\n<a href=\"http:\/\/leinela.fi\/\" target=\"_blank\">&gt;&gt; Leinel\u00e4, Vantaa<\/a><\/p>\n<p>Taidehankkeiden liittymist\u00e4 kaavoitusprosessiin on esitetty kaavioina esimerkiksi Laura Uimosen v\u00e4it\u00f6skirjassa \u201dTaidetta suunnitteluun\u201d kuvissa 3.6, 3.7 ja 3.8. <a title=\"Laura Uimonen, Taidetta suunnitteluun \" href=\"https:\/\/www.taik.fi\/kirjakauppa\/images\/359879121f387ede3ba0573adf5c516e.pdf\" target=\"_blank\">&gt;&gt; Laura Uimonen, Taidetta suunnitteluun (.pdf)<\/a><\/p>\n<p><a href=\"https:\/\/www.painters.fi\/taiteenhankintamalli\/wp-content\/uploads\/2012\/12\/kaavio_kaupunkisuunnittelun_prosessi.jpg\"><img loading=\"lazy\" decoding=\"async\" class=\"alignnone size-large wp-image-1239\" title=\"kaavio_kaupunkisuunnittelun_prosessi\" src=\"https:\/\/www.painters.fi\/taiteenhankintamalli\/wp-content\/uploads\/2012\/12\/kaavio_kaupunkisuunnittelun_prosessi-970x1024.jpg\" alt=\"\" width=\"620\" height=\"654\" srcset=\"https:\/\/www.painters.fi\/taiteenhankintamalli\/wp-content\/uploads\/2012\/12\/kaavio_kaupunkisuunnittelun_prosessi-970x1024.jpg 970w, https:\/\/www.painters.fi\/taiteenhankintamalli\/wp-content\/uploads\/2012\/12\/kaavio_kaupunkisuunnittelun_prosessi-284x300.jpg 284w, https:\/\/www.painters.fi\/taiteenhankintamalli\/wp-content\/uploads\/2012\/12\/kaavio_kaupunkisuunnittelun_prosessi.jpg 1617w\" sizes=\"auto, (max-width: 620px) 100vw, 620px\" \/><\/a><\/p>\n<p><a href=\"https:\/\/www.painters.fi\/taiteenhankintamalli\/wp-content\/uploads\/2012\/12\/kaavio_kaupunkisuunnittelun_prosessi2.jpg\"><img loading=\"lazy\" decoding=\"async\" class=\"alignnone size-large wp-image-1240\" title=\"kaavio_kaupunkisuunnittelun_prosessi2\" src=\"https:\/\/www.painters.fi\/taiteenhankintamalli\/wp-content\/uploads\/2012\/12\/kaavio_kaupunkisuunnittelun_prosessi2-1024x959.jpg\" alt=\"\" width=\"620\" height=\"580\" srcset=\"https:\/\/www.painters.fi\/taiteenhankintamalli\/wp-content\/uploads\/2012\/12\/kaavio_kaupunkisuunnittelun_prosessi2-1024x959.jpg 1024w, https:\/\/www.painters.fi\/taiteenhankintamalli\/wp-content\/uploads\/2012\/12\/kaavio_kaupunkisuunnittelun_prosessi2-300x281.jpg 300w, https:\/\/www.painters.fi\/taiteenhankintamalli\/wp-content\/uploads\/2012\/12\/kaavio_kaupunkisuunnittelun_prosessi2.jpg 1558w\" sizes=\"auto, (max-width: 620px) 100vw, 620px\" \/><\/a><\/p>\n<p><a href=\"https:\/\/www.painters.fi\/taiteenhankintamalli\/wp-content\/uploads\/2012\/12\/kaavio_kaupunkisuunnittelun_prosessi3.jpg\"><img loading=\"lazy\" decoding=\"async\" class=\"alignnone size-large wp-image-1241\" title=\"kaavio_kaupunkisuunnittelun_prosessi3\" src=\"https:\/\/www.painters.fi\/taiteenhankintamalli\/wp-content\/uploads\/2012\/12\/kaavio_kaupunkisuunnittelun_prosessi3-1024x1008.jpg\" alt=\"\" width=\"620\" height=\"610\" srcset=\"https:\/\/www.painters.fi\/taiteenhankintamalli\/wp-content\/uploads\/2012\/12\/kaavio_kaupunkisuunnittelun_prosessi3-1024x1008.jpg 1024w, https:\/\/www.painters.fi\/taiteenhankintamalli\/wp-content\/uploads\/2012\/12\/kaavio_kaupunkisuunnittelun_prosessi3-300x295.jpg 300w, https:\/\/www.painters.fi\/taiteenhankintamalli\/wp-content\/uploads\/2012\/12\/kaavio_kaupunkisuunnittelun_prosessi3.jpg 1604w\" sizes=\"auto, (max-width: 620px) 100vw, 620px\" \/><\/a><\/p>\n<p>&nbsp;<\/p>\n<p>Esimerkkin\u00e4 valtakunnan tasoisesta hankkeesta on Ruotsissa tehty suunnitelma Kiirunan kaupunkiin. Kaupungin alla olevien malmivarojen hy\u00f6dynt\u00e4minen johtaa siihen, ett\u00e4 tulevaisuudessa valtava alue kaupunkia muuttuu kokonaan, osa kaupungin asuintaloista, kaupungintalo ja muita julkisia rakennuksia joudutaan purkamaan, ja paikalle j\u00e4\u00e4 avoin rakentamaton alue. Alueen k\u00e4yt\u00f6n ideointiin ja suunnitteluun on osallistunut kaupungin ja kaivoksen lis\u00e4ksi Statens Konstr\u00e5d ja muita valtiollisia laitoksia. J\u00e4rjestettiin suunnittelukilpailu, jossa taiteilijat ja taiteilijoiden panos olivat mukana, ja alueelle on nyt tulossa puisto, jossa on hy\u00f6dynnetty purettujen rakennusten j\u00e4\u00e4nteit\u00e4\u00a0 ja mm. l\u00e4hes kilometrin pituinen valoveistos.<\/p>\n<p><em>\u201cGruvstadparken \u00e4r ben\u00e4mningen p\u00e5 den zon som ligger i gr\u00e4nsomr\u00e5det mellan Kiruna stad och gruvan i Kirunavaara, som inneh\u00e5ller en av v\u00e4rldens st\u00f6rsta sammanh\u00e4ngande kroppar av j\u00e4rnmalm. Gruvverksamhetens underjordsbrytning av j\u00e4rnmalm orsakar r\u00f6relser och s\u00e4ttningar i marken, s.k. mark-deformation.\u00a0Det omr\u00e5de av staden som idag ligger n\u00e4rmast gruvan, med bland annat\u00a0bostadsomr\u00e5det Ullspiran och flera symbolbyggnader av h\u00f6gt kulturhistoriskt v\u00e4rde som Kiruna stadshus, Bolagshotellet, Bl\u00e4ckhornen och Hjalmar Lundbohmsg\u00e5rden, kommer redan inom n\u00e5got \u00e5r att p\u00e5verkas och successivt att rivas och flyttas. Utmaningen \u00e4r att d\u00e4refter med varsamhet och kreativitet arbeta med att omvandla omr\u00e5det till en attraktiv, inspirerande och funktionell parkmilj\u00f6 f\u00f6r Kirunaborna och alla som bes\u00f6ker staden.\u201d<\/em><em><\/em><br \/>\n(<a href=\"http:\/\/www.statenskonstrad.se\/se\/Menu\/Samarbeta\/Samverkan-om-gestaltning-av-offentliga-miljoer\/Gruvstadsparken-Kiruna-kommun\" target=\"_blank\">&gt;&gt; www.statenskonstrad.se\/se\/Menu\/Samarbeta\/Samverkan-om-gestaltning-av-offentliga-miljoer\/Gruvstadsparken-Kiruna-kommun<\/a>)<\/p>\n<p>Yleis- ja asemakaavoissa, miksei my\u00f6s maakuntakaavoissa ja valtakunnallisissa suunnitelmissa, voidaan osoittaa sellaiset yhdyskuntarakenteen ja elinkeinojen, esim matkailun, kannalta t\u00e4rke\u00e4t jo vaurioituneet alueet, joiden kunnostamisessa tai ennalleen saattamisessa voidaan hy\u00f6dynt\u00e4\u00e4 taiteilijoiden ja arkkitehtien yhteisty\u00f6n\u00e4 syntyneit\u00e4 ideoita.<\/p>\n<p>Maa-ainesten ottamislupiin liittyviin alueen palauttamishankkeisiin voi samalla tavalla edellytt\u00e4\u00e4 paikan luonteesta, sijainnista ja merkityksest\u00e4 riippuen ymp\u00e4rist\u00f6taiteen keinoin jotain luovaa ja erityist\u00e4.<\/p>\n\n","protected":false},"excerpt":{"rendered":"<p>Kun taidetta ja taidehankintoja otetaan mukaan kaavoitukseen, pit\u00e4\u00e4 muistaa seuraavat seikat: aikaperspektiivi, osallistuminen, k\u00e4yt\u00e4nn\u00f6n toteuttaminen ja tulevaisuuden visio. Aikaperspektiivi Maakuntaliiton keskeisimpi\u00e4 teht\u00e4vi\u00e4 on laatia alueelleen maakuntakaava, jolla ilmaistaan maakunnan haluttu kehityssuunta tulevaisuudessa. Maakuntakaava on kaavahierarkian yleispiirteisin taso. Alemman tason kaavat, &hellip; <a href=\"https:\/\/www.painters.fi\/taiteenhankintamalli\/taide-ja-taiteilija-kaavoituksessa\/\">Continue reading <span class=\"meta-nav\">&rarr;<\/span><\/a><\/p>\n","protected":false},"author":4,"featured_media":0,"parent":0,"menu_order":3,"comment_status":"closed","ping_status":"open","template":"","meta":{"footnotes":""},"class_list":["post-778","page","type-page","status-publish","hentry"],"_links":{"self":[{"href":"https:\/\/www.painters.fi\/taiteenhankintamalli\/wp-json\/wp\/v2\/pages\/778","targetHints":{"allow":["GET"]}}],"collection":[{"href":"https:\/\/www.painters.fi\/taiteenhankintamalli\/wp-json\/wp\/v2\/pages"}],"about":[{"href":"https:\/\/www.painters.fi\/taiteenhankintamalli\/wp-json\/wp\/v2\/types\/page"}],"author":[{"embeddable":true,"href":"https:\/\/www.painters.fi\/taiteenhankintamalli\/wp-json\/wp\/v2\/users\/4"}],"replies":[{"embeddable":true,"href":"https:\/\/www.painters.fi\/taiteenhankintamalli\/wp-json\/wp\/v2\/comments?post=778"}],"version-history":[{"count":29,"href":"https:\/\/www.painters.fi\/taiteenhankintamalli\/wp-json\/wp\/v2\/pages\/778\/revisions"}],"predecessor-version":[{"id":1171,"href":"https:\/\/www.painters.fi\/taiteenhankintamalli\/wp-json\/wp\/v2\/pages\/778\/revisions\/1171"}],"wp:attachment":[{"href":"https:\/\/www.painters.fi\/taiteenhankintamalli\/wp-json\/wp\/v2\/media?parent=778"}],"curies":[{"name":"wp","href":"https:\/\/api.w.org\/{rel}","templated":true}]}}