{"id":74,"date":"2012-11-13T14:05:26","date_gmt":"2012-11-13T12:05:26","guid":{"rendered":"http:\/\/www.painters.fi\/taiteenhankintamalli\/?page_id=74"},"modified":"2013-02-08T11:30:07","modified_gmt":"2013-02-08T09:30:07","slug":"esimerkkeja-taideprojekteista","status":"publish","type":"page","link":"https:\/\/www.painters.fi\/taiteenhankintamalli\/esimerkkeja-taideprojekteista\/","title":{"rendered":"Esimerkkej\u00e4 taideprojekteista"},"content":{"rendered":"<p>T\u00e4h\u00e4n osioon on koottu esimerkkej\u00e4 toteutuneista taidehankkeista, jotka ovat liittyneet rakennushankkeisiin. Kuvaukset on tehty erilaisista n\u00e4k\u00f6kulmista. Niiss\u00e4 k\u00e4sitell\u00e4\u00e4n esimerkiksi poikkitaiteellisia hankkeita, projektin k\u00e4yt\u00e4nn\u00f6n etenemist\u00e4, yhteisty\u00f6t\u00e4 eri tahojen v\u00e4lill\u00e4, hankkeen etenemist\u00e4 ja ideointia, rahoitusta ja asukkaiden vaikutusmahdollisuuksia.<\/p>\n<p>Esimerkit ker\u00e4ttiin l\u00e4hett\u00e4m\u00e4ll\u00e4 Taidemaalariliiton j\u00e4senille s\u00e4hk\u00f6posti, jossa kysyttiin, ovatko he olleet mukana taidehankkeissa, jotka ovat olleet osana rakennus- tai maank\u00e4ytt\u00f6hanketta. Viestiss\u00e4 oli linkki kyselyyn, johon toivottiin vastauksia edell\u00e4 mainittuihin hankkeisiin osallistuneilta. Kyselyss\u00e4 kysyttiin perustietoja hankkeesta, kuten taiteilijasta, hankkeen nimest\u00e4, sijainnista, tilaajasta, rakennuttajasta, arkkitehdista, aikataulusta ja hankkeen etenemisest\u00e4. Lis\u00e4ksi kysyttiin, mahdollisuutta haastatella kyselyyn vastannutta henkil\u00f6\u00e4. Haastateltavat valikoituivat s\u00e4hk\u00f6postin ja kyselyn tuloksena.<\/p>\n<p>Kuvausten ja sivuston\u00a0 tarkoituksena on lis\u00e4t\u00e4 tietoa siit\u00e4, mit\u00e4 taiteilijan tulisi tiet\u00e4\u00e4 ja ottaa huomioon yhteisty\u00f6ss\u00e4 rakentamisen- tai sosiaali- ja terveyspuolen asiantuntijoiden kanssa, mit\u00e4 taiteilijoilta edellytet\u00e4\u00e4n ja miten toisaalta taiteilija voi varmistaa oman taiteellisen ty\u00f6ns\u00e4 tekemisen edellytykset. Pyrimme tuomaan monipuolisesti esiin miten eri taiteenalat voivat olla mukana rakennushankkeissa, ja keskitt\u00e4m\u00e4\u00e4n tietoa vuorovaikutuksen edist\u00e4miseksi.<\/p>\n<p>&nbsp;<\/p>\n","protected":false},"excerpt":{"rendered":"<p>T\u00e4h\u00e4n osioon on koottu esimerkkej\u00e4 toteutuneista taidehankkeista, jotka ovat liittyneet rakennushankkeisiin. Kuvaukset on tehty erilaisista n\u00e4k\u00f6kulmista. Niiss\u00e4 k\u00e4sitell\u00e4\u00e4n esimerkiksi poikkitaiteellisia hankkeita, projektin k\u00e4yt\u00e4nn\u00f6n etenemist\u00e4, yhteisty\u00f6t\u00e4 eri tahojen v\u00e4lill\u00e4, hankkeen etenemist\u00e4 ja ideointia, rahoitusta ja asukkaiden vaikutusmahdollisuuksia. Esimerkit ker\u00e4ttiin l\u00e4hett\u00e4m\u00e4ll\u00e4 Taidemaalariliiton &hellip; <a href=\"https:\/\/www.painters.fi\/taiteenhankintamalli\/esimerkkeja-taideprojekteista\/\">Continue reading <span class=\"meta-nav\">&rarr;<\/span><\/a><\/p>\n","protected":false},"author":4,"featured_media":0,"parent":0,"menu_order":12,"comment_status":"closed","ping_status":"closed","template":"","meta":{"footnotes":""},"class_list":["post-74","page","type-page","status-publish","hentry"],"_links":{"self":[{"href":"https:\/\/www.painters.fi\/taiteenhankintamalli\/wp-json\/wp\/v2\/pages\/74","targetHints":{"allow":["GET"]}}],"collection":[{"href":"https:\/\/www.painters.fi\/taiteenhankintamalli\/wp-json\/wp\/v2\/pages"}],"about":[{"href":"https:\/\/www.painters.fi\/taiteenhankintamalli\/wp-json\/wp\/v2\/types\/page"}],"author":[{"embeddable":true,"href":"https:\/\/www.painters.fi\/taiteenhankintamalli\/wp-json\/wp\/v2\/users\/4"}],"replies":[{"embeddable":true,"href":"https:\/\/www.painters.fi\/taiteenhankintamalli\/wp-json\/wp\/v2\/comments?post=74"}],"version-history":[{"count":26,"href":"https:\/\/www.painters.fi\/taiteenhankintamalli\/wp-json\/wp\/v2\/pages\/74\/revisions"}],"predecessor-version":[{"id":138,"href":"https:\/\/www.painters.fi\/taiteenhankintamalli\/wp-json\/wp\/v2\/pages\/74\/revisions\/138"}],"wp:attachment":[{"href":"https:\/\/www.painters.fi\/taiteenhankintamalli\/wp-json\/wp\/v2\/media?parent=74"}],"curies":[{"name":"wp","href":"https:\/\/api.w.org\/{rel}","templated":true}]}}