{"id":510,"date":"2012-12-13T13:30:25","date_gmt":"2012-12-13T11:30:25","guid":{"rendered":"http:\/\/www.painters.fi\/taiteenhankintamalli\/?page_id=510"},"modified":"2012-12-20T17:44:36","modified_gmt":"2012-12-20T15:44:36","slug":"sivukartta","status":"publish","type":"page","link":"https:\/\/www.painters.fi\/taiteenhankintamalli\/sivukartta\/","title":{"rendered":"Sivukartta"},"content":{"rendered":"<div class=\"toc_sitemap\"><h3 class=\"toc_sitemap_pages\">Pages<\/h3><ul class=\"toc_sitemap_pages_list\"><li class=\"page_item page-item-17\"><a href=\"https:\/\/www.painters.fi\/taiteenhankintamalli\/\">Etusivu<\/a><\/li>\n<li class=\"page_item page-item-23\"><a href=\"https:\/\/www.painters.fi\/taiteenhankintamalli\/kuvataide-strategisena-ja-alueellisena-tekijana\/\">Kuvataide strategisena ja alueellisena tekij\u00e4n\u00e4<\/a><\/li>\n<li class=\"page_item page-item-778\"><a href=\"https:\/\/www.painters.fi\/taiteenhankintamalli\/taide-ja-taiteilija-kaavoituksessa\/\">Taide ja taiteilija kaavoituksessa<\/a><\/li>\n<li class=\"page_item page-item-25\"><a href=\"https:\/\/www.painters.fi\/taiteenhankintamalli\/prosenttiperiaate\/\">Prosenttiperiaate<\/a><\/li>\n<li class=\"page_item page-item-30\"><a href=\"https:\/\/www.painters.fi\/taiteenhankintamalli\/valmiin-teoksen-hankinta\/\">Valmiin teoksen hankinta<\/a><\/li>\n<li class=\"page_item page-item-32 page_item_has_children\"><a href=\"https:\/\/www.painters.fi\/taiteenhankintamalli\/paikkasidonnainen-taide\/\">Paikkasidonnainen taide<\/a>\n<ul class='children'>\n\t<li class=\"page_item page-item-780\"><a href=\"https:\/\/www.painters.fi\/taiteenhankintamalli\/paikkasidonnainen-taide\/paikkaan-sidottua-taidetta-koskeva-lupajarjestelma\/\">Paikkaan sidottua taidetta koskeva lupaj\u00e4rjestelm\u00e4<\/a><\/li>\n<\/ul>\n<\/li>\n<li class=\"page_item page-item-34 page_item_has_children\"><a href=\"https:\/\/www.painters.fi\/taiteenhankintamalli\/taidehankinta-rakennushankkeessa-%e2%88%92-taiteenhankintamalli\/\">Taidehankinta rakennushankkeessa \u2212 taiteenhankintamalli<\/a>\n<ul class='children'>\n\t<li class=\"page_item page-item-36\"><a href=\"https:\/\/www.painters.fi\/taiteenhankintamalli\/taidehankinta-rakennushankkeessa-%e2%88%92-taiteenhankintamalli\/1-aloite\/\">1 Aloite<\/a><\/li>\n\t<li class=\"page_item page-item-38\"><a href=\"https:\/\/www.painters.fi\/taiteenhankintamalli\/taidehankinta-rakennushankkeessa-%e2%88%92-taiteenhankintamalli\/2-valmistelu\/\">2 Valmistelu<\/a><\/li>\n\t<li class=\"page_item page-item-40\"><a href=\"https:\/\/www.painters.fi\/taiteenhankintamalli\/taidehankinta-rakennushankkeessa-%e2%88%92-taiteenhankintamalli\/3-suunnittelu\/\">3 Suunnittelu<\/a><\/li>\n\t<li class=\"page_item page-item-42\"><a href=\"https:\/\/www.painters.fi\/taiteenhankintamalli\/taidehankinta-rakennushankkeessa-%e2%88%92-taiteenhankintamalli\/4-toteutuksen-valmistelu\/\">4 Toteutuksen valmistelu<\/a><\/li>\n\t<li class=\"page_item page-item-44\"><a href=\"https:\/\/www.painters.fi\/taiteenhankintamalli\/taidehankinta-rakennushankkeessa-%e2%88%92-taiteenhankintamalli\/5-taideteoksen-toteutus\/\">5 Taideteoksen toteutus<\/a><\/li>\n\t<li class=\"page_item page-item-46\"><a href=\"https:\/\/www.painters.fi\/taiteenhankintamalli\/taidehankinta-rakennushankkeessa-%e2%88%92-taiteenhankintamalli\/6-elinkaari-taideteoksen-myohemmat-vaiheet\/\">6 Elinkaari &#8211; taideteoksen my\u00f6hemm\u00e4t vaiheet<\/a><\/li>\n\t<li class=\"page_item page-item-48\"><a href=\"https:\/\/www.painters.fi\/taiteenhankintamalli\/taidehankinta-rakennushankkeessa-%e2%88%92-taiteenhankintamalli\/rakennushankkeen-kulku\/\">Rakennushankkeen kulku<\/a><\/li>\n<\/ul>\n<\/li>\n<li class=\"page_item page-item-50\"><a href=\"https:\/\/www.painters.fi\/taiteenhankintamalli\/taideteoksen-tilaamisen-kaytannot\/\">Taideteoksen tilaamisen k\u00e4yt\u00e4nn\u00f6t<\/a><\/li>\n<li class=\"page_item page-item-826 page_item_has_children\"><a href=\"https:\/\/www.painters.fi\/taiteenhankintamalli\/kuvataiteen-hankkiminen-ja-hankintalaki\/\">Kuvataiteen hankkiminen ja hankintalaki<\/a>\n<ul class='children'>\n\t<li class=\"page_item page-item-1182\"><a href=\"https:\/\/www.painters.fi\/taiteenhankintamalli\/kuvataiteen-hankkiminen-ja-hankintalaki\/hankintalain-tavoitteet\/\">Hankintalain tavoitteet<\/a><\/li>\n\t<li class=\"page_item page-item-1183\"><a href=\"https:\/\/www.painters.fi\/taiteenhankintamalli\/kuvataiteen-hankkiminen-ja-hankintalaki\/kilpailuttamisvelvoite\/\">Kilpailuttamisvelvoite<\/a><\/li>\n\t<li class=\"page_item page-item-1184\"><a href=\"https:\/\/www.painters.fi\/taiteenhankintamalli\/kuvataiteen-hankkiminen-ja-hankintalaki\/hankintayksikko\/\">Hankintayksikk\u00f6<\/a><\/li>\n\t<li class=\"page_item page-item-1185\"><a href=\"https:\/\/www.painters.fi\/taiteenhankintamalli\/kuvataiteen-hankkiminen-ja-hankintalaki\/hankinnan-arvon-laskeminen\/\">Hankinnan arvon laskeminen<\/a><\/li>\n\t<li class=\"page_item page-item-1186\"><a href=\"https:\/\/www.painters.fi\/taiteenhankintamalli\/kuvataiteen-hankkiminen-ja-hankintalaki\/eu-kynnysarvot\/\">EU-kynnysarvot<\/a><\/li>\n\t<li class=\"page_item page-item-1187\"><a href=\"https:\/\/www.painters.fi\/taiteenhankintamalli\/kuvataiteen-hankkiminen-ja-hankintalaki\/hankintamenettelyt\/\">Hankintamenettelyt<\/a><\/li>\n\t<li class=\"page_item page-item-1188\"><a href=\"https:\/\/www.painters.fi\/taiteenhankintamalli\/kuvataiteen-hankkiminen-ja-hankintalaki\/suorahankinnan-kayttaminen\/\">Suorahankinnan k\u00e4ytt\u00e4minen<\/a><\/li>\n\t<li class=\"page_item page-item-1189\"><a href=\"https:\/\/www.painters.fi\/taiteenhankintamalli\/kuvataiteen-hankkiminen-ja-hankintalaki\/hankintaoikaisu\/\">Hankintaoikaisu<\/a><\/li>\n<\/ul>\n<\/li>\n<li class=\"page_item page-item-74 page_item_has_children\"><a href=\"https:\/\/www.painters.fi\/taiteenhankintamalli\/esimerkkeja-taideprojekteista\/\">Esimerkkej\u00e4 taideprojekteista<\/a>\n<ul class='children'>\n\t<li class=\"page_item page-item-81\"><a href=\"https:\/\/www.painters.fi\/taiteenhankintamalli\/esimerkkeja-taideprojekteista\/adamsson-erika-paattisten-monitoimitalo\/\">Adamsson Erika<\/a><\/li>\n\t<li class=\"page_item page-item-101\"><a href=\"https:\/\/www.painters.fi\/taiteenhankintamalli\/esimerkkeja-taideprojekteista\/arba-ja-salonen\/\">Arba-ryhm\u00e4<\/a><\/li>\n\t<li class=\"page_item page-item-83\"><a href=\"https:\/\/www.painters.fi\/taiteenhankintamalli\/esimerkkeja-taideprojekteista\/baumgartner-stig\/\">Baumgartner Stig<\/a><\/li>\n\t<li class=\"page_item page-item-136\"><a href=\"https:\/\/www.painters.fi\/taiteenhankintamalli\/esimerkkeja-taideprojekteista\/ferm-ulrika\/\">Ferm Ulrika<\/a><\/li>\n\t<li class=\"page_item page-item-87\"><a href=\"https:\/\/www.painters.fi\/taiteenhankintamalli\/esimerkkeja-taideprojekteista\/granlund-viva\/\">Granlund Viva<\/a><\/li>\n\t<li class=\"page_item page-item-125\"><a href=\"https:\/\/www.painters.fi\/taiteenhankintamalli\/esimerkkeja-taideprojekteista\/gregory-mary\/\">Gregory Mary<\/a><\/li>\n\t<li class=\"page_item page-item-483\"><a href=\"https:\/\/www.painters.fi\/taiteenhankintamalli\/esimerkkeja-taideprojekteista\/hakkola-eija\/\">Hakkola Eija<\/a><\/li>\n\t<li class=\"page_item page-item-485\"><a href=\"https:\/\/www.painters.fi\/taiteenhankintamalli\/esimerkkeja-taideprojekteista\/heino-timo\/\">Heino Timo<\/a><\/li>\n\t<li class=\"page_item page-item-91\"><a href=\"https:\/\/www.painters.fi\/taiteenhankintamalli\/esimerkkeja-taideprojekteista\/immonen-kati\/\">Immonen Kati<\/a><\/li>\n\t<li class=\"page_item page-item-134\"><a href=\"https:\/\/www.painters.fi\/taiteenhankintamalli\/esimerkkeja-taideprojekteista\/lappalainen-minna-maija\/\">Lappalainen Minna Maija<\/a><\/li>\n\t<li class=\"page_item page-item-95\"><a href=\"https:\/\/www.painters.fi\/taiteenhankintamalli\/esimerkkeja-taideprojekteista\/makkonen-inkeri\/\">Makkonen Inkeri<\/a><\/li>\n\t<li class=\"page_item page-item-131\"><a href=\"https:\/\/www.painters.fi\/taiteenhankintamalli\/esimerkkeja-taideprojekteista\/maunu-paivi\/\">Maunu P\u00e4ivi<\/a><\/li>\n\t<li class=\"page_item page-item-97\"><a href=\"https:\/\/www.painters.fi\/taiteenhankintamalli\/esimerkkeja-taideprojekteista\/mughal-maria\/\">Mughal Maria<\/a><\/li>\n\t<li class=\"page_item page-item-487\"><a href=\"https:\/\/www.painters.fi\/taiteenhankintamalli\/esimerkkeja-taideprojekteista\/maattanen-valkama-ritva\/\">M\u00e4\u00e4tt\u00e4nen-Valkama Ritva<\/a><\/li>\n\t<li class=\"page_item page-item-129\"><a href=\"https:\/\/www.painters.fi\/taiteenhankintamalli\/esimerkkeja-taideprojekteista\/nurmikko-reima-tuittila-satu\/\">Nurmikko Reima, Tuittila Satu<\/a><\/li>\n\t<li class=\"page_item page-item-127\"><a href=\"https:\/\/www.painters.fi\/taiteenhankintamalli\/esimerkkeja-taideprojekteista\/pesonen-eeva\/\">Pesonen Eeva<\/a><\/li>\n\t<li class=\"page_item page-item-489\"><a href=\"https:\/\/www.painters.fi\/taiteenhankintamalli\/esimerkkeja-taideprojekteista\/retulainen-anna\/\">Retulainen Anna<\/a><\/li>\n\t<li class=\"page_item page-item-99\"><a href=\"https:\/\/www.painters.fi\/taiteenhankintamalli\/esimerkkeja-taideprojekteista\/ruotsalainen-anitta\/\">Ruotsalainen Anitta<\/a><\/li>\n\t<li class=\"page_item page-item-103\"><a href=\"https:\/\/www.painters.fi\/taiteenhankintamalli\/esimerkkeja-taideprojekteista\/hellsten-schutt-siltanen-vaittinen\/\">Hellsten, Sch\u00fctt, Siltanen, Vaittinen<\/a><\/li>\n\t<li class=\"page_item page-item-105\"><a href=\"https:\/\/www.painters.fi\/taiteenhankintamalli\/esimerkkeja-taideprojekteista\/siltanen-janne\/\">Siltanen Janne<\/a><\/li>\n\t<li class=\"page_item page-item-123\"><a href=\"https:\/\/www.painters.fi\/taiteenhankintamalli\/esimerkkeja-taideprojekteista\/stenberg-taneli\/\">Stenberg Taneli<\/a><\/li>\n\t<li class=\"page_item page-item-107\"><a href=\"https:\/\/www.painters.fi\/taiteenhankintamalli\/esimerkkeja-taideprojekteista\/soini-kaisa\/\">Soini Kaisa<\/a><\/li>\n\t<li class=\"page_item page-item-109\"><a href=\"https:\/\/www.painters.fi\/taiteenhankintamalli\/esimerkkeja-taideprojekteista\/tella-tarja\/\">Tella Tarja<\/a><\/li>\n\t<li class=\"page_item page-item-111\"><a href=\"https:\/\/www.painters.fi\/taiteenhankintamalli\/esimerkkeja-taideprojekteista\/tukiainen-katja\/\">Tukiainen Katja<\/a><\/li>\n\t<li class=\"page_item page-item-93\"><a href=\"https:\/\/www.painters.fi\/taiteenhankintamalli\/esimerkkeja-taideprojekteista\/tuokko-kirsti\/\">Tuokko Kirsti<\/a><\/li>\n\t<li class=\"page_item page-item-113\"><a href=\"https:\/\/www.painters.fi\/taiteenhankintamalli\/esimerkkeja-taideprojekteista\/uggla-hanna-ja-marita-harkio\/\">Uggla Hanna ja Marita Harkio<\/a><\/li>\n\t<li class=\"page_item page-item-115\"><a href=\"https:\/\/www.painters.fi\/taiteenhankintamalli\/esimerkkeja-taideprojekteista\/vainio-tiina-ja-minna-maija-lappalainen\/\">Vainio Tiina ja Minna Maija Lappalainen<\/a><\/li>\n\t<li class=\"page_item page-item-117\"><a href=\"https:\/\/www.painters.fi\/taiteenhankintamalli\/esimerkkeja-taideprojekteista\/valkeapaa-tiina\/\">Valkeap\u00e4\u00e4 Tiina<\/a><\/li>\n\t<li class=\"page_item page-item-1032\"><a href=\"https:\/\/www.painters.fi\/taiteenhankintamalli\/esimerkkeja-taideprojekteista\/mika-vesalahti\/\">Vesalahti Mika<\/a><\/li>\n\t<li class=\"page_item page-item-119\"><a href=\"https:\/\/www.painters.fi\/taiteenhankintamalli\/esimerkkeja-taideprojekteista\/vikman-ulla-maija\/\">Vikman Ulla-Maija<\/a><\/li>\n\t<li class=\"page_item page-item-121\"><a href=\"https:\/\/www.painters.fi\/taiteenhankintamalli\/esimerkkeja-taideprojekteista\/wilkman-sofia\/\">Wilkman Sofia<\/a><\/li>\n\t<li class=\"page_item page-item-1413\"><a href=\"https:\/\/www.painters.fi\/taiteenhankintamalli\/esimerkkeja-taideprojekteista\/aberg-magdalena\/\">\u00c5berg Magdalena<\/a><\/li>\n<\/ul>\n<\/li>\n<li class=\"page_item page-item-538\"><a href=\"https:\/\/www.painters.fi\/taiteenhankintamalli\/sanastoa\/\">Sanastoa<\/a><\/li>\n<li class=\"page_item page-item-510\"><a href=\"https:\/\/www.painters.fi\/taiteenhankintamalli\/sivukartta\/\">Sivukartta<\/a><\/li>\n<li class=\"page_item page-item-1441\"><a href=\"https:\/\/www.painters.fi\/taiteenhankintamalli\/tapahtumat-ja-koulutukset\/\">Tapahtumat ja koulutukset<\/a><\/li>\n<\/ul><\/div>\n","protected":false},"excerpt":{"rendered":"","protected":false},"author":4,"featured_media":0,"parent":0,"menu_order":16,"comment_status":"closed","ping_status":"closed","template":"","meta":{"footnotes":""},"class_list":["post-510","page","type-page","status-publish","hentry"],"_links":{"self":[{"href":"https:\/\/www.painters.fi\/taiteenhankintamalli\/wp-json\/wp\/v2\/pages\/510","targetHints":{"allow":["GET"]}}],"collection":[{"href":"https:\/\/www.painters.fi\/taiteenhankintamalli\/wp-json\/wp\/v2\/pages"}],"about":[{"href":"https:\/\/www.painters.fi\/taiteenhankintamalli\/wp-json\/wp\/v2\/types\/page"}],"author":[{"embeddable":true,"href":"https:\/\/www.painters.fi\/taiteenhankintamalli\/wp-json\/wp\/v2\/users\/4"}],"replies":[{"embeddable":true,"href":"https:\/\/www.painters.fi\/taiteenhankintamalli\/wp-json\/wp\/v2\/comments?post=510"}],"version-history":[{"count":8,"href":"https:\/\/www.painters.fi\/taiteenhankintamalli\/wp-json\/wp\/v2\/pages\/510\/revisions"}],"predecessor-version":[{"id":825,"href":"https:\/\/www.painters.fi\/taiteenhankintamalli\/wp-json\/wp\/v2\/pages\/510\/revisions\/825"}],"wp:attachment":[{"href":"https:\/\/www.painters.fi\/taiteenhankintamalli\/wp-json\/wp\/v2\/media?parent=510"}],"curies":[{"name":"wp","href":"https:\/\/api.w.org\/{rel}","templated":true}]}}