{"id":50,"date":"2012-09-13T13:36:48","date_gmt":"2012-09-13T10:36:48","guid":{"rendered":"http:\/\/www.painters.fi\/taiteenhankintamalli\/?page_id=50"},"modified":"2013-02-13T15:27:26","modified_gmt":"2013-02-13T13:27:26","slug":"taideteoksen-tilaamisen-kaytannot","status":"publish","type":"page","link":"https:\/\/www.painters.fi\/taiteenhankintamalli\/taideteoksen-tilaamisen-kaytannot\/","title":{"rendered":"Taideteoksen tilaamisen k\u00e4yt\u00e4nn\u00f6t"},"content":{"rendered":"<p>Ohjeissa paneudutaan fyysisen taideteoksen tilaamiseen. Jos tilataan esimerkiksi suunnittelupalvelua, tulevat konsulttitoiminnan sopimusehdot sovellettaviksi. Tiedot ovat yleist\u00e4 informaatiota, eiv\u00e4tk\u00e4 ole sellaisenaan sovellettavissa erityistilanteisiin tai -ongelmiin. Kirjoittaja ei ota oikeudellista vastuuta ohjeiden k\u00e4yt\u00e4nn\u00f6n soveltamisesta. K\u00e4yt\u00e4nn\u00f6ss\u00e4 kannattaa k\u00e4\u00e4nty\u00e4 asiantuntijan puoleen, joka arvioi kyseisen erityistilanteen.<\/p>\n<p><img loading=\"lazy\" decoding=\"async\" title=\"Merja Heino: &quot;Sein\u00e4maalaus&quot;, 2003. Teos yksityisn\u00e4yttelyss\u00e4 Kulttuurikeskus Poleenissa Pieksam\u00e4ell\u00e4 2006. Teos taiteilijan kokoelmissa.\" src=\"http:\/\/www.art360.fi\/taiteen-hankintamalli\/wp-content\/uploads\/2011\/08\/MerjaHeino-600x459.jpg\" alt=\"\" width=\"600\" height=\"459\" \/><\/p>\n<h3><strong>1 Tilausty\u00f6ntekij\u00e4n oikeudellinen status\u00a0<\/strong><\/h3>\n<p>Kun suunnitellaan taideteoksen tilaamista kuvataiteilijalta, kannattaa ensimm\u00e4iseksi pohtia, miss\u00e4 asemassa taiteilija tulee olemaan tilaajaan. Ty\u00f6oikeuden n\u00e4k\u00f6kulmasta ty\u00f6t\u00e4 voidaan ansiotarkoituksessa tehd\u00e4 kahdella eri statuksella: ty\u00f6suhteessa tai omaan lukuun teht\u00e4v\u00e4n\u00e4 ty\u00f6n\u00e4. T\u00e4m\u00e4 status vaikuttaa moniin sopimuksen yksityiskohtiin, tekij\u00e4noikeuksiin ja erityisesti budjetointiin.<\/p>\n<p>Vain joissakin poikkeustapauksissa kuvataiteen teoksia tehd\u00e4\u00e4n ty\u00f6suhteessa. Yleens\u00e4 taideteosta tilattaessa lopputulos on t\u00e4rkein, jolloin taiteilija valmistaa teoksen ilman ty\u00f6suhdetta, ns. omana ty\u00f6n\u00e4. Ty\u00f6suhteen keskeinen tunnusmerkki, ty\u00f6nantajan johto- ja valvontaoikeus, on monesti ristiriidassa luovan taiteellisen ty\u00f6n kanssa. Ty\u00f6nantaja ei yleens\u00e4 voi ohjata kuvataiteilijan luovaa panosta.<\/p>\n<p>Tilausty\u00f6n tai taideteoksen tilaaminen itsen\u00e4iselt\u00e4 kuvataiteilijalta ns. omana ty\u00f6n\u00e4, ty\u00f6suorituksena (verottajan k\u00e4ytt\u00e4m\u00e4 termi), vapaana taiteilijana tai ty\u00f6suorituksena on yleinen k\u00e4yt\u00e4nt\u00f6. T\u00e4t\u00e4 ty\u00f6t\u00e4 voidaan kutsua my\u00f6s yritt\u00e4j\u00e4n ty\u00f6ksi, itsens\u00e4 ty\u00f6llist\u00e4miseksi, ammatinharjoittamiseksi, freelance-toiminnaksi tai toimeksiantosuhteeksi.<\/p>\n<h3>1.1 Ty\u00f6suhde vai ty\u00f6korvaus<\/h3>\n<p>Rajanveto ty\u00f6suhteisen ty\u00f6n ja itsen\u00e4isen, omaan lukuun teht\u00e4v\u00e4n, riippumattoman &#8220;yritt\u00e4j\u00e4n&#8221; ty\u00f6n v\u00e4lill\u00e4 on t\u00e4rke\u00e4, sill\u00e4 ty\u00f6sopimuslakia sovelletaan vain lain tarkoittamassa ty\u00f6suhteessa. Ty\u00f6suhteessa osapuolet solmivat ty\u00f6sopimuksen. Ty\u00f6sopimuslaissa m\u00e4\u00e4ritelty ty\u00f6sopimuksen k\u00e4site on pakottavaa oikeutta. T\u00e4m\u00e4 tarkoittaa sit\u00e4, ett\u00e4 jos ty\u00f6suhteelle ty\u00f6sopimuslaissa m\u00e4\u00e4r\u00e4tyt tunnusmerkit t\u00e4yttyv\u00e4t, on sopijapuolten sovellettava ty\u00f6sopimuslakia.<\/p>\n<p>Ty\u00f6sopimussuhteessa teht\u00e4v\u00e4lle ty\u00f6lle on tyypillist\u00e4, ett\u00e4 sit\u00e4 tehd\u00e4\u00e4n ansiotarkoituksessa. Ty\u00f6suhteen yksi tunnusmerkki on ty\u00f6ntekij\u00e4n oikeus ty\u00f6st\u00e4 maksettavaan palkkaan tai muuhun vastikkeeseen. K\u00e4yt\u00e4nn\u00f6ss\u00e4 t\u00e4rkein ty\u00f6suhteen tunnusmerkki on ty\u00f6nantajan johto- ja valvontaoikeus. T\u00e4m\u00e4 ilmenee ty\u00f6ntekij\u00e4n ep\u00e4itsen\u00e4isen\u00e4 asemana ty\u00f6n teett\u00e4j\u00e4\u00e4n eli ty\u00f6nantajaan n\u00e4hden. T\u00e4m\u00e4 tarkoittaa muun muassa sit\u00e4, ett\u00e4 ty\u00f6nantajalla on viime k\u00e4dess\u00e4 p\u00e4\u00e4t\u00f6svalta ty\u00f6t\u00e4 koskevissa asioissa. Sill\u00e4 asialla, miss\u00e4 ty\u00f6t\u00e4 tehd\u00e4\u00e4n tai kenen ty\u00f6v\u00e4lineill\u00e4, ei ole ratkaisevaa merkityst\u00e4. Vaikka ty\u00f6t\u00e4 teht\u00e4isiin esimerkiksi ty\u00f6ntekij\u00e4n kotona tai ty\u00f6ntekij\u00e4n ty\u00f6v\u00e4lineill\u00e4, voi ty\u00f6ntekij\u00e4n asema olla ep\u00e4itsen\u00e4inen ja siten ty\u00f6suhteelle tyypillinen.<\/p>\n<p>Ty\u00f6suhteen ja oman ty\u00f6n v\u00e4lill\u00e4 on my\u00f6s ns. harmaa alue, jolloin ei ole yksiselitteist\u00e4 vastausta siihen, onko taiteilija ty\u00f6ntekij\u00e4n vai yritt\u00e4j\u00e4n asemassa. Harmaalla alueella liikutaan, kun tilataan esimerkiksi graafista suunnittelua taiteilijalta. Oikeusk\u00e4yt\u00e4nn\u00f6st\u00e4 l\u00f6ytyy ratkaisuja yksitt\u00e4istapauksiin.<\/p>\n<p>Omaan lukuun teht\u00e4v\u00e4ss\u00e4 ty\u00f6ss\u00e4 ty\u00f6n tekij\u00e4 yleens\u00e4 p\u00e4\u00e4tt\u00e4\u00e4 itse, miten, miss\u00e4 ja milloin ty\u00f6t\u00e4 tehd\u00e4\u00e4n. Sopimuskumppanin kannalta olennaista on ty\u00f6n lopputulos. Kun kuvataidetta hankitaan rakennettuun ymp\u00e4rist\u00f6\u00f6n, on tavallista, ett\u00e4 taiteilija toimii omaan lukuunsa. Keskeist\u00e4 sopimusosapuolille on syntyv\u00e4 lopputulos, eli valmistuva taideteos. Taiteilija voi p\u00e4\u00e4ty\u00e4 toivottuun lopputulokseen haluamallaan tavalla.<\/p>\n<p>Taiteilijan status vaikuttaa merkitt\u00e4v\u00e4sti siihen, millainen sopimus laaditaan, kuka on velvollinen el\u00e4kevakuuttamaan taiteilijan, miten verotuksen kanssa toimitaan jne.<\/p>\n<p><strong>\u2212 Tilausteoksen hankinta\/ty\u00f6korvaus: Taiteilija tekee ty\u00f6t\u00e4 omaan lukuunsa ja vastaa lopputuloksesta.<\/strong><br \/>\n<strong>\u2212 Ty\u00f6suhde\/palkka: Ty\u00f6t\u00e4 tehd\u00e4\u00e4n ty\u00f6nantajan johdon ja valvonnan alaisena, yleens\u00e4 ty\u00f6nantajan tiloissa ja ty\u00f6v\u00e4lineill\u00e4.<\/strong><\/p>\n<p><strong>\u00a0<\/strong><\/p>\n<p><img loading=\"lazy\" decoding=\"async\" title=\"Marianna Uutinen: Nude, 2005, akryyli kankaalle. Teos sijaitsee Kevan toimitalon sis\u00e4\u00e4ntuloaulassa Helsingiss\u00e4. Taiteilija valittiin kuvataidekilpailun kautta.\" src=\"http:\/\/www.art360.fi\/taiteen-hankintamalli\/wp-content\/uploads\/2011\/08\/MariannaUutinen-400x600.jpg\" alt=\"\" width=\"400\" height=\"600\" \/><\/p>\n<h3><strong>2 Tilausty\u00f6n budjetointi\u00a0<\/strong><\/h3>\n<p><strong>Esimerkkibudjetti:\u00a0<\/strong><\/p>\n<p><a href=\"https:\/\/www.painters.fi\/taiteenhankintamalli\/wp-content\/uploads\/2012\/09\/Esimerkkibudjetti.jpg\"><img loading=\"lazy\" decoding=\"async\" class=\"alignnone size-large wp-image-886\" title=\"Esimerkkibudjetti\" src=\"https:\/\/www.painters.fi\/taiteenhankintamalli\/wp-content\/uploads\/2012\/09\/Esimerkkibudjetti-907x1024.jpg\" alt=\"\" width=\"620\" height=\"699\" srcset=\"https:\/\/www.painters.fi\/taiteenhankintamalli\/wp-content\/uploads\/2012\/09\/Esimerkkibudjetti-907x1024.jpg 907w, https:\/\/www.painters.fi\/taiteenhankintamalli\/wp-content\/uploads\/2012\/09\/Esimerkkibudjetti-266x300.jpg 266w, https:\/\/www.painters.fi\/taiteenhankintamalli\/wp-content\/uploads\/2012\/09\/Esimerkkibudjetti.jpg 1268w\" sizes=\"auto, (max-width: 620px) 100vw, 620px\" \/><\/a><\/p>\n<h3><strong>2.1 Tilausty\u00f6n maksuerist\u00e4 sopiminen<\/strong><\/h3>\n<p>Tilausty\u00f6n maksuerien sopimista helpottaa laskelma, johon on merkitty projektin tulot ja menot esimerkiksi kuukausittain.<\/p>\n<p><a href=\"https:\/\/www.painters.fi\/taiteenhankintamalli\/wp-content\/uploads\/2012\/09\/Maksuerat.jpg\"><img loading=\"lazy\" decoding=\"async\" class=\"alignnone size-large wp-image-816\" title=\"Maksuer\u00e4t\" src=\"https:\/\/www.painters.fi\/taiteenhankintamalli\/wp-content\/uploads\/2012\/09\/Maksuerat-933x1024.jpg\" alt=\"\" width=\"620\" height=\"680\" srcset=\"https:\/\/www.painters.fi\/taiteenhankintamalli\/wp-content\/uploads\/2012\/09\/Maksuerat-933x1024.jpg 933w, https:\/\/www.painters.fi\/taiteenhankintamalli\/wp-content\/uploads\/2012\/09\/Maksuerat-273x300.jpg 273w, https:\/\/www.painters.fi\/taiteenhankintamalli\/wp-content\/uploads\/2012\/09\/Maksuerat.jpg 1270w\" sizes=\"auto, (max-width: 620px) 100vw, 620px\" \/><\/a><\/p>\n<h3>3 Verojen periminen luonnoksesta tai tilausmaksua maksettaessa<strong>\u00a0<\/strong><\/h3>\n<p><strong><\/strong>Tilausty\u00f6n tilaajan velvollisuus on huolehtia luonnoksen ja tilaushinnan oikeasta veron ennakonpid\u00e4tyksest\u00e4 ja mahdollisesti perityn veron tilitt\u00e4misest\u00e4 verottajalle. Luonnospalkkiota ja tilaushintaa kutsutaan verotuksessa ty\u00f6korvaukseksi ja tekij\u00e4noikeudellista korvausta k\u00e4ytt\u00f6korvaukseksi.<\/p>\n<h3>3.1 Veron ennakonperint\u00e4<\/h3>\n<p><strong>Ennakkoperint\u00e4rekisteriin kuuluminen vaikuttaa verojen ennakkoperint\u00e4\u00e4n. Ennakkoperint\u00e4rekisteriin merkitsemisen tarkoitus on osoittaa, ettei suorituksen maksajan eli tilaajan tarvitse tehd\u00e4 maksusta ennakonpid\u00e4tyst\u00e4, vaan rekisteriin merkitty taiteilija huolehtii ennakkoverojen maksamisesta itse. Jos maksettava suoritus sen sijaan on palkkaa, maksajan on aina toimitettava ennakonpid\u00e4tys, vaikka saaja kuuluisikin ennakkoperint\u00e4rekisteriin.<\/strong><\/p>\n<p>Verohallinto pit\u00e4\u00e4 yll\u00e4 ennakkoperint\u00e4rekisteri\u00e4. Taiteilija merkit\u00e4\u00e4n hakemuksesta ennakkoperint\u00e4rekisteriin, jos h\u00e4n harjoittaa elinkeinotoimintaa tai muuta tulonhankkimistoimintaa eik\u00e4 saatavia suorituksia ole pidett\u00e4v\u00e4 palkkana. Kun taiteilija on merkitty ennakkoperint\u00e4rekisteriin, tilaajan ei tarvitse toimittaa ennakonpid\u00e4tyst\u00e4 maksamastaan ty\u00f6korvauksesta tai k\u00e4ytt\u00f6korvauksesta. Tilaaja maksaa koko laskun summan taiteilijan tilille.<\/p>\n<p><strong>Kun taiteilijaa ei ole merkitty ennakkoperint\u00e4rekisteriin, tulee tilaajan tehd\u00e4 tilausty\u00f6n luonnospalkkioista ja muista maksamistaan palkkioista ennakonpid\u00e4tys.<\/strong>\u00a0Ennakonpid\u00e4tys tehd\u00e4\u00e4n\u00a0 laskuun liitetyn verokortin mukaisen veroprosentin mukaan. Taiteilijan kannattaa harkita freelancer-kortin hankkimista. Sen veroprosenttia m\u00e4\u00e4ritt\u00e4ess\u00e4 voidaan ottaa taiteellisen toiminnan menoja huomioon. Jos laskun mukana ei ole verokorttia, on ennakonpid\u00e4tys 60 %. Tilaaja tilitt\u00e4\u00e4 tehdyn ennakonpid\u00e4tyksen verottajalle ty\u00f6korvauksen verona. Jos taiteilija laskuttaa tekij\u00e4noikeudellista korvausta, tilitet\u00e4\u00e4n t\u00e4st\u00e4 peritty ennakonpid\u00e4tys k\u00e4ytt\u00f6korvauksen verona. Ennakonpid\u00e4tysvelvollisuuteen ei vaikuta se, maksetaanko korvaus esimerkiksi osakeyhti\u00f6lle vaiko henkil\u00f6lle. Yhteis\u00f6ilt\u00e4 (esim. osakeyhti\u00f6 tai osuuskunta) ja yhtymilt\u00e4 (esim. avoin yhti\u00f6 tai kommadiittiyhti\u00f6) ennakonpid\u00e4tys toimitetaan 13 %:n suuruisena. Ennakonpid\u00e4tys lasketaan arvonlis\u00e4verottomasta osuudesta.<\/p>\n<p>Ennakonpid\u00e4tysvelvollisuus ei koske tavaran kauppaa eik\u00e4 esimerkiksi vuokraustoimintaa.<\/p>\n<p><strong>Ty\u00f6korvauksessa ja k\u00e4ytt\u00f6korvauksessa ei ole kyse ty\u00f6suhteesta maksetusta palkasta, joten tilaajan ei tarvitse maksaa niist\u00e4 sosiaaliturvamaksua eik\u00e4 esimerkiksi ottaa taiteilijalle el\u00e4kevakuutusta. El\u00e4kevakuutuksesta on kuitenkin valtio- ja kuntasektorilla erityiss\u00e4\u00e4nn\u00f6ksi\u00e4, joihin tilaajan on syyt\u00e4 perehty\u00e4.\u00a0<\/strong><\/p>\n<h3><strong>3.2 Arvonlis\u00e4verotus<\/strong><\/h3>\n<p>Arvonlis\u00e4vero on yleinen kulutusvero \u2013 se kohdistuu l\u00e4hes kaikkeen tavaroiden ja palvelujen myyntiin. Arvonlis\u00e4verovelvollisia ovat yleens\u00e4 tavaroita ja palveluja myyv\u00e4t elinkeinonharjoittajat. Rakentamispalvelujen k\u00e4\u00e4nnetyn verovelvollisuuden soveltuessa verovelvollisia ovat ostajat.<\/p>\n<p>Arvonlis\u00e4verotuksen verokanta eli sovellettava arvonlis\u00e4veroprosentti vaihtelee sen mukaan, mit\u00e4 myyd\u00e4\u00e4n ja kuka on myyj\u00e4n\u00e4. Myyntiin voidaan soveltaa normaalia verokantaa (23 % vuonna 2011), alennettua verokantaa (9 %\u00a0 tai 13 % vuonna 2011) tai nollaverokantaa (myynti on verotonta). Jos taiteilija ei ole lainkaan arvonlis\u00e4verotuksen piiriss\u00e4, kutsutaan toimintaa v\u00e4h\u00e4iseksi liiketoiminnaksi.<\/p>\n<p>Kun taiteilija myy tekemi\u00e4\u00e4n, arvonlis\u00e4verolain tarkoittamia taide-esineit\u00e4, sovelletaan alennettua verokantaa (9 % vuonna 2011). Taide-esineell\u00e4 tarkoitetaan arvonlis\u00e4verotuksessa seuraavia taideteoksia:<\/p>\n<ul>\n<li>taiteilijan kokonaan k\u00e4sin tekem\u00e4t taulut, kollaasit, maalaukset, piirustukset ja pastellit.<\/li>\n<li>alkuper\u00e4iskaiverrukset, -painokset ja -litografiat, joilla tarkoitetaan taiteilijan kokonaan k\u00e4sin valmistamasta yhdest\u00e4 tai useammasta laatasta suoraan saatuja mustavalkoisia tai v\u00e4rillisi\u00e4 vedoksia, riippumatta h\u00e4nen k\u00e4ytt\u00e4m\u00e4st\u00e4\u00e4n aineesta tai menetelm\u00e4st\u00e4, jollei se ole ollut mekaaninen tai fotomekaaninen;<\/li>\n<li>alkuper\u00e4isveistokset ja -patsaat mist\u00e4 tahansa aineesta, edellytt\u00e4en, ett\u00e4 ne ovat kokonaan taiteilijan luomia; taiteilijan tai h\u00e4nen oikeudenomistajiensa valvonnassa valmistamat\u00a0 j\u00e4ljenn\u00f6kset enint\u00e4\u00e4n kahdeksan kappaleen m\u00e4\u00e4r\u00e4\u00e4n.\u00a0Massatuotantona valmistettuja j\u00e4ljenn\u00f6ksi\u00e4 sek\u00e4 tavanomaisia kauppatavaran luontoisia k\u00e4sity\u00f6tuotteita ei pidet\u00e4 taide-esinein\u00e4;<\/li>\n<li>k\u00e4sin kudotut kuvakudokset ja k\u00e4sin tehdyt sein\u00e4vaatteet ja niist\u00e4 k\u00e4sin taiteilijan alkuper\u00e4isluonnosten mukaan tehdyt j\u00e4ljenn\u00f6kset, enint\u00e4\u00e4n kahdeksan j\u00e4ljenn\u00f6st\u00e4 ty\u00f6t\u00e4 kohden;<\/li>\n<li>taiteilijan ottamat ja h\u00e4nen vedostamansa tai h\u00e4nen valvonnassaan vedostetut, signeeratut ja numeroidut valokuvat, joiden m\u00e4\u00e4r\u00e4 on rajoitettu kolmeenkymmeneen riippumatta koosta ja tukimateriaalista.\u00a0T\u00e4ll\u00e4 tarkoitetaan my\u00f6s taiteilijan valvonnassa otettuja valokuvia.<\/li>\n<\/ul>\n<p>Vain edell\u00e4 lueteltujen taide-esineiden myyntiin, yhteis\u00f6hankintaan ja maahantuontiin sovelletaan tietyiss\u00e4 tilanteissa alennettua (9 % vuonna 2011) verokantaa. Muiden taideteosten kuin arvonlis\u00e4verolaissa m\u00e4\u00e4riteltyjen taide-esineiden myyntiin tai esimerkiksi suunnittelupalvelun myyntiin sovelletaan yleens\u00e4 lain yleisi\u00e4 s\u00e4\u00e4nn\u00f6ksi\u00e4 ja normaalia verokantaa (23 % lokakuussa 2011), kun taiteilija on arvonlis\u00e4verotuksen piiriss\u00e4.<\/p>\n<p>Taiteilija lis\u00e4\u00e4 arvonlis\u00e4veron laskuun ja perii sen teoksen tilaajalta eli ostajalta. Oikean verokannan k\u00e4ytt\u00e4minen laskutuksessa on nimenomaan taiteilijan intressiss\u00e4. Taiteilija voi etuk\u00e4teen hakea verottajalta ohjausta tai ennakkoratkaisun asiasta, jos haluaa varmistaa oikean verokannan.<\/p>\n<p>Jos taiteilijan liikevaihto on v\u00e4h\u00e4inen eli enint\u00e4\u00e4n 8 500 euroa vuodessa, h\u00e4n ei ole arvonlis\u00e4verovelvollinen. T\u00e4ll\u00f6in h\u00e4n merkitsee laskuun arvonlis\u00e4veron sijaan &#8220;v\u00e4h\u00e4inen liiketoiminta, ei arvonlis\u00e4veroa&#8221;. Halutessaan taiteilija voi hakeutua arvonlis\u00e4verovelvolliseksi, vaikka liikevaihto on alle 8 500 euroa.<\/p>\n<p>Lis\u00e4tietoa arvonlis\u00e4verotuksesta:\u00a0<a href=\"http:\/\/www.vero.fi\/fi-FI\" target=\"_blank\">&gt;&gt; www.vero.fi<\/a><\/p>\n<p>Taiteilijan saamat tekij\u00e4noikeudelliset korvaukset ovat joko arvonlis\u00e4verollisia (23 %) tai arvonlis\u00e4verottomia (0 %). Verollisiksi on s\u00e4\u00e4detty l\u00e4heisesti kaupalliseen toimintaan liittyv\u00e4 tekij\u00e4noikeuden luovutus, kuten valokuvien ja mainosteosten sek\u00e4 niiden julkaisuoikeuden tai muun tekij\u00e4noikeuden myynti sek\u00e4 erilaisten ohjelmien (tv-ohjelma, radio-ohjelma, video-ohjelma yms.) esitt\u00e4misoikeuden myynti.<\/p>\n<p>Lis\u00e4tietoa tekij\u00e4noikeuksista:\u00a0<a href=\"http:\/\/www.kuvastory.fi\/\" target=\"_blank\">&gt;&gt; Kuvasto ry<\/a><\/p>\n<h3><strong>3.3 K\u00e4\u00e4nnetty arvonlis\u00e4verovelvollisuus<\/strong><\/h3>\n<p>Joissakin tilanteissa voidaan joutua soveltamaan rakennusalan k\u00e4\u00e4nnetty\u00e4 arvonlis\u00e4verovelvollisuutta. Sit\u00e4 on sovellettava aina, kun molemmat seuraavista edellytyksist\u00e4 t\u00e4yttyv\u00e4t:<\/p>\n<p>1. Palvelu on rakentamispalvelua tai ty\u00f6voiman vuokrausta rakentamispalvelua varten.<\/p>\n<p>2. Ostaja on elinkeinonharjoittaja, joka toiminnassaan muutoin kuin satunnaisesti myy rakentamispalvelua tai vuokraa ty\u00f6voimaa rakentamispalvelua varten. Ostaja voi olla my\u00f6s ns. v\u00e4limies eli elinkeinonharjoittaja, joka myy edelleen kyseisen palvelun edell\u00e4 m\u00e4\u00e4ritellylle elinkeinonharjoittajalle.<\/p>\n<p>Esimerkiksi rakennusten ulko- ja sis\u00e4pintojen maalaus on rakentamispalvelua. Sen arvioiminen, onko kyse rakentamispalvelun myynnist\u00e4 vai arvonlis\u00e4verolain tarkoittaman taide-esineen myynnist\u00e4, voi joskus olla vaikeaa. Esimerkiksi rakennuksen sein\u00e4\u00e4n teht\u00e4v\u00e4 sein\u00e4maalaus saattaa rinnastua rakennusmaalaukseen, joka on rakentamispalvelun k\u00e4\u00e4nnetyn verovelvollisuuden piiriss\u00e4, kun yll\u00e4 mainitut ostajaa koskevat edellytykset t\u00e4yttyv\u00e4t. Toisaalta maalauksen myynti\u00e4 sein\u00e4lle asetettunakaan ei voi pit\u00e4\u00e4 rakentamispalveluna. Maalauksen myynti on joko yleisen verokannan (23 %) tai alennetun ( 9 %) verokannan mukainen, jos sit\u00e4 voi pit\u00e4\u00e4 arvonlis\u00e4verolain tarkoittamana taide-esineen\u00e4. Verottaja ohjeistaa, kumpaa verokantaa on k\u00e4ytett\u00e4v\u00e4.<\/p>\n<p>Tilaajan intressiss\u00e4 on saada lain mukainen lasku. Kun rakentamispalvelun myyntiin sovelletaan k\u00e4\u00e4nnetty\u00e4 verovelvollisuutta, myyj\u00e4n\u00e4 toimiva taiteilija antaa ostajalle laskun, joka sis\u00e4lt\u00e4\u00e4 yleiset laskumerkinn\u00e4t. Laskuun ei kuitenkaan merkit\u00e4 verokantaa eik\u00e4 veron m\u00e4\u00e4r\u00e4\u00e4. Laskussa tulee olla lis\u00e4ksi ostajan arvonlis\u00e4verotunniste (suomalaisella ostajalla Y-tunnus) ja tieto siit\u00e4, ett\u00e4 ostaja on veronmaksuvelvollinen. Laskuun merkit\u00e4\u00e4n joko ostajan verovelvollisuuden peruste taikka viittaus AVL 8 c \u00a7:\u00e4\u00e4n tai Euroopan yhteis\u00f6jen neuvoston direktiivin 2006\/112\/EY artiklaan 199.<\/p>\n<p>Edell\u00e4 oleva koskee Suomessa tapahtuvaa taideteoshankintaa Suomessa verovelvolliselta taiteilijalta. Kun taideteos tai sen osa tilataan ulkomaiselta taiteilijalta ulkomailta, on ennakonperint\u00e4\u00e4n ja arvonlis\u00e4verotukseen syyt\u00e4 hakea ohjeistusta verohallinnosta.<\/p>\n<h3>3.4 Ennakkoperint\u00e4rekisteriin ja arvonlis\u00e4verovelvollisten rekisteriin kuulumisen tarkistaminen<\/h3>\n<p>Seuraavista paikoista voi tiedustella, onko taiteilija tai h\u00e4nen yrityksens\u00e4 merkitty arvonlis\u00e4verovelvolliseksi tai ennakkoperint\u00e4rekisteriin.<\/p>\n<p>\u2022 Yritys- ja yhteis\u00f6tietoj\u00e4rjestelm\u00e4n (YTJ) kautta. Tiedot l\u00f6ytyv\u00e4t\u00a0 julkisesta tietopalvelusta osoitteesta www.ytj.fi<\/p>\n<p>\u2022 Puhelimitse Verohallinnon palvelunumerosta 020 697 030 \/ ALV- ja ennakkoperint\u00e4rekisteritiedustelut -palvelusta.<\/p>\n<p>&nbsp;<\/p>\n<table cellspacing=\"0\" cellpadding=\"0\">\n<tbody>\n<tr>\n<td valign=\"middle\"><strong>\u2212 Verottaja k\u00e4ytt\u00e4\u00e4 tilausty\u00f6n palkkiosta k\u00e4sitett\u00e4 ty\u00f6korvaus ja tekij\u00e4noikeudellisesta korvauksesta k\u00e4sitett\u00e4 k\u00e4ytt\u00f6korvaus.<\/strong><strong>\u2212<\/strong><strong>\u00a0Kun taiteilija on liittynyt ennakkoperint\u00e4rekisteriin, voi tilaaja maksaa koko laskun summan taiteilijalle<\/strong><strong>\u2212<\/strong><strong>\u00a0Jos taiteilija ei ole ennakkoperint\u00e4rekisteriss\u00e4, tapahtuu veronpid\u00e4tys verokortin mukaan. \u2212<\/strong><strong>\u00a0Arvonlis\u00e4verotuksen verokannat: 9%, 23%, 0%, (13 %) vuonna 2011<\/strong><strong>\u2212<\/strong><strong>\u00a0Myynti on verotonta, kun kyse on v\u00e4h\u00e4isest\u00e4 liiketoiminnasta<\/strong><strong>\u2212\u00a0<\/strong><strong>Taide-esine on m\u00e4\u00e4ritelty arvonlis\u00e4verolaissa<\/strong><strong>\u2212<\/strong><strong>\u00a0K\u00e4\u00e4nteinen arvonlis\u00e4verovelvollisuus on k\u00e4yt\u00f6ss\u00e4 rakentamispalveluiden myynniss\u00e4<\/strong><\/td>\n<\/tr>\n<\/tbody>\n<\/table>\n<p><a href=\"http:\/\/www.vero.fi\/fi-FI\/Syventavat_veroohjeet\/Verohallinnon_ohjeet\/2002\/Kuvataiteilijoiden_arvonlisaverotuksesta%2810185%29\" target=\"_blank\">&gt;&gt; Kuvataiteilijoiden arvonlis\u00e4verotuksesta 1.1.2003 alkaen:\u00a0 Ohje Dnro 2550\/40\/2002, 22.10.2002<\/a><br \/>\n<a title=\"Rakennusalan k\u00e4\u00e4nnetty arvonlis\u00e4velvollisuus\" href=\"http:\/\/www.vero.fi\/fi-FI\/Syventavat_veroohjeet\/Arvonlisaverotus\/Rakennusalan_kaannetty_arvonlisaverovelvollisuus\/Rakennusalan_kaannetty_arvonlisaverovelv(12340)\" target=\"_blank\">&gt;&gt; Verohallinnon rakentamispalvelua ja k\u00e4\u00e4nnetty\u00e4 verovelvollisuutta koskeva ohje<\/a><br \/>\n<a title=\"Lis\u00e4tietoja verotuksesta\" href=\"http:\/\/www.vero.fi\" target=\"_blank\">&gt;&gt; Lis\u00e4tietoja verotuksesta<\/a><br \/>\n<a title=\"Kuvasto ry\" href=\"http:\/\/www.kuvastory.fi\" target=\"_blank\">&gt;&gt; Lis\u00e4tietoa tekij\u00e4noikeuksista<\/a><\/p>\n<h3>4 Laskuttaminen ja saatavien perint\u00e4<\/h3>\n<h3>4.1 Myyminen k\u00e4teisell\u00e4<\/h3>\n<p>Yksitt\u00e4inen valmis taideteos myyd\u00e4\u00e4n yksityiselle henkil\u00f6lle usein ilman erillist\u00e4 laskua, teos luovutetaan maksua vastaan ja asiakkaalle kirjoitetaan kuitti.<\/p>\n<p>Tarvittaessa voidaan tehd\u00e4 kirjallinen sopimus, jossa voi sopia esim. taiteilijan oikeudesta lainata teosta n\u00e4yttelyyns\u00e4.<\/p>\n<h3>\u00a04.<strong>2 Taideteoksen myynti luotolla<\/strong><\/h3>\n<p>Kannattaa selvitt\u00e4\u00e4 tarkkaan ostajan tiedot, kuten t\u00e4ydellinen nimi, henkil\u00f6- tai y-tunnus, osoite, puhelin jne. Kuluttajakaupassa k\u00e4ytet\u00e4\u00e4n virallista osamaksusopimusta.\u00a0Tarvittaessa t\u00e4ytyy selvitt\u00e4\u00e4 asiakkaan maksukyky. Maksukyky\u00e4 ep\u00e4illess\u00e4 ei teosta tule luovuttaa osamaksulla, vaan tulee vaatia k\u00e4teissuoritusta.<\/p>\n<p>Maksuehdoista sovittaessa:<\/p>\n<ol>\n<ol>\n<li>Selvit\u00e4 itsellesi, mitk\u00e4 ovat myyntiehtosi.<\/li>\n<li>Sovi n\u00e4ist\u00e4 ehdoista asiakkaan kanssa kirjallisesti tekem\u00e4ll\u00e4\u00a0sopimus.<\/li>\n<li>Pid\u00e4 itse kiinni ehdoista.<\/li>\n<li>Jos asiakas ei pid\u00e4 kiinni ehdoista, ilmoita asiasta h\u00e4nelle v\u00e4litt\u00f6m\u00e4sti.<\/li>\n<li>Omistuksenpid\u00e4tysehto elinkeinonharjoittajien v\u00e4lisess\u00e4 kaupassa.<\/li>\n<\/ol>\n<\/ol>\n<p>Pienist\u00e4kin luottokaupoista kannattaa tehd\u00e4 kirjallinen sopimus. Jos on kyse kuluttajasta, tee virallinen osamaksusopimus. Sopimuksen lis\u00e4ksi yleens\u00e4 kirjoitetaan lasku,\u00a0josta otetaan aina kopio taiteilijan arkistoon. Laskussa tulee k\u00e4yd\u00e4 ilmi: mit\u00e4 myyd\u00e4\u00e4n, asiakkaan ja taiteilijan yhteystiedot, tilinnumero,\u00a0 ALV,\u00a0 laskun p\u00e4iv\u00e4m\u00e4\u00e4r\u00e4,\u00a0 er\u00e4p\u00e4iv\u00e4 ja viiv\u00e4styskorko. Viiv\u00e4styskorko on korkolain mukainen.<\/p>\n<h3>4.3 Tilausty\u00f6n laskuttaminen<\/h3>\n<p>Tilausty\u00f6h\u00f6n soveltuvat em. ohjeet luotolla myynnist\u00e4.\u00a0Tilaus tai toimeksianto kannattaa laskuttaa osissa ja maksuaikataulusta on syyt\u00e4 sopia tarkkaan tilaussopimuksessa. Liian takapainotteista aikataulua ei kannata tehd\u00e4.<\/p>\n\n","protected":false},"excerpt":{"rendered":"<p>Ohjeissa paneudutaan fyysisen taideteoksen tilaamiseen. Jos tilataan esimerkiksi suunnittelupalvelua, tulevat konsulttitoiminnan sopimusehdot sovellettaviksi. Tiedot ovat yleist\u00e4 informaatiota, eiv\u00e4tk\u00e4 ole sellaisenaan sovellettavissa erityistilanteisiin tai -ongelmiin. Kirjoittaja ei ota oikeudellista vastuuta ohjeiden k\u00e4yt\u00e4nn\u00f6n soveltamisesta. K\u00e4yt\u00e4nn\u00f6ss\u00e4 kannattaa k\u00e4\u00e4nty\u00e4 asiantuntijan puoleen, joka arvioi kyseisen &hellip; <a href=\"https:\/\/www.painters.fi\/taiteenhankintamalli\/taideteoksen-tilaamisen-kaytannot\/\">Continue reading <span class=\"meta-nav\">&rarr;<\/span><\/a><\/p>\n","protected":false},"author":4,"featured_media":0,"parent":0,"menu_order":9,"comment_status":"closed","ping_status":"closed","template":"","meta":{"footnotes":""},"class_list":["post-50","page","type-page","status-publish","hentry"],"_links":{"self":[{"href":"https:\/\/www.painters.fi\/taiteenhankintamalli\/wp-json\/wp\/v2\/pages\/50","targetHints":{"allow":["GET"]}}],"collection":[{"href":"https:\/\/www.painters.fi\/taiteenhankintamalli\/wp-json\/wp\/v2\/pages"}],"about":[{"href":"https:\/\/www.painters.fi\/taiteenhankintamalli\/wp-json\/wp\/v2\/types\/page"}],"author":[{"embeddable":true,"href":"https:\/\/www.painters.fi\/taiteenhankintamalli\/wp-json\/wp\/v2\/users\/4"}],"replies":[{"embeddable":true,"href":"https:\/\/www.painters.fi\/taiteenhankintamalli\/wp-json\/wp\/v2\/comments?post=50"}],"version-history":[{"count":26,"href":"https:\/\/www.painters.fi\/taiteenhankintamalli\/wp-json\/wp\/v2\/pages\/50\/revisions"}],"predecessor-version":[{"id":1404,"href":"https:\/\/www.painters.fi\/taiteenhankintamalli\/wp-json\/wp\/v2\/pages\/50\/revisions\/1404"}],"wp:attachment":[{"href":"https:\/\/www.painters.fi\/taiteenhankintamalli\/wp-json\/wp\/v2\/media?parent=50"}],"curies":[{"name":"wp","href":"https:\/\/api.w.org\/{rel}","templated":true}]}}