{"id":489,"date":"2012-12-11T16:56:51","date_gmt":"2012-12-11T14:56:51","guid":{"rendered":"http:\/\/www.painters.fi\/taiteenhankintamalli\/?page_id=489"},"modified":"2013-02-08T09:40:50","modified_gmt":"2013-02-08T07:40:50","slug":"retulainen-anna","status":"publish","type":"page","link":"https:\/\/www.painters.fi\/taiteenhankintamalli\/esimerkkeja-taideprojekteista\/retulainen-anna\/","title":{"rendered":"Retulainen Anna"},"content":{"rendered":"<h2>Sein\u00e4maalaus yksityisasuntoon<\/h2>\n<h3>Perustiedot<\/h3>\n<p>Taiteilija: Anna Retulainen<br \/>\nHankkeen nimi: sein\u00e4maalaus yksityisasunnon keitti\u00f6\u00f6n<br \/>\nSijainti: yksityisasunto, Helsinki<br \/>\nTilaaja: yksityinen<br \/>\nHanke toteutui: 2004\u20132005<br \/>\n<a href=\"https:\/\/www.painters.fi\/taiteenhankintamalli\/wp-content\/uploads\/2012\/12\/AnnaRetulainen-600x4001.jpg\"><img loading=\"lazy\" decoding=\"async\" class=\"alignnone size-full wp-image-1064\" title=\"Anna Retulainen: sein\u00e4maalaus, 2004 - 2005, akryyli sein\u00e4lle. Teos sijaitsee yksityisasunnon keitti\u00f6ss\u00e4. Kuva: Jussi Tiainen.\" src=\"https:\/\/www.painters.fi\/taiteenhankintamalli\/wp-content\/uploads\/2012\/12\/AnnaRetulainen-600x4001.jpg\" alt=\"\" width=\"600\" height=\"400\" srcset=\"https:\/\/www.painters.fi\/taiteenhankintamalli\/wp-content\/uploads\/2012\/12\/AnnaRetulainen-600x4001.jpg 600w, https:\/\/www.painters.fi\/taiteenhankintamalli\/wp-content\/uploads\/2012\/12\/AnnaRetulainen-600x4001-300x200.jpg 300w\" sizes=\"auto, (max-width: 600px) 100vw, 600px\" \/><\/a><\/p>\n<h3>Projektin k\u00e4yt\u00e4nn\u00f6n etenemisest\u00e4<\/h3>\n<p>Maalaus on toteutettu akryyliv\u00e4rein huonokuntoisen kunnostettavan asunnon keitti\u00f6n sein\u00e4\u00e4n vuosina 2004\u20132005. Tila oli teosta maalattaessa muuten raakaa tilaa, vain sein\u00e4t oli pohjustettu sein\u00e4maalausta varten. Tilaaja omisti Anna Retulaisen aiemman teoksen ja tunsi taiteilijan ty\u00f6skentelytavan. Maalaus on aika- ja paikkasidonnainen: asunto on vuokra-asunto, teoksella ei ole nime\u00e4, taiteilija on varautunut siihen, ett\u00e4 se maalataan joskus yli valkoisella. Sopimus toimeksiannosta oli suullinen, ja taiteilijalla oli kuukausi aikaa maalata teos sovittuun paikkaan. Kun teos oli valmis, tilaaja maksoi sopimuksen mukaan.<\/p>\n<p>Taiteilija sai vapaat k\u00e4det toteuttaa teoksen. Tilaajan toivomus oli, ett\u00e4 maalauksessa on yksi kala. Teoksesta ei tehty luonnosta tai etuk\u00e4teissuunnitelmaa. Ty\u00f6n tekeminen sis\u00e4lsi my\u00f6s ajatuksen, ett\u00e4 jos ty\u00f6 ei onnistu, taiteilija voi maalata sen yli valkoisella. Ty\u00f6 on hyvin suuri, n. 5 x 2,5 m, ja ep\u00e4onnistumisen mahdollisuus on silloin aina isompi.<\/p>\n<p>Taiteilijan voi olla vaikea sopia tekev\u00e4ns\u00e4 teoksen, jonka tekemisess\u00e4 on pakko onnistua tai joka varmasti miellytt\u00e4\u00e4 tilaajaa.\u00a0T\u00e4ss\u00e4 tapauksessa teos onnistui ja vaikutti my\u00f6s keitti\u00f6n muuhun toteutukseen ja v\u00e4rivalintoihin. Sein\u00e4maalauksen tekeminen oli osa rakentamisprosessia ja lopputulos enemm\u00e4n kuin 1 + 1 = 2. Taiteilijan mielest\u00e4 maalaus on osa tilaa samalla tavoin kuin jo antiikin aikoina on ollut sein\u00e4maalauksia esim. Pompeijin esiin kaivetuissa asuinrakennuksissa, eik\u00e4 tilassa oleva kalustus muuta tilannetta. Kyseess\u00e4 ei ole jonkinlainen yl\u00f6skohotettu, jalustalle nostettu taide suurella T:ll\u00e4, mutta teoksen toteuttamisessa taiteilijan t\u00e4ytyy voida toteuttaa omaa taiteellisuuttaan. Taiteilija ei voi toimia, jos tekemisen\/sopimuksen l\u00e4ht\u00f6kohtana on pakko onnistua ja pakko miellytt\u00e4\u00e4 tilaajaa.<\/p>\n<p>Ty\u00f6 on toiminut referenssity\u00f6n\u00e4, ja sen j\u00e4lkeen on ollut muita vastaavanlaisia toimeksiantoja. Anna Retulainen ei en\u00e4\u00e4 tee vastaavanlaisia sein\u00e4maalauksia.<br \/>\n<\/p>\n","protected":false},"excerpt":{"rendered":"<p>Sein\u00e4maalaus yksityisasuntoon Perustiedot Taiteilija: Anna Retulainen Hankkeen nimi: sein\u00e4maalaus yksityisasunnon keitti\u00f6\u00f6n Sijainti: yksityisasunto, Helsinki Tilaaja: yksityinen Hanke toteutui: 2004\u20132005 Projektin k\u00e4yt\u00e4nn\u00f6n etenemisest\u00e4 Maalaus on toteutettu akryyliv\u00e4rein huonokuntoisen kunnostettavan asunnon keitti\u00f6n sein\u00e4\u00e4n vuosina 2004\u20132005. Tila oli teosta maalattaessa muuten raakaa tilaa, &hellip; <a href=\"https:\/\/www.painters.fi\/taiteenhankintamalli\/esimerkkeja-taideprojekteista\/retulainen-anna\/\">Continue reading <span class=\"meta-nav\">&rarr;<\/span><\/a><\/p>\n","protected":false},"author":4,"featured_media":0,"parent":74,"menu_order":34,"comment_status":"closed","ping_status":"closed","template":"","meta":{"footnotes":""},"class_list":["post-489","page","type-page","status-publish","hentry"],"_links":{"self":[{"href":"https:\/\/www.painters.fi\/taiteenhankintamalli\/wp-json\/wp\/v2\/pages\/489","targetHints":{"allow":["GET"]}}],"collection":[{"href":"https:\/\/www.painters.fi\/taiteenhankintamalli\/wp-json\/wp\/v2\/pages"}],"about":[{"href":"https:\/\/www.painters.fi\/taiteenhankintamalli\/wp-json\/wp\/v2\/types\/page"}],"author":[{"embeddable":true,"href":"https:\/\/www.painters.fi\/taiteenhankintamalli\/wp-json\/wp\/v2\/users\/4"}],"replies":[{"embeddable":true,"href":"https:\/\/www.painters.fi\/taiteenhankintamalli\/wp-json\/wp\/v2\/comments?post=489"}],"version-history":[{"count":12,"href":"https:\/\/www.painters.fi\/taiteenhankintamalli\/wp-json\/wp\/v2\/pages\/489\/revisions"}],"predecessor-version":[{"id":731,"href":"https:\/\/www.painters.fi\/taiteenhankintamalli\/wp-json\/wp\/v2\/pages\/489\/revisions\/731"}],"up":[{"embeddable":true,"href":"https:\/\/www.painters.fi\/taiteenhankintamalli\/wp-json\/wp\/v2\/pages\/74"}],"wp:attachment":[{"href":"https:\/\/www.painters.fi\/taiteenhankintamalli\/wp-json\/wp\/v2\/media?parent=489"}],"curies":[{"name":"wp","href":"https:\/\/api.w.org\/{rel}","templated":true}]}}