{"id":487,"date":"2012-12-11T16:54:26","date_gmt":"2012-12-11T14:54:26","guid":{"rendered":"http:\/\/www.painters.fi\/taiteenhankintamalli\/?page_id=487"},"modified":"2013-02-08T09:40:30","modified_gmt":"2013-02-08T07:40:30","slug":"maattanen-valkama-ritva","status":"publish","type":"page","link":"https:\/\/www.painters.fi\/taiteenhankintamalli\/esimerkkeja-taideprojekteista\/maattanen-valkama-ritva\/","title":{"rendered":"M\u00e4\u00e4tt\u00e4nen-Valkama Ritva"},"content":{"rendered":"<h2>Andante Festivo, Arabianranta, Helsinki<\/h2>\n<h3>Perustiedot<\/h3>\n<p>Ty\u00f6ryhm\u00e4: taidemaalari\u00a0Ritva M\u00e4\u00e4tt\u00e4nen-Valkama, koordinointi Tuula Isohanni<br \/>\nHankkeen nimi: Andante Festivo, sein\u00e4maalaus<br \/>\nSijainti: kiinteist\u00f6 Oy Toini Muonankatu 3, Arabianranta, Helsinki<br \/>\nTilaaja: Etel\u00e4-Suomen YH-rakentajat Oy ja VVO Rakennuttaja Oy<br \/>\nRakennuttaja: Etel\u00e4-Suomen YH-rakentajat Oy ja VVO Rakennuttaja Oy<br \/>\nArkkitehti: Ark-house Arkkitehdit Oy, arkkitehti Hannu Huttunen<br \/>\nHanke toteutui: 2004<\/p>\n<p><a href=\"https:\/\/www.painters.fi\/taiteenhankintamalli\/wp-content\/uploads\/2012\/12\/RitvaMaattanenValkama.jpg\"><img loading=\"lazy\" decoding=\"async\" class=\"alignnone size-full wp-image-764\" title=\"Ritva M\u00e4\u00e4tt\u00e4nen-Valkama: Andante Festivo, 2004. Sijaitsee Arabianrannassa. Kuva: Jorma Valkama\" src=\"https:\/\/www.painters.fi\/taiteenhankintamalli\/wp-content\/uploads\/2012\/12\/RitvaMaattanenValkama.jpg\" alt=\"\" width=\"539\" height=\"827\" srcset=\"https:\/\/www.painters.fi\/taiteenhankintamalli\/wp-content\/uploads\/2012\/12\/RitvaMaattanenValkama.jpg 539w, https:\/\/www.painters.fi\/taiteenhankintamalli\/wp-content\/uploads\/2012\/12\/RitvaMaattanenValkama-195x300.jpg 195w\" sizes=\"auto, (max-width: 539px) 100vw, 539px\" \/><\/a><\/p>\n<h3>Projektin k\u00e4yt\u00e4nn\u00f6n etenemisest\u00e4<\/h3>\n<p>Arabianrannan pohjoispuolen teoksista suurin osa on sijoitettu sis\u00e4\u00e4nk\u00e4yntien yhteyteen. Ne tekev\u00e4t porrask\u00e4yt\u00e4vist\u00e4 toisistaan erilaisia ja korostavat n\u00e4in kotiintulon tapahtumaa<\/p>\n<p>Taidemaalari Ritva M\u00e4\u00e4tt\u00e4nen-Valkama tuli mukaan Ark-house Arkkitehtien suunnitteleman rakennuksen taideprojektin toteuttajaksi arkkitehdin ehdotuksesta, joka tunsi taiteilijan ja taiteilijan ty\u00f6t entuudestaan. Taiteilija tuli mukaan rakennusprojektiin, kun rakennus oli jo rakenteilla, toisinsanoen rakennusurakat, aikataulut jne. oli jo sovittu.<\/p>\n<p>Rakennuskompleksin kuusi porrashuonetta jaettiin kahden taidemaalarin kesken, jotka tekiv\u00e4t rakennuttajalle yhteisen tarjouksen porrashuoneiden taideseinist\u00e4. Tarjous oli taideprojektin kokonaissumman suuruinen, jolla summalla taiteilijat tarjoutuivat tekem\u00e4\u00e4n taideprojektin, puolet sek\u00e4 ty\u00f6st\u00e4 ett\u00e4 palkkiosta kummallekin taiteilijalle. Tarjouksen mukaan taiteilijat toteuttivat kumpikin kolme sein\u00e4maalausta kooltaan n. 8 x 3,5 m ja niihin liittyviin k\u00e4yt\u00e4viin tulevat teokset.<\/p>\n<p>Palkkio tuntuisi kerralla saatuna suurelta, mutta urakka oli iso ja kokonaisvaltainen ja sis\u00e4lsi paljon esity\u00f6t\u00e4, valmistelua, materiaalien hankintaa, ty\u00f6n suunnittelua. Palkkio oli jaettu maksuposteihin ty\u00f6n etenemisen mukaan. Ritva M\u00e4\u00e4tt\u00e4nen-Valkamalla on oma yritys, jonka kautta hoituivat laskutus, palkanmaksu, vakuutukset ja kaikki muut sivukulut.<\/p>\n<p>Taiteilijan yhteyshenkil\u00f6 rakennushankkeessa oli arkkitehti. Toteutusvaiheessa ty\u00f6maa oli k\u00e4ynniss\u00e4 ja ty\u00f6maata ja toteutusta koskevissa asioissa yhteyshenkil\u00f6n\u00e4 oli ty\u00f6maan vastaava mestari. Kaikki hoitui hyvin j\u00e4mptisti.<\/p>\n<h3>Teoksen idea ja valmistaminen<\/h3>\n<p>Taiteilijan teoksen l\u00e4ht\u00f6kohtana on porrashuone, joka on osa arkkitehtuuria. Sein\u00e4maalaus taideteoksena ei voi olla samalla tavalla henkil\u00f6kohtainen kuin ty\u00f6huoneessa tehty itsen\u00e4inen maalaus. Toinen teoksen l\u00e4ht\u00f6kohta on tilassa: kotiintulon hetki, millaisen tilan kautta haluaisi kulkea kotiin, tilan, jossa on j\u00e4rjestys, ei mit\u00e4\u00e4n aggressiivista tai levottomuutta her\u00e4tt\u00e4v\u00e4\u00e4. Teoksen pit\u00e4\u00e4 my\u00f6s olla tilan huomioonottava, miten teos on osa rakennusta ja istuu siihen.<\/p>\n<p>Luonnoksissa oli mukana v\u00e4ripintojen lis\u00e4ksi p\u00f6yt\u00e4liina-ajatus: kodikas, pieni\u00e4 vinjettikuvia, patoja, kattiloita.\u00a0Teokset ovat el\u00e4neet matkalla luonnoksista toteutukseen. \u00a0Iso tilassa pit\u00e4\u00e4 olla j\u00e4rjestys, ja pieness\u00e4 sein\u00e4ss\u00e4 voi olla s\u00e4pin\u00e4\u00e4.<\/p>\n<p>Taiteilija on toteuttanut teokset rappausta my\u00f6ten. Ideana oli, ett\u00e4 teos hohtaa ylh\u00e4\u00e4lt\u00e4 tulevassa valossa. Arkkitehdin ehdotuksesta alun perin ajatus oli saada sein\u00e4n ja katon rajapintaan rivi led-valoja, jolloin porrashuone olisi ylh\u00e4\u00e4lt\u00e4 alas tulevan loistavan v\u00e4rin valaisema. T\u00e4m\u00e4 valaistus on kustannussyist\u00e4 j\u00e4tetty pois. Taiteilija sai tehd\u00e4 teoksen haluamallaan tavalla, mutta valojen poisj\u00e4tt\u00e4minen vesitti ajatusta v\u00e4rin ja valon yhteisvaikutuksesta erityisesti pime\u00e4n aikana.<\/p>\n<p>Pohjarappaus on taiteilijan itsens\u00e4 tekem\u00e4. Kulumisvaaran takia seinien alaosat on maalattu kulutusta kest\u00e4v\u00e4ll\u00e4 Luja-maalilla. Vinjettitaulut ovat vanerireliefej\u00e4. Taideteoksesta on tehty ty\u00f6selitys, jossa on selitetty materiaalit, v\u00e4rit ja hoito.<\/p>\n<p>Teokset kuuluvat rakennuttajalle valmistuttuaan, ja rakennuttaja pit\u00e4\u00e4 ne kunnossa. Sopimuksissa ei ole mainintaa kunnossapidosta. Taiteilija toivoisi, ett\u00e4 saisi itse hoitaa kunnostusmaalaukset, koska on vaikea j\u00e4tt\u00e4\u00e4 t\u00f6it\u00e4\u00e4n. Suuret rakennuttajat k\u00e4ytt\u00e4v\u00e4t yleens\u00e4 tiettyj\u00e4 korjausyrityksi\u00e4.<br \/>\n<\/p>\n","protected":false},"excerpt":{"rendered":"<p>Andante Festivo, Arabianranta, Helsinki Perustiedot Ty\u00f6ryhm\u00e4: taidemaalari\u00a0Ritva M\u00e4\u00e4tt\u00e4nen-Valkama, koordinointi Tuula Isohanni Hankkeen nimi: Andante Festivo, sein\u00e4maalaus Sijainti: kiinteist\u00f6 Oy Toini Muonankatu 3, Arabianranta, Helsinki Tilaaja: Etel\u00e4-Suomen YH-rakentajat Oy ja VVO Rakennuttaja Oy Rakennuttaja: Etel\u00e4-Suomen YH-rakentajat Oy ja VVO Rakennuttaja Oy &hellip; <a href=\"https:\/\/www.painters.fi\/taiteenhankintamalli\/esimerkkeja-taideprojekteista\/maattanen-valkama-ritva\/\">Continue reading <span class=\"meta-nav\">&rarr;<\/span><\/a><\/p>\n","protected":false},"author":4,"featured_media":0,"parent":74,"menu_order":25,"comment_status":"closed","ping_status":"closed","template":"","meta":{"footnotes":""},"class_list":["post-487","page","type-page","status-publish","hentry"],"_links":{"self":[{"href":"https:\/\/www.painters.fi\/taiteenhankintamalli\/wp-json\/wp\/v2\/pages\/487","targetHints":{"allow":["GET"]}}],"collection":[{"href":"https:\/\/www.painters.fi\/taiteenhankintamalli\/wp-json\/wp\/v2\/pages"}],"about":[{"href":"https:\/\/www.painters.fi\/taiteenhankintamalli\/wp-json\/wp\/v2\/types\/page"}],"author":[{"embeddable":true,"href":"https:\/\/www.painters.fi\/taiteenhankintamalli\/wp-json\/wp\/v2\/users\/4"}],"replies":[{"embeddable":true,"href":"https:\/\/www.painters.fi\/taiteenhankintamalli\/wp-json\/wp\/v2\/comments?post=487"}],"version-history":[{"count":9,"href":"https:\/\/www.painters.fi\/taiteenhankintamalli\/wp-json\/wp\/v2\/pages\/487\/revisions"}],"predecessor-version":[{"id":1320,"href":"https:\/\/www.painters.fi\/taiteenhankintamalli\/wp-json\/wp\/v2\/pages\/487\/revisions\/1320"}],"up":[{"embeddable":true,"href":"https:\/\/www.painters.fi\/taiteenhankintamalli\/wp-json\/wp\/v2\/pages\/74"}],"wp:attachment":[{"href":"https:\/\/www.painters.fi\/taiteenhankintamalli\/wp-json\/wp\/v2\/media?parent=487"}],"curies":[{"name":"wp","href":"https:\/\/api.w.org\/{rel}","templated":true}]}}