{"id":485,"date":"2012-12-11T16:54:04","date_gmt":"2012-12-11T14:54:04","guid":{"rendered":"http:\/\/www.painters.fi\/taiteenhankintamalli\/?page_id=485"},"modified":"2013-12-02T11:17:06","modified_gmt":"2013-12-02T09:17:06","slug":"heino-timo","status":"publish","type":"page","link":"https:\/\/www.painters.fi\/taiteenhankintamalli\/esimerkkeja-taideprojekteista\/heino-timo\/","title":{"rendered":"Heino Timo"},"content":{"rendered":"<h2>Hedelm\u00f6itys, Oulun Ymp\u00e4rist\u00f6keskus<\/h2>\n<h3>Perustiedot<\/h3>\n<p>Taiteilija: Timo Heino <a href=\"http:\/\/www.timoheino.com\/\">&gt;&gt; Timo Heino<\/a><br \/>\nHankkeen nimi: Hedelm\u00f6itys<br \/>\nSijainti: ymp\u00e4rist\u00f6keskus Oulun kaupunki<br \/>\nTilaaja: Oulun tekninen keskus\/Tilapalvelut<br \/>\nRakennuttaja: Oulun tekninen keskus\/Tilapalvelut<br \/>\nArkkitehti: Oulun tekninen keskus\/Tilapalvelut<br \/>\nHanke toteutui: 2003<\/p>\n<p><a href=\"https:\/\/www.painters.fi\/taiteenhankintamalli\/wp-content\/uploads\/2012\/12\/timo_heino_hedelmoitus1.jpg\"><img loading=\"lazy\" decoding=\"async\" class=\" wp-image-1432  alignnone\" title=\"Timo Heino: &quot;Hedelm\u00f6itys&quot;, mehil\u00e4ispes\u00e4n materiaali akryylipallon p\u00e4\u00e4ll\u00e4. Teos aiemmassa sijoituspaikassaan Oulun ymp\u00e4rist\u00f6keskuksessa. Kuva: Timo Heino\" alt=\"Heino Timo Hedelm\u00f6itys 2003 Oulun kaupungin kokoelmat\" src=\"https:\/\/www.painters.fi\/taiteenhankintamalli\/wp-content\/uploads\/2012\/12\/timo_heino_hedelmoitus1.jpg\" width=\"461\" height=\"698\" \/><\/a><\/p>\n<h3>Projektin k\u00e4yt\u00e4nn\u00f6n toteutuksesta<\/h3>\n<p>Kuvataiteilija Timo Heino kutsuttiin tekem\u00e4\u00e4n taideteos Oulun ymp\u00e4rist\u00f6keskuksen tiloihin peruskorjaukseen liittyv\u00e4n\u00e4 Oulun kaupungin tekem\u00e4n prosenttiperiaatteen mukaan. Taiteilija valittiin teht\u00e4v\u00e4\u00e4n tunnettuuden kautta: Heinolla oli ollut n\u00e4yttely Oulun taidemuseossa 1996. Taiteilija kutsuttiin mukaan, kun peruskorjaus oli jo tehty, eik\u00e4 h\u00e4n ollut mukana peruskorjauksen suunnitteluvaiheessa.<\/p>\n<p>Teos tilattiin rakennuskustannusten mukaan etuk\u00e4teen m\u00e4\u00e4riteltyyn hintaan, johon sis\u00e4ltyi kaikki: matkat, paikan etsiminen, teoksen suunnittelu, tekeminen ja paikalle kiinnitt\u00e4minen. Kun taideteoksen hankkimiseen on varattu tietty rajattu summa, mutta taiteilijalle j\u00e4tetty vapaat k\u00e4det, teoksen suunnittelussa ja kustannusarviossa pit\u00e4\u00e4 ottaa huomioon, ett\u00e4 pystyy tekem\u00e4\u00e4n taideteoksen sovitulla summalla niin, ett\u00e4 itselle j\u00e4\u00e4 jotain taiteilijapalkkiotakin.<\/p>\n<p>Heino valitsi paikaksi porrashuoneen, koska kaikki toimistotilat olivat jo l\u00e4hes valmiiksi sisustettuja. Talo on rakennettu 1950-luvulla, ja peruskorjaus on tehty talon henke\u00e4 kunnioittaen. Paikalla Heino kuvasi tilan ja teki sitten tilasta tarkan pienoismallin, jossa on mukana kaikki tilassa oleva valaisimia my\u00f6ten ja kaikki pinnat maalattu kuten itse tilassa. Heino ty\u00f6skenteli pienoismallin avulla, koska asuu p\u00e4\u00e4kaupunkiseudulla ja kaikki matkakustannukset sis\u00e4ltyiv\u00e4t palkkioon.<\/p>\n<p>Hedelm\u00f6itys kuuluu Oulun kaupungin teoskokoelmiin, taidemuseo ja konservaattorit vastaavat teoksen kunnosta. K\u00e4ytt\u00f6aikaisia huolto-ohjeita ei erikseen laadittu, koska ilmeisesti konservaattorit ker\u00e4siv\u00e4t tarvittavat tiedot.<\/p>\n<h3>Teoksen idea ja materiaalit<\/h3>\n<p>Teoksen l\u00e4ht\u00f6kohta on tila ja tilassa tapahtuva toiminta. Teoksen ideaksi valikoitui vaaleassa kuutiomaisessa tilassa katon rajassa h\u00e4m\u00e4riss\u00e4 oleva mehil\u00e4ispesist\u00e4 tehty Hedelm\u00f6itys. Mallity\u00f6skentelyss\u00e4 plastisen tekemisen ja pinnan kautta m\u00e4\u00e4rittyi koko, teos suhteessa tilaan. Valkoinen pallo tilassa on eri kokoinen kuin v\u00e4rillinen. Mallity\u00f6skentely my\u00f6s dokumentoitiin.<\/p>\n<p>Teoksen materiaalina on akryyli, ja se muodostuu kahdesta erikseen tilatusta akryylipallonpuolikkaasta, jotka on leikattu nurkkaan paikkaan istuvaksi. Pohjamaalina on k\u00e4ytetty kest\u00e4v\u00e4\u00e4 teollisuusmaalia, jonka v\u00e4ri on valittu huolella: l\u00e4mmin keskiharmaa, matta. P\u00e4\u00e4lle on liimattu kolme kerrosta mehil\u00e4ispesi\u00e4, ja my\u00f6s liima on valittu huolella kest\u00e4m\u00e4\u00e4n.<\/p>\n<p>Teos sis\u00e4lt\u00e4\u00e4 erilaisia kerroksellisia mielleyhtymi\u00e4. Heino meni Oulussa hyl\u00e4ttyyn taloon, jossa oli asuinhuoneissakin vanhoja mehil\u00e4ispesi\u00e4. Heinon opettajan Olli Martelan runossa on \u201dtalo talossa\u201d \u2013 Hedelm\u00f6ityskin on talo talossa, ja toisaalta materiaali hauraudestaan huolimatta kest\u00e4\u00e4 aikaa, jos on sateelta ja muulta s\u00e4\u00e4vaikutuksilta suojattu.<\/p>\n<p>Mehil\u00e4ispes\u00e4t ovat oululaisten Oulusta ker\u00e4\u00e4mi\u00e4. Ilmoitus oli Kaleva-lehdess\u00e4, ja pes\u00e4t toimitettiin ymp\u00e4rist\u00f6toimistoon tai Oulun taidemuseoon, joista pes\u00e4t l\u00e4hetettiin Heinolle. Pesi\u00e4 tuli paljon. Hedelm\u00f6ityksen pinnassa olevat punaiset punamultaraidat ovat ampiaisten tekemi\u00e4 \u2013 ja siit\u00e4 tuli taas uusi kerros viittauksena Oulun vanhaan rakennuskulttuuriin, punamultataloihin ja sen k\u00e4yt\u00f6n levi\u00e4miseen aikanaan Oulun seudulla.<br \/>\n<\/p>\n<p><a href=\"https:\/\/www.painters.fi\/taiteenhankintamalli\/wp-content\/uploads\/2012\/12\/timo_heino_hedelmo\u0308itys2.jpg\"><img loading=\"lazy\" decoding=\"async\" class=\"alignnone  wp-image-1433\" title=\"Timo Heino: &quot;Hedelm\u00f6itys&quot;, mehil\u00e4ispes\u00e4n materiaali akryylipallon p\u00e4\u00e4ll\u00e4. Teos aiemmassa sijoituspaikassaan Oulun ymp\u00e4rist\u00f6keskuksessa. Kuva: Timo Heino\" alt=\"timo_heino_hedelmo\u0308itys2\" src=\"https:\/\/www.painters.fi\/taiteenhankintamalli\/wp-content\/uploads\/2012\/12\/timo_heino_hedelmo\u0308itys2.jpg\" width=\"512\" height=\"790\" srcset=\"https:\/\/www.painters.fi\/taiteenhankintamalli\/wp-content\/uploads\/2012\/12\/timo_heino_hedelmo\u0308itys2.jpg 640w, https:\/\/www.painters.fi\/taiteenhankintamalli\/wp-content\/uploads\/2012\/12\/timo_heino_hedelmo\u0308itys2-194x300.jpg 194w\" sizes=\"auto, (max-width: 512px) 100vw, 512px\" \/><\/a><\/p>\n","protected":false},"excerpt":{"rendered":"<p>Hedelm\u00f6itys, Oulun Ymp\u00e4rist\u00f6keskus Perustiedot Taiteilija: Timo Heino &gt;&gt; Timo Heino Hankkeen nimi: Hedelm\u00f6itys Sijainti: ymp\u00e4rist\u00f6keskus Oulun kaupunki Tilaaja: Oulun tekninen keskus\/Tilapalvelut Rakennuttaja: Oulun tekninen keskus\/Tilapalvelut Arkkitehti: Oulun tekninen keskus\/Tilapalvelut Hanke toteutui: 2003 Projektin k\u00e4yt\u00e4nn\u00f6n toteutuksesta Kuvataiteilija Timo Heino kutsuttiin tekem\u00e4\u00e4n &hellip; <a href=\"https:\/\/www.painters.fi\/taiteenhankintamalli\/esimerkkeja-taideprojekteista\/heino-timo\/\">Continue reading <span class=\"meta-nav\">&rarr;<\/span><\/a><\/p>\n","protected":false},"author":4,"featured_media":0,"parent":74,"menu_order":15,"comment_status":"closed","ping_status":"closed","template":"","meta":{"footnotes":""},"class_list":["post-485","page","type-page","status-publish","hentry"],"_links":{"self":[{"href":"https:\/\/www.painters.fi\/taiteenhankintamalli\/wp-json\/wp\/v2\/pages\/485","targetHints":{"allow":["GET"]}}],"collection":[{"href":"https:\/\/www.painters.fi\/taiteenhankintamalli\/wp-json\/wp\/v2\/pages"}],"about":[{"href":"https:\/\/www.painters.fi\/taiteenhankintamalli\/wp-json\/wp\/v2\/types\/page"}],"author":[{"embeddable":true,"href":"https:\/\/www.painters.fi\/taiteenhankintamalli\/wp-json\/wp\/v2\/users\/4"}],"replies":[{"embeddable":true,"href":"https:\/\/www.painters.fi\/taiteenhankintamalli\/wp-json\/wp\/v2\/comments?post=485"}],"version-history":[{"count":15,"href":"https:\/\/www.painters.fi\/taiteenhankintamalli\/wp-json\/wp\/v2\/pages\/485\/revisions"}],"predecessor-version":[{"id":682,"href":"https:\/\/www.painters.fi\/taiteenhankintamalli\/wp-json\/wp\/v2\/pages\/485\/revisions\/682"}],"up":[{"embeddable":true,"href":"https:\/\/www.painters.fi\/taiteenhankintamalli\/wp-json\/wp\/v2\/pages\/74"}],"wp:attachment":[{"href":"https:\/\/www.painters.fi\/taiteenhankintamalli\/wp-json\/wp\/v2\/media?parent=485"}],"curies":[{"name":"wp","href":"https:\/\/api.w.org\/{rel}","templated":true}]}}