{"id":483,"date":"2012-12-11T16:53:59","date_gmt":"2012-12-11T14:53:59","guid":{"rendered":"http:\/\/www.painters.fi\/taiteenhankintamalli\/?page_id=483"},"modified":"2013-02-08T09:39:38","modified_gmt":"2013-02-08T07:39:38","slug":"hakkola-eija","status":"publish","type":"page","link":"https:\/\/www.painters.fi\/taiteenhankintamalli\/esimerkkeja-taideprojekteista\/hakkola-eija\/","title":{"rendered":"Hakkola Eija"},"content":{"rendered":"<h2><strong>Seitti, Heijastuksen piha, Toukolanranta, Helsinki <\/strong><\/h2>\n<h3><strong>Perustiedot<\/strong><\/h3>\n<p>Ty\u00f6ryhm\u00e4: kuvataiteilija\u00a0Eija Hakkola <a href=\"http:\/\/www.hakkola.net\/\">&gt;&gt; Eija Hakkola<\/a>, taidekoordinaattori Tuula Isohanni<br \/>\nHankkeen nimi: \u201dSeitti\u201d, korttelin pihajulkisivuille toteutettu sein\u00e4maalaus<br \/>\nSijainti: Yhteispiha 9, Heijastuksen piha, Roomankadun ja Pariisinkadun v\u00e4linen kortteli<br \/>\nTilaaja: ATT ja Arabian Palvelu Oy, P\u00f6yry CM Oy<br \/>\nRakennuttaja: Skanska<br \/>\nArkkitehti: Arkkitehtitoimisto Hannu Jaakkola Oy \/ arkkitehti Matti V\u00e4nsk\u00e4, pihasuunnittelu: Ymp\u00e4rist\u00f6toimisto Oy<br \/>\nHankkeen suunnittelu alkoi: 2007<br \/>\nHanke toteutui: 2009<\/p>\n<p><a href=\"https:\/\/www.painters.fi\/taiteenhankintamalli\/wp-content\/uploads\/2012\/12\/EijaHakkola.jpg\"><img loading=\"lazy\" decoding=\"async\" class=\"size-large wp-image-759 alignnone\" title=\"Eija Hakkola: Seitti, 2009, sein\u00e4maalaus. Sijaitsee Arabianrannassa\" src=\"https:\/\/www.painters.fi\/taiteenhankintamalli\/wp-content\/uploads\/2012\/12\/EijaHakkola-768x1024.jpg\" alt=\"\" width=\"620\" height=\"826\" srcset=\"https:\/\/www.painters.fi\/taiteenhankintamalli\/wp-content\/uploads\/2012\/12\/EijaHakkola-768x1024.jpg 768w, https:\/\/www.painters.fi\/taiteenhankintamalli\/wp-content\/uploads\/2012\/12\/EijaHakkola-225x300.jpg 225w, https:\/\/www.painters.fi\/taiteenhankintamalli\/wp-content\/uploads\/2012\/12\/EijaHakkola.jpg 1944w\" sizes=\"auto, (max-width: 620px) 100vw, 620px\" \/><\/a><\/p>\n<h3>Projektin taustaa<\/h3>\n<p>Arabianrannan ja Toukolanrannan alueilla taide ja prosenttiperiaate ovat olleet mukana jo kaavoitus- ja tontinvarauskilpailuvaiheessa. Arabianrannassa taideprojektit keskittyiv\u00e4t asuinrakennusten sis\u00e4\u00e4ntuloihin ja julkisiin tiloihin, Toukolanrannan puolella taideprojektit kohdistettiin puistoihin ja rakennusten v\u00e4lisiin tiloihin, taidekonseptina pihojen sarja. Kaikissa pihaa ymp\u00e4r\u00f6iviss\u00e4 rakennushankkeissa varattiin taideprosenttia vastaava m\u00e4\u00e4r\u00e4raha pihan taideteosten toteutukseen. Yhteisen pihan toteuttamisen edellytys on, ett\u00e4 asemakaavassa on m\u00e4\u00e4ritelty rakennusten paikat ja kaikki pihat ovat yhteisaluetta.<\/p>\n<h3>Projektin alku<\/h3>\n<p>Kuvataiteilija Eija Hakkola tuli mukaan taideprojektiin siten, ett\u00e4 oli ilmoittautunut Arabianrannan taidekoordinaattori Tuula Isohannin teospankkiin ja l\u00e4hett\u00e4nyt sinne kuvia aiemmista teoksistaan rakennetussa tilassa. Tuula Isohanni otti h\u00e4neen yhteytt\u00e4 ja pyysi mukaan toteuttamaan Heijastuksen pihaa. Pihalle tuli kaikkiaan kolmen taiteilijan teokset.<\/p>\n<p>Hakkola tuli mukaan rakennushankkeeseen 2007. Alussa oli ennakkosopimus, ja sitten h\u00e4n teki erillisest\u00e4 taideurakasta tarjouksen, jossa oli luonnokset ja kustannusarvio. Taideurakkaan sis\u00e4ltyi teoksen toteutus ja aputy\u00f6t. Hakkolalla on y-tunnus, ja h\u00e4n maksoi itse itselleen palkan ja sivukulut, el\u00e4kkeen jne.<\/p>\n<h3>Suunnitelmat el\u00e4v\u00e4t<\/h3>\n<p>Luonnosvaiheesta teos on muuttunut jonkin verran, ja erilaisia taiteilijan suunnitelmien tarkistamista vaativia muutoksia tapahtui koko ajan, sill\u00e4 toteuttamisvaiheessakin ty\u00f6maa ja rakennushanke el\u00e4v\u00e4t. T\u00e4ss\u00e4 projektissa suunnittelijoiden ja taiteilijan v\u00e4linen dialogi suunnitelmien yhteensovittamisessa toimi hyvin. Kaikesta sovittiin my\u00f6s vastaavan mestarin ja tilaajan kanssa. \u00a0Taideprojektin onnistuminen riippuu paljolti ihmissuhteista ja tiedonkulusta. Suunnittelijan ja taiteilijan l\u00e4hestymistapa on erilainen: suunnittelija tekee montaa projektia samanaikaisesti, taiteilija tekee omaa projektiaan. Toisaalta pitk\u00e4llisess\u00e4 prosessissa taiteilijan pit\u00e4\u00e4 uskoa omaan ideaansa<strong> <\/strong>ja samalla kuunnella kaikkia asiantuntijoita ja sitten luottaa omaan arvostelukykyyn.<\/p>\n<p>Teoksen paikka on muuttunut. Ty\u00f6n kuluessa arkkitehti ehdotti sein\u00e4maalaukselle uutta paikkaa porrashuoneen ulkosein\u00e4ss\u00e4, joka rakentamisvaiheessa oli p\u00e4\u00e4tetty muuttaa lasisein\u00e4st\u00e4 betonisein\u00e4ksi. My\u00f6s maalauspohja muuttui aiemmasta sile\u00e4st\u00e4 betonipinnasta uritetuksi. Taiteilija tutki tekem\u00e4ns\u00e4 pienoismallin avulla uutta tilannetta, piti sitten esitetty\u00e4 vaihtoehtoa hyv\u00e4n\u00e4 ja muutti omaa suunnitelmaansa. Taiteilijan ehdotuksesta taas maisemasuunnitelmaa muutettiin; maisemasuunnittelija oli ensin esitt\u00e4nyt maalauksen pohjana olevan sein\u00e4n l\u00e4helle suuria puita, nyt puiden tilalle istutetaan korkeintaan metrin korkuisia pensaita.<\/p>\n<p>Toteutukseen varattiin kuukausi, josta kaksi viikkoa oli s\u00e4\u00e4varausta, hyv\u00e4ll\u00e4 s\u00e4\u00e4ll\u00e4 ty\u00f6rupeamat venyiv\u00e4t joskus jopa kolmetoistatuntisiksi. Apuna taiteilijalla oli nosturinkuljettaja, joka hoiti taiteilijan vuokraaman nosturin k\u00e4yt\u00f6n. Tekeminen aikaistui alun perin sovitusta vuodella, kun ty\u00f6maalla huomattiin, ett\u00e4 maalauksen toteuttaminen edellytt\u00e4\u00e4 nosturin liikkumista pihalla, eik\u00e4 sit\u00e4 voitu sallia pihan rakentamisen aikana. Taiteilija sai maaliskuussa 2009 tiedon, ett\u00e4 ty\u00f6 pit\u00e4\u00e4 tehd\u00e4 samana kes\u00e4n\u00e4 vuoden 2010 sijasta, pohjat piti ty\u00f6maan tehd\u00e4 toukokuussa ja maalaus piti tehd\u00e4 kes\u00e4kuussa. Sitten pohjien tekeminen viiv\u00e4styi ja maalaaminen siirtyi niin, ett\u00e4 maalaamaan taiteilija p\u00e4\u00e4si vasta elokuun loppupuolella. Samanaikaisesti rakennusty\u00f6t olivat koko ajan k\u00e4ynniss\u00e4.<\/p>\n<h3>Ty\u00f6skentelyn turvallisuus ja vakuutukset<\/h3>\n<p>Ty\u00f6maalla taiteilijaa koskevat kaikki samat s\u00e4\u00e4nn\u00f6t kuin rakennusty\u00f6ntekij\u00f6it\u00e4. Pit\u00e4\u00e4 olla turvavarustus, p\u00e4\u00e4suojus, huomioliivi, kulkulupa ja turvakeng\u00e4t. Taiteilijalla pit\u00e4\u00e4 olla suoritettuna ensiapukortti. Kaikesta ty\u00f6maalla liikkumisesta, materiaalien s\u00e4ilytt\u00e4misest\u00e4, tilojen k\u00e4yt\u00f6st\u00e4 ja muusta sellaisesta pit\u00e4\u00e4 sopia ty\u00f6maan vastaavan mestarin kanssa. Ty\u00f6maa el\u00e4\u00e4 koko ajan, ja nosturia voi joutua siirt\u00e4m\u00e4\u00e4n kesken maalausty\u00f6n \u2013 kaikkea joutuu sovittelemaan. Lainmukaiset sosiaalitilat j\u00e4rjestyiv\u00e4t t\u00e4ss\u00e4 tapauksessa ty\u00f6maaparakeista. Taiteilija sai avaimen vessaan ja ruokakonttiin sek\u00e4 varastotilan maaleille. Turvavarusteet, nosturi ja pakolliset turvalaitteet, kuten turvavaljaat nosturissa, pit\u00e4\u00e4 taiteilijan itse hankkia tai vuokrata.<\/p>\n<p>Teosta tehdess\u00e4 ja suunniteltaessa on hyv\u00e4 muistaa, ett\u00e4 sein\u00e4maalauksen tekeminen ty\u00f6maalla on julkinen paikka ty\u00f6skennell\u00e4. Ty\u00f6maan \u00e4\u00e4net voivat olla hyvin h\u00e4iritsevi\u00e4, esim. paalutuskoneen jumpsutus p\u00e4iv\u00e4kausia. Yksin\u00e4\u00e4n ei saa ty\u00f6skennell\u00e4, ja ty\u00f6maan ty\u00f6aikojen ulkopuolella voi ty\u00f6skennell\u00e4 sill\u00e4 ehdolla, ett\u00e4 paikalla on toinenkin henkil\u00f6. Ty\u00f6miesten kommentointiin pit\u00e4\u00e4 tottua.<\/p>\n<p>Ty\u00f6maalla ty\u00f6skentelev\u00e4ll\u00e4 taiteilijalla pit\u00e4\u00e4 olla voimassa yritt\u00e4j\u00e4n ty\u00f6naikainen tapaturmavakuutus. Vastuuvakuutus, joka tarvitaan silt\u00e4 varalta, ett\u00e4 taiteilija t\u00e4rvelee jotain rakennuksessa teostaan tehdess\u00e4\u00e4n, on asennus- ja rakennusty\u00f6vakuutus, joka hankitaan yhdeksi vuodeksi kerrallaan. Maaleissa on oma takuu.<\/p>\n\n","protected":false},"excerpt":{"rendered":"<p>Seitti, Heijastuksen piha, Toukolanranta, Helsinki Perustiedot Ty\u00f6ryhm\u00e4: kuvataiteilija\u00a0Eija Hakkola &gt;&gt; Eija Hakkola, taidekoordinaattori Tuula Isohanni Hankkeen nimi: \u201dSeitti\u201d, korttelin pihajulkisivuille toteutettu sein\u00e4maalaus Sijainti: Yhteispiha 9, Heijastuksen piha, Roomankadun ja Pariisinkadun v\u00e4linen kortteli Tilaaja: ATT ja Arabian Palvelu Oy, P\u00f6yry CM &hellip; <a href=\"https:\/\/www.painters.fi\/taiteenhankintamalli\/esimerkkeja-taideprojekteista\/hakkola-eija\/\">Continue reading <span class=\"meta-nav\">&rarr;<\/span><\/a><\/p>\n","protected":false},"author":4,"featured_media":0,"parent":74,"menu_order":14,"comment_status":"closed","ping_status":"closed","template":"","meta":{"footnotes":""},"class_list":["post-483","page","type-page","status-publish","hentry"],"_links":{"self":[{"href":"https:\/\/www.painters.fi\/taiteenhankintamalli\/wp-json\/wp\/v2\/pages\/483","targetHints":{"allow":["GET"]}}],"collection":[{"href":"https:\/\/www.painters.fi\/taiteenhankintamalli\/wp-json\/wp\/v2\/pages"}],"about":[{"href":"https:\/\/www.painters.fi\/taiteenhankintamalli\/wp-json\/wp\/v2\/types\/page"}],"author":[{"embeddable":true,"href":"https:\/\/www.painters.fi\/taiteenhankintamalli\/wp-json\/wp\/v2\/users\/4"}],"replies":[{"embeddable":true,"href":"https:\/\/www.painters.fi\/taiteenhankintamalli\/wp-json\/wp\/v2\/comments?post=483"}],"version-history":[{"count":15,"href":"https:\/\/www.painters.fi\/taiteenhankintamalli\/wp-json\/wp\/v2\/pages\/483\/revisions"}],"predecessor-version":[{"id":673,"href":"https:\/\/www.painters.fi\/taiteenhankintamalli\/wp-json\/wp\/v2\/pages\/483\/revisions\/673"}],"up":[{"embeddable":true,"href":"https:\/\/www.painters.fi\/taiteenhankintamalli\/wp-json\/wp\/v2\/pages\/74"}],"wp:attachment":[{"href":"https:\/\/www.painters.fi\/taiteenhankintamalli\/wp-json\/wp\/v2\/media?parent=483"}],"curies":[{"name":"wp","href":"https:\/\/api.w.org\/{rel}","templated":true}]}}