{"id":44,"date":"2012-09-13T13:34:48","date_gmt":"2012-09-13T10:34:48","guid":{"rendered":"http:\/\/www.painters.fi\/taiteenhankintamalli\/?page_id=44"},"modified":"2013-02-13T14:33:37","modified_gmt":"2013-02-13T12:33:37","slug":"5-taideteoksen-toteutus","status":"publish","type":"page","link":"https:\/\/www.painters.fi\/taiteenhankintamalli\/taidehankinta-rakennushankkeessa-%e2%88%92-taiteenhankintamalli\/5-taideteoksen-toteutus\/","title":{"rendered":"5 Taideteoksen toteutus"},"content":{"rendered":"<p><strong>Rakennukseen integroidun taideteoksen toteuttaminen riippuu\u00a0 siit\u00e4, miten taiteilija on suunnitellut ty\u00f6n. Toteuttamisesta ja aikataulusta pit\u00e4\u00e4 sopia etuk\u00e4teen rakennuttajan ja ty\u00f6maan kanssa. Kun teos on valmis ja paikallaan, se luovutetaan tilaajalle. Teoksen voi luovuttaa samaan aikaan rakennuksen luovuttamisen kanssa, erityisesti jos taideteos on samalla rakennusosa.\u00a0<\/strong><\/p>\n<h3><strong><\/strong><strong>5.1 Toteuttaminen ty\u00f6maalla<\/strong><\/h3>\n<p><strong>Mik\u00e4li teos toteutetaan ty\u00f6maalla tai asennetaan paikoilleen ty\u00f6maan ollessa k\u00e4ynniss\u00e4, tekeminen ja asentaminen pit\u00e4\u00e4 sovittaa ty\u00f6maan aikatauluun.<\/strong><\/p>\n<p><strong>Ty\u00f6maa el\u00e4\u00e4 koko ajan, aikataulut muuttuvat ja suunnitelmia t\u00e4ydennet\u00e4\u00e4n ja tarkistetaan jatkuvasti. Yhteydenpito ja ty\u00f6maalla sovittavien muutosten tiedottaminen taiteilijalle on rakennuttajan velvollisuus. Siit\u00e4 on hyv\u00e4 sopia etuk\u00e4teen.<\/strong><\/p>\n<p>Jos teos asennetaan ty\u00f6maan ollessa k\u00e4ynniss\u00e4, pit\u00e4\u00e4 sopia etuk\u00e4teen ty\u00f6maan vastaavan kanssa siit\u00e4, milloin teos tuodaan, kuka auttaa purkamisessa, minne osat varastoidaan, mit\u00e4 kaikkea asennusty\u00f6ss\u00e4 tehd\u00e4\u00e4n ja kuka teoksen asentaa.<\/p>\n<p>Jos teos toteutetaan rakennust\u00f6iden p\u00e4\u00e4tytty\u00e4, teoksen kiinnitykseen, kannatukseen, valaistukseen ja muuhun teoksen ymp\u00e4rist\u00f6\u00f6n liittyv\u00e4t asiat on hyv\u00e4 varmistaa ja sopia etuk\u00e4teen rakennuttajan, p\u00e4\u00e4suunnittelijan ja ty\u00f6maan kanssa, ettei valmiisiin rakenteisiin tarvitse tehd\u00e4 heti rakennuksen valmistuttua muutoksia.<\/p>\n<p><img loading=\"lazy\" decoding=\"async\" title=\"Eija Hakkola maalaamassa ty\u00f6maalla Arabianrannassa 2009. Kuva: Antti Sinkkonen.\" src=\"http:\/\/www.art360.fi\/taiteen-hankintamalli\/wp-content\/uploads\/2011\/02\/EijaHakkola1-600x450.jpg\" alt=\"\" width=\"600\" height=\"450\" \/><\/p>\n<h3><strong>5.2 Toimiminen ty\u00f6maalla<\/strong><\/h3>\n<p><strong>Mik\u00e4li taideteos toteutetaan ty\u00f6maalla rakennust\u00f6iden ollessa k\u00e4ynniss\u00e4, taiteilijaa koskevat kaikki samat s\u00e4\u00e4nn\u00f6t kuin rakennusty\u00f6ntekij\u00f6it\u00e4.<\/strong><\/p>\n<p>Taiteilijalla pit\u00e4\u00e4 olla kulkulupa ty\u00f6maalle, ja ty\u00f6maalla liikkumisesta, materiaalien s\u00e4ilytt\u00e4misest\u00e4, tilojen k\u00e4yt\u00f6st\u00e4 ja muusta sellaisesta pit\u00e4\u00e4 sopia ty\u00f6maan vastaavan mestarin kanssa. Taiteilijalla pit\u00e4\u00e4 olla turvavarustus ja suoritettu ensiapukortti. Taiteilijan pit\u00e4\u00e4 itse hankkia tai vuokrata turvavarusteet, p\u00e4\u00e4suojus, huomioliivit, turvakeng\u00e4t ja nostolaitteet esim. nosturin ja sen pakolliset turvalaitteet, kuten turvavaljaat.<\/p>\n<p>Ty\u00f6maa el\u00e4\u00e4 koko ajan, ja kaikkea joutuu sovittelemaan.\u00a0Telineit\u00e4, nosturia tai muita apuv\u00e4lineit\u00e4 voi joutua siirt\u00e4m\u00e4\u00e4n kesken ty\u00f6n.<\/p>\n<p>Ty\u00f6maalla ty\u00f6skentelev\u00e4ll\u00e4 taiteilijalla apulaisineen pit\u00e4\u00e4 olla lainmukaiset sosiaalitilat, wc:n ja pukutilojen k\u00e4ytt\u00f6mahdollisuus, p\u00e4\u00e4sy ruokailutiloihin jne.<\/p>\n<p>Teosta tehdess\u00e4 ja suunniteltaessa on hyv\u00e4 muistaa, ett\u00e4 sein\u00e4maalauksen tai muun taideteoksen tekeminen keskell\u00e4 ty\u00f6maata on julkinen paikka ty\u00f6skennell\u00e4. Taiteilijan pit\u00e4\u00e4 siet\u00e4\u00e4 melua, ty\u00f6miesten jatkuvaa liikuskelua, tavaroiden kantamista, vetoisuutta ja viel\u00e4 huolehtia teoksen ty\u00f6naikaisesta suojauksesta.<\/p>\n<p>Turvallisuussyist\u00e4 normaalien ty\u00f6maan ty\u00f6aikojen ulkopuolella ei saa ty\u00f6skennell\u00e4 yksin\u00e4\u00e4n, ellei siit\u00e4 ole erityisesti sovittu ty\u00f6maan vastaavan kanssa. Ty\u00f6ntekij\u00f6it\u00e4 t\u00e4ytyy aina olla paikalla v\u00e4hint\u00e4\u00e4n kaksi. \u00a0Ennen kuin taiteilija aloittaa ty\u00f6n ty\u00f6maalla, pit\u00e4\u00e4 hoitaa kuntoon yritt\u00e4j\u00e4n ty\u00f6naikainen tapaturmavakuutus. Lis\u00e4tietoja saa tapaturmavakuutusyhti\u00f6ist\u00e4.<\/p>\n<p>&nbsp;<\/p>\n<p><img loading=\"lazy\" decoding=\"async\" title=\"Eija Hakkola ty\u00f6maalla Arabianrannassa, 2009. Kuva: Antti Sinkkonen.\" src=\"http:\/\/www.art360.fi\/taiteen-hankintamalli\/wp-content\/uploads\/2011\/02\/Eijahakkola-600x421.jpg\" alt=\"\" width=\"600\" height=\"421\" \/><\/p>\n<h3>5.2.1 Vakuutukset<\/h3>\n<p><strong>Ty\u00f6tapaturmavakuutuksen lis\u00e4ksi rakennusty\u00f6maalla ty\u00f6skentelev\u00e4ll\u00e4 taiteilijalla pit\u00e4\u00e4 olla vastuuvakuutus, joka hankitaan 1 vuodeksi kerrallaan. T\u00e4m\u00e4 vastuuvakuutus on asennus- ja rakennusty\u00f6vakuutus silt\u00e4 varalta, ett\u00e4 taiteilija t\u00e4rvelee jotain teostaan tehdess\u00e4\u00e4n. <\/strong><\/p>\n<p><strong>Rakennuttaja huolehtii omista vastuistaan ottamalla vastuuvakuutuksen. Vastuuvakuutuksesta saa lis\u00e4tietoja vakuutusyhti\u00f6ist\u00e4.\u00a0<\/strong><\/p>\n<p>Suojaukset ilkivaltaa vastaan pit\u00e4\u00e4 my\u00f6s mietti\u00e4. Lasin tai plexin valinta, heijastukset, valaistus ja valo, vaikuttavat siihen, miten teos toimii ymp\u00e4rist\u00f6ss\u00e4\u00e4n. Jos teos sijaitsee yleisess\u00e4 tilassa, voi se olla altis vaurioille \u2013 ja joskus pit\u00e4\u00e4 hyv\u00e4ksy\u00e4, ett\u00e4 teosta ei voi suojata t\u00e4ydellisesti (esim. koulut). Teoksen korjaamisesta tulee tehd\u00e4 ohjeet.<\/p>\n<h3>5.2.2 Muut s\u00e4\u00e4nn\u00f6kset ja luvat<\/h3>\n<p>Julkisten, erityisesti asuinalueille sijoitettavien, \u00a0teosten tulee t\u00e4ytt\u00e4\u00e4 EU-direktiivien vaatimukset turvallisuudesta (leikkiv\u00e4line-, leikkipaikkadirektiivit).<\/p>\n<p>Rakennuttajien ja rakennusvalvonnan niin edellytt\u00e4ess\u00e4 on teokselle haettava joko lupa rakennusty\u00f6n yhteydess\u00e4 tai erillinen rakennuslupa.<\/p>\n<h3><strong>5.3 Aikataulu<\/strong><\/h3>\n<p><strong><strong>Rakennusty\u00f6maan aikataulu sovitaan rakennusty\u00f6n alussa. Urakoitsija tekee ehdotuksen ty\u00f6maa-aikataulusta, \u00a0ja rakennuttaja hyv\u00e4ksyy sen.\u00a0<strong><strong>Taideprojektin\u00a0<\/strong><\/strong><strong>aikataulu on rakennusurakan sanelema ja\u00a0<\/strong>riippuu sovitusta toteuttamistavasta, \u00a0ty\u00f6maalla toimimisesta ja asennuksien aikataulusta, jonka taiteilija sopii rakennuttajan ja urakoitsijan kanssa. T<\/strong><strong>aideprojektille varataan ty\u00f6maa-aikataulussa tietty aika, jolloin sen saa tehd\u00e4 ja jonka j\u00e4lkeen sen pit\u00e4\u00e4 olla valmis.\u00a0<\/strong><\/strong><\/p>\n<p>Taideprojekti on\u00a0pieni osanen\u00a0rakennushankkeen suuressa kokonaisuudessa. Taiteilija ja taidekoordinaattori joutuvat huolehtimaan siit\u00e4, ett\u00e4 taideprojekti on mukana aikatauluissa. Taiteilijan pit\u00e4\u00e4 arvioida tarvitsemansa aika niin, ett\u00e4 h\u00e4n pystyy toimimaan aikataulun puitteissa<strong><strong>.\u00a0<\/strong><\/strong>Mik\u00e4li teos on osa rakennusurakkaa ja teos on jokin rakennusosa, teoksen toteuttaminen liittyy kiinte\u00e4sti rakennuksen toteuttamisen aikatauluun.<\/p>\n<p>Ty\u00f6maan aikataulut tarkentuvat ja muuttuvat usein viel\u00e4 ty\u00f6maan ollessa k\u00e4ynniss\u00e4. Taiteilijan pit\u00e4\u00e4 saada tieto n\u00e4ist\u00e4 aikataulumuutoksista.<\/p>\n<h3><strong>5.4 Tiedonkulku<\/strong><\/h3>\n<p><strong>P\u00e4\u00e4urakoitsijan vastaava mestari tai ty\u00f6maainsin\u00f6\u00f6ri, joka on rakennusty\u00f6n toteuttajan (urakoitsijan) palveluksessa, vastaa kaikesta ty\u00f6maalla. Kaikki rakennusaikaiset j\u00e4rjestelyt ja k\u00e4ynnit pit\u00e4\u00e4 sopia ty\u00f6maan vastaavan kanssa. Ei riit\u00e4, ett\u00e4 ilmoittaa jostain asiasta ohikulkevalle ty\u00f6miehelle.<\/strong><\/p>\n<p><strong>Ty\u00f6maalla tilaajaa ja rakennuttajaa edustaa valvoja (rakennuttajakonsultti, projekti-insin\u00f6\u00f6ri, nimityksi\u00e4 on monia).\u00a0<\/strong><\/p>\n<p>Ty\u00f6maakokouksia on hankkeesta riippuen kerran viikossa, kerran kuussa tai miten rakennusty\u00f6n alussa on sovittu.\u00a0L\u00e4sn\u00e4 ovat ty\u00f6maan vastaava mestari, muiden urakoitsijoiden edustajat, suunnittelijat ja k\u00e4ytt\u00e4j\u00e4n edustajat.\u00a0Ty\u00f6maakokouksissa puhetta johtaa rakennuttajan edustajana valvoja. Ty\u00f6maakokousp\u00f6yt\u00e4kirjaan kirjataan ty\u00f6maan tilanne, suunnittelutilanne ja urakoitsijan ja suunnittelijoiden esille ottamat asiat, joista sovitaan kokouksessa ja ty\u00f6maakierroksella. Kaikki suuremmat muutokset rakennushankkeen suunnitelmissa ja aikataulussa sovitaan ja kirjataan n\u00e4iss\u00e4 kokouksissa.<\/p>\n<p>Taiteilija tarvitsee tiedon ty\u00f6maa-aikaisista muutoksista, jotka koskevat taideteoksen paikkaa tai muita siihen liittyvi\u00e4 olosuhteita, samoin aikataulumuutoksia. Taiteilijan tai taidekoordinaattorin\u00a0 ei yleens\u00e4 tarvitse osallistua ty\u00f6maakokouksiin, mutta taiteilija pit\u00e4\u00e4 kutsua paikalle kokouksiin, joissa k\u00e4sitell\u00e4\u00e4n taideteokseen tai sen paikkaan liittyvi\u00e4 asioita. Valvojan ja p\u00e4\u00e4suunnittelijan pit\u00e4\u00e4 rakennusprojektissa huolehtia siit\u00e4, ett\u00e4 muutoksista suunnitelmissa, toteutuksessa ja aikataulussa ilmoitetaan kaikille osallisille heti.<\/p>\n<p>Taiteilijan oma aktiivisuus on t\u00e4rke\u00e4\u00e4. Jotkut rakennuttajat antavat yhteystiedot rakennushankkeen eri osapuolista ja edellytt\u00e4v\u00e4t, ett\u00e4 taiteilija itse huolehtii ajoituksista ja muusta yhteydenpidosta suunnittelijoihin ja rakentajaan, esim. teoksen tekemisen ajoituksesta sovittaessa.<em>\u00a0 \u00a0\u00a0<\/em><\/p>\n<h3><strong>5.5 Luovuttaminen<\/strong><\/h3>\n<p><strong>Luovuttaminen tarkoittaa rakennusty\u00f6ss\u00e4 rakennuksen valmistumista ja siirtymist\u00e4 rakennusurakoitsijalta tilaajalle. Ennen luovuttamista rakennusty\u00f6maalla tai muussa rakennuskohteessa pidet\u00e4\u00e4n vastaanottotarkastus, josta rakennusty\u00f6n valvoja laatii vastaanottop\u00f6yt\u00e4kirjan. Jos vastaanottotarkastuksessa on havaittu puutteita, puutteiden korjaamisen j\u00e4lkeen rakennuskohteen siirtyminen rakentajalta tilaajalle todetaan kirjallisesti.<\/strong><\/p>\n<p>Mik\u00e4li taideteos on osa rakennusurakkaa ja rakennusosa, teos luovutetaan tilaajalle rakennuksen vastaanottotarkastuksessa kuten muu osa rakennuskohdetta, mik\u00e4 my\u00f6s kirjataan vastaanottop\u00f6yt\u00e4kirjaan.<\/p>\n<p>Mik\u00e4li erillinen taideprojekti valmistuu vasta rakennusty\u00f6n valmistumisen ja luovuttamisen j\u00e4lkeen, kannattaa pit\u00e4\u00e4 tilaajan ja taiteilijan tapaaminen paikalla, jossa todetaan teoksen valmistuneen ja siirtyv\u00e4n tilaajan vastuulle. Omistusoikeus siirtyy tilaajalle, kun viimeinen maksuposti on maksettu.<\/p>\n<h3><strong>5.6 Dokumentointi, huoltokirja<\/strong><\/h3>\n<p><strong>Teoksen tekovaiheet on hyv\u00e4 dokumentoida taiteilijan omaa k\u00e4ytt\u00f6\u00e4 varten\u00a0 ja rakennuttajalle annettavan huoltoselvityksen\u00a0 yhteyteen. Taideteoksen valmistumisen j\u00e4lkeen taideteos pit\u00e4\u00e4 dokumentoida valokuvaamalla. Paikkaan sidotut teokset pit\u00e4\u00e4 dokumentoida my\u00f6s siten, ett\u00e4 teos on tilassa. On hyv\u00e4 k\u00e4ytt\u00e4\u00e4 ammattikuvaajaa, mutta sopimuksista ja tilaajasta riippuu, kuka maksaa kuvaamisen. Tiedot taiteilijasta ja teoksesta ovat kiinnostavia ja hy\u00f6dyllisi\u00e4 rakennuksen k\u00e4ytt\u00e4jille.<\/strong><\/p>\n<p>Ellei toisin ole sovittu, taiteilijan pit\u00e4\u00e4 laatia taideteoksesta tilaajalle viimeist\u00e4\u00e4n luovutustilaisuudessa annettava materiaali- ja hoitoselvitys (huoltokirja),\u00a0 jossa tulee olla taideteoksen teostiedot ja k\u00e4ytetyt materiaalit ja v\u00e4rit, korjaus- ja entis\u00f6intiohjeet ja puhdistamisohjeet. Lis\u00e4ksi tulee kertoa kenen omistuksessa teos on ja kenell\u00e4 on huoltovastuu. Jos teos siirtyy valmistuttuaan esimerkiksi taidemuseon kokoelmiin, museon konservaattorit\u00a0 voivat laatia materiaaliselvityksen ja hoito-ohjeet. Nykyisin hoitoselvitys useimmiten pyydet\u00e4\u00e4n s\u00e4hk\u00f6isess\u00e4 muodossa.\u00a0 Joissain sopimuksissa hoitoselvitys on edellytys viimeisen maksuer\u00e4n maksamiselle.<\/p>\n<p>Jos taideteos on rakennusosa, materiaali- ja hoitoselvitys voidaan liitt\u00e4\u00e4 rakennuksen huoltokirjaan, jonka suunnittelijat laativat ja luovuttavat rakennuttajalle rakennuksen luovutuksen yhteydess\u00e4.<\/p>\n<ul>\n<li>Teostiedoissa\u00a0on taiteilijan nimi ja yhteystiedot, teoksen nimi, mitat ja tekniikka, lyhyt yleisluonnehdinta teoksesta ja sen taustasta, teoksen sijoitus ja suhde rakennukseen.<\/li>\n<li>Materiaaliselvityksess\u00e4\u00a0selostetaan kaikki k\u00e4ytetyt materiaalit, v\u00e4rikoodit ja materiaalien toimittajat, k\u00e4ytetyt tekniikat ja pintak\u00e4sittelyt, tarkempi kuvaus teoksen sijainnista, kiinnitystavasta ja tarviketyypeist\u00e4 ja mahdollisesti valaistusta koskevat erityisohjeet.<\/li>\n<li>Ty\u00f6tapaselvityksess\u00e4\u00a0kerrotaan ty\u00f6vaiheet ja tekotavat ja toteutuksen eri vaiheissa mukana olleet henkil\u00f6t ja yritykset (valimo, maalausliike, lasitusliike, rakennesuunnittelija jne.), mukana mielell\u00e4\u00e4n ty\u00f6aikaisia kuvia teksteineen.<\/li>\n<li>Hoitoselvitykseen\u00a0sis\u00e4ltyy s\u00e4\u00e4nn\u00f6llisen yll\u00e4pidon ohjeet (puhtaanapito), mahdolliset lis\u00e4ohjeet, jotka koskevat teoksen ymp\u00e4rist\u00f6\u00e4 ja oleellisia ominaispiirteit\u00e4. Lis\u00e4ksi hoitoselvitykseen on hyv\u00e4 sis\u00e4llytt\u00e4\u00e4 entis\u00f6intiohjeet mahdollisen ilkivallan tai vahingon sattuessa, ja samalla on hyv\u00e4 kirjata, kenelle hoitovastuu kuuluu.<\/li>\n<li>K\u00e4ytt\u00f6kustannuksissa pyrit\u00e4\u00e4n usein jonkin ajan kuluttua s\u00e4\u00e4st\u00e4m\u00e4\u00e4n, eli kaikki pit\u00e4\u00e4 kirjata. Huoltoselvitys siirtyy rakennuksen k\u00e4ytt\u00e4j\u00e4lle rakennuksen ja sit\u00e4 koskevien huoltokirjojen mukana.<\/li>\n<\/ul>\n<p><img loading=\"lazy\" decoding=\"async\" title=\"Ritva M\u00e4\u00e4tt\u00e4nen-Valkama: Sivu asuintalon porrashuoneiden taideseinien maalausty\u00f6selostuksesta ja huoltomaalausohjeesta.\" src=\"http:\/\/www.art360.fi\/taiteen-hankintamalli\/wp-content\/uploads\/2011\/02\/RitvaMaattanenValkama21-600x364.jpg\" alt=\"\" width=\"600\" height=\"364\" \/><\/p>\n<p>&nbsp;<\/p>\n<p><a href=\"https:\/\/www.painters.fi\/taiteenhankintamalli\/wp-content\/uploads\/2012\/09\/maalaushuolto5C11.pdf\" target=\"_blank\">&gt;&gt; Stig Baumgartner: sivu taideteoksen huoltokirjasta<\/a><br \/>\n<a href=\"https:\/\/www.painters.fi\/taiteenhankintamalli\/wp-content\/uploads\/2012\/09\/maalaushuolto5C2.pdf\" target=\"_blank\">&gt;&gt;\u00a0Stig Baumgartner: sivu taideteoksen huoltokirjasta<\/a><\/p>\n<h3><strong>5.7\u00a0<em><\/em>Julkistaminen<\/strong><\/h3>\n<p><strong>Taideteoksen valmistuminen tuo my\u00f6nteist\u00e4 julkisuutta tilaajalle ja rakennushankkeelle.\u00a0 Usein taideteoksen luovutuksen yhteydess\u00e4\u00a0<\/strong><strong>j\u00e4rjestet\u00e4\u00e4n j<\/strong><strong>ulkistamistilaisuus, johon kutsutaan tilaajan, taiteilijan, k\u00e4ytt\u00e4jien ja rakennushankkeeseen osallistuneiden lis\u00e4ksi kaikki teoksen toteuttamiseen osallistuneet henkil\u00f6t sek\u00e4 tiedotusv\u00e4lineiden edustajat.<\/strong><\/p>\n<p>Rakennuttaja vastaa taideteoksen julkistamistilaisuudesta. Yleens\u00e4 j\u00e4rjestelyt hoitaa taideteoksen valmistuttua taiteen v\u00e4litt\u00e4j\u00e4taho (taidemuseo, taidekoordinaattori), joka huolehtii kutsuvieraiden ja lehdist\u00f6n paikalle kutsumisesta, lehdist\u00f6tiedotteesta ja muun lehdist\u00f6lle jaettavan materiaalin tuottamisesta (tiedot teoksesta ja taiteilijasta, taiteilijan teoksen tekemisest\u00e4 antamat tiedot, teoskuvat)\u00a0 ja muista tilaisuuden k\u00e4yt\u00e4nn\u00f6n j\u00e4rjestelyist\u00e4. Lehdist\u00f6tiedote\u00a0yhdess\u00e4 materiaaliselvityksen ja kuvien kanssa muodostaa k\u00e4ytt\u00e4jille teosta esittelev\u00e4n tietopaketin, joka auttaa rakennuksen tulevia k\u00e4ytt\u00e4ji\u00e4 arvostamaan teosta ja ymm\u00e4rt\u00e4m\u00e4\u00e4n teoksen merkityst\u00e4.<\/p>\n<p>Taideteoksen julkistamisesta voidaan my\u00f6s tehd\u00e4 juhlava, jolloin teos on peitetty julkistamishetkeen asti, ja julkistamistilaisuudessa joku arvovaltainen henkil\u00f6 paljastaa teoksen.<\/p>\n<p>&nbsp;<\/p>\n<p><img loading=\"lazy\" decoding=\"async\" title=\"Dan Wolgers: Torso, 2010, pronssi. Teos sijaitsee Fotografiska museetin pihalla Tukholmassa. Kuvassa teos ennen paljastusta.\" src=\"http:\/\/www.art360.fi\/taiteen-hankintamalli\/wp-content\/uploads\/2011\/02\/DanWolgers.jpg\" alt=\"\" width=\"450\" height=\"600\" \/><\/p>\n<p><a href=\"http:\/\/www.stockholmshamnar.se\/Nyhet-press--kalender\/2010\/Invigning-av-konstverket-Torso-pa-Stadsgarden\/\" target=\"_blank\">&gt;&gt; Teoksen paljastustilaisuus Tukholmassa<\/a><\/p>\n<h3><strong>5.8 Taideprojektin vet\u00e4j\u00e4n rooli taideteoksen toteutusvaiheessa\u00a0<\/strong><\/h3>\n<p><strong>Taideprojektin vet\u00e4j\u00e4n osuus taideprojektin toteuttamisvaiheessa riippuu projektin koosta ja siit\u00e4, miten perehtynyt taiteilija on taideteoksen toteuttamiseen rakennushankkeessa. Yleisesti ottaen taidekoordinaattorin osuus v\u00e4henee ja taiteilijan osuus kasvaa. Taidekoordinaattori voi asiantuntemuksellaan auttaa taiteilijaa aikataulukysymyksiss\u00e4 sek\u00e4 yhteydenpidossa rakennuttajaan, suunnittelijoihin ja ty\u00f6maahan.\u00a0<\/strong><\/p>\n<p>&nbsp;<\/p>\n<h3><strong>5.9 Taiteilijan rooli taideteoksen toteutusvaiheessa<br \/>\n<\/strong><\/h3>\n<p><strong>Taiteilijan osuus taideteoksen toteutusvaiheessa on tietenkin t\u00e4rkein,\u00a0<strong><strong>ellei kyseess\u00e4 ole teos, joka on rakennusosa tai muuten osa rakennusurakkaa, jolloin taiteilijalle j\u00e4\u00e4 asiantuntijana valvonta toteutusvaiheessa.<\/strong><\/strong><\/strong><\/p>\n<p>Taiteilijan pit\u00e4\u00e4 pysty\u00e4 varmistamaan suunnittelun ja rakennusty\u00f6n kuluessa, ett\u00e4 taideteoksen paikka on sovitunlainen, ettei esimerkiksi teoksen paikaksi sovitulle sein\u00e4lle yht\u00e4kki\u00e4 ilmesty pistorasioita, jauhesammuttimia tai poistumistiemerkint\u00f6j\u00e4. Tekniset edellytykset toteutukselle pit\u00e4\u00e4 my\u00f6s varmistaa koko ajan. Tiedonkulku ja yhteisty\u00f6 taiteilijan, suunnittelijoiden ja rakennusty\u00f6maan v\u00e4lill\u00e4 on ensiarvoisen t\u00e4rke\u00e4\u00e4.<br \/>\n<\/p>\n","protected":false},"excerpt":{"rendered":"<p>Rakennukseen integroidun taideteoksen toteuttaminen riippuu\u00a0 siit\u00e4, miten taiteilija on suunnitellut ty\u00f6n. Toteuttamisesta ja aikataulusta pit\u00e4\u00e4 sopia etuk\u00e4teen rakennuttajan ja ty\u00f6maan kanssa. Kun teos on valmis ja paikallaan, se luovutetaan tilaajalle. Teoksen voi luovuttaa samaan aikaan rakennuksen luovuttamisen kanssa, erityisesti jos &hellip; <a href=\"https:\/\/www.painters.fi\/taiteenhankintamalli\/taidehankinta-rakennushankkeessa-%e2%88%92-taiteenhankintamalli\/5-taideteoksen-toteutus\/\">Continue reading <span class=\"meta-nav\">&rarr;<\/span><\/a><\/p>\n","protected":false},"author":4,"featured_media":0,"parent":34,"menu_order":4,"comment_status":"closed","ping_status":"open","template":"","meta":{"footnotes":""},"class_list":["post-44","page","type-page","status-publish","hentry"],"_links":{"self":[{"href":"https:\/\/www.painters.fi\/taiteenhankintamalli\/wp-json\/wp\/v2\/pages\/44","targetHints":{"allow":["GET"]}}],"collection":[{"href":"https:\/\/www.painters.fi\/taiteenhankintamalli\/wp-json\/wp\/v2\/pages"}],"about":[{"href":"https:\/\/www.painters.fi\/taiteenhankintamalli\/wp-json\/wp\/v2\/types\/page"}],"author":[{"embeddable":true,"href":"https:\/\/www.painters.fi\/taiteenhankintamalli\/wp-json\/wp\/v2\/users\/4"}],"replies":[{"embeddable":true,"href":"https:\/\/www.painters.fi\/taiteenhankintamalli\/wp-json\/wp\/v2\/comments?post=44"}],"version-history":[{"count":24,"href":"https:\/\/www.painters.fi\/taiteenhankintamalli\/wp-json\/wp\/v2\/pages\/44\/revisions"}],"predecessor-version":[{"id":579,"href":"https:\/\/www.painters.fi\/taiteenhankintamalli\/wp-json\/wp\/v2\/pages\/44\/revisions\/579"}],"up":[{"embeddable":true,"href":"https:\/\/www.painters.fi\/taiteenhankintamalli\/wp-json\/wp\/v2\/pages\/34"}],"wp:attachment":[{"href":"https:\/\/www.painters.fi\/taiteenhankintamalli\/wp-json\/wp\/v2\/media?parent=44"}],"curies":[{"name":"wp","href":"https:\/\/api.w.org\/{rel}","templated":true}]}}