{"id":40,"date":"2012-09-13T13:33:13","date_gmt":"2012-09-13T10:33:13","guid":{"rendered":"http:\/\/www.painters.fi\/taiteenhankintamalli\/?page_id=40"},"modified":"2013-01-15T14:09:38","modified_gmt":"2013-01-15T12:09:38","slug":"3-suunnittelu","status":"publish","type":"page","link":"https:\/\/www.painters.fi\/taiteenhankintamalli\/taidehankinta-rakennushankkeessa-%e2%88%92-taiteenhankintamalli\/3-suunnittelu\/","title":{"rendered":"3 Suunnittelu"},"content":{"rendered":"<h3><strong>3.1 Taideprojektin suunnitteluvaihe<\/strong><\/h3>\n<p><strong>Taideprojektin suunnitteluvaiheessa uudisrakennuksen tai peruskorjauksen taideohjelma tarkentuu taidekonseptiksi. Taiteilijat valitaan ja pyydet\u00e4\u00e4n taideteoksen tai teoksien luonnokset. T\u00e4m\u00e4 vaihe edellytt\u00e4\u00e4 paljon yhteisty\u00f6t\u00e4 eri osapuolten v\u00e4lill\u00e4 parhaan mahdollisen lopputuloksen saavuttamiseksi.\u00a0<\/strong><\/p>\n<p><strong>Taidehankinnan ja taideteoksen suunnittelu on hyv\u00e4 nivoa rakennussuunnitteluun niin, ett\u00e4 rakennussuunnitelmien valmistuessa taideteos tai teokset ovat mukana niiden kaikissa vaiheissa.\u00a0<\/strong><\/p>\n<p>Useimmiten taidekonsepti alkaa hahmottua rakennussuunnitelmien tarkentuessa. Rakennussuunnittelussa edet\u00e4\u00e4n ehdotuksista luonnoksiin ja luonnoksista toteuttamispiirustuksiin. Mukana on eri alojen suunnittelijoita, ja yleens\u00e4 rakennushankkeissa laaditaan arkkitehti-, rakenne-t, LVI- ja s\u00e4hk\u00f6-, ja pihasuunnitelmat. N\u00e4iden lis\u00e4ksi voidaan laatia erityissuunnitelmia rakennushankkeesta riippuen. Eri viranomaiset valvovat rakentamista, ja ennen rakentamisen aloittamista laaditaan viranomaispiirustukset, ns. p\u00e4\u00e4piirustukset, joiden avulla haetaan rakennuslupa.<\/p>\n<p>Kun rakennussuunnitelmat kustannusarvioineen ovat valmiit, tehd\u00e4\u00e4n p\u00e4\u00e4t\u00f6s rakentamisesta. P\u00e4\u00e4t\u00f6s voi olla my\u00f6s kielteinen tai hankkeen toteutusta voidaan siirt\u00e4\u00e4, joskus hankkeen suunnitelmia karsitaan ennen toteutuksen valmistelun aloittamista.<\/p>\n<h3><strong>3.2 Osapuolet taideprojektin suunnittelussa<\/strong><\/h3>\n<p><strong>Taideprojektia edustaa rakennussuunnittelun alkuvaiheissa v\u00e4litt\u00e4j\u00e4asiantuntija<\/strong>, joka voi olla taiteilija, mutta ei v\u00e4ltt\u00e4m\u00e4tt\u00e4 teoksen toteuttaja. Kaikki rakennuttajat eiv\u00e4t halua v\u00e4litt\u00e4j\u00e4asiantuntijaa vaan tukeutuvat mieluummin hankkeen suunnittelijan, arkkitehdin, esitt\u00e4miin taiteilijoihin tai valitsevat itse oman mieltymyksens\u00e4 perusteella taiteilijan. Joillakin arkkitehdeilla on vakiintuneita taiteilijayhteisty\u00f6kumppaneita, jolloin taiteilijavalinta ja yhteisty\u00f6 luonnostaan sujuu arkkitehdin kautta.<\/p>\n<p><strong>Julkisen rakentamisen k\u00e4yt\u00e4nn\u00f6iss\u00e4 on jo olemassa v\u00e4litt\u00e4j\u00e4tasot, paikalliset ja alueelliset taidemuseot ja maakunnalliset taidetoimikunnat ja l\u00e4\u00e4nintaiteilijat. Viel\u00e4 l\u00f6ytym\u00e4tt\u00e4 on yksityisen rakennuttajan avuksi kanava, jota kautta rakennuttaja saa helposti yhteyden taiteilijaan tai useampaan.<\/strong><\/p>\n<p><strong>Rakennushankkeen suunnittelija, yleens\u00e4 arkkitehti, joka toimii my\u00f6s p\u00e4\u00e4sunnittelijana, antaa taiteilijalle luonnosten tekemist\u00e4 varten paikkaa ja tilaa koskevat perustiedot.\u00a0<\/strong>P\u00e4\u00e4suunnittelija vastaa my\u00f6s viranomaisille toimitettavien p\u00e4\u00e4piirustusten laatimisesta. Yleens\u00e4 ennen p\u00e4\u00e4piirustusten sis\u00e4\u00e4n j\u00e4tt\u00e4mist\u00e4 arkkitehti neuvottelee hankkeesta rakennusvalvonnan kanssa. N\u00e4iss\u00e4 neuvotteluissa varmistetaan, tarvitaanko rakennuslupakuviin liitteen\u00e4 selvitys hankittavasta taideteoksesta. P\u00e4\u00e4t\u00f6kset tekee tilaaja-rakennuttaja tai h\u00e4nen valtuutettunsa.<\/p>\n<p>Kaikissa kaupungeissa ja kunnissa on rakennusvalvoja tai rakennusvalvontavirasto, josta saa my\u00f6s suoraan tietoa ja neuvoja siit\u00e4, tarvitaanko taideteokselle lupa ja mink\u00e4lainen.<\/p>\n<p><img loading=\"lazy\" decoding=\"async\" title=\"Eva L\u00f6fdahl: Yritt\u00e4j\u00e4veistos, 2006. Teos sijaitsee Narinkkatorilla Helsingiss\u00e4.\" src=\"http:\/\/www.art360.fi\/taiteen-hankintamalli\/wp-content\/uploads\/2011\/02\/EvaLofdahl-449x600.jpg\" alt=\"\" width=\"449\" height=\"600\" \/><\/p>\n<h3><strong>3.3 Taidekonsepti<\/strong><\/h3>\n<p><strong>Taidekonsepti on suuntaa-antava idea taiteen ja arkkitehtuurin integroitumisesta.<\/strong>\u00a0Taidekonseptin avulla voidaan m\u00e4\u00e4ritell\u00e4 taiteilijoiden ja taideteosten valintakriteerit ja taideteosten yleinen teema, voidaan sopia paikoista, tekniikoista ja hakea vaihtoehtoja.<\/p>\n<p><strong>V\u00e4litt\u00e4j\u00e4 muodostaa taidekonseptin yleens\u00e4 tilaajan, rakennuttajan, k\u00e4ytt\u00e4j\u00e4n ja arkkitehtisuunnittelijan taidetoiveista, tulevasta rakennuksesta ja sen paikasta.<\/strong>\u00a0V\u00e4litt\u00e4j\u00e4, joka voi siis olla taiteilija tai arkkitehti tai muu taidekent\u00e4n tuntija, miettii samalla, kuka voisi toteuttaa taideteoksen. H\u00e4n auttaa tilaajaa l\u00f6yt\u00e4m\u00e4\u00e4n 3\u22125 mahdollista taiteilijaa, joista tilaaja valitsee taideteoksen toteuttajan\/toteuttajat.<\/p>\n<h3><strong>3.4 Taiteilijavalinnat<\/strong><\/h3>\n<p><strong>Taiteilija voidaan valita suoraan tunnettuuden tai teoskuvien perusteella. Taiteilijoita voidaan pyyt\u00e4\u00e4 ilmoittautumaan hankkeen tai projektin tai taiteilijaseuran taiteilijapankkiin, jolloin taiteilija toimittaa tarvittaessa portfolion eli esittelykansion.\u00a0<\/strong><\/p>\n<p>Taiteilijavalinnat voidaan rajata koskemaan tietyn kuvataiteen alan taiteilijoita, maantieteellisesti rajatun alueen taiteilijoita (jonkin kaupungin, seuran, maakunnan, koko maan) tai taiteilijaseuran j\u00e4seni\u00e4.<\/p>\n<p>Taiteilijoilta voidaan pyyt\u00e4\u00e4 ennen lopullisen taiteilijavalinnan tekemist\u00e4 luonnokset taideteoksesta, jolloin tilanne on verrattavissa kutsukilpailuun. Pyydetyist\u00e4 luonnoksista tulee maksaa luonnospalkkio.<\/p>\n<p>Taiteilija voidaan my\u00f6s valita taidekilpailun kautta, joka nykyisin usein on kaksivaiheinen: ensin avoin ideakilpailu ja sen jatkona valittujen taiteilijoiden kutsukilpailu. N\u00e4in toimitaan usein isoissa rakennushankkeissa.<\/p>\n<p><a href=\"http:\/\/www.tyks.fi\/fi\/taide-sairaalassa\" target=\"_blank\">&gt;&gt; T-sairaalan taidehankinnat<\/a><br \/>\n<a href=\"http:\/\/wdchelsinki2012.fi\/uutiset\/helsingin-musiikkitalon-taidekilpailu-ratkaistu\" target=\"_blank\">&gt;&gt; Helsingin musiikkitalon taidekilpailu<\/a><br \/>\n<a href=\"http:\/\/www.porvoo.fi\/fi\/palvelut\/kulttuuri\/taidetehdas\/taidekilpailu\" target=\"_blank\">&gt;&gt; Porvoon Taidetehtaan alueen taidekilpailu<\/a><br \/>\n<a href=\"http:\/\/www.artists.fi\/files\/53\/Kuvataidekilpailujen_saannot.pdf\" target=\"_blank\">&gt;&gt; kuvataidekilpailujen s\u00e4\u00e4nn\u00f6t<\/a><br \/>\n<a href=\"http:\/\/www.artists.fi\/tietoa_toiminnasta\/kuvataidekilpailujen_jarjestaminen\" target=\"_blank\">&gt;&gt; kuvataidekilpailujen j\u00e4rjest\u00e4minen<\/a><\/p>\n<h3><strong>3.5 Luonnokset<\/strong><\/h3>\n<p><strong>Kaikissa tapauksissa taiteilijalta tarvitaan rakennushankkeen jossain vaiheessa luonnos tulevasta taideteoksesta. Luonnoksessa kuvataan teos sek\u00e4 visuaalisesti (piirustukset, malli, mallinnuskuvat tms.) ett\u00e4 kirjallisesti (teostiedot, materiaalit ja ty\u00f6tavat). Lis\u00e4ksi taiteilija toimittaa kustannusarvion, joka sis\u00e4lt\u00e4\u00e4 toteutuskustannukset ja taiteilijapalkkion.<\/strong><\/p>\n<p>Tilattavan taideteoksen luonnokset laaditaan niin, ett\u00e4 tilaajalla ja taiteilijalla on yhten\u00e4inen, selke\u00e4 mielikuva siit\u00e4, millainen on sopimuksessa tilattava teos. Luonnoksen avulla haetaan yhteinen kieli. Luonnoksen tulee olla taiteilijan ty\u00f6skentelytapaan luontevasti sopiva, sen ei tarvitse olla teknisten suunnitelmien tapainen vaan se voi olla vapaammin toteutettu, kunhan siit\u00e4 voi k\u00e4y ilmi, millainen teos on. Luonnokseen laatimiseen tarvittavat perustiedot, rakennuksen piirustukset ja muun materiaalin saa yleens\u00e4 hankkeen arkkitehdilta. Luonnokset hyv\u00e4ksyy tilaaja, tilaajan valtuuttama henkil\u00f6 tai taho tai ty\u00f6ryhm\u00e4.<\/p>\n<p>Luonnoksien tekemist\u00e4 varten taiteilijan pit\u00e4\u00e4 osata lukea piirustuksia tai h\u00e4nell\u00e4 pit\u00e4\u00e4 olla apuna joku, joka osaa selitt\u00e4\u00e4 tilan ja tilanteen. Paikkaan sidottu taide tarkoittaa monessa tapauksessa taideteoksen suunnittelua tilaan, jota ei viel\u00e4 ole olemassa.<\/p>\n<p><strong>Luonnokset eiv\u00e4t ole lopullisen teoksen valmiita kuvauksia, koska taiteilija ty\u00f6skentelee edelleen luonnoksen pohjalta rakennusvaiheessa.\u00a0<\/strong><\/p>\n<p>Jotkut taiteilijat tekev\u00e4t pienoismallin sek\u00e4 tilasta ett\u00e4 taideteoksesta, toisille luonnos on piirros tai\u00a0 maalaus. Kaksi- ja kolmiulotteiset mallit havainnollistavat tilannetta molemmin puolin, sill\u00e4 teoksen mahdollisuuksien ymm\u00e4rt\u00e4minen voi olla tilaajalle vaikeaa, ja toisaalta taiteilijalla voi olla vaikeuksia tulevan rakennuksen mittakaavan\u00a0 ja kolmiulotteisen tilan hahmottamisessa, kun suunnitteluvaiheessa tilaa ei ole viel\u00e4 olemassa. Taiteilijan ty\u00f6skentelytapa ja logiikka eiv\u00e4t v\u00e4ltt\u00e4m\u00e4tt\u00e4 ole suoraviivaista p\u00e4\u00e4ttely\u00e4 ja ennakointia.<\/p>\n<p>My\u00f6s toisinp\u00e4in suunnittelijalle on t\u00e4rke\u00e4\u00e4, ett\u00e4 taiteilija on aktiivinen valaistuksen suunnittelussa ja muussa ymp\u00e4r\u00f6iv\u00e4\u00e4 tilaa koskevissa asioissa, kuten tilan v\u00e4reiss\u00e4 ja valon suunnassa. Nykyisin isommissa rakennushankkeissa edellytet\u00e4\u00e4n arkkitehtisuunnitelmien mallinnuksia, joilla tulevia tiloja havainnollistetaan rakentamisen laadun varmentamiseksi. N\u00e4m\u00e4 mallinnukset eiv\u00e4t v\u00e4ltt\u00e4m\u00e4tt\u00e4 aina anna oikeaa k\u00e4sityst\u00e4 tilasta, mutta pienoismallit ovat osoittautuneet k\u00e4yt\u00e4nn\u00f6ss\u00e4 hyv\u00e4ksi v\u00e4lineeksi. Taiteilijan ei tarvitse osata mallintamisia osallistuakseen rakennushankkeeseen, koska arkkitehtitoimistot ja niiden k\u00e4ytt\u00e4m\u00e4t mallintamiseen erikoistuneet yritykset voivat sijoittaa taideteoksen mallinnuksiin luonnosten perusteella.<\/p>\n<p>Teostiedoista ilmenee taiteilijan nimi ja yhteystiedot (mielell\u00e4\u00e4n ansioluettelo), rakennuskohteen nimi, teoksen nimi, teoksen yleisluonnehdinta ja taustaa, sijoitus ja selvitys teoksen suhteesta rakennukseen tai paikkaan.<\/p>\n<p><strong>Materiaaliselvityksest\u00e4 k\u00e4y ilmi teoksen koko, materiaalit, pintak\u00e4sittelyt, kiinnitystapa ja tekniikka, tarkempi kuvaus sijoituksesta tai piirustus ja teoksen ymp\u00e4rist\u00f6lle asettamat vaatimukset, valaistus jne.<\/strong><\/p>\n<p>Toiset rakennuttajat haluavat luonnokset my\u00f6s digitaalisessa muodossa, erityisesti jos p\u00e4\u00e4tt\u00e4ji\u00e4 on useampia.<\/p>\n<p><strong>Ulos ja julkisiin tiloihin sijoitettavien taideteosten tulee t\u00e4ytt\u00e4\u00e4 turvallisuusvaatimukset. Luonnokset tarvitaan my\u00f6s p\u00e4\u00e4suunnittelijaa varten, joka voi selvitt\u00e4\u00e4 rakennuslupavaiheessa, tarvitaanko rakennusvalvonnan lupa taideteokselle.<\/strong><\/p>\n<p><img loading=\"lazy\" decoding=\"async\" src=\"http:\/\/www.art360.fi\/taiteen-hankintamalli\/wp-content\/uploads\/2011\/02\/RitvaMaattanenValkama2-450x600.jpg\" alt=\"\" width=\"450\" height=\"600\" \/><\/p>\n<h3><strong>3.6 Kustannusarvio<\/strong><\/h3>\n<p><strong>Luonnosten lis\u00e4ksi tarvitaan yleens\u00e4 aina kustannusarvio, mit\u00e4 teoksen toteuttaminen kokonaisuudessaan maksaa. Jos taideprojektille on varattu tietty kokonaissumma, kuten prosenttitaidehankkeissa, taiteilijan tulee pysty\u00e4 suunnittelemaan teos ja sen\u00a0 kustannukset materiaaleineen, vuokralaitteineen ja mahdollisine aput\u00f6ineen niin, ett\u00e4 taiteilijalle itselleenkin j\u00e4\u00e4 kohtuullinen taidepalkkio.<\/strong><\/p>\n<p>Kustannusarviossa ovat mukana:<\/p>\n<ul>\n<li>materiaalikustannukset eriteltyin\u00e4 p\u00e4\u00e4piirteiss\u00e4\u00e4n<\/li>\n<li>v\u00e4lilliset materiaalikulut (muotit ym.)<\/li>\n<li>ulkopuolisilla teetetty ty\u00f6<\/li>\n<li>apulaisten palkkiot<\/li>\n<li>suunnittelijoiden palkkiot (rakennesuunnittelu, valosuunnittelu)<\/li>\n<li>kuljetuskustannukset<\/li>\n<li>matkakustannukset<\/li>\n<li>oman auton k\u00e4ytt\u00f6<\/li>\n<li>taiteilijan suunnittelu ja valvontaty\u00f6t (muualla teetetyn ty\u00f6n seuranta)<\/li>\n<li>ty\u00f6tilan kustannukset<\/li>\n<li>ty\u00f6v\u00e4linekustannukset<\/li>\n<li>vakuutukset<\/li>\n<li>h\u00e4lyttimet<\/li>\n<li>valvonta<\/li>\n<li>teosten kiinnitykset.<\/li>\n<\/ul>\n<p>Taiteilijapalkkiossa on eritelty luonnospalkkio (palkkio + alv 9 %) ja taiteilijapalkkio. Taiteilijapalkkion osuus kokonaiskustannuksista vaihtelee k\u00e4ytetyn tekniikan ty\u00f6valtaisuudesta riippuen. Tarkemman arvion omien teosten osalta voi saavuttaa vasta toteutetun ja tarkkaan dokumentoidun taideprojektin j\u00e4lkeen. Taiteilijapalkkion suuruudesta kannattaa neuvotella my\u00f6s tilaajan kanssa.<\/p>\n<p>Taiteilijapalkkio on mukana kustannusarviossa\u00a0 erikseen, eik\u00e4 tunteja yleens\u00e4 eritell\u00e4 tarjouksessa, mutta oman ty\u00f6n m\u00e4\u00e4r\u00e4n arvioimiseksi on hyv\u00e4 mietti\u00e4 eri ty\u00f6vaiheisiin k\u00e4ytett\u00e4v\u00e4 aika. Kuinka monta kuukautta pit\u00e4\u00e4 varata suunnitteluun ja toteutukseen, monta tuntia ty\u00f6t\u00e4 on kuukaudessa ja mik\u00e4 on tuntihinta, miten monta tuntia varataan neuvotteluihin ja muiden tekem\u00e4n ty\u00f6n valvontaan?<\/p>\n<p>Jos hankesuunnitelmassa on varattu taideteokselle tietty rakennuskustannuksiin sidottu eurom\u00e4\u00e4r\u00e4, tulee taideteos suunnitella siten, ett\u00e4 se voidaan toteuttaa annetun m\u00e4\u00e4r\u00e4rahan puitteissa. Silloinkin kustannusarvioon sis\u00e4ltyv\u00e4t kaikki taideteoksesta aiheutuneet kulut alkaen sen suunnitteluun ja valintaan liittyvist\u00e4 kokouksista taiteilijan palkkioon ja teoksen materiaaleihin ja aput\u00f6ihin.<\/p>\n<p>Taideteoksen valintaan vaikuttaa my\u00f6s teoksen k\u00e4ytt\u00f6kustannukset.\u00a0 Arvio k\u00e4ytt\u00f6kustannuksista tehd\u00e4\u00e4n yleens\u00e4 rakennuttajan tai tilaajan kanssa.\u00a0 Mutta jo taideteosta suunnitellessa on k\u00e4ytt\u00f6kustannukset hyv\u00e4 ottaa huomioon,\u00a0 esimerkiksi liikkuvat osat, vesi, puhdistaminen jne., koska kaikki n\u00e4m\u00e4 vaikuttavat my\u00f6s taideteoksen elinkaareen.<\/p>\n<p><strong><a title=\"Taideteoksen tilaamisen k\u00e4yt\u00e4nn\u00f6t\" href=\"http:\/\/www.art360.fi\/taiteen-hankintamalli\/tilatun-taideteoksen-talouden-hallinnoinnista\/\" target=\"_blank\">&gt;&gt;\u00a0<\/a><\/strong><a title=\"Taideteoksen tilaamisen k\u00e4yt\u00e4nn\u00f6t\" href=\"http:\/\/www.art360.fi\/taiteen-hankintamalli\/tilatun-taideteoksen-talouden-hallinnoinnista\/\" target=\"_blank\">Kustannusarvion laatimisessa huomioon otettavaa<\/a><\/p>\n<h3><strong>3.7 Taideprojektin vet\u00e4j\u00e4n rooli<\/strong><\/h3>\n<p><strong>Taideprojektin suunnitteluvaiheessa voidaan hankkeelle valita oma taideprojektin vet\u00e4j\u00e4, taidekoordinaattori, jonka teht\u00e4v\u00e4n\u00e4 on hoitaa asiat taideprojektin suunnitteluvaiheesta toteutukseen. H\u00e4nelle kuuluu taidekonseptin kehitt\u00e4minen, taiteilijavalintojen valmistelu ja taiteilijan auttaminen taideteoksen toteuttamisessa. H\u00e4n on yhteyshenkil\u00f6 taiteilijan, suunnittelijan, rakennuttajan ja rakentajan v\u00e4liss\u00e4 kaikissa taideteosta koskevissa asioissa.<\/strong><\/p>\n<p>Olipa taideprojektin vet\u00e4j\u00e4 sitten erityisesti johonkin hankkeeseen valittu taidekoordinaattori tai rakennuttajan tai kunnan taideasiantuntija, h\u00e4n ideoi ja kokoaa taideprojektin taidekonseptin yhteisty\u00f6ss\u00e4 eri osapuolten kanssa taiteilija- ja teosvalintojen pohjaksi. H\u00e4n kokoaa tietoa hankkeeseen sopivista taiteilijoista, tiedottaa rakennushankkeesta ja sen tuomista mahdollisuuksista taiteilijoille, kokoaa taiteilijapankin tai ker\u00e4\u00e4 portfoliokokoelman ja esittelee mahdolliset taiteilijat taiteilijavalinnoista p\u00e4\u00e4tt\u00e4ville. Yleens\u00e4 esitell\u00e4\u00e4n 4\u20135 mahdollista taiteilijaa.<\/p>\n<p>Mik\u00e4li taidehankinnoista p\u00e4\u00e4tet\u00e4\u00e4n j\u00e4rjest\u00e4\u00e4 taidekilpailu, taideprojektin vet\u00e4j\u00e4 yleens\u00e4 kokoaa taiteilijaj\u00e4rjest\u00f6jen ohjeiden mukaan kilpailun ohjelman, joka hyv\u00e4ksytet\u00e4\u00e4n tilaajalla ja kuvataidej\u00e4rjest\u00f6jen edustajilla, ja toimii kilpailun sihteerin\u00e4. Taideprojektin vet\u00e4j\u00e4 voi my\u00f6s olla mukana p\u00e4\u00e4tt\u00e4m\u00e4ss\u00e4 taiteilijavalinnoista.<\/p>\n<h3><strong>3.8 Taiteilijan rooli<\/strong><\/h3>\n<p><strong>Taiteilijan osallistuminen on erilaista riippuen tilaajasta, rakennuttamis- ja suunnitteluorganisaatiosta ja siit\u00e4, mill\u00e4 tavalla ja kenen taholta taiteilija on valittu osallistumaan rakennusprosessiin.<\/strong><\/p>\n<p>Taiteilijasta t\u00e4ytyy l\u00f6yty\u00e4 helposti tietoa. Taiteilijavalintaan vaikuttaa aina taiteilijan tunnettuus, internetsivut ja omat kotisivut, referenssity\u00f6t ja my\u00f6s portfoliokokoelmissa mukana olo. Taideteoksen toteuttaminen rakennettuun ymp\u00e4rist\u00f6\u00f6n edellytt\u00e4\u00e4 kiinnostusta ty\u00f6skennell\u00e4 tilan antamissa puitteissa, yhteisty\u00f6kykyisyytt\u00e4 ja aina paljon omaa aktiivisuutta.<\/p>\n<p>Portfoliot vanhentuvat nopeasti, ja yh\u00e4 enemm\u00e4n k\u00e4ytet\u00e4\u00e4nkin taiteilijavalinnoissa internetti\u00e4, kotisivuja, verkkomatrikkelia &#8211; t\u00e4rkeint\u00e4 on ajantasaisuus. Teoskuvat kertovat taiteilijan ty\u00f6st\u00e4, referenssit\u00f6iss\u00e4 teos ja tila muodostavat erityisesti kokonaistaideteoksen, ja silloin teos pit\u00e4\u00e4 kuvata tilassa.<\/p>\n<p>Joskus taiteilijavalinnan edellytyksen\u00e4 on, ett\u00e4 taiteilija on ennakkoperint\u00e4rekisteriss\u00e4, jolloin taiteilijalle voidaan maksaa palkkio ilman ennakonpid\u00e4tyst\u00e4 &#8211; \u00a0taiteilijalle ei makseta palkkaa vaan palkkio laskun mukaan, t\u00e4ll\u00f6in kyse ei ole ty\u00f6suhteesta.<\/p>\n<p>Taideprojektin suunnitteluvaiheessa taiteilija kokoaa tai p\u00e4ivitt\u00e4\u00e4 portfolionsa, kotisivunsa ja verkkomatrikkelitietonsa. Taiteilijavalinnoissa pidet\u00e4\u00e4n t\u00e4rke\u00e4n\u00e4, ett\u00e4 k\u00e4ytett\u00e4viss\u00e4 on taiteilijasta mahdollisimman ajanmukaista tietoa.<\/p>\n<p>Taiteilijan tulee itse olla aktiivinen ja ilmoittautua taiteilijapankkiin, mik\u00e4li haluaa osallistua taideteosten toteuttamiseen rakennushankkeessa. Taiteilijan tulee my\u00f6s olla valmis esittelem\u00e4\u00e4n ty\u00f6ns\u00e4 ja toimintatapansa lyhyesti ja selke\u00e4sti mahdollisessa haastattelutilanteessa.<\/p>\n<p><strong>Taiteilija tekee tilauksesta taideteoksen luonnoksen ja kustannusarvion, joista maksetaan luonnospalkkio. Rakennukseen integroidun taideteoksen luonnosten laatimisvaiheessa taiteilijan yhteisty\u00f6 arkkitehdin ja muiden suunnittelijoiden, k\u00e4ytt\u00e4jien ja rakennuttajan kanssa on t\u00e4rke\u00e4\u00e4. Kuvataidekilpailussa t\u00e4m\u00e4 otetaan huomioon j\u00e4rjest\u00e4m\u00e4ll\u00e4 tilaisuus kysymyksiin ja antamalla taiteilijoille mahdollisuus tutustua rakennuksen pienoismalliin.<\/strong><\/p>\n<p><strong>Teoksen paikan suunnittelussa ja teoksen suunnittelussa pit\u00e4\u00e4 ottaa huomioon paljon muutakin kuin sopiva sein\u00e4 tai alusta. Taiteilijan pit\u00e4\u00e4 e<strong>rityisesti\u00a0<\/strong>uudisrakennushankkeissa pysty\u00e4 hahmottamaan tuleva, ei viel\u00e4 olemassa oleva tila, luonnonvalon suunta, valaistus, ihmisten liikkuminen, tilassa olevat laitteet ja varusteet sek\u00e4 ulkotilassa kest\u00e4vyys, ilkivalta, korjattavuus, turvallisuus.<\/strong>\u00a0T\u00e4ss\u00e4 yhteisty\u00f6 arkkitehdin kanssa on avainasemassa. Peruskorjaushankkeissa tila on jo olemassa ja helpompi hahmottaa.<\/p>\n<p>Rakennushankkeissa tiedonkulku voi vaikeutua my\u00f6s siksi, ett\u00e4 projektit kest\u00e4v\u00e4t pitk\u00e4\u00e4n ja\u00a0eri vaiheita ja ihmisi\u00e4 on paljon ja samaakin teht\u00e4v\u00e4\u00e4 voivat hoitaa useat ihmiset ja vaihtuvuus voi olla suuri.<br \/>\n<\/p>\n","protected":false},"excerpt":{"rendered":"<p>3.1 Taideprojektin suunnitteluvaihe Taideprojektin suunnitteluvaiheessa uudisrakennuksen tai peruskorjauksen taideohjelma tarkentuu taidekonseptiksi. Taiteilijat valitaan ja pyydet\u00e4\u00e4n taideteoksen tai teoksien luonnokset. T\u00e4m\u00e4 vaihe edellytt\u00e4\u00e4 paljon yhteisty\u00f6t\u00e4 eri osapuolten v\u00e4lill\u00e4 parhaan mahdollisen lopputuloksen saavuttamiseksi.\u00a0 Taidehankinnan ja taideteoksen suunnittelu on hyv\u00e4 nivoa rakennussuunnitteluun niin, &hellip; <a href=\"https:\/\/www.painters.fi\/taiteenhankintamalli\/taidehankinta-rakennushankkeessa-%e2%88%92-taiteenhankintamalli\/3-suunnittelu\/\">Continue reading <span class=\"meta-nav\">&rarr;<\/span><\/a><\/p>\n","protected":false},"author":4,"featured_media":0,"parent":34,"menu_order":2,"comment_status":"closed","ping_status":"open","template":"","meta":{"footnotes":""},"class_list":["post-40","page","type-page","status-publish","hentry"],"_links":{"self":[{"href":"https:\/\/www.painters.fi\/taiteenhankintamalli\/wp-json\/wp\/v2\/pages\/40","targetHints":{"allow":["GET"]}}],"collection":[{"href":"https:\/\/www.painters.fi\/taiteenhankintamalli\/wp-json\/wp\/v2\/pages"}],"about":[{"href":"https:\/\/www.painters.fi\/taiteenhankintamalli\/wp-json\/wp\/v2\/types\/page"}],"author":[{"embeddable":true,"href":"https:\/\/www.painters.fi\/taiteenhankintamalli\/wp-json\/wp\/v2\/users\/4"}],"replies":[{"embeddable":true,"href":"https:\/\/www.painters.fi\/taiteenhankintamalli\/wp-json\/wp\/v2\/comments?post=40"}],"version-history":[{"count":13,"href":"https:\/\/www.painters.fi\/taiteenhankintamalli\/wp-json\/wp\/v2\/pages\/40\/revisions"}],"predecessor-version":[{"id":1140,"href":"https:\/\/www.painters.fi\/taiteenhankintamalli\/wp-json\/wp\/v2\/pages\/40\/revisions\/1140"}],"up":[{"embeddable":true,"href":"https:\/\/www.painters.fi\/taiteenhankintamalli\/wp-json\/wp\/v2\/pages\/34"}],"wp:attachment":[{"href":"https:\/\/www.painters.fi\/taiteenhankintamalli\/wp-json\/wp\/v2\/media?parent=40"}],"curies":[{"name":"wp","href":"https:\/\/api.w.org\/{rel}","templated":true}]}}