{"id":36,"date":"2012-09-13T13:31:32","date_gmt":"2012-09-13T10:31:32","guid":{"rendered":"http:\/\/www.painters.fi\/taiteenhankintamalli\/?page_id=36"},"modified":"2013-01-15T10:52:01","modified_gmt":"2013-01-15T08:52:01","slug":"1-aloite","status":"publish","type":"page","link":"https:\/\/www.painters.fi\/taiteenhankintamalli\/taidehankinta-rakennushankkeessa-%e2%88%92-taiteenhankintamalli\/1-aloite\/","title":{"rendered":"1 Aloite"},"content":{"rendered":"<p><strong>Aloite taidehankinnasta on hyv\u00e4 tehd\u00e4 heti, kun jokin rakennushanke tulee esille. Rakennushankkeesta laaditaan ensin tarveselvitys. Tarveselvitys sis\u00e4lt\u00e4\u00e4 perustelut hankkeen tarpeellisuudesta, alustavan tilaohjelman (mink\u00e4laisia tiloja, huoneita tarvitaan), kuvauksen tiloista ja niiden sijainnista vaadittavista ominaisuuksista, vaihtoehtoiset ratkaisut sek\u00e4 hankkeen toteutusaikataulun.<\/strong><\/p>\n<p>T\u00e4ss\u00e4 vaiheessa tarvitaan sopiva henkil\u00f6 (henkil\u00f6ryhm\u00e4) tilaajaorganisaatiossa, taidemuseossa, rakennuksen k\u00e4ytt\u00e4jiss\u00e4 tai vaikkapa paikallisessa taiteilijaj\u00e4rjest\u00f6ss\u00e4, joka tekee aloitteen taidehankinnan sis\u00e4llytt\u00e4misest\u00e4 rakennushankkeeseen. H\u00e4n esitt\u00e4\u00e4 perustelut siit\u00e4, miten taidehankintojen avulla voidaan edist\u00e4\u00e4 rakennushankkeelle asetettujen tavoitteiden saavuttamista ja lis\u00e4t\u00e4 rakennuksen merkitt\u00e4vyytt\u00e4 k\u00e4ytt\u00e4jille. T\u00e4m\u00e4 koskee uudisrakennus- ja peruskorjaushankkeita.<\/p>\n<p><strong>Taidehankinnan ottaminen mukaan tarveselvitykseen ainakin mainintana on oleellista, sill\u00e4 tarveselvityksen perusteella tehd\u00e4\u00e4n p\u00e4\u00e4t\u00f6s rakennuksen hankesuunnittelun aloittamisesta (hankesuunnittelup\u00e4\u00e4t\u00f6s).<\/strong>\u00a0Periaatep\u00e4\u00e4t\u00f6s taidehankinnasta on my\u00f6s hyv\u00e4 sis\u00e4llytt\u00e4\u00e4 hankesuunnittelup\u00e4\u00e4t\u00f6kseen. Sis\u00e4llytt\u00e4minen voi tarkoittaa yleisen prosenttiperiaatteen kirjaamista. Jos kyseess\u00e4 on suurempi hanke, voi tarveselvityksen taidehankintoja koskevaan mainintaan sis\u00e4lty\u00e4 idea taidehankintojen toteuttamisen tavoista.<\/p>\n<p>Kaaviossa esiintyv\u00e4 taideprojektin vet\u00e4j\u00e4 tai v\u00e4litt\u00e4j\u00e4 on taidekent\u00e4n tuntija, joka voi olla t\u00e4ss\u00e4 vaiheessa alueellinen taidetoimikunta, kunnallinen taidemuseo, paikallinen taiteilijaseura, kunnan kulttuuritoimi, taiteilija tai arkkitehti.<\/p>\n<p>Taideprojektin vet\u00e4j\u00e4 kokoaa taidehankkeen perusteluja. H\u00e4n visualisoi ja havainnollistaa esimerkein, mit\u00e4 taide voi merkit\u00e4 rakennushankkeessa. Taiteenhankinta rakennukseen on prosessi, johon ei ole yht\u00e4 menettelytapaa. Jokainen tilanne ja taidehankinta on omanlaisensa ja vaatii vuoropuhelua taideprojektin vet\u00e4j\u00e4n, rakennuttajan, suunnittelijoiden ja rakennushankkeen p\u00e4\u00e4t\u00f6ksentekij\u00f6iden v\u00e4lill\u00e4.<\/p>\n<p>Taiteilija voi toimia taideprojektin aloitteentekij\u00e4n\u00e4. H\u00e4n on asiantuntija, joka voi olla mukana taidetoimikunnassa, taiteilijaj\u00e4rjest\u00f6ss\u00e4, museossa, kuvataiteen koulussa ja aktiivisesti edist\u00e4\u00e4 prosenttiperiaatteen k\u00e4ytt\u00f6\u00e4 ja k\u00e4yt\u00e4nt\u00f6jen kehitt\u00e4mist\u00e4 omalla paikkakunnallaan. H\u00e4n voi my\u00f6s toimia konsulttina, jolta tilataan ty\u00f6panos taideprojektin vet\u00e4j\u00e4n\u00e4.<\/p>\n<p><img loading=\"lazy\" decoding=\"async\" title=\"Tamperelainen, 24.7.2010.\" src=\"http:\/\/www.art360.fi\/taiteen-hankintamalli\/wp-content\/uploads\/2011\/02\/Tamperelainen24710.jpg\" alt=\"\" width=\"449\" height=\"600\" \/><\/p>\n<p>&nbsp;<\/p>\n<p><img loading=\"lazy\" decoding=\"async\" title=\"Gun Gordillo: Valoteos, 1998. Sijaitsee Tukholman H\u00f6torgetin metroasemalla, joka on rakennettu 1950-luvulla.\" src=\"http:\/\/www.art360.fi\/taiteen-hankintamalli\/wp-content\/uploads\/2011\/02\/GunGordillo-450x600.jpg\" alt=\"\" width=\"450\" height=\"600\" \/><\/p>\n<p>Esimerkki: Tukholman metroaseman taideteokset<\/p>\n<p>Tukholman metron taideteokset on hankittu kahden taiteilijan aloitteesta. Erityyppiset taideteokset Tukholman metroasemilla, bussiterminaaleissa ja paikallisjunien asemilla ovat nyt jo itsest\u00e4\u00e4nselvyys ja yksi Tukholman kaupungin matkailukohteista.<\/p>\n<p><a href=\"http:\/\/sl.se\/en\/Visitor\/Art-guide\/\" target=\"_blank\">&gt;&gt; \u00a0Taide Tukholman metrossa<\/a><\/p>\n<p>&nbsp;<\/p>\n<p><img loading=\"lazy\" decoding=\"async\" title=\"Viva Granlund ja ty\u00f6ryhm\u00e4: Opintoputki, 2006 sein\u00e4maalaukset. Teokset sijaitsevat Kaisaniemen metroaseman jalankulkutunnelissa Helsingiss\u00e4. Opintoputken sein\u00e4maalaukset ovat yksitt\u00e4isen taiteilijan aloitteesta alkanut taideprojekti.   \" src=\"http:\/\/www.art360.fi\/taiteen-hankintamalli\/wp-content\/uploads\/2011\/02\/VivaGranlund-600x485.jpg\" alt=\"\" width=\"600\" height=\"485\" \/><\/p>\n<p>&nbsp;<\/p>\n<p>&nbsp;<\/p>\n<p>&nbsp;<\/p>\n<div><\/div>\n","protected":false},"excerpt":{"rendered":"<p>Aloite taidehankinnasta on hyv\u00e4 tehd\u00e4 heti, kun jokin rakennushanke tulee esille. Rakennushankkeesta laaditaan ensin tarveselvitys. Tarveselvitys sis\u00e4lt\u00e4\u00e4 perustelut hankkeen tarpeellisuudesta, alustavan tilaohjelman (mink\u00e4laisia tiloja, huoneita tarvitaan), kuvauksen tiloista ja niiden sijainnista vaadittavista ominaisuuksista, vaihtoehtoiset ratkaisut sek\u00e4 hankkeen toteutusaikataulun. T\u00e4ss\u00e4 vaiheessa &hellip; <a href=\"https:\/\/www.painters.fi\/taiteenhankintamalli\/taidehankinta-rakennushankkeessa-%e2%88%92-taiteenhankintamalli\/1-aloite\/\">Continue reading <span class=\"meta-nav\">&rarr;<\/span><\/a><\/p>\n","protected":false},"author":4,"featured_media":0,"parent":34,"menu_order":1,"comment_status":"closed","ping_status":"open","template":"","meta":{"footnotes":""},"class_list":["post-36","page","type-page","status-publish","hentry"],"_links":{"self":[{"href":"https:\/\/www.painters.fi\/taiteenhankintamalli\/wp-json\/wp\/v2\/pages\/36","targetHints":{"allow":["GET"]}}],"collection":[{"href":"https:\/\/www.painters.fi\/taiteenhankintamalli\/wp-json\/wp\/v2\/pages"}],"about":[{"href":"https:\/\/www.painters.fi\/taiteenhankintamalli\/wp-json\/wp\/v2\/types\/page"}],"author":[{"embeddable":true,"href":"https:\/\/www.painters.fi\/taiteenhankintamalli\/wp-json\/wp\/v2\/users\/4"}],"replies":[{"embeddable":true,"href":"https:\/\/www.painters.fi\/taiteenhankintamalli\/wp-json\/wp\/v2\/comments?post=36"}],"version-history":[{"count":15,"href":"https:\/\/www.painters.fi\/taiteenhankintamalli\/wp-json\/wp\/v2\/pages\/36\/revisions"}],"predecessor-version":[{"id":69,"href":"https:\/\/www.painters.fi\/taiteenhankintamalli\/wp-json\/wp\/v2\/pages\/36\/revisions\/69"}],"up":[{"embeddable":true,"href":"https:\/\/www.painters.fi\/taiteenhankintamalli\/wp-json\/wp\/v2\/pages\/34"}],"wp:attachment":[{"href":"https:\/\/www.painters.fi\/taiteenhankintamalli\/wp-json\/wp\/v2\/media?parent=36"}],"curies":[{"name":"wp","href":"https:\/\/api.w.org\/{rel}","templated":true}]}}