{"id":34,"date":"2012-09-13T13:30:38","date_gmt":"2012-09-13T10:30:38","guid":{"rendered":"http:\/\/www.painters.fi\/taiteenhankintamalli\/?page_id=34"},"modified":"2013-02-13T14:30:11","modified_gmt":"2013-02-13T12:30:11","slug":"taidehankinta-rakennushankkeessa-%e2%88%92-taiteenhankintamalli","status":"publish","type":"page","link":"https:\/\/www.painters.fi\/taiteenhankintamalli\/taidehankinta-rakennushankkeessa-%e2%88%92-taiteenhankintamalli\/","title":{"rendered":"Taidehankinta rakennushankkeessa \u2212 taiteenhankintamalli"},"content":{"rendered":"<p><strong>Rakennushankkeen yhteydess\u00e4 toteutetun taideteoksen hankintaprosessia voi kuvata vaiheittain kuten yleens\u00e4 kuvataan rakennushankkeen etenemist\u00e4. Rakennushanke on usein monen vuoden projekti. Taiteenhankintaprosessin eri vaiheet ovat lyhyempi\u00e4, mutta ne linkittyv\u00e4t tietyiss\u00e4 p\u00e4\u00e4t\u00f6ksentekokohdissa rakennushankkeeseen.<\/strong><\/p>\n<p><strong>Taiteenhankintaprosessia<\/strong>\u00a0voi kuvata hyvin monella eri tavalla, t\u00e4ss\u00e4 esitetty malli on yleisesitys, jota voi soveltaa tilanteesta ja hankkeesta riippuen. Malliin on pyritty kokoamaan taideteoksen tai -teosten kannalta oleellisia asioita projektin\u00a0eri vaiheissa.<\/p>\n<p><a href=\"http:\/\/www.art360.fi\/taiteen-hankintamalli\/wp-content\/uploads\/2011\/02\/taiteenhankintamalli.jpg\"><img loading=\"lazy\" decoding=\"async\" title=\"taiteenhankintamalli\" src=\"http:\/\/www.art360.fi\/taiteen-hankintamalli\/wp-content\/uploads\/2011\/02\/taiteenhankintamalli.jpg\" alt=\"\" width=\"600\" height=\"1200\" \/><\/a><\/p>\n<p>&nbsp;<\/p>\n<p><strong>Aloitteella<\/strong>\u00a0kuvataan t\u00e4ss\u00e4 taiteenhankintamallissa vaihetta, jossa rakennuttaja vakuuttuu taidehankinnan merkityksest\u00e4 ja t\u00e4rkeydest\u00e4, mieluimmin viel\u00e4 rakennushankkeen alkuvaiheissa.<\/p>\n<p><strong>Valmisteluvaiheessa<\/strong>\u00a0m\u00e4\u00e4ritet\u00e4\u00e4n, miten taidehankinta tehd\u00e4\u00e4n, mink\u00e4laiset reunaehdot rakennushanke asettaa taidehankinnalle ja mink\u00e4laiset ovat kustannusraamit. Tavoitteena on, ett\u00e4 taidehankinta on mukana rakennuksen hankesuunnitelmassa, kun hankep\u00e4\u00e4t\u00f6s tehd\u00e4\u00e4n.<\/p>\n<p><strong>Taideprojektin suunnitteluvaiheessa<\/strong>\u00a0valitaan taiteilija(t) ja taiteilija laatii yhteisymm\u00e4rryksess\u00e4 suunnittelijoiden ja rakennuttajan kanssa taideteoksen luonnokset jotka rakennuttaja hyv\u00e4ksyy. Luonnoksiin sis\u00e4ltyy kustannusarvio.<\/p>\n<p><strong>Toteutuksen valmisteluvaiheessa<\/strong>\u00a0neuvotellaan sopimus ja sovitetaan taideprojekti rakennushankkeeseen. T\u00e4m\u00e4 vaihe on hyv\u00e4 linkitt\u00e4\u00e4 rakennushankkeen urakka-asiakirjojen laatimisvaiheeseen.<\/p>\n<p><strong>Toteutus<\/strong>\u00a0voi olla rakentamisen yhteydess\u00e4 tai sen j\u00e4lkeen tilanteesta ja teoksesta riippuen.<\/p>\n<p>Kun teos on valmis, se luovutetaan tilaajalle ja alkaa paikkaan sidotun\u00a0<strong>taideteoksen elinkaaren<\/strong>\u00a0pisin vaihe osana rakennusta tai paikkaa. Olosuhteiden muutos rakennuksessa tai paikassa aiheuttaa aina tilanteen uudelleen arvioinnin my\u00f6s taideteoksen osalta.<\/p>\n<p><a title=\"Rakennushankkeen kulku\" href=\"https:\/\/www.painters.fi\/taiteenhankintamalli\/taidehankinta-rakennushankkeessa-%e2%88%92-taiteenhankintamalli\/rakennushankkeen-kulku\/\" target=\"_blank\">&gt;&gt; Rakennushankkeen kulku\u00a0<\/a><\/p>\n<p>&nbsp;<\/p>\n<p><img alt=\"\" \/><\/p>\n<p>&nbsp;<\/p>\n","protected":false},"excerpt":{"rendered":"<p>Rakennushankkeen yhteydess\u00e4 toteutetun taideteoksen hankintaprosessia voi kuvata vaiheittain kuten yleens\u00e4 kuvataan rakennushankkeen etenemist\u00e4. Rakennushanke on usein monen vuoden projekti. Taiteenhankintaprosessin eri vaiheet ovat lyhyempi\u00e4, mutta ne linkittyv\u00e4t tietyiss\u00e4 p\u00e4\u00e4t\u00f6ksentekokohdissa rakennushankkeeseen. Taiteenhankintaprosessia\u00a0voi kuvata hyvin monella eri tavalla, t\u00e4ss\u00e4 esitetty malli on &hellip; <a href=\"https:\/\/www.painters.fi\/taiteenhankintamalli\/taidehankinta-rakennushankkeessa-%e2%88%92-taiteenhankintamalli\/\">Continue reading <span class=\"meta-nav\">&rarr;<\/span><\/a><\/p>\n","protected":false},"author":4,"featured_media":0,"parent":0,"menu_order":8,"comment_status":"closed","ping_status":"open","template":"","meta":{"footnotes":""},"class_list":["post-34","page","type-page","status-publish","hentry"],"_links":{"self":[{"href":"https:\/\/www.painters.fi\/taiteenhankintamalli\/wp-json\/wp\/v2\/pages\/34","targetHints":{"allow":["GET"]}}],"collection":[{"href":"https:\/\/www.painters.fi\/taiteenhankintamalli\/wp-json\/wp\/v2\/pages"}],"about":[{"href":"https:\/\/www.painters.fi\/taiteenhankintamalli\/wp-json\/wp\/v2\/types\/page"}],"author":[{"embeddable":true,"href":"https:\/\/www.painters.fi\/taiteenhankintamalli\/wp-json\/wp\/v2\/users\/4"}],"replies":[{"embeddable":true,"href":"https:\/\/www.painters.fi\/taiteenhankintamalli\/wp-json\/wp\/v2\/comments?post=34"}],"version-history":[{"count":6,"href":"https:\/\/www.painters.fi\/taiteenhankintamalli\/wp-json\/wp\/v2\/pages\/34\/revisions"}],"predecessor-version":[{"id":1374,"href":"https:\/\/www.painters.fi\/taiteenhankintamalli\/wp-json\/wp\/v2\/pages\/34\/revisions\/1374"}],"wp:attachment":[{"href":"https:\/\/www.painters.fi\/taiteenhankintamalli\/wp-json\/wp\/v2\/media?parent=34"}],"curies":[{"name":"wp","href":"https:\/\/api.w.org\/{rel}","templated":true}]}}