{"id":32,"date":"2012-09-13T13:29:55","date_gmt":"2012-09-13T10:29:55","guid":{"rendered":"http:\/\/www.painters.fi\/taiteenhankintamalli\/?page_id=32"},"modified":"2013-02-13T15:24:19","modified_gmt":"2013-02-13T13:24:19","slug":"paikkasidonnainen-taide","status":"publish","type":"page","link":"https:\/\/www.painters.fi\/taiteenhankintamalli\/paikkasidonnainen-taide\/","title":{"rendered":"Paikkasidonnainen taide"},"content":{"rendered":"<p><strong>Taidetta voidaan tehd\u00e4 ennalta m\u00e4\u00e4riteltyyn, valittuun ja merkityksen muodostamiseen vaikuttavaan paikkaan. Paikka voi olla koti, rakennus, asuinymp\u00e4rist\u00f6 tai esimerkiksi julkinen tila, kaupunkitila, katutila tai maisematila. Jo hankintavaiheessa pyrit\u00e4\u00e4n ottamaan huomioon teoksen paikantuminen ja asettuminen tilaan. Paikkasidonnaiseen taiteeseen liittyy olennaisesti vuorovaikutus taiteilijan, tilaajan, suunnittelijan ja tilan k\u00e4ytt\u00e4j\u00e4n v\u00e4lill\u00e4.<\/strong><\/p>\n<p><em>\u201dPaikkasidonnaisuus edellytt\u00e4\u00e4, ett\u00e4 taidetta tehd\u00e4\u00e4n ennalta m\u00e4\u00e4riteltyyn, valittuun ja merkityksen muodostamiseen vaikuttavaan paikkaan tai kyseisest\u00e4 paikasta l\u00e4htien.\u201d (Tarja Kek\u00e4l\u00e4inen: Kuvataide strategisena ja alueellisena tekij\u00e4n\u00e4, teoksessa Prosenttitaiteen vuoksi, Oulun taidemuseon julkaisuja 52, \u00a0s. 43).<\/em><\/p>\n<p>Taideteokset voidaan sijoittaa kiinte\u00e4sti rakennuksen sis\u00e4- tai ulkotiloihin. Teokset ovat luonteeltaan pysyvi\u00e4 taidehankintoja, ja ne integroidaan rakennuskohteen toimintaan, arkkitehtuuriin, rakenteisiin ja muuhun rakennuksen tekniikkaan yhteisty\u00f6ss\u00e4 kohteen arkkitehdin ja muiden suunnittelijoiden kanssa.<\/p>\n<h3>Taide mukana maank\u00e4yt\u00f6n suunnittelussa<\/h3>\n<p><strong>Kaikkea rakentamista ohjaa maank\u00e4yt\u00f6n suunnittelu (kaavoitus, kaupunkisuunnittelu). Taiteilijan teos,\u00a0<\/strong><strong>kuten taiteilijalta tilatut kartoitukset, taidesuunnitelmat, teokset, selostukset tai ty\u00f6panos,\u00a0<\/strong><strong>voivat olla osa t\u00e4llaista paikkaa koskevaa laaja-alaista suunnitelmaa.\u00a0<\/strong><\/p>\n<p><strong>Maank\u00e4yt\u00f6n suunnittelu jakaantuu eri tasoihin. Niit\u00e4 ovat valtakunnan tason suunnitelmat, maakuntakaava, yleiskaava, osayleiskaava ja asemakaava. N\u00e4ihin kaikkiin liittyy erillisselvityksi\u00e4 ja suunnitelmia.<\/strong><\/p>\n<p>Valtakunnan tason suunnitelmissa ja maakunnallisissa tavoiteohjelmissa ja suunnitelmissa taidehankintojen tulee olla mukana kirjattuna periaatteena (esimerkiksi prosenttiperiaate). Kunnallisessa p\u00e4\u00e4t\u00f6ksenteossa, yleiskaava- ja asemakaavatasolla, taide voi olla mukana my\u00f6s siten, ett\u00e4 taiteilija osallistuu suunnitteluun. Taiteilija voi tehd\u00e4 n\u00e4kyv\u00e4ksi jotain olennaista ymp\u00e4rist\u00f6ss\u00e4 tai osallistua alueellisen taidekonseptin m\u00e4\u00e4rittelyyn joko uusilla alueilla tai olemassa olevien alueiden kehitt\u00e4misprojekteissa. Asemakaavatasolla taiteilija voi toimia korttelisuunnitteluun liittyv\u00e4n taidesuunnitelman laatijana, taidehankintojen taidekoordinaattorina. Taiteilija voi my\u00f6s osallistua esimerkiksi arkkitehdin kanssa tontinvarauskilpailuun yhteisell\u00e4 ehdotuksella, johon sis\u00e4ltyy taideprojekti.<\/p>\n<p>Uusimmissa\u00a0kaupunkisuunnitteluun ja asemakaavoitukseen liittyviss\u00e4\u00a0taideprojekteissa on otettu huomioon kaupunkiymp\u00e4rist\u00f6n jatkuva rakentuminen ja muuttuminen. Kaupunkiymp\u00e4rist\u00f6 ei koskaan tule valmiiksi, ja taideteokset ovat mukana t\u00e4ss\u00e4 jatkuvassa rakentumisessa (Kalasatama, Leinel\u00e4 yleisten alueiden taidesuunnitelma).<\/p>\n<p>Lis\u00e4\u00e4 tietoa maank\u00e4yt\u00f6n suunnittelusta l\u00f6ytyy ymp\u00e4rist\u00f6ministeri\u00f6n internetsivuilta.<br \/>\n<a href=\"http:\/\/www.ymparisto.fi\/default.asp?contentid=394789&amp;lan=FI\" target=\"_blank\">&gt;&gt; Ymp\u00e4rist\u00f6ministeri\u00f6\/maank\u00e4ytt\u00f6 ja rakentaminen\/maank\u00e4yt\u00f6n suunnittelu<\/a><\/p>\n<p>Kunnilla ja kaupungeilla on internetsivuillaan tietoa meneill\u00e4\u00e4n olevista kaavoitushankkeista.<br \/>\nEsimerkiksi:<br \/>\n<a href=\"http:\/\/ksv.hel.fi\/fi\/fi\/suunnitelmat\" target=\"_blank\">&gt;&gt; Helsinki<\/a><br \/>\n<a href=\"http:\/\/www.tampere.fi\/kaavatjakiinteistot\/kaavoitus.html\" target=\"_blank\">&gt;&gt; Tampere<\/a><br \/>\n<a href=\"http:\/\/www.ouka.fi\/kaavoitus\/\" target=\"_blank\">&gt;&gt; Oulu<\/a><br \/>\n<a href=\"http:\/\/www.kuopio.fi\/web\/kaavoitus\" target=\"_blank\">&gt;&gt; Kuopio<\/a><br \/>\n<a href=\"http:\/\/www.pori.fi\/kaupunkisuunnittelu\/tietoakaavoituksesta.html\" target=\"_blank\">&gt;&gt; Pori<\/a><br \/>\n<a href=\"http:\/\/www.turku.fi\/Public\/default.aspx?nodeid=11977&amp;culture=fi-FI&amp;contentlan=1\" target=\"_blank\">&gt;&gt; Turku<\/a><\/p>\n<p>Lue lis\u00e4\u00e4: <a href=\"https:\/\/www.painters.fi\/taiteenhankintamalli\/taide-ja-taiteilija-kaavoituksessa\/\" target=\"_blank\">&gt;&gt;\u00a0Taide ja taiteilija kaavoituksessa<\/a><\/p>\n<p><img loading=\"lazy\" decoding=\"async\" title=\"Helena Hietanen ja Jaakko Niemel\u00e4: Oksisto - valon ja varjon viivoja, 2011. Teos sijaitsee Tasavallan presidentin virka-asunnossa M\u00e4ntyniemess\u00e4 Helsingiss\u00e4. Kuva: Jussi Tiainen.\" src=\"http:\/\/www.art360.fi\/taiteen-hankintamalli\/wp-content\/uploads\/2011\/08\/HelenaHietanenJaakkoNiemela1.jpg\" alt=\"\" width=\"391\" height=\"585\" \/><\/p>\n<h3>Taide mukana maiseman rakentamisessa<\/h3>\n<p><strong>Puisto ja maiseman rakennushankkeista vastaavat yleens\u00e4 kunnat. Maisema-alueen tai puiston suunnitteluvaiheet ovat suunnilleen samanlaiset kuin rakennushankkeiden suunnitteluvaiheet.<\/strong><\/p>\n<p>Maisema- ja puistohankkeissa ei ole rakennuslupak\u00e4sittely\u00e4 vastaavaa viranomaisvalvontaa kokonaisuutena, mutta eri rakennelmat ja my\u00f6s ulkona toteutettavat taideteokset edellytt\u00e4v\u00e4t melkein aina toimenpide- tai rakennuslupaa.<\/p>\n<p>Lue lis\u00e4\u00e4: <a href=\"https:\/\/www.painters.fi\/taiteenhankintamalli\/paikkasidonnainen-taide\/paikkaan-sidottua-taidetta-koskeva-lupajarjestelma\/\" target=\"_blank\">&gt;&gt;\u00a0Paikkaan sidottua taidetta koskeva lupaj\u00e4rjestelm\u00e4<\/a><\/p>\n<p><a href=\"http:\/\/www.art360.fi\/taiteen-hankintamalli\/paikkasidonnainen-taide\/vuores_asuntomessualua_kirjailijanpuisto-2\/\" rel=\"attachment wp-att-1426\"><img loading=\"lazy\" decoding=\"async\" title=\"Pertti Kukkonen: Vuoreksen kirjailijapuiston muuri, 2007. Sijaitsee Vuoreksen kaupunginosassa Tampereella. Suunnitelmakuva: MA-arkkitehdit.\" src=\"http:\/\/www.art360.fi\/taiteen-hankintamalli\/wp-content\/uploads\/2011\/08\/PerttiKukkonen-600x320.jpg\" alt=\"\" width=\"600\" height=\"320\" \/><\/a><\/p>\n<p><a href=\"http:\/\/www.tampere.fi\/vuores\/taideyhteistyo.html\" target=\"_blank\">&gt;&gt; Vuores<\/a><br \/>\n<a href=\"http:\/\/mieluisatampere.fi\/taidetta-vuoreksessa\/\" target=\"_blank\">&gt;&gt; Vuoreksen taide<\/a><\/p>\n<p><a href=\"http:\/\/www.art360.fi\/taiteen-hankintamalli\/paikkasidonnainen-taide\/tuulaisohanni\/\" rel=\"attachment wp-att-1427\"><img loading=\"lazy\" decoding=\"async\" title=\"Robert Wilson: Tapio Wirkkalan puisto. Valmistuu 2012. Sijaitsee Arabianrannassa. Kuva: Tuula Isohanni. Tuula Isohanni ja P\u00e4ivi Kiuru tekiv\u00e4t kuvakollaasin Robert Wilsonin mallinnuksen pohjalta poliittista p\u00e4\u00e4t\u00f6ksen tekoa varten 2006.\" src=\"http:\/\/www.art360.fi\/taiteen-hankintamalli\/wp-content\/uploads\/2011\/08\/TuulaIsohanni-600x442.jpg\" alt=\"\" width=\"600\" height=\"442\" \/><\/a><\/p>\n<p><a href=\"http:\/\/www.arabianranta.fi\/asuminen\/tapio_wirkkalan_puiston_suunnittelu_etenee\/?show=1\" target=\"_blank\">&gt;&gt; Arabianrannan puistot ja pihat<\/a><\/p>\n<h3>Taide ja infrahankkeet<\/h3>\n<p><strong>Infrahankkeilla tarkoitetaan erilaisia yhteiskunnan toimimisen kannalta t\u00e4rkeit\u00e4 verkostoja ja niiden rakentamista, kuten v\u00e4yl\u00e4hankkeet, tie-, rata-, vesiv\u00e4yl\u00e4hankkeet, lentokent\u00e4t, satamat ja erilaiset asemat, voimalinjat, vesitornit\u00a0 jne.<\/strong><\/p>\n<p>Viime aikoina on hankkeisiin sis\u00e4llytetty ainakin v\u00e4yl\u00e4hankkeiden yhteydess\u00e4 taiteellisia tavoitteita laatimalla v\u00e4ylien rakentamisen suunnittelun yhteydess\u00e4 my\u00f6s taiteen yleissuunnitelma. N\u00e4m\u00e4 hankkeet toteutetaan usein erilaisten valtionhallintoon liittyvien laitosten ja kuntien laitosten yhteisty\u00f6n\u00e4. Usein hankkeisiin palkataan konsultti koordinaattoriksi ja taidesuunnitelman laatijaksi.<\/p>\n<p><a href=\"http:\/\/www.art360.fi\/taiteen-hankintamalli\/paikkasidonnainen-taide\/freizimmer\/\" rel=\"attachment wp-att-1432\"><img loading=\"lazy\" decoding=\"async\" title=\"Tuula Lehtinen: Valoaalto, Valoteos. Maamerkkiteos Loviisan l\u00e4ntisen eritasoliittym\u00e4n kohdalla, E18-moottoritien reunassa. Kuva 3D-mallinnoksesta: FreiZimmer.\" src=\"http:\/\/www.art360.fi\/taiteen-hankintamalli\/wp-content\/uploads\/2011\/08\/FreiZimmer-600x353.jpg\" alt=\"\" width=\"600\" height=\"353\" \/><\/a><\/p>\n<p><a href=\"http:\/\/www.freizimmer.fi\/index.php?class=projektit\" target=\"_blank\">&gt;&gt; E18\/Frei Zimmer<\/a><\/p>\n<p><a href=\"http:\/\/www.yts.fi\/yts\/taide_rakennetussa_ymparistossa.html\" target=\"_blank\">&gt;&gt; Ymp\u00e4rist\u00f6taiteen s\u00e4\u00e4ti\u00f6\/taide rakennetussa ymp\u00e4rist\u00f6ss\u00e4<\/a><br \/>\n<a href=\"http:\/\/www.statenskonstrad.se\/se\" target=\"_blank\">&gt;&gt; Statens Konstr\u00e5d<\/a><br \/>\n<\/p>\n<div><\/div>\n","protected":false},"excerpt":{"rendered":"<p>Taidetta voidaan tehd\u00e4 ennalta m\u00e4\u00e4riteltyyn, valittuun ja merkityksen muodostamiseen vaikuttavaan paikkaan. Paikka voi olla koti, rakennus, asuinymp\u00e4rist\u00f6 tai esimerkiksi julkinen tila, kaupunkitila, katutila tai maisematila. Jo hankintavaiheessa pyrit\u00e4\u00e4n ottamaan huomioon teoksen paikantuminen ja asettuminen tilaan. Paikkasidonnaiseen taiteeseen liittyy olennaisesti vuorovaikutus &hellip; <a href=\"https:\/\/www.painters.fi\/taiteenhankintamalli\/paikkasidonnainen-taide\/\">Continue reading <span class=\"meta-nav\">&rarr;<\/span><\/a><\/p>\n","protected":false},"author":4,"featured_media":0,"parent":0,"menu_order":7,"comment_status":"closed","ping_status":"open","template":"","meta":{"footnotes":""},"class_list":["post-32","page","type-page","status-publish","hentry"],"_links":{"self":[{"href":"https:\/\/www.painters.fi\/taiteenhankintamalli\/wp-json\/wp\/v2\/pages\/32","targetHints":{"allow":["GET"]}}],"collection":[{"href":"https:\/\/www.painters.fi\/taiteenhankintamalli\/wp-json\/wp\/v2\/pages"}],"about":[{"href":"https:\/\/www.painters.fi\/taiteenhankintamalli\/wp-json\/wp\/v2\/types\/page"}],"author":[{"embeddable":true,"href":"https:\/\/www.painters.fi\/taiteenhankintamalli\/wp-json\/wp\/v2\/users\/4"}],"replies":[{"embeddable":true,"href":"https:\/\/www.painters.fi\/taiteenhankintamalli\/wp-json\/wp\/v2\/comments?post=32"}],"version-history":[{"count":34,"href":"https:\/\/www.painters.fi\/taiteenhankintamalli\/wp-json\/wp\/v2\/pages\/32\/revisions"}],"predecessor-version":[{"id":734,"href":"https:\/\/www.painters.fi\/taiteenhankintamalli\/wp-json\/wp\/v2\/pages\/32\/revisions\/734"}],"wp:attachment":[{"href":"https:\/\/www.painters.fi\/taiteenhankintamalli\/wp-json\/wp\/v2\/media?parent=32"}],"curies":[{"name":"wp","href":"https:\/\/api.w.org\/{rel}","templated":true}]}}