{"id":30,"date":"2012-09-13T13:29:11","date_gmt":"2012-09-13T10:29:11","guid":{"rendered":"http:\/\/www.painters.fi\/taiteenhankintamalli\/?page_id=30"},"modified":"2013-02-13T14:58:24","modified_gmt":"2013-02-13T12:58:24","slug":"valmiin-teoksen-hankinta","status":"publish","type":"page","link":"https:\/\/www.painters.fi\/taiteenhankintamalli\/valmiin-teoksen-hankinta\/","title":{"rendered":"Valmiin teoksen hankinta"},"content":{"rendered":"<p>Teos voidaan hankkia valmiina tilaan sopivana. Kotiin ja ty\u00f6paikalle on k\u00e4yt\u00e4nn\u00f6llist\u00e4 hankkia taidetta gallerioiden n\u00e4yttelyist\u00e4 tai taidelainaamoista. Lainaamoissa eri puolilla Suomea on tarjolla satoja teoksia eri taiteilijoilta. Eri kuvataiteilijaj\u00e4rjest\u00f6jen vuosittain j\u00e4rjestett\u00e4viss\u00e4 teosv\u00e4litysn\u00e4yttelyiss\u00e4 on n\u00e4ht\u00e4vill\u00e4 tuhansia teoksia eri alojen ammattitaiteilijoilta eri puolilta maata.<\/p>\n<p><img loading=\"lazy\" decoding=\"async\" title=\"Sari Koski-V\u00e4h\u00e4l\u00e4: Perhesohva, 2004. Teos sijaitsee Turun yliopistollisessa keskussairaalassa. Kuva: Pekka Kojo.\" src=\"http:\/\/www.art360.fi\/taiteen-hankintamalli\/wp-content\/uploads\/2011\/08\/SariKoskiVahala-600x450.jpg\" alt=\"\" width=\"536\" height=\"401\" \/><\/p>\n<p><img loading=\"lazy\" decoding=\"async\" title=\"Marina Zitting: Tv\u00e5 tr\u00e4d, 2007, \u00f6ljy kankaalle.\" src=\"http:\/\/www.art360.fi\/taiteen-hankintamalli\/wp-content\/uploads\/2011\/08\/MarinaZitting-600x450.jpg\" alt=\"\" width=\"536\" height=\"401\" \/><\/p>\n<p><a href=\"http:\/\/www.taidelainaamot.fi\/index.php\/taidelainaamot\" target=\"_blank\">&gt;&gt; taidelainaamot<\/a><br \/>\n<a href=\"http:\/\/www.painters.fi\/tmgalleria\/index.html\" target=\"_blank\">&gt;&gt; tm\u2022galleria, Helsinki<\/a><br \/>\n<a href=\"http:\/\/www.muu.fi\/site\/?page_id=7\" target=\"_blank\">&gt;&gt; MUU galleria, Helsinki<\/a><br \/>\n<a href=\"http:\/\/www.sculptors.fi\/?page_id=10\" target=\"_blank\">&gt;&gt; Galleria Sculptor, Helsinki<\/a><br \/>\n<a href=\"http:\/\/www.hippolyte.fi\/\" target=\"_blank\">&gt;&gt; Valokuvagalleria Hippolyte, Helsinki<\/a><br \/>\n<a href=\"http:\/\/www.taidegraafikot.fi\/galleriag.html\" target=\"_blank\">&gt;&gt; Galleria G, Helsinki<\/a><br \/>\n<a href=\"http:\/\/helsingintaiteilijaseura.fi\/hts\/?q=node\/3\" target=\"_blank\">&gt;&gt; Galleria Katariina, Helsinki<\/a><br \/>\n<a href=\"http:\/\/tampereen-taiteilijaseura.fi\/\" target=\"_blank\">&gt;&gt; Taidekeskus M\u00e4ltinranta, Tampere<\/a><br \/>\n<a href=\"http:\/\/galleria5.artoulu.fi\/galleria\/\" target=\"_blank\">&gt;&gt; Galleria 5, Oulu<\/a><br \/>\n<a href=\"http:\/\/www.galleriat.net\/galleristit\/\" target=\"_blank\">&gt;&gt; Galleristit ry<\/a><br \/>\n<a href=\"http:\/\/nayttely.info\/\" target=\"_blank\">&gt;&gt; n\u00e4yttelyinfo<\/a><br \/>\n<a href=\"http:\/\/www.kuvataiteilijamatrikkeli.fi\/fi\/etusivu.html\" target=\"_blank\">&gt;&gt; verkkomatrikkeli<\/a><\/p>\n<div><\/div>\n","protected":false},"excerpt":{"rendered":"<p>Teos voidaan hankkia valmiina tilaan sopivana. Kotiin ja ty\u00f6paikalle on k\u00e4yt\u00e4nn\u00f6llist\u00e4 hankkia taidetta gallerioiden n\u00e4yttelyist\u00e4 tai taidelainaamoista. Lainaamoissa eri puolilla Suomea on tarjolla satoja teoksia eri taiteilijoilta. Eri kuvataiteilijaj\u00e4rjest\u00f6jen vuosittain j\u00e4rjestett\u00e4viss\u00e4 teosv\u00e4litysn\u00e4yttelyiss\u00e4 on n\u00e4ht\u00e4vill\u00e4 tuhansia teoksia eri alojen ammattitaiteilijoilta eri &hellip; <a href=\"https:\/\/www.painters.fi\/taiteenhankintamalli\/valmiin-teoksen-hankinta\/\">Continue reading <span class=\"meta-nav\">&rarr;<\/span><\/a><\/p>\n","protected":false},"author":4,"featured_media":0,"parent":0,"menu_order":6,"comment_status":"closed","ping_status":"closed","template":"","meta":{"footnotes":""},"class_list":["post-30","page","type-page","status-publish","hentry"],"_links":{"self":[{"href":"https:\/\/www.painters.fi\/taiteenhankintamalli\/wp-json\/wp\/v2\/pages\/30","targetHints":{"allow":["GET"]}}],"collection":[{"href":"https:\/\/www.painters.fi\/taiteenhankintamalli\/wp-json\/wp\/v2\/pages"}],"about":[{"href":"https:\/\/www.painters.fi\/taiteenhankintamalli\/wp-json\/wp\/v2\/types\/page"}],"author":[{"embeddable":true,"href":"https:\/\/www.painters.fi\/taiteenhankintamalli\/wp-json\/wp\/v2\/users\/4"}],"replies":[{"embeddable":true,"href":"https:\/\/www.painters.fi\/taiteenhankintamalli\/wp-json\/wp\/v2\/comments?post=30"}],"version-history":[{"count":15,"href":"https:\/\/www.painters.fi\/taiteenhankintamalli\/wp-json\/wp\/v2\/pages\/30\/revisions"}],"predecessor-version":[{"id":948,"href":"https:\/\/www.painters.fi\/taiteenhankintamalli\/wp-json\/wp\/v2\/pages\/30\/revisions\/948"}],"wp:attachment":[{"href":"https:\/\/www.painters.fi\/taiteenhankintamalli\/wp-json\/wp\/v2\/media?parent=30"}],"curies":[{"name":"wp","href":"https:\/\/api.w.org\/{rel}","templated":true}]}}