{"id":25,"date":"2012-09-13T12:11:07","date_gmt":"2012-09-13T09:11:07","guid":{"rendered":"http:\/\/www.painters.fi\/taiteenhankintamalli\/?page_id=25"},"modified":"2013-02-13T14:48:55","modified_gmt":"2013-02-13T12:48:55","slug":"prosenttiperiaate","status":"publish","type":"page","link":"https:\/\/www.painters.fi\/taiteenhankintamalli\/prosenttiperiaate\/","title":{"rendered":"Prosenttiperiaate"},"content":{"rendered":"<p><strong>Prosenttiperiaate tarkoittaa, ett\u00e4 rakennushanketta suunniteltaessa varataan \u00a0% rakentamiskustannuksista taiteen hankkimiseen tai taiteelliseen suunnitteluun. K\u00e4yt\u00e4nn\u00f6ss\u00e4 prosenttiosuus vaihtelee rakennushankkeen vaativuuden mukaan.<\/strong><\/p>\n<p>Monet kaupungit soveltavat rakentamisessaan prosenttiperiaatetta taidehankintoihin. Julkiseen rakentamiseen ja joiltakin osin peruskorjaamiseen varataan noin prosentin tai kahden verran rakennuskustannuksista. Hyvi\u00e4 esimerkkej\u00e4 ovat Helsingin, Oulun ja Salon kaupungit.<\/p>\n<p><em>&#8220;Suomen eduskunta k\u00e4sitteli prosenttiperiaatetta ensimm\u00e4isen kerran vuonna 1939. Seuraavana vuonna se hyv\u00e4ksyi ponsilauselman, jossa rakennusten ja ymp\u00e4rist\u00f6n taiteelliseen parantamiseen varattaisiin 1\u20132 % rakennuskustannuksista. Toinen maailmansota kuitenkin katkaisi kehityksen. Kaupunkiliitto suositteli vuonna 1981 prosenttiperiaatteen k\u00e4ytt\u00f6\u00f6nottoa kaikissa kunnissa. Periaatetta toteutettiinkin useilla paikkakunnilla, \u00a0kunnes taidehankinnat hiipuivat laman my\u00f6t\u00e4.\u00a0Viime vuosina ainakin Oulu, Helsinki, Vantaa, Salo, Eura ja Kotka\u00a0ovat Turun ohella soveltaneet prosenttiperiaatetta rakennushankkeissaan.&#8221;<\/em><br \/>\n<a href=\"http:\/\/www.turunmuseokeskus.fi\/public\/default.aspx?nodeid=4535&amp;contentlan=1&amp;culture=fi-FI\" target=\"_blank\">&gt;&gt; L\u00e4hde: Turun museokeskus<\/a><\/p>\n<p>Prosenttiperiaatteen historiaa:<\/p>\n<p>&#8211; Hallituksen esitys 1:1939 (1939 vp)<\/p>\n<p>&#8211; Edustaja Kuusiston ym. toivomusaloite nro. 169 toimenpiteist\u00e4 kuvaamataiteiden ja taiteilijan aseman parantamiseksi, asiakirjat V:2 (1947 vp)<\/p>\n<p>&#8211; Edustaja Lappi-Sepp\u00e4l\u00e4n ym. toivomusaloite nro. 164 m\u00e4\u00e4r\u00e4prosentin k\u00e4ytt\u00e4miseksi julkisten rakennusten rakennusm\u00e4\u00e4r\u00e4rahasta rakennusten kaunistamiseen taideteoksilla, asiakirjat V:2 (1948 vp)<\/p>\n<p><img loading=\"lazy\" decoding=\"async\" title=\"Dennis Oppenheim: Kihlaus, 2000. Teos sijaitsee Ruoholahdentorilla Helsingiss\u00e4. Omistaja Helsingin Taidemuseo. Kuva: Hanna Rikkonen.\" src=\"http:\/\/www.art360.fi\/taiteen-hankintamalli\/wp-content\/uploads\/2011\/08\/Oppenheim-400x600.jpg\" alt=\"\" width=\"400\" height=\"600\" \/><\/p>\n<p><img loading=\"lazy\" decoding=\"async\" title=\"Marja Kanervo: Piha, kasvit, 2009. Teos sijaitsee Oulun virastotalon pihalla. Kuva: Katariina Kemppainen.\" src=\"http:\/\/www.art360.fi\/taiteen-hankintamalli\/wp-content\/uploads\/2011\/08\/MarjaKanervo1-455x600.jpg\" alt=\"\" width=\"400\" height=\"527\" \/><\/p>\n<p><img loading=\"lazy\" decoding=\"async\" title=\"Rosengarden (Jan-Erik Andersson, Erkki Pitk\u00e4ranta): Armfeltin Joutsenlampi, 2003. Teos sijaitsee Meritalon koulun nettipisteess\u00e4 Salossa. Salon kaupungin taidekokoelmat. Kuva: Katri Lehtola.\" src=\"http:\/\/www.art360.fi\/taiteen-hankintamalli\/wp-content\/uploads\/2011\/08\/JanErikAnderssonErkkiPitkaranta-600x413.jpg\" alt=\"\" width=\"600\" height=\"413\" \/><\/p>\n<p><img loading=\"lazy\" decoding=\"async\" title=\"Ulrika M\u00e5rtensson: Tystnad, 2010, tekstiili. Teos sijaitsee Hammarbyn Sj\u00f6stadenissa Tukholmassa. Teos toimii my\u00f6s \u00e4\u00e4nenvaimentimena tilassa.\" src=\"http:\/\/www.art360.fi\/taiteen-hankintamalli\/wp-content\/uploads\/2011\/08\/UlrikaM\u00e5rtensson-450x600.jpg\" alt=\"\" width=\"401\" height=\"536\" \/><\/p>\n<p><a href=\"http:\/\/www.hel.fi\/hki\/taimu\/fi\/Kokoelmatoiminta\/Julkinen_taide\" target=\"_blank\">&gt;&gt;\u00a0Linkki Helsingin prosenttitaidehankkeisiin<\/a><br \/>\n<a href=\"http:\/\/prosenttitaide.ouka.fi\/\" target=\"_blank\">&gt;&gt; Linkki Oulun prosenttitaidehankkeisiin<\/a><br \/>\n<a href=\"http:\/\/www.salonprosenttitaide.fi\/index.php\" target=\"_blank\">&gt;&gt;\u00a0Linkki Salon prosenttitaidehankkeisiin<\/a><br \/>\n<a href=\"http:\/\/www.e-julkaisu.fi\/vstaide\/prosenttiesite\/\" target=\"_blank\">&gt;&gt; Prosenttiperiaate<\/a><br \/>\n<a href=\"http:\/\/www.stockholmkonst.se\/\" target=\"_blank\">&gt;&gt; Stockholm konst<\/a><br \/>\n<a href=\"http:\/\/www.stockholm.se\/KulturFritid\/Konst-museer-och-teater\/Offentlig-konst\/\" target=\"_blank\">&gt;&gt; Offentlig konst i Stockholm<\/a><br \/>\n<a href=\"http:\/\/www.stockholm.se\/KulturFritid\/Konst-museer-och-teater\/Offentlig-konst\/Enprocentregeln\/\" target=\"_blank\">&gt;&gt; Enprocentsregeln\u00a0<\/a><\/p>\n<p>&nbsp;<\/p>\n","protected":false},"excerpt":{"rendered":"<p>Prosenttiperiaate tarkoittaa, ett\u00e4 rakennushanketta suunniteltaessa varataan \u00a0% rakentamiskustannuksista taiteen hankkimiseen tai taiteelliseen suunnitteluun. K\u00e4yt\u00e4nn\u00f6ss\u00e4 prosenttiosuus vaihtelee rakennushankkeen vaativuuden mukaan. Monet kaupungit soveltavat rakentamisessaan prosenttiperiaatetta taidehankintoihin. Julkiseen rakentamiseen ja joiltakin osin peruskorjaamiseen varataan noin prosentin tai kahden verran rakennuskustannuksista. Hyvi\u00e4 esimerkkej\u00e4 &hellip; <a href=\"https:\/\/www.painters.fi\/taiteenhankintamalli\/prosenttiperiaate\/\">Continue reading <span class=\"meta-nav\">&rarr;<\/span><\/a><\/p>\n","protected":false},"author":4,"featured_media":0,"parent":0,"menu_order":4,"comment_status":"closed","ping_status":"closed","template":"","meta":{"footnotes":""},"class_list":["post-25","page","type-page","status-publish","hentry"],"_links":{"self":[{"href":"https:\/\/www.painters.fi\/taiteenhankintamalli\/wp-json\/wp\/v2\/pages\/25","targetHints":{"allow":["GET"]}}],"collection":[{"href":"https:\/\/www.painters.fi\/taiteenhankintamalli\/wp-json\/wp\/v2\/pages"}],"about":[{"href":"https:\/\/www.painters.fi\/taiteenhankintamalli\/wp-json\/wp\/v2\/types\/page"}],"author":[{"embeddable":true,"href":"https:\/\/www.painters.fi\/taiteenhankintamalli\/wp-json\/wp\/v2\/users\/4"}],"replies":[{"embeddable":true,"href":"https:\/\/www.painters.fi\/taiteenhankintamalli\/wp-json\/wp\/v2\/comments?post=25"}],"version-history":[{"count":18,"href":"https:\/\/www.painters.fi\/taiteenhankintamalli\/wp-json\/wp\/v2\/pages\/25\/revisions"}],"predecessor-version":[{"id":601,"href":"https:\/\/www.painters.fi\/taiteenhankintamalli\/wp-json\/wp\/v2\/pages\/25\/revisions\/601"}],"wp:attachment":[{"href":"https:\/\/www.painters.fi\/taiteenhankintamalli\/wp-json\/wp\/v2\/media?parent=25"}],"curies":[{"name":"wp","href":"https:\/\/api.w.org\/{rel}","templated":true}]}}