{"id":23,"date":"2012-09-13T12:09:15","date_gmt":"2012-09-13T09:09:15","guid":{"rendered":"http:\/\/www.painters.fi\/taiteenhankintamalli\/?page_id=23"},"modified":"2013-02-13T14:15:11","modified_gmt":"2013-02-13T12:15:11","slug":"kuvataide-strategisena-ja-alueellisena-tekijana","status":"publish","type":"page","link":"https:\/\/www.painters.fi\/taiteenhankintamalli\/kuvataide-strategisena-ja-alueellisena-tekijana\/","title":{"rendered":"Kuvataide strategisena ja alueellisena tekij\u00e4n\u00e4"},"content":{"rendered":"<p>Korostamalla tiettyj\u00e4 vahvuuksiaan kaupunki tai alue voi profiloitua kulttuuriteemaan ja korostaa sit\u00e4 imagossaan ja markkinoinnissaan. Kankaanp\u00e4\u00e4n taidekeh\u00e4 ja Helsingin Arabianrannan asuinalue ovat esimerkkej\u00e4 t\u00e4st\u00e4. Laadukas kulttuuri-imago ja kuvataide sen osana voivat muodostua t\u00e4rke\u00e4ksi tekij\u00e4ksi alueen kokonaishyvinvoinnin kasvattajana. Niiden merkitys ulottuu my\u00f6s ihmisten el\u00e4m\u00e4nlaatuun.<\/p>\n<p><img decoding=\"async\" class=\"alignright\" title=\"Vantaan Leinel\u00e4, pienoismallikuva, Adactive Oy, 2010\" src=\"http:\/\/www.art360.fi\/taiteen-hankintamalli\/wp-content\/uploads\/2011\/08\/leinela-600x267.jpg\" alt=\"\" width=\"300\" height=\"133.5\" \/><\/p>\n<p><img loading=\"lazy\" decoding=\"async\" class=\"alignright\" title=\"Joensuun Penttil\u00e4nrannan satama, pienoismallikuva LOCI Maisema-arkkitehdit Oy, 2010.\" src=\"http:\/\/www.art360.fi\/taiteen-hankintamalli\/wp-content\/uploads\/2011\/08\/LOCImaisemaarkkitehdit.jpg\" alt=\"\" width=\"300\" height=\"150\" \/><\/p>\n<h3>Taidetta suunnittelussa<\/h3>\n<div><a href=\"http:\/\/www.arabianranta.fi\/\" target=\"_blank\">&gt;&gt; Arabianranta, Helsinki<\/a><\/div>\n<div><a href=\"https:\/\/intranet.kankaanpaa.fi\/netorek-webmanager\/content\/kankaanpaa\/html\/fi\/1051254470912832130.html\" target=\"_blank\">&gt;&gt;\u00a0Kankaanp\u00e4\u00e4n taidekeh\u00e4<\/a><\/div>\n<div><a href=\"http:\/\/www.kankaanpaa.fi\/sivistyskeskus\/attachments\/gallery\/nettiin_Taidekeha.pdf\" target=\"_blank\">&gt;&gt; Kankaanp\u00e4\u00e4n taidekeh\u00e4\u00a0esite<\/a><\/div>\n<div><a href=\"http:\/\/leinela.fi\/\" target=\"_blank\">&gt;&gt; Leinel\u00e4, Vantaa<\/a><\/div>\n<div><a href=\"http:\/\/www.vantaa.fi\/instancedata\/prime_product_julkaisu\/vantaa\/embeds\/vantaawwwstructure\/30617_leinelan_tila_ja_taide.pdf\" target=\"_blank\">&gt;&gt; Leinel\u00e4n taidesuunnitelmat<\/a><\/div>\n<div><a href=\"http:\/\/www.jns.fi\/Resource.phx\/sivut\/sivut-penttilanranta\/index.htx\" target=\"_blank\">&gt;&gt; Penttil\u00e4nranta, Joensuu<\/a><\/div>\n<div><a href=\"http:\/\/www.tampere.fi\/vuores.html\" target=\"_blank\">&gt;&gt; Vuores, Tampere<\/a><\/div>\n<p>&nbsp;<\/p>\n<p><img loading=\"lazy\" decoding=\"async\" class=\"alignnone\" title=\"Kankaanp\u00e4\u00e4n Taidekeh\u00e4 ja taidepolku -kartta.  Viestint\u00e4toimisto Nytheti.\" src=\"http:\/\/www.art360.fi\/taiteen-hankintamalli\/wp-content\/uploads\/2011\/08\/taidekehakartta4-600x282.jpg\" alt=\"\" width=\"600\" height=\"282\" \/><\/p>\n<p><a title=\"Taidetta suunnitteluun\" href=\"https:\/\/www.taik.fi\/kirjakauppa\/product_info.php?products_id=175\" target=\"_blank\">&gt;&gt; Taidetta suunnitteluun (pdf)<\/a>\u00a0\u00a0LauraUimosen v\u00e4it\u00f6skirja: Taidetta suunnitteluun. Taidehankkeet ja taidetoiveet suomalaisessa kaupunkisuunnittelussa, (2010)<\/p>\n<p>Laura Uimonen tarkastelee v\u00e4it\u00f6skirjassaan, miten taidetta on liitetty kaupunkisuunnitteluun Suomessa 2000-luvun vaihteessa. Tutkimus tuo esille kaupunkisuunnittelun ajatusmallit, organisaatiorakenteet ja prosessit ja sen, miten ne vaikuttavat taiteen ja rakentamisen yhteisty\u00f6n mahdollisuuksiin.<\/p>\n<p><a href=\"http:\/\/www.taik.fi\/avaintietoa\/arabianrannan_taide\/taidekoordinointi.html\" target=\"_blank\">\u00a0&gt;&gt; Tuula Isohannin Arabianrantaa koskevat julkaisut\u00a0<\/a>Tuula Isohannin v\u00e4it\u00f6skirja:\u00a0Arabia. Arabia. Taiteellinen toiminta osana asuinymp\u00e4rist\u00f6n suunnittelussa, tapaus Arabianranta, Helsinki (2006)<\/p>\n<p>Tuula Isohannin tutkimus esittelee Arabian historiaa ja rakennettua ymp\u00e4rist\u00f6\u00e4 sek\u00e4 kuvaa prosessia, jossa asukkaiden arkiymp\u00e4rist\u00f6\u00f6n syntyy taideteoksia osana rakentamista. Kirja kertoo Arabianrannassa tehdyn taiteellisen ty\u00f6n vaikutuksesta, kun alueeseen k\u00e4tkeytyv\u00e4 tieto, osaaminen ja yhteisty\u00f6 tehd\u00e4\u00e4n n\u00e4kyv\u00e4ksi.<\/p>\n<p><a title=\"Taidekeh\u00e4n tarina \" href=\"http:\/\/lib.tkk.fi\/Diss\/2008\/isbn9789512295548\/isbn9789512295548.pdf\" target=\"_blank\">\u00a0&gt;&gt; Taidekeh\u00e4n tarina (pdf)<\/a>\u00a0Maija Anttilan v\u00e4it\u00f6skirja: Taidekeh\u00e4n tarina \u2013 Kankaanp\u00e4\u00e4n kulttuurinen ja fyysinen muutos taidekaupungiksi diskurssion valossa (2008)<\/p>\n<p>Maija Anttilan v\u00e4it\u00f6skirja tarkastelee kulttuurin ja fyysisen ymp\u00e4rist\u00f6n imago- ja aluekehitysvaikutuksia. Kankaanp\u00e4\u00e4n kulttuurinen ja fyysinen muutos maalaispit\u00e4j\u00e4st\u00e4 taidekaupungiksi on tosiasia. Kirja kertoo, millaisten prosessien ja keskustelujen kautta kehitys on ollut mahdollinen.<\/p>\n<header>\n<h3>Taide identiteettitekij\u00e4n\u00e4<\/h3>\n<\/header>\n<div>\n<p>Rakennetussa ymp\u00e4rist\u00f6ss\u00e4 aineelliset ja henkiset voimavarat yhdistyv\u00e4t. Taide tuo n\u00e4kyv\u00e4ksi kaupunkikuvassa ja ymp\u00e4rist\u00f6ss\u00e4 olevia erityispiirteit\u00e4. Taide vaikuttaa tilak\u00e4sitykseen, vahvistaa yhteis\u00f6llisyytt\u00e4\u00a0 ja paikan omaleimaisuutta. Identiteetti\u00e4 synnytt\u00e4v\u00e4t mielikuvat voivat perustua konkreettiseen taideteokseen osana ymp\u00e4rist\u00f6\u00e4, rakennusta tai kotia.<\/p>\n<p><a href=\"https:\/\/www.painters.fi\/taiteenhankintamalli\/esimerkkeja-taideprojekteista\/retulainen-anna\/\" target=\"_blank\"><img decoding=\"async\" title=\"Anna Retulainen: sein\u00e4maalaus, 2004 - 2005, akryyli sein\u00e4lle. Teos sijaitsee yksityisasunnon keitti\u00f6ss\u00e4. Kuva: Jussi Tiainen.\" src=\"http:\/\/www.art360.fi\/taiteen-hankintamalli\/wp-content\/uploads\/2011\/08\/AnnaRetulainen-600x400.jpg\" alt=\"\" width=\"268\" height=\"200.5\" \/><\/a><\/p>\n<\/div>\n<h3>Asukkaiden vaikutusmahdollisuudet taidehankkeissa<\/h3>\n<p>Julkiset taidehankinnat tehd\u00e4\u00e4n yhteis\u00f6j\u00e4 varten. Taide tulee osaksi ihmisten arkea, ja sill\u00e4 luodaan mielikuvaa siit\u00e4, ett\u00e4 ymp\u00e4rist\u00f6\u00f6n ja asukkaisiin panostetaan.<\/p>\n<p>Kuuntelemalla asukkaita jo taidehankkeiden ideointivaiheessa voidaan teos toteuttaa my\u00f6nteisess\u00e4 ilmapiiriss\u00e4 ja alueelle omaa identiteetti\u00e4 luovana. Asukkailla voi olla arvokasta sanottavaa teoksen sijoituspaikasta ja toimintamuodosta. Keskustelujen kautta taiteilijat ja asukkaat voivat sitoutua hankkeeseen ja tehd\u00e4 yhteisi\u00e4 konkreettisia p\u00e4\u00e4t\u00f6ksi\u00e4 hankkeen jostain osa-alueesta.<\/p>\n<p>Esimerkiksi taiteilijoitten Minna Maija Lappalaisen ja Tiina Vainion Velkuan Teersalon rannan tori- ja puistoalueen rakentamisessa asukkaat otettiin mukaan hankkeen ohjausryhm\u00e4\u00e4n.<br \/>\n<a href=\"https:\/\/www.painters.fi\/taiteenhankintamalli\/esimerkkeja-taideprojekteista\/vainio-tiina-ja-minna-maija-lappalainen\/\" target=\"_blank\">\u00a0&gt;&gt; Lappalaisen ja Vainion projektikuvaus\u00a0<\/a><\/p>\n<p><a href=\"https:\/\/www.painters.fi\/taiteenhankintamalli\/esimerkkeja-taideprojekteista\/vainio-tiina-ja-minna-maija-lappalainen\/\" target=\"_blank\"><img decoding=\"async\" title=\"Tiina Vainio, Minna Maija Lappalainen: Hiekkalaatikon rakentaminen ymp\u00e4rist\u00f6taideteokseen Velkuan Teersalon torille- ja puistoalueelle, 2007. Kuva: Tiina Vainio\" src=\"https:\/\/www.painters.fi\/taiteenhankintamalli\/wp-content\/uploads\/2012\/11\/tiina_vainio2.jpg\" alt=\"\" width=\"346.5\" height=\"259.5\" \/><\/a><\/p>\n<h3>Asukaskeskustelut<\/h3>\n<p>Asukkaille tulee osata perustella haluttuja ja mahdollisia p\u00e4\u00e4m\u00e4\u00e4ri\u00e4. Esimerkiksi Helsingin Tapulikaupungissa Puistolan aseman alikulkuk\u00e4yt\u00e4v\u00e4n ja l\u00e4hiymp\u00e4rist\u00f6n ilmeen parantamishankkeessa ei kaupungin taholta ensin osattu selitt\u00e4\u00e4 asukkaille, miksi alikulussa jo kymmenen vuotta olleet, paikallisten nuorten tekem\u00e4t ja paikan identiteetti\u00e4 luoneet sein\u00e4maalaukset tulisi poistaa ja korvata toisentyyppisell\u00e4 taideteoksella. Asukkaat antoivat palautetta, mink\u00e4 johdosta kaksi alikulkuk\u00e4yt\u00e4v\u00e4lle ja alueelle ominaisinta alikulkuk\u00e4yt\u00e4v\u00e4n sein\u00e4maalausta p\u00e4\u00e4tettiin s\u00e4ilytt\u00e4\u00e4 ja restauroida.\u00a0<a href=\"http:\/\/www.ara.fi\/download.asp?contentid=24464&amp;lan=fi\" target=\"_blank\"><br \/>\n&gt;&gt; valtakunnallisen l\u00e4hi\u00f6ohjelman v\u00e4liraportti (www.ara.fi)<\/a><\/p>\n<h3>Yhteis\u00f6lliset projektit<\/h3>\n<p>Yhteis\u00f6llisiss\u00e4 projekteissa oman asuinalueen havainnointi voi selkeyty\u00e4 ja saada uuden sis\u00e4ll\u00f6n. Asukkaista tulee oman arkensa vaikuttajia, kuten esimerkiksi kaupunkisuunnittelun l\u00e4hi\u00f6parannushankkeessa Myllypurossa, jossa taiteilija Jonna Pohjalainen pohti kerrostaloasukkaiden kanssa kodista luopumista, kun paljastui, ett\u00e4 talot puretaan saastuneen maaper\u00e4n vuoksi.<br \/>\n<a href=\"http:\/\/netti.nic.fi\/~akt8\/Kotitaidelaboratorio.htm\" target=\"_blank\">&gt;&gt; Yhteis\u00f6llinen taide Myllypurossa<\/a><br \/>\n<a href=\"http:\/\/www.hel.fi\/wps\/portal\/Rakennusvirasto\/Viheralueet?urile=hki:path:\/HKR\/fi\/Viheralueet\/Puistot\/Taidetta+puistoissa\/Myllypuron+ymp_rist_taide&amp;current=true\" target=\"_blank\">&gt;&gt; Myllypuron ymp\u00e4rist\u00f6taide<\/a><\/p>\n<h3>Tilap\u00e4iset hankkeet<\/h3>\n<p>Kaupunkialueiden tilap\u00e4iset k\u00e4yt\u00f6t antavat uusia mahdollisuuksia taideteosten sijoittamiseen ja yhteis\u00f6llisten taidehankkeiden toteuttamiseen. Tilap\u00e4isell\u00e4 k\u00e4yt\u00f6ll\u00e4 tarkoitetaan kestoltaan m\u00e4\u00e4r\u00e4aikaista tilalle tai alueelle toissijaista k\u00e4ytt\u00f6\u00e4. Selke\u00e4 kohde tilap\u00e4iselle k\u00e4yt\u00f6lle on tila, jonka vanha k\u00e4ytt\u00f6 on p\u00e4\u00e4ttynyt eik\u00e4 uutta k\u00e4ytt\u00f6\u00e4 ole m\u00e4\u00e4ritelty. Tilap\u00e4isten hankkeiden alullepanijoina voivat toimia niin yhdistykset, yritykset, kaupungit, muut kiinteist\u00f6nomistajat kuin yksitt\u00e4iset ihmisetkin.<\/p>\n<p><a href=\"https:\/\/www.painters.fi\/taiteenhankintamalli\/esimerkkeja-taideprojekteista\/hellsten-schutt-siltanen-vaittinen\/\"><img loading=\"lazy\" decoding=\"async\" title=\"Timo Vaittinen: Spray-maalaus l\u00e4nsimetron taideaitaan Helsingin Otaniemeen 2012\" src=\"https:\/\/www.painters.fi\/taiteenhankintamalli\/wp-content\/uploads\/2012\/11\/timo_vaittinen5.jpg\" alt=\"\" width=\"899\" height=\"76\" \/><\/a><\/p>\n<h3>Esimerkkej\u00e4 tilap\u00e4isist\u00e4 hankkeista<\/h3>\n<p>Kohteena voi olla vaikkapa ty\u00f6maa-aita\u00a0<a title=\"Hellsten, Sch\u00fctt, Siltanen, Vaittinen\" href=\"https:\/\/www.painters.fi\/taiteenhankintamalli\/esimerkkeja-taideprojekteista\/hellsten-schutt-siltanen-vaittinen\/\" target=\"_blank\">&gt;&gt; HellstenSch\u00fcttSiltanenVaittinen<\/a>, tai rakentamista odottava tyhj\u00e4 maa-alue, kuten Helsingin Kalasatama. Helsingin kaupunki n\u00e4ki Kalasataman rakentamisvaiheen niin pitk\u00e4kestoisena, ett\u00e4 alueelle haluttiin tuoda sek\u00e4 rakentamisaikaista ett\u00e4 pysyv\u00e4\u00e4 ymp\u00e4rist\u00f6taidetta. Hankkeen ymp\u00e4rist\u00f6taiteellisena konsulttina vuosina 2009\u20132011 toiminut Part Oy piti alueen ymp\u00e4rist\u00f6taiteen t\u00e4rkeimp\u00e4n\u00e4 teht\u00e4v\u00e4n\u00e4 identiteetin rakentamista ja yhteyksien avaamista Kalasatamaa ymp\u00e4r\u00f6iviin kaupunginosiin. Part hahmotteli ideoita. Niiss\u00e4 huomioitiin meri ja tyhj\u00e4 tila, pohdittiin, miksi ihmiset tulevat alueelle ja mit\u00e4 siell\u00e4 tehd\u00e4\u00e4n. Ideoita ker\u00e4ttiin mm. Flow-brunssilla festivaalin yleis\u00f6lt\u00e4. Alue el\u00e4\u00e4 sen k\u00e4ytt\u00e4jien mukana.<br \/>\n<a href=\"http:\/\/urn.fi\/URN:NBN:fi:amk-2012052810132\" target=\"_blank\">&gt;&gt; Lindberg Noora,\u00a0Ulkotilojen tilap\u00e4isk\u00e4ytt\u00f6jen hy\u00f6dynt\u00e4minen osana Helsingin kaupunkikuvaa<\/a><br \/>\n<a href=\"http:\/\/kalasatamanvaliaika.fi\/info\" target=\"_blank\">&gt;&gt; Kalasataman v\u00e4liaika<\/a><\/p>\n<p>V\u00e4liaikaistoimintaan ei ole mit\u00e4\u00e4n valmista lupamenettelymallia. T\u00e4m\u00e4 on usein tilanne my\u00f6s silloin kun taideprojektia ajaa yksityishenkil\u00f6, kuten taiteilija Viva Granlund teostensa ymp\u00e4rist\u00f6st\u00e4 ammentavissa hankkeissaan.\u00a0<a title=\"Granlund Viva\" href=\"https:\/\/www.painters.fi\/taiteenhankintamalli\/esimerkkeja-taideprojekteista\/granlund-viva\/\" target=\"_blank\">&gt;&gt; Viva Granlundin projektikuvaus<\/a><\/p>\n\n<p>&nbsp;<\/p>\n","protected":false},"excerpt":{"rendered":"<p>Korostamalla tiettyj\u00e4 vahvuuksiaan kaupunki tai alue voi profiloitua kulttuuriteemaan ja korostaa sit\u00e4 imagossaan ja markkinoinnissaan. Kankaanp\u00e4\u00e4n taidekeh\u00e4 ja Helsingin Arabianrannan asuinalue ovat esimerkkej\u00e4 t\u00e4st\u00e4. Laadukas kulttuuri-imago ja kuvataide sen osana voivat muodostua t\u00e4rke\u00e4ksi tekij\u00e4ksi alueen kokonaishyvinvoinnin kasvattajana. Niiden merkitys ulottuu &hellip; <a href=\"https:\/\/www.painters.fi\/taiteenhankintamalli\/kuvataide-strategisena-ja-alueellisena-tekijana\/\">Continue reading <span class=\"meta-nav\">&rarr;<\/span><\/a><\/p>\n","protected":false},"author":4,"featured_media":0,"parent":0,"menu_order":2,"comment_status":"closed","ping_status":"closed","template":"","meta":{"footnotes":""},"class_list":["post-23","page","type-page","status-publish","hentry"],"_links":{"self":[{"href":"https:\/\/www.painters.fi\/taiteenhankintamalli\/wp-json\/wp\/v2\/pages\/23","targetHints":{"allow":["GET"]}}],"collection":[{"href":"https:\/\/www.painters.fi\/taiteenhankintamalli\/wp-json\/wp\/v2\/pages"}],"about":[{"href":"https:\/\/www.painters.fi\/taiteenhankintamalli\/wp-json\/wp\/v2\/types\/page"}],"author":[{"embeddable":true,"href":"https:\/\/www.painters.fi\/taiteenhankintamalli\/wp-json\/wp\/v2\/users\/4"}],"replies":[{"embeddable":true,"href":"https:\/\/www.painters.fi\/taiteenhankintamalli\/wp-json\/wp\/v2\/comments?post=23"}],"version-history":[{"count":46,"href":"https:\/\/www.painters.fi\/taiteenhankintamalli\/wp-json\/wp\/v2\/pages\/23\/revisions"}],"predecessor-version":[{"id":1373,"href":"https:\/\/www.painters.fi\/taiteenhankintamalli\/wp-json\/wp\/v2\/pages\/23\/revisions\/1373"}],"wp:attachment":[{"href":"https:\/\/www.painters.fi\/taiteenhankintamalli\/wp-json\/wp\/v2\/media?parent=23"}],"curies":[{"name":"wp","href":"https:\/\/api.w.org\/{rel}","templated":true}]}}