{"id":17,"date":"2012-09-11T16:53:33","date_gmt":"2012-09-11T13:53:33","guid":{"rendered":"http:\/\/www.painters.fi\/taiteenhankintamalli\/?page_id=17"},"modified":"2013-04-25T11:06:54","modified_gmt":"2013-04-25T08:06:54","slug":"etusivu","status":"publish","type":"page","link":"https:\/\/www.painters.fi\/taiteenhankintamalli\/","title":{"rendered":"Etusivu"},"content":{"rendered":"<p>&nbsp;<\/p>\n<p><a href=\"https:\/\/www.painters.fi\/taiteenhankintamalli\/wp-content\/uploads\/2012\/09\/YlvaHollanderKirsiKaulanen2-600x402.jpg\"><img loading=\"lazy\" decoding=\"async\" class=\"alignnone size-full wp-image-1124\" title=\"Ylva Holl\u00e4nder, Kirsi Kaulanen: Valtiop\u00e4iv\u00e4triptyykki, 2009, laserleikattu ruostumaton ter\u00e4s, pronssi. Teos sijaitsee August Ekl\u00f6fin puistossa Porvoossa.\" alt=\"\" src=\"https:\/\/www.painters.fi\/taiteenhankintamalli\/wp-content\/uploads\/2012\/09\/YlvaHollanderKirsiKaulanen2-600x402.jpg\" width=\"600\" height=\"402\" srcset=\"https:\/\/www.painters.fi\/taiteenhankintamalli\/wp-content\/uploads\/2012\/09\/YlvaHollanderKirsiKaulanen2-600x402.jpg 600w, https:\/\/www.painters.fi\/taiteenhankintamalli\/wp-content\/uploads\/2012\/09\/YlvaHollanderKirsiKaulanen2-600x402-300x201.jpg 300w\" sizes=\"auto, (max-width: 600px) 100vw, 600px\" \/><\/a><\/p>\n<p>N\u00e4ille sivuille koottu tieto on tarkoitettu luomaan pohjaa\u00a0 yhteisty\u00f6lle rakennuttajien, suunnittelijoiden, kuvataiteen hankinnoista vastaavien henkil\u00f6iden ja kuvataiteilijoiden v\u00e4lill\u00e4.<\/p>\n<p>Rakennuttajille ja suunnittelijoille on ker\u00e4tty toteutettujen taidehankintojen kautta tietoja siit\u00e4, miten ja miss\u00e4 vaiheessa taidehankinnat on hyv\u00e4 ottaa osaksi rakennusprojektia.\u00a0Taiteilijoille on ker\u00e4tty tietoa rakennusprojektista, sen etenemisest\u00e4 ja eri vaiheisiin osallistuvista eri alojen toimijoista. P\u00e4\u00e4paino on sill\u00e4, mit\u00e4 tietoja rakennuttaja tarvitsee taideprojektista rakennushankkeessa ja mit\u00e4 taiteilijan tulee tiet\u00e4\u00e4, osata suunnitella, seurata ja valvoa taideteoksen toteuttamisen onnistumiseksi.\u00a0 Hankintamalli on jaettu kuuteen osioon: aloite, hankeen valmistelu, suunnittelu, toteutuksen valmistelu, taideteoksen toteutus ja sen elinkaari. Taideprojektien etenemist\u00e4 havainnollistetaan lis\u00e4ksi projektikuvausten avulla.<\/p>\n<p>Taidemaalariliiton Taiteenhankintamalli-sivuston materiaali on koottu Opetusministeri\u00f6n ja ART360-hankkeen tuella. Materiaalia ovat kirjoittaneet OTK Terhi Aaltonen, arkkitehti, taidemaalari Eeva-Liisa Rautalahti, HTT Pauli Rautiainen ja kuvataiteilija Saija Koponen. Sivuston suunnittelu ja kuvitus Saija Koponen ja TaM Jarmo Nordlin.<\/p>\n<p>N\u00e4iden internetsivujen tarkoituksena on neuvoa ja antaa yleist\u00e4 tietoa tilausteosten hankintaan liittyvist\u00e4 kysymyksist\u00e4. Tiedot ovat yleist\u00e4 informaatiota, eiv\u00e4tk\u00e4 ole sellaisenaan sovellettavissa erityistilanteisiin tai ongelmiin. Kirjoittajat eiv\u00e4t ota oikeudellista vastuuta ohjeiden k\u00e4yt\u00e4nn\u00f6n soveltamisesta.<\/p>\n<p>&nbsp;<\/p>\n","protected":false},"excerpt":{"rendered":"<p>&nbsp; N\u00e4ille sivuille koottu tieto on tarkoitettu luomaan pohjaa\u00a0 yhteisty\u00f6lle rakennuttajien, suunnittelijoiden, kuvataiteen hankinnoista vastaavien henkil\u00f6iden ja kuvataiteilijoiden v\u00e4lill\u00e4. Rakennuttajille ja suunnittelijoille on ker\u00e4tty toteutettujen taidehankintojen kautta tietoja siit\u00e4, miten ja miss\u00e4 vaiheessa taidehankinnat on hyv\u00e4 ottaa osaksi rakennusprojektia.\u00a0Taiteilijoille on &hellip; <a href=\"https:\/\/www.painters.fi\/taiteenhankintamalli\/\">Continue reading <span class=\"meta-nav\">&rarr;<\/span><\/a><\/p>\n","protected":false},"author":4,"featured_media":0,"parent":0,"menu_order":1,"comment_status":"closed","ping_status":"closed","template":"","meta":{"footnotes":""},"class_list":["post-17","page","type-page","status-publish","hentry"],"_links":{"self":[{"href":"https:\/\/www.painters.fi\/taiteenhankintamalli\/wp-json\/wp\/v2\/pages\/17","targetHints":{"allow":["GET"]}}],"collection":[{"href":"https:\/\/www.painters.fi\/taiteenhankintamalli\/wp-json\/wp\/v2\/pages"}],"about":[{"href":"https:\/\/www.painters.fi\/taiteenhankintamalli\/wp-json\/wp\/v2\/types\/page"}],"author":[{"embeddable":true,"href":"https:\/\/www.painters.fi\/taiteenhankintamalli\/wp-json\/wp\/v2\/users\/4"}],"replies":[{"embeddable":true,"href":"https:\/\/www.painters.fi\/taiteenhankintamalli\/wp-json\/wp\/v2\/comments?post=17"}],"version-history":[{"count":18,"href":"https:\/\/www.painters.fi\/taiteenhankintamalli\/wp-json\/wp\/v2\/pages\/17\/revisions"}],"predecessor-version":[{"id":1412,"href":"https:\/\/www.painters.fi\/taiteenhankintamalli\/wp-json\/wp\/v2\/pages\/17\/revisions\/1412"}],"wp:attachment":[{"href":"https:\/\/www.painters.fi\/taiteenhankintamalli\/wp-json\/wp\/v2\/media?parent=17"}],"curies":[{"name":"wp","href":"https:\/\/api.w.org\/{rel}","templated":true}]}}