{"id":1441,"date":"2014-05-15T15:30:43","date_gmt":"2014-05-15T12:30:43","guid":{"rendered":"http:\/\/www.painters.fi\/taiteenhankintamalli\/?page_id=1441"},"modified":"2014-11-26T13:41:26","modified_gmt":"2014-11-26T11:41:26","slug":"tapahtumat-ja-koulutukset","status":"publish","type":"page","link":"https:\/\/www.painters.fi\/taiteenhankintamalli\/tapahtumat-ja-koulutukset\/","title":{"rendered":"Tapahtumat ja koulutukset"},"content":{"rendered":"<p><strong>Taide rakennetussa ymp\u00e4rist\u00f6ss\u00e4 -seminaarisarja<\/strong><\/p>\n<p>Paikka: tm\u2022galleria, Erottajankatu 9B, 00120 Helsinki<\/p>\n<p>Aika: maanantai 25.8., 15.9. ja 27.10.2014<\/p>\n<p>Taidemaalariliito j\u00e4rjest\u00e4\u00e4 Taide rakennetussa ymp\u00e4rist\u00f6ss\u00e4 \u2013aiheisen seminaarisarjan. Seminaarit ovat avoimia kaikille. Ilmoittautuminen s\u00e4hk\u00f6postitse osoitteeseen tmlseminaari@gmail.com tai puhelinnumeroon 09 6811 0574 Jarmo Nordlin (ma\u2013pe).<\/p>\n<p><strong>Seminaari 1: taiteilijal\u00e4ht\u00f6iset, m\u00e4\u00e4r\u00e4aikaiset ja toiminnalliset taidehankkeet 25.8.2014<\/strong><\/p>\n<p>klo 13.00 seminaarin puheenjohtaja Maaria M\u00e4rk\u00e4l\u00e4 avaa seminaarin<\/p>\n<p>klo 13.05\u00a0 Inkeri Makkonen, Kaupunkitaidetta Espoon keskukseen<\/p>\n<p>klo 13.35\u00a0 Hanna Uggla, Lasten taidemakkara<\/p>\n<p>klo 14.05\u00a0 Salla Laurinolli, Taidekasarmi -projekti<\/p>\n<p>klo 14.35\u00a0 kahvitauko<\/p>\n<p>klo 15.05\u00a0 Viva Granlund, Matalankynnyksen taiteilijal\u00e4ht\u00f6inen julkinen taide ja sen tekeminen kaupunkitilassa \u2013 vaihtoehto, voimavara ja aktivismia<\/p>\n<p>klo 15.35\u00a0\u00a0 Annukka Laine, Jumalakuvat \u2013 kuvat jumalasta kirkko- ja seurakuntatilassa<\/p>\n<p>klo 16.05\u00a0 Jaakko R\u00f6nkk\u00f6, Tilateoksen hetkellisyys ja pysyvyys<\/p>\n<p>klo 16.35\u00a0\u00a0 yleinen keskustelu<\/p>\n<p>klo 17.00\u00a0\u00a0 seminaarin lopetus<\/p>\n<p><strong>Seminaari 2: rakennuttajien kokemukset taidehankkeista 15.9.2014<\/strong><\/p>\n<p>klo 13.00\u00a0\u00a0 seminaarin puheenjohtaja Marja-Liisa Jokitalo avaa seminaarin<\/p>\n<p>klo 13.05\u00a0\u00a0\u00a0 projektijohtaja Hannu Asikainen, Kalasataman aluerakentamisprojekti<\/p>\n<p>klo 13.50\u00a0\u00a0\u00a0 projektijohtaja Pertti Tamminen, Vuores -projekti<\/p>\n<p>klo 14.35\u00a0\u00a0\u00a0 kahvitauko<\/p>\n<p>klo 15.00\u00a0\u00a0\u00a0 Juha Kostiainen, YIT<\/p>\n<p>klo 15.45\u00a0\u00a0\u00a0\u00a0 yleinen keskustelu<\/p>\n<p>klo 16.15\u00a0\u00a0\u00a0\u00a0 seminaarin lopetus<\/p>\n<p><strong>Seminaari 3: tekniikkakoulutus 27.10.2014<\/strong><\/p>\n<p>klo 13.00\u00a0\u00a0\u00a0\u00a0 Prosenttiperiaatteen ja taidekonsultoinnin kehitt\u00e4misen taidehankkeet, Erja V\u00e4yrynen,<br \/>\nYmp\u00e4rist\u00f6taiteen s\u00e4\u00e4ti\u00f6,<\/p>\n<p>klo 13.15\u00a0\u00a0\u00a0\u00a0\u00a0 Rakennetun ymp\u00e4rist\u00f6n taideprojektit, Taidegraafikko, taidekonsultti, toimitusjohtaja<br \/>\nTuula Lehtinen, Frei Zimmer<\/p>\n<p>klo 14.20\u00a0\u00a0\u00a0\u00a0\u00a0 kahvitauko<\/p>\n<p>klo 14.35\u00a0\u00a0\u00a0\u00a0\u00a0 Materiaalin elinkaari, Malla Tallgren, materiaaliopin lehtori, Kuvataideakatemia<\/p>\n<h3>Menneet tapahtumat<\/h3>\n<h4>2014<\/h4>\n<p><a href=\"http:\/\/www.painters.fi\/taide_rakeennetussa_ymp_2014seminaari.pdf\">Taide rakennetussa ymp\u00e4rist\u00f6ss\u00e4 -seminaari 27.10.2014 raportti<\/a><\/p>\n<h4>2013<\/h4>\n<p><a title=\"Taidehankkeet rakennushankkeissa -seminaarisarja vuonna 2013\" href=\"http:\/\/www.painters.fi\/seminaariIlmoitus.pdf\" target=\"_blank\">Taidehankkeet rakennushankkeissa -seminaarisarja<\/a> Lue lis\u00e4\u00e4 seminaarisarjasta: <a href=\"http:\/\/www.taiteilijalehti.fi\/taidetta-rakennushankkeisiin\" target=\"_blank\">&gt;&gt; Artikkeli Taiteilija-lehdess\u00e4<\/a> <a href=\"http:\/\/www.painters.fi\/TaidettaRakennushankkeisiinRaportti.pdf\" target=\"_blank\">&gt;&gt; Laaja raportti Taidemaalariliiton internetsivuilla\u00a0<\/a><\/p>\n<h4>2011<\/h4>\n<p><a title=\"Taide rakennetussa ymp\u00e4rist\u00f6ss\u00e4 -seminaari vuonna 2011\" href=\"http:\/\/www.painters.fi\/TRYseminaari.html\" target=\"_blank\">Taide rakennetussa ymp\u00e4rist\u00f6ss\u00e4 -seminaari<\/a><\/p>\n<p style=\"text-align: left;\"><\/p>\n","protected":false},"excerpt":{"rendered":"<p>Taide rakennetussa ymp\u00e4rist\u00f6ss\u00e4 -seminaarisarja Paikka: tm\u2022galleria, Erottajankatu 9B, 00120 Helsinki Aika: maanantai 25.8., 15.9. ja 27.10.2014 Taidemaalariliito j\u00e4rjest\u00e4\u00e4 Taide rakennetussa ymp\u00e4rist\u00f6ss\u00e4 \u2013aiheisen seminaarisarjan. Seminaarit ovat avoimia kaikille. Ilmoittautuminen s\u00e4hk\u00f6postitse osoitteeseen tmlseminaari@gmail.com tai puhelinnumeroon 09 6811 0574 Jarmo Nordlin (ma\u2013pe). Seminaari &hellip; <a href=\"https:\/\/www.painters.fi\/taiteenhankintamalli\/tapahtumat-ja-koulutukset\/\">Continue reading <span class=\"meta-nav\">&rarr;<\/span><\/a><\/p>\n","protected":false},"author":4,"featured_media":0,"parent":0,"menu_order":17,"comment_status":"closed","ping_status":"open","template":"","meta":{"footnotes":""},"class_list":["post-1441","page","type-page","status-publish","hentry"],"_links":{"self":[{"href":"https:\/\/www.painters.fi\/taiteenhankintamalli\/wp-json\/wp\/v2\/pages\/1441","targetHints":{"allow":["GET"]}}],"collection":[{"href":"https:\/\/www.painters.fi\/taiteenhankintamalli\/wp-json\/wp\/v2\/pages"}],"about":[{"href":"https:\/\/www.painters.fi\/taiteenhankintamalli\/wp-json\/wp\/v2\/types\/page"}],"author":[{"embeddable":true,"href":"https:\/\/www.painters.fi\/taiteenhankintamalli\/wp-json\/wp\/v2\/users\/4"}],"replies":[{"embeddable":true,"href":"https:\/\/www.painters.fi\/taiteenhankintamalli\/wp-json\/wp\/v2\/comments?post=1441"}],"version-history":[{"count":20,"href":"https:\/\/www.painters.fi\/taiteenhankintamalli\/wp-json\/wp\/v2\/pages\/1441\/revisions"}],"predecessor-version":[{"id":1470,"href":"https:\/\/www.painters.fi\/taiteenhankintamalli\/wp-json\/wp\/v2\/pages\/1441\/revisions\/1470"}],"wp:attachment":[{"href":"https:\/\/www.painters.fi\/taiteenhankintamalli\/wp-json\/wp\/v2\/media?parent=1441"}],"curies":[{"name":"wp","href":"https:\/\/api.w.org\/{rel}","templated":true}]}}