{"id":1413,"date":"2013-04-29T16:23:13","date_gmt":"2013-04-29T13:23:13","guid":{"rendered":"http:\/\/www.painters.fi\/taiteenhankintamalli\/?page_id=1413"},"modified":"2013-04-29T16:23:18","modified_gmt":"2013-04-29T13:23:18","slug":"aberg-magdalena","status":"publish","type":"page","link":"https:\/\/www.painters.fi\/taiteenhankintamalli\/esimerkkeja-taideprojekteista\/aberg-magdalena\/","title":{"rendered":"\u00c5berg Magdalena"},"content":{"rendered":"<p>Helsingin Katugalleriat<\/p>\n<p>&nbsp;<\/p>\n<h3>Perustiedot<\/h3>\n<p>Taiteilija: Magdalena \u00c5berg <a href=\"http:\/\/www.aberg.fi\/gallery\/41104\/katugalleriat\/\" target=\"_blank\">&gt;&gt;http:\/\/www.aberg.fi\/gallery\/41104\/katugalleriat\/<\/a><br \/>\nHankkeen nimi: Katugalleriat hankkeen suunnittelu, koordinointi ja kuratointi<br \/>\nSijainti: S\u00e4hk\u00f6kaapit Helsingin kantakaupungissa (Eerikinkatu, Fleminginkatu, Museokatu, Unioninakseli) <a href=\"http:\/\/www.helen.fi\/ymparisto\/katugalleriat.html\" target=\"_blank\">&gt;&gt;http:\/\/www.helen.fi\/ymparisto\/katugalleriat.html<\/a> <a href=\"http:\/\/www.helsinki200.fi\/juhlavuoden-ohjelma\/unioninakselin-taidegalleria\" target=\"_blank\">&gt;&gt;http:\/\/www.helsinki200.fi\/juhlavuoden-ohjelma\/unioninakselin-taidegalleria<\/a><br \/>\nTilaaja: Taiteilijal\u00e4ht\u00f6inen<br \/>\nYhteisty\u00f6kumppanit: Helsingin taiteilijaseura, Helsingin energia, Helen S\u00e4hk\u00f6verkko Oy, Eltel Networks, Suomen Taidegraafikot, TaiK<br \/>\nHankkeen suunnittelu alkoi: 2004<br \/>\nHanke toteutui: 2005\u2013<\/p>\n<p>&nbsp;<\/p>\n<p>&lt;kuva s\u00e4hk\u00f6kaappikartasta, kuvateksti: S\u00e4hk\u00f6kaappikartta jonka pohjalta Magdalena \u00c5berg l\u00e4hti suunnittelemaan Unioiningalleriaa&gt;<\/p>\n<p>&nbsp;<\/p>\n<h4>\u00a0Projektin k\u00e4yt\u00e4nn\u00f6n etenemisest\u00e4<\/h4>\n<p>Magdalena \u00c5berg aloitti katugallerioiden suunnittelemisen vuonna 2004 yhteisty\u00f6ss\u00e4 Helsingin energian ja sen tyt\u00e4ryhti\u00f6iden kanssa ja ensimm\u00e4iset kuvat sijoitettiin s\u00e4hk\u00f6kaappeihin vuonna 2005. Hankkeen ensimm\u00e4isen\u00e4 vuotena mukana olivat my\u00f6s Taideteollinen Korkeakoulu ja Suomen Taidegraafikot. My\u00f6hemmin mukaan tuli Helsingin Taiteilijaseura, jonka kautta taiteilijoille on j\u00e4rjestetty avoimia hakuja hankkeeseen.<\/p>\n<p>Hankkeen perustavana ideana on saada enemm\u00e4n kuvataidetta katutilaan, ulos gallerioista ja vastapainoksi koko kaupungin t\u00e4ytt\u00e4ville mainoskuville. \u00c5berg pyrkii valitsemaan jokaiselle kadulle ajankohtaisen teeman, ja teoksille paikat joissa ne kommunikoivat katuymp\u00e4rist\u00f6n kanssa.\u00a0 Teemoja ovat olleet esimerkiksi terveys, j\u00e4rjestys\/ep\u00e4j\u00e4rjestys, vastavoima sek\u00e4 katoavaisuus.<\/p>\n<p>Kuvat kuratoiduista teoksista tulostetaan pleksille ja asennetaan paikoilleen. Kokonaisuuksista painetaan esitteet joita jaetaan mm. kyseess\u00e4 olevan kadun kahviloissa. Kuvat ovat paikallaan yhden vuoden, jonka j\u00e4lkeen yleis\u00f6ll\u00e4 on mahdollisuus hankkia niit\u00e4 itselleen \u00c5bergin tai Helsingin Taiteilijaseuran kautta.<\/p>\n<p>Hankkeen kautta kuvataiteella on n\u00e4kyv\u00e4 paikka Helsingin katukuvassa ja ihmisten arjessa. Helsingin energia kustantaa hankkeen ja j\u00e4rjest\u00e4\u00e4 teosten asennukset, esitteet ja avajaiset.<\/p>\n<p>&nbsp;<\/p>\n<p>&lt;kuva Susanna Aution teoksesta, kuvateksti: Susanna Autio, Monalisakoira, Eerikinkatu&gt;<\/p>\n","protected":false},"excerpt":{"rendered":"<p>Helsingin Katugalleriat &nbsp; Perustiedot Taiteilija: Magdalena \u00c5berg &gt;&gt;http:\/\/www.aberg.fi\/gallery\/41104\/katugalleriat\/ Hankkeen nimi: Katugalleriat hankkeen suunnittelu, koordinointi ja kuratointi Sijainti: S\u00e4hk\u00f6kaapit Helsingin kantakaupungissa (Eerikinkatu, Fleminginkatu, Museokatu, Unioninakseli) &gt;&gt;http:\/\/www.helen.fi\/ymparisto\/katugalleriat.html &gt;&gt;http:\/\/www.helsinki200.fi\/juhlavuoden-ohjelma\/unioninakselin-taidegalleria Tilaaja: Taiteilijal\u00e4ht\u00f6inen Yhteisty\u00f6kumppanit: Helsingin taiteilijaseura, Helsingin energia, Helen S\u00e4hk\u00f6verkko Oy, Eltel Networks, Suomen Taidegraafikot, &hellip; <a href=\"https:\/\/www.painters.fi\/taiteenhankintamalli\/esimerkkeja-taideprojekteista\/aberg-magdalena\/\">Continue reading <span class=\"meta-nav\">&rarr;<\/span><\/a><\/p>\n","protected":false},"author":2,"featured_media":0,"parent":74,"menu_order":56,"comment_status":"closed","ping_status":"open","template":"","meta":{"footnotes":""},"class_list":["post-1413","page","type-page","status-publish","hentry"],"_links":{"self":[{"href":"https:\/\/www.painters.fi\/taiteenhankintamalli\/wp-json\/wp\/v2\/pages\/1413","targetHints":{"allow":["GET"]}}],"collection":[{"href":"https:\/\/www.painters.fi\/taiteenhankintamalli\/wp-json\/wp\/v2\/pages"}],"about":[{"href":"https:\/\/www.painters.fi\/taiteenhankintamalli\/wp-json\/wp\/v2\/types\/page"}],"author":[{"embeddable":true,"href":"https:\/\/www.painters.fi\/taiteenhankintamalli\/wp-json\/wp\/v2\/users\/2"}],"replies":[{"embeddable":true,"href":"https:\/\/www.painters.fi\/taiteenhankintamalli\/wp-json\/wp\/v2\/comments?post=1413"}],"version-history":[{"count":9,"href":"https:\/\/www.painters.fi\/taiteenhankintamalli\/wp-json\/wp\/v2\/pages\/1413\/revisions"}],"predecessor-version":[{"id":1422,"href":"https:\/\/www.painters.fi\/taiteenhankintamalli\/wp-json\/wp\/v2\/pages\/1413\/revisions\/1422"}],"up":[{"embeddable":true,"href":"https:\/\/www.painters.fi\/taiteenhankintamalli\/wp-json\/wp\/v2\/pages\/74"}],"wp:attachment":[{"href":"https:\/\/www.painters.fi\/taiteenhankintamalli\/wp-json\/wp\/v2\/media?parent=1413"}],"curies":[{"name":"wp","href":"https:\/\/api.w.org\/{rel}","templated":true}]}}