{"id":134,"date":"2012-11-13T15:11:14","date_gmt":"2012-11-13T13:11:14","guid":{"rendered":"http:\/\/www.painters.fi\/taiteenhankintamalli\/?page_id=134"},"modified":"2013-02-08T09:40:01","modified_gmt":"2013-02-08T07:40:01","slug":"lappalainen-minna-maija","status":"publish","type":"page","link":"https:\/\/www.painters.fi\/taiteenhankintamalli\/esimerkkeja-taideprojekteista\/lappalainen-minna-maija\/","title":{"rendered":"Lappalainen Minna Maija"},"content":{"rendered":"<h2>Luolavuoren koulun prosenttiteokset<\/h2>\n<p><a href=\"https:\/\/www.painters.fi\/taiteenhankintamalli\/wp-content\/uploads\/2012\/11\/minna_maija_lappalainen1.jpg\"><img loading=\"lazy\" decoding=\"async\" class=\"alignnone  wp-image-267\" title=\"Minna Maija Lappalainen: &quot;Auringonpilkut&quot;, sokerit\u00e4rk\u00e4tyt lastenvaatteet. Taideteos toteutettu Luolavuoren kouluun Turkuun 2008. Kuva: Minna Maija Lappalainen\" src=\"https:\/\/www.painters.fi\/taiteenhankintamalli\/wp-content\/uploads\/2012\/11\/minna_maija_lappalainen1.jpg\" alt=\"\" width=\"567\" height=\"756\" srcset=\"https:\/\/www.painters.fi\/taiteenhankintamalli\/wp-content\/uploads\/2012\/11\/minna_maija_lappalainen1.jpg 700w, https:\/\/www.painters.fi\/taiteenhankintamalli\/wp-content\/uploads\/2012\/11\/minna_maija_lappalainen1-225x300.jpg 225w\" sizes=\"auto, (max-width: 567px) 100vw, 567px\" \/><\/a><\/p>\n<h3><strong>Perustiedot<\/strong><\/h3>\n<p>Taiteilija: Minna Maija Lappalainen <a href=\"http:\/\/www.minnamaijalappalainen.net\/\">&gt;&gt; Minna Maija Lappalainen<\/a><br \/>\nHankkeen nimi: Luolavuoren koulun prosenttiteokset<br \/>\nSijainti: Luolavuori, Turku<br \/>\nTilaaja: Turun kaupunki<br \/>\nRakennuttaja: Turun kaupunki<br \/>\nArkkitehti: Pia Helin, Ark&#8217;Aboa<br \/>\nHankkeen suunnittelu alkoi: tammikuu 2008<br \/>\nHanke toteutui: kes\u00e4-joulukuu 2008<\/p>\n<p><a href=\"https:\/\/www.painters.fi\/taiteenhankintamalli\/wp-content\/uploads\/2012\/11\/minna_maija_lappalainen2.jpg\"><img loading=\"lazy\" decoding=\"async\" class=\"alignnone  wp-image-268\" title=\"Minna Maija Lappalainen: &quot;Kimpsut ja kamsput&quot;, valotaideteos Luolavuoren kouluun Turkuun 2008. Kuva: Iina Esko\" src=\"https:\/\/www.painters.fi\/taiteenhankintamalli\/wp-content\/uploads\/2012\/11\/minna_maija_lappalainen2.jpg\" alt=\"\" width=\"572\" height=\"380\" srcset=\"https:\/\/www.painters.fi\/taiteenhankintamalli\/wp-content\/uploads\/2012\/11\/minna_maija_lappalainen2.jpg 896w, https:\/\/www.painters.fi\/taiteenhankintamalli\/wp-content\/uploads\/2012\/11\/minna_maija_lappalainen2-300x199.jpg 300w\" sizes=\"auto, (max-width: 572px) 100vw, 572px\" \/><\/a><\/p>\n<h3>Projektin k\u00e4yt\u00e4nn\u00f6n etenemisest\u00e4<\/h3>\n<p>Turussa ryhdyttiin toteuttamaan prosenttiperiaatetta vuonna 2007 valmistuneen uuden p\u00e4\u00e4kirjaston yhteydess\u00e4. Luolavuoren koulu oli vasta toinen prosenttikohde, joten rutiinien puuttumisen vuoksi k\u00e4yt\u00e4nn\u00f6n j\u00e4rjestelyt ja yhteisty\u00f6 kaupungin tilaliikelaitoksen kanssa veiv\u00e4t paljon aikaa ja vaivaa. Projekti toteutettiin taiteilijan, W\u00e4in\u00f6 Aaltosen museon, tilaliikelaitoksen, koulun ja arkkitehdin v\u00e4lisen\u00e4 yhteisty\u00f6n\u00e4. Ty\u00f6 aloitettiin uudisrakennuksen ollessa rakenteilla.<\/p>\n<p>Koska kyseess\u00e4 oli erityiskoulu, Lappalainen halusi ottaa teoksiinsa (2) yhteis\u00f6llisen n\u00e4k\u00f6kulman ja huomioida niiss\u00e4 lasten erityistarpeet. H\u00e4n aloitti suunnittelun keskustelemalla koulun henkil\u00f6kunnan kanssa. Keskustelujen ja rakennuksen ongelmakohtiin perehtymisen j\u00e4lkeen Lappalainen valitsi Kimpsut ja kampsut -teoksen sijoituspaikaksi koulurakennuksia yhdist\u00e4v\u00e4n pitk\u00e4n k\u00e4yt\u00e4v\u00e4n. Kimpsut ja kampsut on toiminnallinen valoteos, jossa eriv\u00e4riset kuviot heijastetaan katosta k\u00e4yt\u00e4v\u00e4n lattiaan siten, ett\u00e4 ne rytmitt\u00e4v\u00e4t pitk\u00e4\u00e4 k\u00e4yt\u00e4v\u00e4\u00e4 ja motivoivat etenkin liikuntarajoitteisia lapsia jaksamaan koko matkan esim. ruokalaan.<\/p>\n<p>Toiseen teokseen kuva-aiheet l\u00f6ytyiv\u00e4t koulun l\u00f6yt\u00f6tavarakaapista, jota Lappalainen tutki yhdess\u00e4 lasten kanssa. He valitsivat ty\u00f6pajassa sopivat esineet ja vaatekappaleet ja tekiv\u00e4t niist\u00e4 piirustuksia ja silkkipaperiversioita lattiamateriaaleihin sopivien v\u00e4rien l\u00f6yt\u00e4miseksi. Teoksessa ei kuitenkaan k\u00e4ytetty lasten piirustuksia, vaan Lappalainen toteutti ne itse. Koska rakennus oli keskener\u00e4inen teoksen suunnitteluvaiheessa, h\u00e4n pystyi sopimaan mm. s\u00e4hk\u00f6miesten ja sis\u00e4katosta vastaavien rakentajien kanssa ty\u00f6n teknisest\u00e4 osuudesta ja sen vaatimista erityisj\u00e4rjestelyist\u00e4. Yhteisty\u00f6t\u00e4 helpotti se, ett\u00e4 Lappalaisella oli avustajana valosuunnittelija, jolta h\u00e4n sai yksityiskohtaiset ja asiantuntevat neuvot teoksen tekniseen osuuteen. My\u00f6s arkkitehdin positiivinen suhtautuminen taideprojektiin helpotti ty\u00f6t\u00e4. Auringonpilkut-teos sijaitsee koulun aulassa 6 metri\u00e4 korkealla lasisein\u00e4ll\u00e4. Lapset toivat sit\u00e4 varten kotoaan pieneksi j\u00e4\u00e4neit\u00e4 keltaisia vaatteita, joista Lappalainen t\u00e4rkk\u00e4si korkealla ilmassa leijuvia lapsihahmoja.<br \/>\n<\/p>\n","protected":false},"excerpt":{"rendered":"<p>Luolavuoren koulun prosenttiteokset Perustiedot Taiteilija: Minna Maija Lappalainen &gt;&gt; Minna Maija Lappalainen Hankkeen nimi: Luolavuoren koulun prosenttiteokset Sijainti: Luolavuori, Turku Tilaaja: Turun kaupunki Rakennuttaja: Turun kaupunki Arkkitehti: Pia Helin, Ark&#8217;Aboa Hankkeen suunnittelu alkoi: tammikuu 2008 Hanke toteutui: kes\u00e4-joulukuu 2008 Projektin &hellip; <a href=\"https:\/\/www.painters.fi\/taiteenhankintamalli\/esimerkkeja-taideprojekteista\/lappalainen-minna-maija\/\">Continue reading <span class=\"meta-nav\">&rarr;<\/span><\/a><\/p>\n","protected":false},"author":4,"featured_media":0,"parent":74,"menu_order":19,"comment_status":"closed","ping_status":"closed","template":"","meta":{"footnotes":""},"class_list":["post-134","page","type-page","status-publish","hentry"],"_links":{"self":[{"href":"https:\/\/www.painters.fi\/taiteenhankintamalli\/wp-json\/wp\/v2\/pages\/134","targetHints":{"allow":["GET"]}}],"collection":[{"href":"https:\/\/www.painters.fi\/taiteenhankintamalli\/wp-json\/wp\/v2\/pages"}],"about":[{"href":"https:\/\/www.painters.fi\/taiteenhankintamalli\/wp-json\/wp\/v2\/types\/page"}],"author":[{"embeddable":true,"href":"https:\/\/www.painters.fi\/taiteenhankintamalli\/wp-json\/wp\/v2\/users\/4"}],"replies":[{"embeddable":true,"href":"https:\/\/www.painters.fi\/taiteenhankintamalli\/wp-json\/wp\/v2\/comments?post=134"}],"version-history":[{"count":18,"href":"https:\/\/www.painters.fi\/taiteenhankintamalli\/wp-json\/wp\/v2\/pages\/134\/revisions"}],"predecessor-version":[{"id":1316,"href":"https:\/\/www.painters.fi\/taiteenhankintamalli\/wp-json\/wp\/v2\/pages\/134\/revisions\/1316"}],"up":[{"embeddable":true,"href":"https:\/\/www.painters.fi\/taiteenhankintamalli\/wp-json\/wp\/v2\/pages\/74"}],"wp:attachment":[{"href":"https:\/\/www.painters.fi\/taiteenhankintamalli\/wp-json\/wp\/v2\/media?parent=134"}],"curies":[{"name":"wp","href":"https:\/\/api.w.org\/{rel}","templated":true}]}}