{"id":131,"date":"2012-11-13T15:07:34","date_gmt":"2012-11-13T13:07:34","guid":{"rendered":"http:\/\/www.painters.fi\/taiteenhankintamalli\/?page_id=131"},"modified":"2013-02-08T09:40:14","modified_gmt":"2013-02-08T07:40:14","slug":"maunu-paivi","status":"publish","type":"page","link":"https:\/\/www.painters.fi\/taiteenhankintamalli\/esimerkkeja-taideprojekteista\/maunu-paivi\/","title":{"rendered":"Maunu P\u00e4ivi"},"content":{"rendered":"<h2>Ymp\u00e4rist\u00f6- ja yhteis\u00f6taideteos Turkuun<\/h2>\n<p><a href=\"https:\/\/www.painters.fi\/taiteenhankintamalli\/wp-content\/uploads\/2012\/11\/paivi_maunu1.jpg\"><img loading=\"lazy\" decoding=\"async\" class=\"alignnone  wp-image-274\" title=\"P\u00e4ivi Maunu: &quot;Kilpikonnan polku&quot; ymp\u00e4rist\u00f6- ja yhteis\u00f6taideteos, L\u00e4ntinen Pitk\u00e4katu 15, Turku, 2002. Kuva: P\u00e4ivi Maunu\" src=\"https:\/\/www.painters.fi\/taiteenhankintamalli\/wp-content\/uploads\/2012\/11\/paivi_maunu1.jpg\" alt=\"\" width=\"510\" height=\"680\" srcset=\"https:\/\/www.painters.fi\/taiteenhankintamalli\/wp-content\/uploads\/2012\/11\/paivi_maunu1.jpg 567w, https:\/\/www.painters.fi\/taiteenhankintamalli\/wp-content\/uploads\/2012\/11\/paivi_maunu1-225x300.jpg 225w\" sizes=\"auto, (max-width: 510px) 100vw, 510px\" \/><\/a><\/p>\n<h3><strong>Perustiedot<\/strong><\/h3>\n<p>Taiteilija: P\u00e4ivi Maunu <a href=\"http:\/\/www.palimama.net\/\">&gt;&gt; P\u00e4ivi Maunu<\/a><br \/>\nHankkeen nimi: Kilpikonnapolku, ymp\u00e4rist\u00f6- ja yhteis\u00f6taideteos<br \/>\nSijainti: Turku, L\u00e4ntinen Pitk\u00e4katu 15<br \/>\nTilaaja: As Oy L\u00e4ntinen Pitk\u00e4katu 15 ja As Oy Ratapihankatu 6<br \/>\nSuunnittelija: P\u00e4ivi Maunu<br \/>\nHankkeen suunnittelu alkoi: 2002<br \/>\nHanke toteutui: 2002<\/p>\n<p><a href=\"https:\/\/www.painters.fi\/taiteenhankintamalli\/wp-content\/uploads\/2012\/11\/paivi_maunu2.jpg\"><img loading=\"lazy\" decoding=\"async\" class=\"alignnone  wp-image-275\" title=\"P\u00e4ivi Maunu: &quot;Kilpikonnan polku&quot; ymp\u00e4rist\u00f6- ja yhteis\u00f6taideteos rakenteilla Turussa 2002. Kuva: P\u00e4ivi Maunu\" src=\"https:\/\/www.painters.fi\/taiteenhankintamalli\/wp-content\/uploads\/2012\/11\/paivi_maunu2.jpg\" alt=\"\" width=\"242\" height=\"323\" srcset=\"https:\/\/www.painters.fi\/taiteenhankintamalli\/wp-content\/uploads\/2012\/11\/paivi_maunu2.jpg 960w, https:\/\/www.painters.fi\/taiteenhankintamalli\/wp-content\/uploads\/2012\/11\/paivi_maunu2-225x300.jpg 225w, https:\/\/www.painters.fi\/taiteenhankintamalli\/wp-content\/uploads\/2012\/11\/paivi_maunu2-768x1024.jpg 768w\" sizes=\"auto, (max-width: 242px) 100vw, 242px\" \/><\/a><\/p>\n<p><a href=\"https:\/\/www.painters.fi\/taiteenhankintamalli\/wp-content\/uploads\/2012\/11\/paivi_maunu3.jpg\"><img loading=\"lazy\" decoding=\"async\" class=\"alignnone  wp-image-276\" title=\"P\u00e4ivi Maunu: &quot;Kilpikonnan polku&quot; ymp\u00e4rist\u00f6- ja yhteis\u00f6taideteos rakenteilla Turussa 2002. Kuva: P\u00e4ivi Maunu\" src=\"https:\/\/www.painters.fi\/taiteenhankintamalli\/wp-content\/uploads\/2012\/11\/paivi_maunu3.jpg\" alt=\"\" width=\"240\" height=\"321\" srcset=\"https:\/\/www.painters.fi\/taiteenhankintamalli\/wp-content\/uploads\/2012\/11\/paivi_maunu3.jpg 960w, https:\/\/www.painters.fi\/taiteenhankintamalli\/wp-content\/uploads\/2012\/11\/paivi_maunu3-225x300.jpg 225w, https:\/\/www.painters.fi\/taiteenhankintamalli\/wp-content\/uploads\/2012\/11\/paivi_maunu3-768x1024.jpg 768w\" sizes=\"auto, (max-width: 240px) 100vw, 240px\" \/><\/a><\/p>\n<h3>Ymp\u00e4rist\u00f6teoksen suunnittelu ja toteutus<\/h3>\n<p>Kilpikonnapolku on kaupunkiymp\u00e4rist\u00f6\u00f6n rakennettu tapahtumallinen teos, joka sijaitsee Turun keskustassa. Ulkotila on kahden rakennuksen v\u00e4liin j\u00e4\u00e4nyt joutomaa, mitoiltaan 43 metri\u00e4 pitk\u00e4 ja noin 3 metri\u00e4 leve\u00e4, korkeiden seinien reunustama tila. Kilpikonnapolku on tehty mustasta liuskekivest\u00e4, kaivauksien yhteydess\u00e4 l\u00f6ydetyist\u00e4 suurista kivist\u00e4 ja v\u00e4h\u00e4isest\u00e4 kasvustosta. Ymp\u00e4rist\u00f6teos toteutettiin yhdess\u00e4 kahden taloyhti\u00f6n asukkaiden kanssa, jolloin heill\u00e4 oli mahdollisuus vaikuttaa suoraan elinymp\u00e4rist\u00f6\u00f6ns\u00e4.<\/p>\n<p>Kilpikonnapolun rakennusty\u00f6t aloitettiin tilaamalla 4 300 kiloa Kemi\u00f6n mustaa liuskekive\u00e4, josta polku on sommiteltu. Seuraavaksi paikalle tilattiin Bobcat kuljettajineen. Kahden taloyhti\u00f6n, joiden piha-alueelle polku sijoittuu, asukkaat olivat talkoot\u00f6iss\u00e4 teoksen kaikissa rakennusvaiheissa. Asuinrakennuksen vierustalta maata jouduttiin kaivamaan noin kahden metrin syvyyteen, talon anturaan, jossa maan pinta oli ollut vuonna 1929! Samalla kaivauksissa l\u00f6ytyiv\u00e4t kaikki Kilpikonnapolun isot kivet, jotka nyt pinnalle siirrettyin\u00e4 on ryhmitelty polun varrelle muodon ja v\u00e4rin mukaan veistosmaisiksi kokonaisuuksiksi. Asuinrakennuksen sein\u00e4nvieruksen maa-aines oli m\u00e4rk\u00e4\u00e4, koska sadevesi ker\u00e4\u00e4ntyi ajoittain alueelle isoiksi lammikoiksi. Maansiirtot\u00f6iden yhteydess\u00e4 sein\u00e4 kosteussuojattiin ja koko 43 metri\u00e4 salaojitettiin. Kasvisto on suunniteltu siten, ettei sit\u00e4 tarvitse juurikaan hoitaa.<\/p>\n<p>Kiviryhmien joukossa kasvaa sammalta ja j\u00e4k\u00e4l\u00e4\u00e4. Muut kasvit ovat seuraavat: 30 kuunliljaa, 3 pylv\u00e4skatajaa, 1 tuivio, 2 talviota, 3 villiviini\u00e4 ja 10 mahoniaa. Polulla on kaksi sammalein merkitty\u00e4 leikkausta, joiden avulla kasvisto ja pienemmist\u00e4 py\u00f6reist\u00e4 kivist\u00e4 sommitellut ryhm\u00e4t siirtyv\u00e4t polun puolelta toiselle. Tilan horisontaali- ja vertikaalilinjat rytmittyv\u00e4t siten, ett\u00e4 liuskekivet muodostavat vahvan horisontaalitason ja rakennusten sein\u00e4t ja Pylv\u00e4skatajat muodostavat vertikaalit linjat. Ratapihankadun puoleisessa p\u00e4\u00e4ss\u00e4 kasvava lehtipuu muodostaa valkoisesta sepelist\u00e4 tehdyn varjon. L\u00e4ntisen Pitk\u00e4nkadun puoleisen osan erikoisuutena ovat vaalean okran eli asuinrakennuksen sein\u00e4n v\u00e4riset kuivat aallot, jotka muodostuvat rakennuksen toisessa kerroksessa sijaitsevan parvekkeen lautalattian v\u00e4leist\u00e4 valuvasta sadevedest\u00e4. Vesi on yksi japanilaisen puutarhan peruselementeist\u00e4, ja sit\u00e4 voidaan kuvata hiekkaan piirretyill\u00e4 aaltoviivoilla. Kilpikonnapolku toteutui ja valmistui 2002 Maunun suunnitelman mukaan.<br \/>\n<\/p>\n","protected":false},"excerpt":{"rendered":"<p>Ymp\u00e4rist\u00f6- ja yhteis\u00f6taideteos Turkuun Perustiedot Taiteilija: P\u00e4ivi Maunu &gt;&gt; P\u00e4ivi Maunu Hankkeen nimi: Kilpikonnapolku, ymp\u00e4rist\u00f6- ja yhteis\u00f6taideteos Sijainti: Turku, L\u00e4ntinen Pitk\u00e4katu 15 Tilaaja: As Oy L\u00e4ntinen Pitk\u00e4katu 15 ja As Oy Ratapihankatu 6 Suunnittelija: P\u00e4ivi Maunu Hankkeen suunnittelu alkoi: 2002 &hellip; <a href=\"https:\/\/www.painters.fi\/taiteenhankintamalli\/esimerkkeja-taideprojekteista\/maunu-paivi\/\">Continue reading <span class=\"meta-nav\">&rarr;<\/span><\/a><\/p>\n","protected":false},"author":4,"featured_media":0,"parent":74,"menu_order":22,"comment_status":"closed","ping_status":"closed","template":"","meta":{"footnotes":""},"class_list":["post-131","page","type-page","status-publish","hentry"],"_links":{"self":[{"href":"https:\/\/www.painters.fi\/taiteenhankintamalli\/wp-json\/wp\/v2\/pages\/131","targetHints":{"allow":["GET"]}}],"collection":[{"href":"https:\/\/www.painters.fi\/taiteenhankintamalli\/wp-json\/wp\/v2\/pages"}],"about":[{"href":"https:\/\/www.painters.fi\/taiteenhankintamalli\/wp-json\/wp\/v2\/types\/page"}],"author":[{"embeddable":true,"href":"https:\/\/www.painters.fi\/taiteenhankintamalli\/wp-json\/wp\/v2\/users\/4"}],"replies":[{"embeddable":true,"href":"https:\/\/www.painters.fi\/taiteenhankintamalli\/wp-json\/wp\/v2\/comments?post=131"}],"version-history":[{"count":17,"href":"https:\/\/www.painters.fi\/taiteenhankintamalli\/wp-json\/wp\/v2\/pages\/131\/revisions"}],"predecessor-version":[{"id":1318,"href":"https:\/\/www.painters.fi\/taiteenhankintamalli\/wp-json\/wp\/v2\/pages\/131\/revisions\/1318"}],"up":[{"embeddable":true,"href":"https:\/\/www.painters.fi\/taiteenhankintamalli\/wp-json\/wp\/v2\/pages\/74"}],"wp:attachment":[{"href":"https:\/\/www.painters.fi\/taiteenhankintamalli\/wp-json\/wp\/v2\/media?parent=131"}],"curies":[{"name":"wp","href":"https:\/\/api.w.org\/{rel}","templated":true}]}}