{"id":129,"date":"2012-11-13T15:06:46","date_gmt":"2012-11-13T13:06:46","guid":{"rendered":"http:\/\/www.painters.fi\/taiteenhankintamalli\/?page_id=129"},"modified":"2013-02-08T09:40:40","modified_gmt":"2013-02-08T07:40:40","slug":"nurmikko-reima-tuittila-satu","status":"publish","type":"page","link":"https:\/\/www.painters.fi\/taiteenhankintamalli\/esimerkkeja-taideprojekteista\/nurmikko-reima-tuittila-satu\/","title":{"rendered":"Nurmikko Reima, Tuittila Satu"},"content":{"rendered":"<h2>Ymp\u00e4rist\u00f6taideteos Turkuun<\/h2>\n<p><a href=\"https:\/\/www.painters.fi\/taiteenhankintamalli\/wp-content\/uploads\/2012\/11\/nurmikko_tuittila1.jpg\"><img loading=\"lazy\" decoding=\"async\" class=\"alignnone  wp-image-281\" title=\"Ty\u00f6ryhm\u00e4: Reima Nurmikko, Satu Tuittila, ymp\u00e4rist\u00f6taideteos &quot;Tasapainoilua&quot; Aurajoella Turussa 2011, Kuva: Reima Nurmikko\" src=\"https:\/\/www.painters.fi\/taiteenhankintamalli\/wp-content\/uploads\/2012\/11\/nurmikko_tuittila1.jpg\" alt=\"\" width=\"555\" height=\"372\" srcset=\"https:\/\/www.painters.fi\/taiteenhankintamalli\/wp-content\/uploads\/2012\/11\/nurmikko_tuittila1.jpg 850w, https:\/\/www.painters.fi\/taiteenhankintamalli\/wp-content\/uploads\/2012\/11\/nurmikko_tuittila1-300x201.jpg 300w\" sizes=\"auto, (max-width: 555px) 100vw, 555px\" \/><\/a><\/p>\n<h3><strong>Perustiedot<\/strong><\/h3>\n<p>Ty\u00f6ryhm\u00e4: Reima Nurmikko <a href=\"http:\/\/www.kuvataiteilijamatrikkeli.fi\/fi\/taiteilijat\/1968\">&gt;&gt; Reima Nurmikko<\/a>\/Satu Tuittila<br \/>\nHankkeen nimi: ymp\u00e4rist\u00f6taideteos Tasapainoilua<br \/>\nSijainti: Aurajoki, Turku<br \/>\nTilaaja: Turku 2011 s\u00e4\u00e4ti\u00f6<br \/>\nHankkeen suunnittelu alkoi: 2010<br \/>\nHanke toteutui: 2011<\/p>\n<p><a href=\"https:\/\/www.painters.fi\/taiteenhankintamalli\/wp-content\/uploads\/2012\/11\/nurmikko_tuittila_selkamuotinvalu4.jpg\"><img loading=\"lazy\" decoding=\"async\" class=\"alignnone  wp-image-284\" title=\"Reima Nurmikko: Lintuveistokset, polyesterihartsi ja lasikuitumatto. Selk\u00e4muotin valu ymp\u00e4rist\u00f6taideteokseen &quot;Tasapainoilua&quot; Aurajoenrantaan Turkuun 2011, Kuva: Reima Nurmikko\" src=\"https:\/\/www.painters.fi\/taiteenhankintamalli\/wp-content\/uploads\/2012\/11\/nurmikko_tuittila_selkamuotinvalu4.jpg\" alt=\"\" width=\"278\" height=\"240\" srcset=\"https:\/\/www.painters.fi\/taiteenhankintamalli\/wp-content\/uploads\/2012\/11\/nurmikko_tuittila_selkamuotinvalu4.jpg 492w, https:\/\/www.painters.fi\/taiteenhankintamalli\/wp-content\/uploads\/2012\/11\/nurmikko_tuittila_selkamuotinvalu4-300x259.jpg 300w\" sizes=\"auto, (max-width: 278px) 100vw, 278px\" \/><\/a><\/p>\n<h3>Projektin k\u00e4yt\u00e4nn\u00f6n etenemisest\u00e4<\/h3>\n<p>Ymp\u00e4rist\u00f6taideteos Tasapainoilua oli yksi Turku 2011 Kulttuurip\u00e4\u00e4kaupunki -tapahtuman teoksista osana Flux Aura 2011 -tapahtumaa . Poikkitaiteellinen teos sijoittui Aurajokeen, jossa viiden tanssijan ryhm\u00e4 esitti performansseja (10 esityst\u00e4) koreografi Satu Tuittilan ohjaamana. Teos oli ankkuroituna joessa 1.6.\u201317.10.2011 ja Turku 2011 -s\u00e4\u00e4ti\u00f6n pyynn\u00f6st\u00e4 esill\u00e4 my\u00f6s vuonna 2012 (n\u00e4ill\u00e4 n\u00e4kymin teos n\u00e4hd\u00e4\u00e4n joessa my\u00f6s tulevina vuosina). Tarvittavat luvat teokselle vuonna 2011 hankki Flux Aura 2011 -toimikunta l\u00e4hinn\u00e4 kiinteist\u00f6liikelaitokselta, joka oli varsin my\u00f6t\u00e4mielinen hankkeelle. Vuoden 2011 aikana Nurmikko valmisti lasikuidusta teoksen veistokset usean apulaisen tukemana. Kev\u00e4\u00e4ll\u00e4 koreografi Satu Tuittila ja viisi tanssijaa harjoittelivat Littoisten j\u00e4rvell\u00e4 (Kaarina) performanssiesityksi\u00e4.<\/p>\n<p><a href=\"http:\/\/www.youtube.com\/watch?v=KId05tESElU\" target=\"_blank\">&gt;&gt; video tanssiperformanssista<\/a><\/p>\n<p><a href=\"https:\/\/www.painters.fi\/taiteenhankintamalli\/wp-content\/uploads\/2012\/11\/nurmikko_tuittila_performanssi2.jpg\"><img loading=\"lazy\" decoding=\"async\" class=\"alignnone  wp-image-287\" title=\"Ty\u00f6ryhm\u00e4: Reima Nurmikko, Satu Tuittila, ymp\u00e4rist\u00f6taideteos &quot;Tasapainoilua&quot;, performanssi Aurajoella Turussa 2011, Kuva: Reima Nurmikko\" src=\"https:\/\/www.painters.fi\/taiteenhankintamalli\/wp-content\/uploads\/2012\/11\/nurmikko_tuittila_performanssi2.jpg\" alt=\"\" width=\"265\" height=\"383\" srcset=\"https:\/\/www.painters.fi\/taiteenhankintamalli\/wp-content\/uploads\/2012\/11\/nurmikko_tuittila_performanssi2.jpg 294w, https:\/\/www.painters.fi\/taiteenhankintamalli\/wp-content\/uploads\/2012\/11\/nurmikko_tuittila_performanssi2-207x300.jpg 207w\" sizes=\"auto, (max-width: 265px) 100vw, 265px\" \/><\/a><\/p>\n<p><a href=\"https:\/\/www.painters.fi\/taiteenhankintamalli\/wp-content\/uploads\/2012\/11\/nurmikko_tuittila_performanssi3.jpg\"><img loading=\"lazy\" decoding=\"async\" class=\"alignnone  wp-image-288\" title=\"Ty\u00f6ryhm\u00e4: Reima Nurmikko, Satu Tuittila, ymp\u00e4rist\u00f6taideteos &quot;Tasapainoilua&quot;, performanssi Aurajoella Turussa 2011, Kuva: Reima Nurmikko\" src=\"https:\/\/www.painters.fi\/taiteenhankintamalli\/wp-content\/uploads\/2012\/11\/nurmikko_tuittila_performanssi3.jpg\" alt=\"\" width=\"589\" height=\"383\" srcset=\"https:\/\/www.painters.fi\/taiteenhankintamalli\/wp-content\/uploads\/2012\/11\/nurmikko_tuittila_performanssi3.jpg 654w, https:\/\/www.painters.fi\/taiteenhankintamalli\/wp-content\/uploads\/2012\/11\/nurmikko_tuittila_performanssi3-300x194.jpg 300w\" sizes=\"auto, (max-width: 589px) 100vw, 589px\" \/><\/a><\/p>\n\n","protected":false},"excerpt":{"rendered":"<p>Ymp\u00e4rist\u00f6taideteos Turkuun Perustiedot Ty\u00f6ryhm\u00e4: Reima Nurmikko &gt;&gt; Reima Nurmikko\/Satu Tuittila Hankkeen nimi: ymp\u00e4rist\u00f6taideteos Tasapainoilua Sijainti: Aurajoki, Turku Tilaaja: Turku 2011 s\u00e4\u00e4ti\u00f6 Hankkeen suunnittelu alkoi: 2010 Hanke toteutui: 2011 Projektin k\u00e4yt\u00e4nn\u00f6n etenemisest\u00e4 Ymp\u00e4rist\u00f6taideteos Tasapainoilua oli yksi Turku 2011 Kulttuurip\u00e4\u00e4kaupunki -tapahtuman teoksista &hellip; <a href=\"https:\/\/www.painters.fi\/taiteenhankintamalli\/esimerkkeja-taideprojekteista\/nurmikko-reima-tuittila-satu\/\">Continue reading <span class=\"meta-nav\">&rarr;<\/span><\/a><\/p>\n","protected":false},"author":4,"featured_media":0,"parent":74,"menu_order":29,"comment_status":"closed","ping_status":"closed","template":"","meta":{"footnotes":""},"class_list":["post-129","page","type-page","status-publish","hentry"],"_links":{"self":[{"href":"https:\/\/www.painters.fi\/taiteenhankintamalli\/wp-json\/wp\/v2\/pages\/129","targetHints":{"allow":["GET"]}}],"collection":[{"href":"https:\/\/www.painters.fi\/taiteenhankintamalli\/wp-json\/wp\/v2\/pages"}],"about":[{"href":"https:\/\/www.painters.fi\/taiteenhankintamalli\/wp-json\/wp\/v2\/types\/page"}],"author":[{"embeddable":true,"href":"https:\/\/www.painters.fi\/taiteenhankintamalli\/wp-json\/wp\/v2\/users\/4"}],"replies":[{"embeddable":true,"href":"https:\/\/www.painters.fi\/taiteenhankintamalli\/wp-json\/wp\/v2\/comments?post=129"}],"version-history":[{"count":18,"href":"https:\/\/www.painters.fi\/taiteenhankintamalli\/wp-json\/wp\/v2\/pages\/129\/revisions"}],"predecessor-version":[{"id":280,"href":"https:\/\/www.painters.fi\/taiteenhankintamalli\/wp-json\/wp\/v2\/pages\/129\/revisions\/280"}],"up":[{"embeddable":true,"href":"https:\/\/www.painters.fi\/taiteenhankintamalli\/wp-json\/wp\/v2\/pages\/74"}],"wp:attachment":[{"href":"https:\/\/www.painters.fi\/taiteenhankintamalli\/wp-json\/wp\/v2\/media?parent=129"}],"curies":[{"name":"wp","href":"https:\/\/api.w.org\/{rel}","templated":true}]}}