{"id":127,"date":"2012-11-13T15:05:30","date_gmt":"2012-11-13T13:05:30","guid":{"rendered":"http:\/\/www.painters.fi\/taiteenhankintamalli\/?page_id=127"},"modified":"2013-02-08T09:40:45","modified_gmt":"2013-02-08T07:40:45","slug":"pesonen-eeva","status":"publish","type":"page","link":"https:\/\/www.painters.fi\/taiteenhankintamalli\/esimerkkeja-taideprojekteista\/pesonen-eeva\/","title":{"rendered":"Pesonen Eeva"},"content":{"rendered":"<h2>Taideteokset Ruskeasuon koulun uudisrakennukseen<\/h2>\n<p><a href=\"https:\/\/www.painters.fi\/taiteenhankintamalli\/wp-content\/uploads\/2012\/11\/eeva.pesonen12.jpg\"><img loading=\"lazy\" decoding=\"async\" class=\"alignnone  wp-image-398\" title=\"Eeva Pesonen: &quot;Kellojen aikaa&quot; tempera lehtikuusipuulevylle. Taideteokset Ruskeasuon kouluun Helsinkiin, 2003. Kuva: Pertti Nisonen\" src=\"https:\/\/www.painters.fi\/taiteenhankintamalli\/wp-content\/uploads\/2012\/11\/eeva.pesonen12.jpg\" alt=\"\" width=\"765\" height=\"509\" srcset=\"https:\/\/www.painters.fi\/taiteenhankintamalli\/wp-content\/uploads\/2012\/11\/eeva.pesonen12.jpg 850w, https:\/\/www.painters.fi\/taiteenhankintamalli\/wp-content\/uploads\/2012\/11\/eeva.pesonen12-300x199.jpg 300w\" sizes=\"auto, (max-width: 765px) 100vw, 765px\" \/><\/a><\/p>\n<h3>Perustiedot<\/h3>\n<p>Taiteilija: Eeva Pesonen <a href=\"http:\/\/www.kuvataiteilijamatrikkeli.fi\/fi\/cv\/1101\">&gt;&gt; Eeva Pesonen<\/a><br \/>\nHankkeen nimi: Ruskeasuon koulun uudisrakennuksen taideteos &#8220;Ruusumets\u00e4&#8221;<br \/>\nSijainti: Ruskeasuon koulu<br \/>\nTilaaja: Valtion taideteostoimikunta<br \/>\nArkkitehti: Jyrki Tiensuu<br \/>\nHankkeen suunnittelu alkoi: 2002<br \/>\nHanke toteutui: 2003<\/p>\n<p><a href=\"https:\/\/www.painters.fi\/taiteenhankintamalli\/wp-content\/uploads\/2012\/11\/eeva_pesonen2.jpg\"><img loading=\"lazy\" decoding=\"async\" class=\"alignnone  wp-image-400\" title=\"Eeva Pesonen: maalauskokonaisuus &quot;Kellojen aikaa&quot;, &quot;Kirahvit&quot;, &quot;Ruusumets\u00e4&quot;, &quot;Kuikka&quot;, &quot;Talvimets\u00e4&quot; Ruskeasuon koulun aulaan Helsinkiin,2003. Kuva: Pertti Nisonen\" src=\"https:\/\/www.painters.fi\/taiteenhankintamalli\/wp-content\/uploads\/2012\/11\/eeva_pesonen2.jpg\" alt=\"\" width=\"945\" height=\"628\" srcset=\"https:\/\/www.painters.fi\/taiteenhankintamalli\/wp-content\/uploads\/2012\/11\/eeva_pesonen2.jpg 1134w, https:\/\/www.painters.fi\/taiteenhankintamalli\/wp-content\/uploads\/2012\/11\/eeva_pesonen2-300x199.jpg 300w, https:\/\/www.painters.fi\/taiteenhankintamalli\/wp-content\/uploads\/2012\/11\/eeva_pesonen2-1024x680.jpg 1024w\" sizes=\"auto, (max-width: 945px) 100vw, 945px\" \/><\/a><\/p>\n<h3>Projektin k\u00e4yt\u00e4nn\u00f6n etenemisest\u00e4<\/h3>\n<p>Valtion taideteostoimikunta pyysi Eeva Pesoselta ehdotusta taideteoksiksi Ruskeasuon koulun uudisrakennuksen aulaan. H\u00e4n teki suunnitelman, ja esitti ehdotuksen niin arkkitehdille kuin taideteostoimikunnalle. Suunnitelma hyv\u00e4ksyttiin sellaisenaan. Rakennus oli rakenteilla, kun Pesonen k\u00e4vi ty\u00f6maalla ja kuvasi tilaa. Talven aikana h\u00e4n maalasi teoksensa (tempera + \u00f6ljy), ja kes\u00e4n 2003 alussa ty\u00f6t ripustettiin seinille. Puusepp\u00e4 Markku Lyytinen valmisti &#8220;kellopohjat&#8221; saarnesta, ja Pesosen tyt\u00e4r Aura Heinonen maalasi (ripustus apuna) kirahvin laikkuja suojaputkiin.<\/p>\n<p><a href=\"https:\/\/www.painters.fi\/taiteenhankintamalli\/wp-content\/uploads\/2012\/11\/eeva_pesonen3.jpg\"><img loading=\"lazy\" decoding=\"async\" class=\"alignnone  wp-image-402\" title=\"Eeva Pesonen: &quot;Kuikka&quot; tempera ja \u00f6ljy, sek\u00e4 piiros sein\u00e4\u00e4n. Taideteos Ruskeasuon kouluun Helsinkiin, 2003. Kuva: Pertti Nisonen\" src=\"https:\/\/www.painters.fi\/taiteenhankintamalli\/wp-content\/uploads\/2012\/11\/eeva_pesonen3.jpg\" alt=\"\" width=\"941\" height=\"1124\" \/><\/a><br \/>\n<\/p>\n","protected":false},"excerpt":{"rendered":"<p>Taideteokset Ruskeasuon koulun uudisrakennukseen Perustiedot Taiteilija: Eeva Pesonen &gt;&gt; Eeva Pesonen Hankkeen nimi: Ruskeasuon koulun uudisrakennuksen taideteos &#8220;Ruusumets\u00e4&#8221; Sijainti: Ruskeasuon koulu Tilaaja: Valtion taideteostoimikunta Arkkitehti: Jyrki Tiensuu Hankkeen suunnittelu alkoi: 2002 Hanke toteutui: 2003 Projektin k\u00e4yt\u00e4nn\u00f6n etenemisest\u00e4 Valtion taideteostoimikunta pyysi &hellip; <a href=\"https:\/\/www.painters.fi\/taiteenhankintamalli\/esimerkkeja-taideprojekteista\/pesonen-eeva\/\">Continue reading <span class=\"meta-nav\">&rarr;<\/span><\/a><\/p>\n","protected":false},"author":4,"featured_media":0,"parent":74,"menu_order":31,"comment_status":"closed","ping_status":"closed","template":"","meta":{"footnotes":""},"class_list":["post-127","page","type-page","status-publish","hentry"],"_links":{"self":[{"href":"https:\/\/www.painters.fi\/taiteenhankintamalli\/wp-json\/wp\/v2\/pages\/127","targetHints":{"allow":["GET"]}}],"collection":[{"href":"https:\/\/www.painters.fi\/taiteenhankintamalli\/wp-json\/wp\/v2\/pages"}],"about":[{"href":"https:\/\/www.painters.fi\/taiteenhankintamalli\/wp-json\/wp\/v2\/types\/page"}],"author":[{"embeddable":true,"href":"https:\/\/www.painters.fi\/taiteenhankintamalli\/wp-json\/wp\/v2\/users\/4"}],"replies":[{"embeddable":true,"href":"https:\/\/www.painters.fi\/taiteenhankintamalli\/wp-json\/wp\/v2\/comments?post=127"}],"version-history":[{"count":18,"href":"https:\/\/www.painters.fi\/taiteenhankintamalli\/wp-json\/wp\/v2\/pages\/127\/revisions"}],"predecessor-version":[{"id":1322,"href":"https:\/\/www.painters.fi\/taiteenhankintamalli\/wp-json\/wp\/v2\/pages\/127\/revisions\/1322"}],"up":[{"embeddable":true,"href":"https:\/\/www.painters.fi\/taiteenhankintamalli\/wp-json\/wp\/v2\/pages\/74"}],"wp:attachment":[{"href":"https:\/\/www.painters.fi\/taiteenhankintamalli\/wp-json\/wp\/v2\/media?parent=127"}],"curies":[{"name":"wp","href":"https:\/\/api.w.org\/{rel}","templated":true}]}}