{"id":125,"date":"2012-11-13T14:29:40","date_gmt":"2012-11-13T12:29:40","guid":{"rendered":"http:\/\/www.painters.fi\/taiteenhankintamalli\/?page_id=125"},"modified":"2013-02-12T15:13:59","modified_gmt":"2013-02-12T13:13:59","slug":"gregory-mary","status":"publish","type":"page","link":"https:\/\/www.painters.fi\/taiteenhankintamalli\/esimerkkeja-taideprojekteista\/gregory-mary\/","title":{"rendered":"Gregory Mary"},"content":{"rendered":"<h3>H\u00e4meenlinnan lukio<\/h3>\n<p><strong>Perustiedot<\/strong><br \/>\nTaiteilija: Mary Gregory <a href=\"http:\/\/www.kuvataiteilijamatrikkeli.fi\/fi\/taiteilijat\/1954\">&gt;&gt; Mary Gregory<\/a><br \/>\nHankkeen nimi: H\u00e4meenlinnan lukion taideteos<br \/>\nSijainti: Kaurialan lukio, H\u00e4meenlinna<br \/>\nTilaaja: H\u00e4meenlinnan kaupunki (taidemuseon kautta)<br \/>\nArkkitehti: Aarne von Boehm<br \/>\nHanke toteutui: 2006<\/p>\n<h3>Leinonpuiston koulu<\/h3>\n<p><strong>Perustiedot<\/strong><\/p>\n<p>Taiteilija: Mary Gregory<br \/>\nHankkeen nimi: Leinonpuiston koulun taideteos<br \/>\nSijainti: Leinonpuiston koulu, Oulu<br \/>\nTilaaja: Oulun kaupunki, taidemuseon kautta<br \/>\nArkkitehti: Aarne von Boehm<br \/>\nHanke toteutui: 2007<\/p>\n<p><a href=\"https:\/\/www.painters.fi\/taiteenhankintamalli\/wp-content\/uploads\/2012\/11\/2007-Leinonpuisto-11.jpg\"><img loading=\"lazy\" decoding=\"async\" class=\"alignnone size-full wp-image-1102\" title=\"Mary Gregory: &quot;Pohjoinen ulottuvuus; on normaalia olla erilainen&quot;, slumpattu lasi. Taideteos Leinon puiston kouluun, 2007. Kuva: Mary Gregory, Veikko Hovinen\" src=\"https:\/\/www.painters.fi\/taiteenhankintamalli\/wp-content\/uploads\/2012\/11\/2007-Leinonpuisto-11.jpg\" alt=\"\" width=\"628\" height=\"837\" srcset=\"https:\/\/www.painters.fi\/taiteenhankintamalli\/wp-content\/uploads\/2012\/11\/2007-Leinonpuisto-11.jpg 628w, https:\/\/www.painters.fi\/taiteenhankintamalli\/wp-content\/uploads\/2012\/11\/2007-Leinonpuisto-11-225x300.jpg 225w\" sizes=\"auto, (max-width: 628px) 100vw, 628px\" \/><\/a><br \/>\n<a href=\"https:\/\/www.painters.fi\/taiteenhankintamalli\/wp-content\/uploads\/2012\/11\/mary_gregory2.jpg\"><img loading=\"lazy\" decoding=\"async\" class=\"alignnone size-full wp-image-391\" title=\"Mary Gregory: Leinonpuiston koulun taideteoksen ripustaminen Oulussa, 2007. Kuva: Mary Gregory\" src=\"https:\/\/www.painters.fi\/taiteenhankintamalli\/wp-content\/uploads\/2012\/11\/mary_gregory2.jpg\" alt=\"\" width=\"288\" height=\"384\" srcset=\"https:\/\/www.painters.fi\/taiteenhankintamalli\/wp-content\/uploads\/2012\/11\/mary_gregory2.jpg 288w, https:\/\/www.painters.fi\/taiteenhankintamalli\/wp-content\/uploads\/2012\/11\/mary_gregory2-225x300.jpg 225w\" sizes=\"auto, (max-width: 288px) 100vw, 288px\" \/><\/a><\/p>\n<h3>Knuttilankankaan koulu<\/h3>\n<p><strong>Perustiedot<\/strong><br \/>\nTaiteilija: Mary Gregory<br \/>\nHankkeen nimi: Knuttilankankaan koulun taideteos<br \/>\nSijainti: Knuuttilankankaan koulu, Oulu<br \/>\nTilaaja: Oulun kaupunki, kulttuurilautakunta<br \/>\nArkkitehti: Jouni Koisu-Kanttila<br \/>\nHanke toteutui: 1994<\/p>\n<h3>Oulun seudun ammattiopisto<\/h3>\n<p><strong>Perustiedot<\/strong><br \/>\nTaiteilija: Mary Gregory<br \/>\nHankkeen nimi: sosiaalialan amk:n taideteos<br \/>\nSijainti: Oulun seudun ammattiopisto, Kotinkankaan yksikk\u00f6<br \/>\nTilaaja: AMK Kotinkankaan rehtori<br \/>\nHanke toteutui: 2006<\/p>\n<h3>Oulun kaupungin sairaala<\/h3>\n<p><strong>Perustiedot<\/strong><br \/>\nTaiteilija: Mary Gregory<br \/>\nHankkeen nimi: Oulun kaupungin sairaalan taideteos<br \/>\nSijainti: Oulun kaupungin sairaala, Oulu<br \/>\nTilaaja: Oulun kaupungin sairaala<br \/>\nHanke toteutui: 2005<br \/>\n<a href=\"https:\/\/www.painters.fi\/taiteenhankintamalli\/wp-content\/uploads\/2012\/11\/mary_gregory5.jpg\"><img loading=\"lazy\" decoding=\"async\" class=\"alignnone  wp-image-388\" title=\"Mary Gregory: lasimaalaus Tornion kaupungintalon neuvotteluhuoneeseen, 2000. Kuva:Mary Gregory\" src=\"https:\/\/www.painters.fi\/taiteenhankintamalli\/wp-content\/uploads\/2012\/11\/mary_gregory5.jpg\" alt=\"\" width=\"704\" height=\"527\" srcset=\"https:\/\/www.painters.fi\/taiteenhankintamalli\/wp-content\/uploads\/2012\/11\/mary_gregory5.jpg 1134w, https:\/\/www.painters.fi\/taiteenhankintamalli\/wp-content\/uploads\/2012\/11\/mary_gregory5-300x224.jpg 300w, https:\/\/www.painters.fi\/taiteenhankintamalli\/wp-content\/uploads\/2012\/11\/mary_gregory5-1024x767.jpg 1024w\" sizes=\"auto, (max-width: 704px) 100vw, 704px\" \/><\/a><\/p>\n<h3>Tornion kaupungintalo<\/h3>\n<p><strong>Perustiedot<\/strong><br \/>\nTaiteilija: Mary Gregory<br \/>\nHankkeen nimi: Tornion kaupungintalo, Tornio<br \/>\nSijainti: Tornion kaupungin neuvotteluhuone (kaupungintalo)<br \/>\nTilaaja: Tornion kaupungin rakennusosasto<br \/>\nArkkitehti: Eero Kanto<br \/>\nHanke toteutui: 2000<\/p>\n<p>Mary Gregory on tehnyt projekteja mm. arkkitehdin, taidemuseon, rakennusfirman ja rakennuslautakunnan kautta. H\u00e4n on tehnyt taideteoksia my\u00f6s sanomalehtitaloon ja hotelliin. Gregory on nauttinut rakennushankkeessa mukana olemisesta alkuvaiheesta toteutukseen.<br \/>\n<\/p>\n","protected":false},"excerpt":{"rendered":"<p>H\u00e4meenlinnan lukio Perustiedot Taiteilija: Mary Gregory &gt;&gt; Mary Gregory Hankkeen nimi: H\u00e4meenlinnan lukion taideteos Sijainti: Kaurialan lukio, H\u00e4meenlinna Tilaaja: H\u00e4meenlinnan kaupunki (taidemuseon kautta) Arkkitehti: Aarne von Boehm Hanke toteutui: 2006 Leinonpuiston koulu Perustiedot Taiteilija: Mary Gregory Hankkeen nimi: Leinonpuiston koulun &hellip; <a href=\"https:\/\/www.painters.fi\/taiteenhankintamalli\/esimerkkeja-taideprojekteista\/gregory-mary\/\">Continue reading <span class=\"meta-nav\">&rarr;<\/span><\/a><\/p>\n","protected":false},"author":4,"featured_media":0,"parent":74,"menu_order":13,"comment_status":"closed","ping_status":"closed","template":"","meta":{"footnotes":""},"class_list":["post-125","page","type-page","status-publish","hentry"],"_links":{"self":[{"href":"https:\/\/www.painters.fi\/taiteenhankintamalli\/wp-json\/wp\/v2\/pages\/125","targetHints":{"allow":["GET"]}}],"collection":[{"href":"https:\/\/www.painters.fi\/taiteenhankintamalli\/wp-json\/wp\/v2\/pages"}],"about":[{"href":"https:\/\/www.painters.fi\/taiteenhankintamalli\/wp-json\/wp\/v2\/types\/page"}],"author":[{"embeddable":true,"href":"https:\/\/www.painters.fi\/taiteenhankintamalli\/wp-json\/wp\/v2\/users\/4"}],"replies":[{"embeddable":true,"href":"https:\/\/www.painters.fi\/taiteenhankintamalli\/wp-json\/wp\/v2\/comments?post=125"}],"version-history":[{"count":22,"href":"https:\/\/www.painters.fi\/taiteenhankintamalli\/wp-json\/wp\/v2\/pages\/125\/revisions"}],"predecessor-version":[{"id":383,"href":"https:\/\/www.painters.fi\/taiteenhankintamalli\/wp-json\/wp\/v2\/pages\/125\/revisions\/383"}],"up":[{"embeddable":true,"href":"https:\/\/www.painters.fi\/taiteenhankintamalli\/wp-json\/wp\/v2\/pages\/74"}],"wp:attachment":[{"href":"https:\/\/www.painters.fi\/taiteenhankintamalli\/wp-json\/wp\/v2\/media?parent=125"}],"curies":[{"name":"wp","href":"https:\/\/api.w.org\/{rel}","templated":true}]}}