{"id":121,"date":"2012-11-13T14:27:43","date_gmt":"2012-11-13T12:27:43","guid":{"rendered":"http:\/\/www.painters.fi\/taiteenhankintamalli\/?page_id=121"},"modified":"2013-02-08T09:42:28","modified_gmt":"2013-02-08T07:42:28","slug":"wilkman-sofia","status":"publish","type":"page","link":"https:\/\/www.painters.fi\/taiteenhankintamalli\/esimerkkeja-taideprojekteista\/wilkman-sofia\/","title":{"rendered":"Wilkman Sofia"},"content":{"rendered":"<h2>Filmstaden<\/h2>\n<p><a href=\"https:\/\/www.painters.fi\/taiteenhankintamalli\/wp-content\/uploads\/2012\/11\/wilkman1.jpg\"><img loading=\"lazy\" decoding=\"async\" class=\"alignnone size-full wp-image-367\" title=\"Sofia Wilkman: &quot;Stadens ljus&quot; akryyli kankaalle, Filmstaden, Solna Ruotsi, 2005-2006\" src=\"https:\/\/www.painters.fi\/taiteenhankintamalli\/wp-content\/uploads\/2012\/11\/wilkman1.jpg\" alt=\"\" width=\"646\" height=\"484\" srcset=\"https:\/\/www.painters.fi\/taiteenhankintamalli\/wp-content\/uploads\/2012\/11\/wilkman1.jpg 646w, https:\/\/www.painters.fi\/taiteenhankintamalli\/wp-content\/uploads\/2012\/11\/wilkman1-300x224.jpg 300w\" sizes=\"auto, (max-width: 646px) 100vw, 646px\" \/><\/a><\/p>\n<h3>Perustiedot<\/h3>\n<p>Taiteilija: Sofia Wilkman <a href=\"http:\/\/www.sofiawilkman.com\/\">&gt;&gt; Sofia Wilkman<\/a><br \/>\nHankkeen nimi: Filmstaden<br \/>\nSijainti: Solna, Ruotsi<br \/>\nTilaaja: HSB<br \/>\nRakennuttaja: Skanska<br \/>\nArkkitehti: Brunnberg&amp; Forshed<br \/>\nKuraattori: Cilla Jahn, Artline<br \/>\nHankkeen suunnittelu alkoi: 2004<br \/>\nHanke toteutui: 2005\u20132006<\/p>\n<p>Teossarjan nimi : Kaupungin valot<br \/>\nTekniikka: akryyli kankaalle<\/p>\n<p><a href=\"https:\/\/www.painters.fi\/taiteenhankintamalli\/wp-content\/uploads\/2012\/11\/wilkman2.jpg\"><img loading=\"lazy\" decoding=\"async\" class=\"alignnone size-full wp-image-369\" title=\"Sofia Wilkman: &quot;Stadens ljus&quot; akryyli kankaalle, Filmstaden, Solna  Ruotsi, 2005-2006\" src=\"https:\/\/www.painters.fi\/taiteenhankintamalli\/wp-content\/uploads\/2012\/11\/wilkman2.jpg\" alt=\"\" width=\"484\" height=\"646\" srcset=\"https:\/\/www.painters.fi\/taiteenhankintamalli\/wp-content\/uploads\/2012\/11\/wilkman2.jpg 484w, https:\/\/www.painters.fi\/taiteenhankintamalli\/wp-content\/uploads\/2012\/11\/wilkman2-224x300.jpg 224w\" sizes=\"auto, (max-width: 484px) 100vw, 484px\" \/><\/a><\/p>\n<h3>Projektin k\u00e4yt\u00e4nn\u00f6n etenemisest\u00e4<\/h3>\n<p>Sofia Wilkmaniin otti yhteytt\u00e4 arkkitehti Suvi Lundahl arkkitehtitoimisto Brunnberg &amp; Forshedista, Tukholmasta. Entinen elokuvastudioalue Filmstaden Solnassa Tukholman ulkopuolella suunniteltiin asuinalueeksi. Taiteilijoilta mm. Norjasta, Tanskasta ja Suomesta sek\u00e4 Ruotsista tilattiin taideteoksia asuintalojen tiloihin ja ulkotiloihin. Wilkman toteutti maalaukset seitsem\u00e4\u00e4n rappuk\u00e4yt\u00e4v\u00e4n aulaan.<br \/>\nWilkman k\u00e4vi pari kertaa ty\u00f6maalla seuraamassa alueen rakentamista, ja ty\u00f6t tehtiin Suomessa. Tilaajat k\u00e4viv\u00e4t Suomessa Wilkmanin ty\u00f6huoneella ja tutustuivat l\u00e4hemmin h\u00e4nen muihin t\u00f6ihins\u00e4 ja my\u00f6s n\u00e4kiv\u00e4t tilausty\u00f6t puolivalmiina. Teokset kuljetettiin Ruotsiin ja maalaukset upotettiin seiniin. Wilkman k\u00e4vi paikan p\u00e4\u00e4ll\u00e4 valvomassa upotusty\u00f6t\u00e4, mik\u00e4 oli hyv\u00e4, koska jossain oli tehty v\u00e4\u00e4r\u00e4n kokoiset syvennykset. Ty\u00f6prosessi oli muutoin selke\u00e4 ja mutkaton.<\/p>\n<h3>Tilan ja kohderyhm\u00e4n huomioiminen<\/h3>\n<p>Wilkman tutustui alueen historiaan (elokuvateollisuus, filmistudiot) ja nykyhetkeen sek\u00e4 tulevaisuusn\u00e4kymiin eli uusiin asuinkortteleihin.<br \/>\nMateriaalit, kiinnitykset ja sijoituspaikat m\u00e4\u00e4r\u00e4ytyiv\u00e4t neuvotteluissa rakennuttajan kanssa. Wilkman valitsi paikat rakennuspiirustusten kautta. Ajatus teosten sein\u00e4\u00e4n upottamisesta tuli kuraattorilta.<\/p>\n<h3>Kuvaston m\u00e4\u00e4r\u00e4ytyminen ja suhde muuhun taiteelliseen tuotantoon<\/h3>\n<p>Wilkmanille syntyi ajatus kuvista, jotka ovat kuin klippej\u00e4 ymp\u00e4rist\u00f6st\u00e4. Kuvat tehtiin melko pelkistetyiksi. Sarjan nimi Kaupungin valot viittaa elokuviin. Kaupungin valot (City Lights) on vuonna 1931 valmistunut yhdysvaltalainen mykk\u00e4 draamaelokuva. Kaupungin valot viittaa my\u00f6s asumiseen ja kaupungin el\u00e4m\u00e4\u00e4n.<\/p>\n<p><a href=\"https:\/\/www.painters.fi\/taiteenhankintamalli\/wp-content\/uploads\/2012\/11\/wilkman3.jpg\"><img loading=\"lazy\" decoding=\"async\" class=\"alignnone size-full wp-image-370\" title=\"Sofia Wilkman: &quot;Stadens ljus&quot; akryyli kankaalle, Filmstaden, Solna  Ruotsi, 2005-2006\" src=\"https:\/\/www.painters.fi\/taiteenhankintamalli\/wp-content\/uploads\/2012\/11\/wilkman3.jpg\" alt=\"\" width=\"484\" height=\"646\" srcset=\"https:\/\/www.painters.fi\/taiteenhankintamalli\/wp-content\/uploads\/2012\/11\/wilkman3.jpg 484w, https:\/\/www.painters.fi\/taiteenhankintamalli\/wp-content\/uploads\/2012\/11\/wilkman3-224x300.jpg 224w\" sizes=\"auto, (max-width: 484px) 100vw, 484px\" \/><\/a><\/p>\n\n","protected":false},"excerpt":{"rendered":"<p>Filmstaden Perustiedot Taiteilija: Sofia Wilkman &gt;&gt; Sofia Wilkman Hankkeen nimi: Filmstaden Sijainti: Solna, Ruotsi Tilaaja: HSB Rakennuttaja: Skanska Arkkitehti: Brunnberg&amp; Forshed Kuraattori: Cilla Jahn, Artline Hankkeen suunnittelu alkoi: 2004 Hanke toteutui: 2005\u20132006 Teossarjan nimi : Kaupungin valot Tekniikka: akryyli kankaalle &hellip; <a href=\"https:\/\/www.painters.fi\/taiteenhankintamalli\/esimerkkeja-taideprojekteista\/wilkman-sofia\/\">Continue reading <span class=\"meta-nav\">&rarr;<\/span><\/a><\/p>\n","protected":false},"author":4,"featured_media":0,"parent":74,"menu_order":55,"comment_status":"closed","ping_status":"closed","template":"","meta":{"footnotes":""},"class_list":["post-121","page","type-page","status-publish","hentry"],"_links":{"self":[{"href":"https:\/\/www.painters.fi\/taiteenhankintamalli\/wp-json\/wp\/v2\/pages\/121","targetHints":{"allow":["GET"]}}],"collection":[{"href":"https:\/\/www.painters.fi\/taiteenhankintamalli\/wp-json\/wp\/v2\/pages"}],"about":[{"href":"https:\/\/www.painters.fi\/taiteenhankintamalli\/wp-json\/wp\/v2\/types\/page"}],"author":[{"embeddable":true,"href":"https:\/\/www.painters.fi\/taiteenhankintamalli\/wp-json\/wp\/v2\/users\/4"}],"replies":[{"embeddable":true,"href":"https:\/\/www.painters.fi\/taiteenhankintamalli\/wp-json\/wp\/v2\/comments?post=121"}],"version-history":[{"count":20,"href":"https:\/\/www.painters.fi\/taiteenhankintamalli\/wp-json\/wp\/v2\/pages\/121\/revisions"}],"predecessor-version":[{"id":303,"href":"https:\/\/www.painters.fi\/taiteenhankintamalli\/wp-json\/wp\/v2\/pages\/121\/revisions\/303"}],"up":[{"embeddable":true,"href":"https:\/\/www.painters.fi\/taiteenhankintamalli\/wp-json\/wp\/v2\/pages\/74"}],"wp:attachment":[{"href":"https:\/\/www.painters.fi\/taiteenhankintamalli\/wp-json\/wp\/v2\/media?parent=121"}],"curies":[{"name":"wp","href":"https:\/\/api.w.org\/{rel}","templated":true}]}}