{"id":119,"date":"2012-11-13T14:27:22","date_gmt":"2012-11-13T12:27:22","guid":{"rendered":"http:\/\/www.painters.fi\/taiteenhankintamalli\/?page_id=119"},"modified":"2013-02-08T09:44:33","modified_gmt":"2013-02-08T07:44:33","slug":"vikman-ulla-maija","status":"publish","type":"page","link":"https:\/\/www.painters.fi\/taiteenhankintamalli\/esimerkkeja-taideprojekteista\/vikman-ulla-maija\/","title":{"rendered":"Vikman Ulla-Maija"},"content":{"rendered":"<h2>Tilateos Mankkaan kouluun<\/h2>\n<h3>Perustiedot<\/h3>\n<p>Taiteilija: Ulla-Maija Vikman <a href=\"http:\/\/www.kuvataiteilijamatrikkeli.fi\/fi\/taiteilijat\/2181\" target=\"_blank\">&gt;&gt; Ulla-Maija Vikman<\/a><br \/>\nHankkeen nimi:\u00a0Tilateos Mankkaan kouluun<br \/>\nSijainti: Mankkaan peruskoulu Espoossa<br \/>\nTilaaja:\u00a0Espoon kaupunki<br \/>\nArkkitehti:\u00a0Timo Airas<br \/>\nHankkeen suunnittelu alkoi: syksyll\u00e4 1989<br \/>\nHanke toteutui:\u00a0kev\u00e4\u00e4ll\u00e4 1992<\/p>\n\n","protected":false},"excerpt":{"rendered":"<p>Tilateos Mankkaan kouluun Perustiedot Taiteilija: Ulla-Maija Vikman &gt;&gt; Ulla-Maija Vikman Hankkeen nimi:\u00a0Tilateos Mankkaan kouluun Sijainti: Mankkaan peruskoulu Espoossa Tilaaja:\u00a0Espoon kaupunki Arkkitehti:\u00a0Timo Airas Hankkeen suunnittelu alkoi: syksyll\u00e4 1989 Hanke toteutui:\u00a0kev\u00e4\u00e4ll\u00e4 1992<\/p>\n","protected":false},"author":4,"featured_media":0,"parent":74,"menu_order":54,"comment_status":"closed","ping_status":"closed","template":"","meta":{"footnotes":""},"class_list":["post-119","page","type-page","status-publish","hentry"],"_links":{"self":[{"href":"https:\/\/www.painters.fi\/taiteenhankintamalli\/wp-json\/wp\/v2\/pages\/119","targetHints":{"allow":["GET"]}}],"collection":[{"href":"https:\/\/www.painters.fi\/taiteenhankintamalli\/wp-json\/wp\/v2\/pages"}],"about":[{"href":"https:\/\/www.painters.fi\/taiteenhankintamalli\/wp-json\/wp\/v2\/types\/page"}],"author":[{"embeddable":true,"href":"https:\/\/www.painters.fi\/taiteenhankintamalli\/wp-json\/wp\/v2\/users\/4"}],"replies":[{"embeddable":true,"href":"https:\/\/www.painters.fi\/taiteenhankintamalli\/wp-json\/wp\/v2\/comments?post=119"}],"version-history":[{"count":10,"href":"https:\/\/www.painters.fi\/taiteenhankintamalli\/wp-json\/wp\/v2\/pages\/119\/revisions"}],"predecessor-version":[{"id":171,"href":"https:\/\/www.painters.fi\/taiteenhankintamalli\/wp-json\/wp\/v2\/pages\/119\/revisions\/171"}],"up":[{"embeddable":true,"href":"https:\/\/www.painters.fi\/taiteenhankintamalli\/wp-json\/wp\/v2\/pages\/74"}],"wp:attachment":[{"href":"https:\/\/www.painters.fi\/taiteenhankintamalli\/wp-json\/wp\/v2\/media?parent=119"}],"curies":[{"name":"wp","href":"https:\/\/api.w.org\/{rel}","templated":true}]}}