{"id":1188,"date":"2013-01-22T13:05:38","date_gmt":"2013-01-22T11:05:38","guid":{"rendered":"http:\/\/www.painters.fi\/taiteenhankintamalli\/?page_id=1188"},"modified":"2013-01-22T14:21:03","modified_gmt":"2013-01-22T12:21:03","slug":"suorahankinnan-kayttaminen","status":"publish","type":"page","link":"https:\/\/www.painters.fi\/taiteenhankintamalli\/kuvataiteen-hankkiminen-ja-hankintalaki\/suorahankinnan-kayttaminen\/","title":{"rendered":"Suorahankinnan k\u00e4ytt\u00e4minen"},"content":{"rendered":"<p>Suorahankintaa voidaan k\u00e4ytt\u00e4\u00e4<\/p>\n<p>1) \u00a0avoimessa tai rajoitetussa menettelyss\u00e4, jos ei ole saatu lainkaan ehdokkuushakemuksia (osallistumishakemuksia) tai tarjouksia taikka sopivia tarjouksia edellytt\u00e4en, ett\u00e4 alkuper\u00e4isi\u00e4 sopimusehtoja ei olennaisesti muuteta<\/p>\n<p>2) \u00a0teknisist\u00e4 tai taiteellisista taikka yksinoikeuden suojaamiseen liittyvist\u00e4 syist\u00e4, jos ainoastaan tietty toimittaja voi valmistaa tai toimittaa hankittavan tavaran tai palvelun taikka ainoastaan tietty urakoitsija voi toteuttaa hankkeen<\/p>\n<p>3) \u00a0siin\u00e4 tapauksessa, jos sopimuksen tekeminen suoraan yrityksen kanssa on v\u00e4ltt\u00e4m\u00e4t\u00f6nt\u00e4 hankintayksik\u00f6st\u00e4 riippumattomasta ennalta arvaamattomasta syyst\u00e4 aiheutuneen \u00e4\u00e4rimm\u00e4isen kiireen vuoksi<\/p>\n<p>4) \u00a0jos tavara valmistetaan tai ty\u00f6 tehd\u00e4\u00e4n vain tutkimusta, kokeilua, tuotekehityst\u00e4 tai tieteellist\u00e4 tarkoitusta varten eik\u00e4 valmistus tapahdu teollisesti tai tutkimus- ja kehitt\u00e4miskustannusten kattamiseksi<\/p>\n<p>5)\u00a0 jos\u00a0kysymys on raaka-ainemarkkinoilla noteeratuista ja sielt\u00e4 hankittavista tavaroista (raaka-ainep\u00f6rssi)<\/p>\n<p>6) \u00a0jos hankinta voidaan tehd\u00e4 poikkeuksellisen edullisesti esimerkiksi toimittajan liiketoiminnan lopettamisen yhteydess\u00e4<\/p>\n<p>7) \u00a0jos kysymyksess\u00e4 on s\u00e4\u00e4nt\u00f6m\u00e4\u00e4r\u00e4isen suunnittelukilpailun (ideakilpailun) j\u00e4lkeen tapahtuva toteutussuunnittelusta vastaavan suunnittelijan valinta<\/p>\n<p>8) \u00a0jos kysymyksess\u00e4 on tavarahankinnan lis\u00e4tilaus, palveluhankinnan lis\u00e4palvelu tai lis\u00e4urakka alkuper\u00e4iselt\u00e4 toimittajalta, jos toimittajan vaihtaminen aiheuttaisi laista tarkemmin ilmenevi\u00e4 suhteettoman suuria teknisi\u00e4 vaikeuksia, lis\u00e4kustannuksia ym. Sopimus tavaran lis\u00e4toimituksesta saa vain poikkeuksellisesti ylitt\u00e4\u00e4 kolme vuotta. Lis\u00e4palveluja tai lis\u00e4t\u00f6it\u00e4 koskevan sopimuksen kokonaisarvo saa olla enint\u00e4\u00e4n 50 % alkuper\u00e4isen hankinnan arvosta<\/p>\n<p>9) \u00a0jos kysymyksess\u00e4 on palveluhankintaa tai rakennusty\u00f6t\u00e4 koskeva toisinto hankintalaissa mainitulla tavalla (hankintaoptiot) kolmen vuoden kuluessa alkuper\u00e4isen sopimuksen tekemisest\u00e4<\/p>\n<p>10) yksitt\u00e4isiss\u00e4 sosiaali-, terveys- tai koulutuspalvelujen hankinnoissa,<em> <\/em>perinteinen kilpailuttaminen tai toimittajan vaihtaminen olisi ilmeisen kohtuutonta tai erityisen ep\u00e4tarkoituksenmukaista asiakkaan kannalta merkitt\u00e4v\u00e4n hoito- tai asiakassuhteen turvaamiseksi.<\/p>\n<p>11) jos kilpailuttaminen on ep\u00e4tarkoituksenmukaista. Palveluhankinnoissa kilpailuttamisen tarve on arvioitava tapauskohtaisesti. Yksitt\u00e4isiss\u00e4 sosiaali- terveys- ja koulutuspalveluiden hankinnoissa hankinta voidaan suorittaa tarvittaessa ilman kilpailua. Muissa palveluhankinnoissa alle 5 000 euron suuruisia palveluhankintoja voidaan pit\u00e4\u00e4 sellaisina, joissa kilpailuttaminen ei ole yleens\u00e4 tarkoituksenmukaista.<\/p>\n<p>Rakentamishankkeissa kilpailuttamistarve on arvioitava tapauskohtaisesti kiinnitt\u00e4en huomiota hankkeen luonteeseen, suunnittelutarpeeseen, toimintaymp\u00e4rist\u00f6\u00f6n jne. Keskeist\u00e4 on t\u00e4ll\u00f6in my\u00f6s se, onko kysymys uudisrakentamisesta vai korjausrakentamisesta.<\/p>\n","protected":false},"excerpt":{"rendered":"<p>Suorahankintaa voidaan k\u00e4ytt\u00e4\u00e4 1) \u00a0avoimessa tai rajoitetussa menettelyss\u00e4, jos ei ole saatu lainkaan ehdokkuushakemuksia (osallistumishakemuksia) tai tarjouksia taikka sopivia tarjouksia edellytt\u00e4en, ett\u00e4 alkuper\u00e4isi\u00e4 sopimusehtoja ei olennaisesti muuteta 2) \u00a0teknisist\u00e4 tai taiteellisista taikka yksinoikeuden suojaamiseen liittyvist\u00e4 syist\u00e4, jos ainoastaan tietty toimittaja &hellip; <a href=\"https:\/\/www.painters.fi\/taiteenhankintamalli\/kuvataiteen-hankkiminen-ja-hankintalaki\/suorahankinnan-kayttaminen\/\">Continue reading <span class=\"meta-nav\">&rarr;<\/span><\/a><\/p>\n","protected":false},"author":4,"featured_media":0,"parent":826,"menu_order":7,"comment_status":"closed","ping_status":"open","template":"","meta":{"footnotes":""},"class_list":["post-1188","page","type-page","status-publish","hentry"],"_links":{"self":[{"href":"https:\/\/www.painters.fi\/taiteenhankintamalli\/wp-json\/wp\/v2\/pages\/1188","targetHints":{"allow":["GET"]}}],"collection":[{"href":"https:\/\/www.painters.fi\/taiteenhankintamalli\/wp-json\/wp\/v2\/pages"}],"about":[{"href":"https:\/\/www.painters.fi\/taiteenhankintamalli\/wp-json\/wp\/v2\/types\/page"}],"author":[{"embeddable":true,"href":"https:\/\/www.painters.fi\/taiteenhankintamalli\/wp-json\/wp\/v2\/users\/4"}],"replies":[{"embeddable":true,"href":"https:\/\/www.painters.fi\/taiteenhankintamalli\/wp-json\/wp\/v2\/comments?post=1188"}],"version-history":[{"count":4,"href":"https:\/\/www.painters.fi\/taiteenhankintamalli\/wp-json\/wp\/v2\/pages\/1188\/revisions"}],"predecessor-version":[{"id":1219,"href":"https:\/\/www.painters.fi\/taiteenhankintamalli\/wp-json\/wp\/v2\/pages\/1188\/revisions\/1219"}],"up":[{"embeddable":true,"href":"https:\/\/www.painters.fi\/taiteenhankintamalli\/wp-json\/wp\/v2\/pages\/826"}],"wp:attachment":[{"href":"https:\/\/www.painters.fi\/taiteenhankintamalli\/wp-json\/wp\/v2\/media?parent=1188"}],"curies":[{"name":"wp","href":"https:\/\/api.w.org\/{rel}","templated":true}]}}