{"id":1187,"date":"2013-01-22T13:05:28","date_gmt":"2013-01-22T11:05:28","guid":{"rendered":"http:\/\/www.painters.fi\/taiteenhankintamalli\/?page_id=1187"},"modified":"2013-01-22T14:29:05","modified_gmt":"2013-01-22T12:29:05","slug":"hankintamenettelyt","status":"publish","type":"page","link":"https:\/\/www.painters.fi\/taiteenhankintamalli\/kuvataiteen-hankkiminen-ja-hankintalaki\/hankintamenettelyt\/","title":{"rendered":"Hankintamenettelyt"},"content":{"rendered":"<p>1) \u00a0<strong>Avoimeen menettelyyn<\/strong> voivat osallistua kaikki. T\u00e4ll\u00f6in hankintayksikk\u00f6 julkaisee hankinnasta hankintailmoituksen, johon kaikki halukkaat toimittajat voivat tehd\u00e4 tarjouksen. Hankintailmoituksen lis\u00e4ksi hankintayksikk\u00f6 voi l\u00e4hett\u00e4\u00e4 tarjouspyynt\u00f6j\u00e4 soveliaiksi katsomilleen toimittajille.<\/p>\n<p>2) \u00a0<strong>Rajoitetussa menettelyss\u00e4, neuvottelumenettelyss\u00e4 ja kilpailullisessa neuvottelumenettelyss\u00e4<\/strong> hankintayksikk\u00f6 voi ennalta rajata niiden ehdokkaiden m\u00e4\u00e4r\u00e4\u00e4, jotka kutsutaan tarjousmenettelyyn. Rajoitetussa menettelyss\u00e4 ainoastaan hankintayksik\u00f6n valitsemat ehdokkaat voivat tehd\u00e4 tarjouksen.<\/p>\n<p>3) \u00a0<strong>Neuvottelumenettelyss\u00e4<\/strong> halukkaat toimittajat pyyt\u00e4v\u00e4t hankintailmoituksen perusteella lupaa osallistua, mink\u00e4 j\u00e4lkeen hankintayksikk\u00f6 neuvottelee hankintasopimuksen ehdoista valitsemiensa toimittajien kanssa.<\/p>\n<p>4) \u00a0<strong>Kilpailullisella neuvottelumenettelyll\u00e4<\/strong> tarkoitetaan hankintamenettely\u00e4, jossa hankintayksikk\u00f6 julkaisee hankinnasta hankintailmoituksen ja johon kaikki toimittajat voivat pyyt\u00e4\u00e4 lupaa osallistua. T\u00e4m\u00e4n j\u00e4lkeen hankintayksikk\u00f6 neuvottelee menettelyyn hyv\u00e4ksyttyjen ehdokkaiden kanssa l\u00f6yt\u00e4\u00e4kseen yhden tai usean ratkaisun, joka vastaa sen tarpeita ja jonka perusteella valittuja ehdokkaita pyydet\u00e4\u00e4n tekem\u00e4\u00e4n tarjouksensa.<\/p>\n<p>5) \u00a0<strong>Suorahankinnasta<\/strong> on kyse, kun hankintayksikk\u00f6 julkaisematta hankintailmoitusta valitsee menettelyyn mukaan yhden tai usean toimittajan, jonka kanssa hankintayksikk\u00f6 neuvottelee sopimuksen ehdoista.<\/p>\n<p>6) \u00a0<strong>Puitej\u00e4rjestelyll\u00e4<\/strong> tarkoitetaan yhden tai usean hankintayksik\u00f6n ja yhden tai usean toimittajan v\u00e4list\u00e4 sopimusta, jonka tarkoituksena on vahvistaa tietyn ajan kuluessa teht\u00e4vi\u00e4 hankintasopimuksia koskevat ehdot, kuten hinnat ja suunnitellut m\u00e4\u00e4r\u00e4t.<\/p>\n<p>&nbsp;<\/p>\n","protected":false},"excerpt":{"rendered":"<p>1) \u00a0Avoimeen menettelyyn voivat osallistua kaikki. T\u00e4ll\u00f6in hankintayksikk\u00f6 julkaisee hankinnasta hankintailmoituksen, johon kaikki halukkaat toimittajat voivat tehd\u00e4 tarjouksen. Hankintailmoituksen lis\u00e4ksi hankintayksikk\u00f6 voi l\u00e4hett\u00e4\u00e4 tarjouspyynt\u00f6j\u00e4 soveliaiksi katsomilleen toimittajille. 2) \u00a0Rajoitetussa menettelyss\u00e4, neuvottelumenettelyss\u00e4 ja kilpailullisessa neuvottelumenettelyss\u00e4 hankintayksikk\u00f6 voi ennalta rajata niiden ehdokkaiden &hellip; <a href=\"https:\/\/www.painters.fi\/taiteenhankintamalli\/kuvataiteen-hankkiminen-ja-hankintalaki\/hankintamenettelyt\/\">Continue reading <span class=\"meta-nav\">&rarr;<\/span><\/a><\/p>\n","protected":false},"author":4,"featured_media":0,"parent":826,"menu_order":6,"comment_status":"closed","ping_status":"open","template":"","meta":{"footnotes":""},"class_list":["post-1187","page","type-page","status-publish","hentry"],"_links":{"self":[{"href":"https:\/\/www.painters.fi\/taiteenhankintamalli\/wp-json\/wp\/v2\/pages\/1187","targetHints":{"allow":["GET"]}}],"collection":[{"href":"https:\/\/www.painters.fi\/taiteenhankintamalli\/wp-json\/wp\/v2\/pages"}],"about":[{"href":"https:\/\/www.painters.fi\/taiteenhankintamalli\/wp-json\/wp\/v2\/types\/page"}],"author":[{"embeddable":true,"href":"https:\/\/www.painters.fi\/taiteenhankintamalli\/wp-json\/wp\/v2\/users\/4"}],"replies":[{"embeddable":true,"href":"https:\/\/www.painters.fi\/taiteenhankintamalli\/wp-json\/wp\/v2\/comments?post=1187"}],"version-history":[{"count":3,"href":"https:\/\/www.painters.fi\/taiteenhankintamalli\/wp-json\/wp\/v2\/pages\/1187\/revisions"}],"predecessor-version":[{"id":1226,"href":"https:\/\/www.painters.fi\/taiteenhankintamalli\/wp-json\/wp\/v2\/pages\/1187\/revisions\/1226"}],"up":[{"embeddable":true,"href":"https:\/\/www.painters.fi\/taiteenhankintamalli\/wp-json\/wp\/v2\/pages\/826"}],"wp:attachment":[{"href":"https:\/\/www.painters.fi\/taiteenhankintamalli\/wp-json\/wp\/v2\/media?parent=1187"}],"curies":[{"name":"wp","href":"https:\/\/api.w.org\/{rel}","templated":true}]}}