{"id":1186,"date":"2013-01-22T13:05:15","date_gmt":"2013-01-22T11:05:15","guid":{"rendered":"http:\/\/www.painters.fi\/taiteenhankintamalli\/?page_id=1186"},"modified":"2013-01-22T14:17:31","modified_gmt":"2013-01-22T12:17:31","slug":"eu-kynnysarvot","status":"publish","type":"page","link":"https:\/\/www.painters.fi\/taiteenhankintamalli\/kuvataiteen-hankkiminen-ja-hankintalaki\/eu-kynnysarvot\/","title":{"rendered":"EU-kynnysarvot"},"content":{"rendered":"<p>1) 137 000 euroa valtion keskushallintoviranomaisten tavarahankinnoissa ja palveluhankinnoissa<\/p>\n<p>2) 211 000 euroa muiden kuin 1 kohdassa tarkoitettujen hankintayksik\u00f6iden tavarahankinnoissa ja palveluhankinnoissa<\/p>\n<p>3) 5 278 000 euroa rakennusurakoissa ja k\u00e4ytt\u00f6oikeusurakoissa.<\/p>\n<p>Lue lis\u00e4\u00e4: <a href=\"http:\/\/www.finlex.fi\/fi\/laki\/ajantasa\/2007\/20070348\">&gt;&gt; Hankintalaki 16\u00a7 Laki julkisista hankinnoista 17.12.2012<\/a><\/p>\n<p>&nbsp;<\/p>\n","protected":false},"excerpt":{"rendered":"<p>1) 137 000 euroa valtion keskushallintoviranomaisten tavarahankinnoissa ja palveluhankinnoissa 2) 211 000 euroa muiden kuin 1 kohdassa tarkoitettujen hankintayksik\u00f6iden tavarahankinnoissa ja palveluhankinnoissa 3) 5 278 000 euroa rakennusurakoissa ja k\u00e4ytt\u00f6oikeusurakoissa. Lue lis\u00e4\u00e4: &gt;&gt; Hankintalaki 16\u00a7 Laki julkisista hankinnoista 17.12.2012 &nbsp;<\/p>\n","protected":false},"author":4,"featured_media":0,"parent":826,"menu_order":5,"comment_status":"closed","ping_status":"open","template":"","meta":{"footnotes":""},"class_list":["post-1186","page","type-page","status-publish","hentry"],"_links":{"self":[{"href":"https:\/\/www.painters.fi\/taiteenhankintamalli\/wp-json\/wp\/v2\/pages\/1186","targetHints":{"allow":["GET"]}}],"collection":[{"href":"https:\/\/www.painters.fi\/taiteenhankintamalli\/wp-json\/wp\/v2\/pages"}],"about":[{"href":"https:\/\/www.painters.fi\/taiteenhankintamalli\/wp-json\/wp\/v2\/types\/page"}],"author":[{"embeddable":true,"href":"https:\/\/www.painters.fi\/taiteenhankintamalli\/wp-json\/wp\/v2\/users\/4"}],"replies":[{"embeddable":true,"href":"https:\/\/www.painters.fi\/taiteenhankintamalli\/wp-json\/wp\/v2\/comments?post=1186"}],"version-history":[{"count":3,"href":"https:\/\/www.painters.fi\/taiteenhankintamalli\/wp-json\/wp\/v2\/pages\/1186\/revisions"}],"predecessor-version":[{"id":1214,"href":"https:\/\/www.painters.fi\/taiteenhankintamalli\/wp-json\/wp\/v2\/pages\/1186\/revisions\/1214"}],"up":[{"embeddable":true,"href":"https:\/\/www.painters.fi\/taiteenhankintamalli\/wp-json\/wp\/v2\/pages\/826"}],"wp:attachment":[{"href":"https:\/\/www.painters.fi\/taiteenhankintamalli\/wp-json\/wp\/v2\/media?parent=1186"}],"curies":[{"name":"wp","href":"https:\/\/api.w.org\/{rel}","templated":true}]}}