{"id":1184,"date":"2013-01-22T13:04:55","date_gmt":"2013-01-22T11:04:55","guid":{"rendered":"http:\/\/www.painters.fi\/taiteenhankintamalli\/?page_id=1184"},"modified":"2013-01-22T14:28:03","modified_gmt":"2013-01-22T12:28:03","slug":"hankintayksikko","status":"publish","type":"page","link":"https:\/\/www.painters.fi\/taiteenhankintamalli\/kuvataiteen-hankkiminen-ja-hankintalaki\/hankintayksikko\/","title":{"rendered":"Hankintayksikk\u00f6"},"content":{"rendered":"<p>Hankintalain mukaisia hankintayksikk\u00f6j\u00e4 ovat:<\/p>\n<p>1) \u00a0Valtio, kunnat ja kaupungit, kuntayhtym\u00e4t, kunnalliset liikelaitokset<\/p>\n<p>2) \u00a0Evankelis-luterilainen kirkko ja ortodoksinen kirkko sek\u00e4 niiden seurakunnat ja muut viranomaiset<\/p>\n<p>3) \u00a0Valtion liikelaitokset<\/p>\n<p>4) \u00a0Julkisoikeudelliset laitokset<\/p>\n<p>5) \u00a0Ostaja, joka saa hankintaan hankintayksik\u00f6lt\u00e4 tukea yli puolet hankinnan arvosta.<\/p>\n<p>Lue lis\u00e4\u00e4: <a href=\"http:\/\/www.finlex.fi\/fi\/laki\/ajantasa\/2007\/20070348\">&gt;&gt; Hankintalain 2 \u00a7 6 mom. Laki julkisista hankinnoista 17.12.2012<\/a><\/p>\n<p>&nbsp;<\/p>\n<p>&nbsp;<\/p>\n","protected":false},"excerpt":{"rendered":"<p>Hankintalain mukaisia hankintayksikk\u00f6j\u00e4 ovat: 1) \u00a0Valtio, kunnat ja kaupungit, kuntayhtym\u00e4t, kunnalliset liikelaitokset 2) \u00a0Evankelis-luterilainen kirkko ja ortodoksinen kirkko sek\u00e4 niiden seurakunnat ja muut viranomaiset 3) \u00a0Valtion liikelaitokset 4) \u00a0Julkisoikeudelliset laitokset 5) \u00a0Ostaja, joka saa hankintaan hankintayksik\u00f6lt\u00e4 tukea yli puolet hankinnan &hellip; <a href=\"https:\/\/www.painters.fi\/taiteenhankintamalli\/kuvataiteen-hankkiminen-ja-hankintalaki\/hankintayksikko\/\">Continue reading <span class=\"meta-nav\">&rarr;<\/span><\/a><\/p>\n","protected":false},"author":4,"featured_media":0,"parent":826,"menu_order":3,"comment_status":"closed","ping_status":"open","template":"","meta":{"footnotes":""},"class_list":["post-1184","page","type-page","status-publish","hentry"],"_links":{"self":[{"href":"https:\/\/www.painters.fi\/taiteenhankintamalli\/wp-json\/wp\/v2\/pages\/1184","targetHints":{"allow":["GET"]}}],"collection":[{"href":"https:\/\/www.painters.fi\/taiteenhankintamalli\/wp-json\/wp\/v2\/pages"}],"about":[{"href":"https:\/\/www.painters.fi\/taiteenhankintamalli\/wp-json\/wp\/v2\/types\/page"}],"author":[{"embeddable":true,"href":"https:\/\/www.painters.fi\/taiteenhankintamalli\/wp-json\/wp\/v2\/users\/4"}],"replies":[{"embeddable":true,"href":"https:\/\/www.painters.fi\/taiteenhankintamalli\/wp-json\/wp\/v2\/comments?post=1184"}],"version-history":[{"count":4,"href":"https:\/\/www.painters.fi\/taiteenhankintamalli\/wp-json\/wp\/v2\/pages\/1184\/revisions"}],"predecessor-version":[{"id":1225,"href":"https:\/\/www.painters.fi\/taiteenhankintamalli\/wp-json\/wp\/v2\/pages\/1184\/revisions\/1225"}],"up":[{"embeddable":true,"href":"https:\/\/www.painters.fi\/taiteenhankintamalli\/wp-json\/wp\/v2\/pages\/826"}],"wp:attachment":[{"href":"https:\/\/www.painters.fi\/taiteenhankintamalli\/wp-json\/wp\/v2\/media?parent=1184"}],"curies":[{"name":"wp","href":"https:\/\/api.w.org\/{rel}","templated":true}]}}