{"id":1183,"date":"2013-01-22T13:04:43","date_gmt":"2013-01-22T11:04:43","guid":{"rendered":"http:\/\/www.painters.fi\/taiteenhankintamalli\/?page_id=1183"},"modified":"2013-01-22T14:26:09","modified_gmt":"2013-01-22T12:26:09","slug":"kilpailuttamisvelvoite","status":"publish","type":"page","link":"https:\/\/www.painters.fi\/taiteenhankintamalli\/kuvataiteen-hankkiminen-ja-hankintalaki\/kilpailuttamisvelvoite\/","title":{"rendered":"Kilpailuttamisvelvoite"},"content":{"rendered":"<p>Kilpailun lis\u00e4\u00e4ntymisen ja markkinoiden avautumisen vuoksi esimerkiksi ulkomaiset yritykset saavat myyd\u00e4 tavaroitaan ja palvelujaan tasapuolisin ehdoin kotimaisten yritysten kanssa. My\u00f6s kuntarajat ylitt\u00e4v\u00e4 tarjonta on lis\u00e4\u00e4ntynyt. Syrjim\u00e4tt\u00f6myys- ja tasapuolisuusvelvoitteiden vuoksi oman alueen yrityksi\u00e4 tai maan muista osista tulevia yrityksi\u00e4 ei saa asettaa etusijalle hankinnoissa (hankintalaki 1:2.1 \u00a7).<\/p>\n<p>Lue lis\u00e4\u00e4:\u00a0<a href=\" http:\/\/www.finlex.fi\/fi\/laki\/ajantasa\/2007\/20070348\">&gt;&gt; Laki julkisista hankinnoista 17.12.2012<\/a><\/p>\n<p>&nbsp;<\/p>\n","protected":false},"excerpt":{"rendered":"<p>Kilpailun lis\u00e4\u00e4ntymisen ja markkinoiden avautumisen vuoksi esimerkiksi ulkomaiset yritykset saavat myyd\u00e4 tavaroitaan ja palvelujaan tasapuolisin ehdoin kotimaisten yritysten kanssa. My\u00f6s kuntarajat ylitt\u00e4v\u00e4 tarjonta on lis\u00e4\u00e4ntynyt. Syrjim\u00e4tt\u00f6myys- ja tasapuolisuusvelvoitteiden vuoksi oman alueen yrityksi\u00e4 tai maan muista osista tulevia yrityksi\u00e4 ei saa &hellip; <a href=\"https:\/\/www.painters.fi\/taiteenhankintamalli\/kuvataiteen-hankkiminen-ja-hankintalaki\/kilpailuttamisvelvoite\/\">Continue reading <span class=\"meta-nav\">&rarr;<\/span><\/a><\/p>\n","protected":false},"author":4,"featured_media":0,"parent":826,"menu_order":2,"comment_status":"closed","ping_status":"open","template":"","meta":{"footnotes":""},"class_list":["post-1183","page","type-page","status-publish","hentry"],"_links":{"self":[{"href":"https:\/\/www.painters.fi\/taiteenhankintamalli\/wp-json\/wp\/v2\/pages\/1183","targetHints":{"allow":["GET"]}}],"collection":[{"href":"https:\/\/www.painters.fi\/taiteenhankintamalli\/wp-json\/wp\/v2\/pages"}],"about":[{"href":"https:\/\/www.painters.fi\/taiteenhankintamalli\/wp-json\/wp\/v2\/types\/page"}],"author":[{"embeddable":true,"href":"https:\/\/www.painters.fi\/taiteenhankintamalli\/wp-json\/wp\/v2\/users\/4"}],"replies":[{"embeddable":true,"href":"https:\/\/www.painters.fi\/taiteenhankintamalli\/wp-json\/wp\/v2\/comments?post=1183"}],"version-history":[{"count":4,"href":"https:\/\/www.painters.fi\/taiteenhankintamalli\/wp-json\/wp\/v2\/pages\/1183\/revisions"}],"predecessor-version":[{"id":1224,"href":"https:\/\/www.painters.fi\/taiteenhankintamalli\/wp-json\/wp\/v2\/pages\/1183\/revisions\/1224"}],"up":[{"embeddable":true,"href":"https:\/\/www.painters.fi\/taiteenhankintamalli\/wp-json\/wp\/v2\/pages\/826"}],"wp:attachment":[{"href":"https:\/\/www.painters.fi\/taiteenhankintamalli\/wp-json\/wp\/v2\/media?parent=1183"}],"curies":[{"name":"wp","href":"https:\/\/api.w.org\/{rel}","templated":true}]}}