{"id":1182,"date":"2013-01-22T13:04:28","date_gmt":"2013-01-22T11:04:28","guid":{"rendered":"http:\/\/www.painters.fi\/taiteenhankintamalli\/?page_id=1182"},"modified":"2013-01-22T14:25:28","modified_gmt":"2013-01-22T12:25:28","slug":"hankintalain-tavoitteet","status":"publish","type":"page","link":"https:\/\/www.painters.fi\/taiteenhankintamalli\/kuvataiteen-hankkiminen-ja-hankintalaki\/hankintalain-tavoitteet\/","title":{"rendered":"Hankintalain tavoitteet"},"content":{"rendered":"<p>Hankintas\u00e4\u00e4ntelyn tarkoituksena on tehostaa julkisten varojen k\u00e4ytt\u00f6\u00e4, selkeytt\u00e4\u00e4 hankintaviranomaisten ostoyhteisty\u00f6n edellytyksi\u00e4, parantaa kilpailukyky\u00e4 sek\u00e4 turvata kaikille tarjoajille tasapuolinen ja syrjim\u00e4t\u00f6n kohtelu julkisissa hankinnoissa. Tavoitteena on edist\u00e4\u00e4 laadukkaiden hankintojen tekemist\u00e4 sek\u00e4 turvata yritysten ja muiden yhteis\u00f6jen tasapuolisia mahdollisuuksia tarjota tavaroita, palveluita ja rakennusurakointia julkisten hankintojen tarjouskilpailuissa (hankintalaki 1:1.2 \u00a7).<\/p>\n<p>Lue lis\u00e4\u00e4:\u00a0<a href=\"http:\/\/www.finlex.fi\/fi\/laki\/ajantasa\/2007\/20070348\" target=\"_blank\">&gt;&gt; Laki julkisista hankinnoista 16.12.2012<\/a><\/p>\n<p>&nbsp;<\/p>\n<p>&nbsp;<\/p>\n","protected":false},"excerpt":{"rendered":"<p>Hankintas\u00e4\u00e4ntelyn tarkoituksena on tehostaa julkisten varojen k\u00e4ytt\u00f6\u00e4, selkeytt\u00e4\u00e4 hankintaviranomaisten ostoyhteisty\u00f6n edellytyksi\u00e4, parantaa kilpailukyky\u00e4 sek\u00e4 turvata kaikille tarjoajille tasapuolinen ja syrjim\u00e4t\u00f6n kohtelu julkisissa hankinnoissa. Tavoitteena on edist\u00e4\u00e4 laadukkaiden hankintojen tekemist\u00e4 sek\u00e4 turvata yritysten ja muiden yhteis\u00f6jen tasapuolisia mahdollisuuksia tarjota tavaroita, palveluita &hellip; <a href=\"https:\/\/www.painters.fi\/taiteenhankintamalli\/kuvataiteen-hankkiminen-ja-hankintalaki\/hankintalain-tavoitteet\/\">Continue reading <span class=\"meta-nav\">&rarr;<\/span><\/a><\/p>\n","protected":false},"author":4,"featured_media":0,"parent":826,"menu_order":1,"comment_status":"closed","ping_status":"open","template":"","meta":{"footnotes":""},"class_list":["post-1182","page","type-page","status-publish","hentry"],"_links":{"self":[{"href":"https:\/\/www.painters.fi\/taiteenhankintamalli\/wp-json\/wp\/v2\/pages\/1182","targetHints":{"allow":["GET"]}}],"collection":[{"href":"https:\/\/www.painters.fi\/taiteenhankintamalli\/wp-json\/wp\/v2\/pages"}],"about":[{"href":"https:\/\/www.painters.fi\/taiteenhankintamalli\/wp-json\/wp\/v2\/types\/page"}],"author":[{"embeddable":true,"href":"https:\/\/www.painters.fi\/taiteenhankintamalli\/wp-json\/wp\/v2\/users\/4"}],"replies":[{"embeddable":true,"href":"https:\/\/www.painters.fi\/taiteenhankintamalli\/wp-json\/wp\/v2\/comments?post=1182"}],"version-history":[{"count":4,"href":"https:\/\/www.painters.fi\/taiteenhankintamalli\/wp-json\/wp\/v2\/pages\/1182\/revisions"}],"predecessor-version":[{"id":1222,"href":"https:\/\/www.painters.fi\/taiteenhankintamalli\/wp-json\/wp\/v2\/pages\/1182\/revisions\/1222"}],"up":[{"embeddable":true,"href":"https:\/\/www.painters.fi\/taiteenhankintamalli\/wp-json\/wp\/v2\/pages\/826"}],"wp:attachment":[{"href":"https:\/\/www.painters.fi\/taiteenhankintamalli\/wp-json\/wp\/v2\/media?parent=1182"}],"curies":[{"name":"wp","href":"https:\/\/api.w.org\/{rel}","templated":true}]}}