{"id":117,"date":"2012-11-13T14:26:58","date_gmt":"2012-11-13T12:26:58","guid":{"rendered":"http:\/\/www.painters.fi\/taiteenhankintamalli\/?page_id=117"},"modified":"2013-02-08T09:42:04","modified_gmt":"2013-02-08T07:42:04","slug":"valkeapaa-tiina","status":"publish","type":"page","link":"https:\/\/www.painters.fi\/taiteenhankintamalli\/esimerkkeja-taideprojekteista\/valkeapaa-tiina\/","title":{"rendered":"Valkeap\u00e4\u00e4 Tiina"},"content":{"rendered":"<h3>Kauniston vanhainkodin laajennus<\/h3>\n<p><a href=\"https:\/\/www.painters.fi\/taiteenhankintamalli\/wp-content\/uploads\/2012\/11\/valkeap\u00e4\u00e41.jpg\"><img loading=\"lazy\" decoding=\"async\" class=\"alignnone size-full wp-image-1298\" title=\"Tiina Valkeap\u00e4\u00e4: \u201dK\u00f6ynn\u00f6s\u201d taideteos Kauniston vanhainkodin laajennusosaan Hyvink\u00e4\u00e4lle 2010\" src=\"https:\/\/www.painters.fi\/taiteenhankintamalli\/wp-content\/uploads\/2012\/11\/valkeap\u00e4\u00e41.jpg\" alt=\"\" width=\"667\" height=\"316\" srcset=\"https:\/\/www.painters.fi\/taiteenhankintamalli\/wp-content\/uploads\/2012\/11\/valkeap\u00e4\u00e41.jpg 667w, https:\/\/www.painters.fi\/taiteenhankintamalli\/wp-content\/uploads\/2012\/11\/valkeap\u00e4\u00e41-300x142.jpg 300w\" sizes=\"auto, (max-width: 667px) 100vw, 667px\" \/><\/a><\/p>\n<h3>Perustiedot<\/h3>\n<p>Taiteilija: Tiina Valkeap\u00e4\u00e4 <a href=\"http:\/\/www.kuvataiteilijamatrikkeli.fi\/fi\/taiteilijat\/2086\">&gt;&gt; Tiina Valkeap\u00e4\u00e4<\/a><br \/>\nHankkeen nimi: Kauniston vanhainkodin laajennus<br \/>\nSijainti: Hyvink\u00e4\u00e4<br \/>\nTilaaja: Hyvink\u00e4\u00e4n kaupunki<br \/>\nArkkitehti: BST-Arkkitehdit\/Pekka Timola<br \/>\nHankkeen suunnittelu alkoi: 2010<br \/>\nHanke toteutui: 2011<\/p>\n<h3>Projektin k\u00e4yt\u00e4nn\u00f6n etenemisest\u00e4<\/h3>\n<p>Valkeap\u00e4\u00e4 sai tilauksen syyskuussa 2010. H\u00e4n esitteli luonnokset (3D-pienoismallit) joulukuun alussa. Luonnokset hyv\u00e4ksyttiin, ja ty\u00f6t valmistuivat vuoden 2011 lopussa.<\/p>\n<p><a href=\"https:\/\/www.painters.fi\/taiteenhankintamalli\/wp-content\/uploads\/2012\/11\/valkeap\u00e4\u00e42.jpg\"><img loading=\"lazy\" decoding=\"async\" class=\"alignnone size-full wp-image-1299\" title=\"Tiina Valkeap\u00e4\u00e4: \u201dHelmitaulu\u201d taideteos Kauniston vanhainkodin laajennusosaan Hyvink\u00e4\u00e4lle 2010\" src=\"https:\/\/www.painters.fi\/taiteenhankintamalli\/wp-content\/uploads\/2012\/11\/valkeap\u00e4\u00e42.jpg\" alt=\"\" width=\"667\" height=\"471\" srcset=\"https:\/\/www.painters.fi\/taiteenhankintamalli\/wp-content\/uploads\/2012\/11\/valkeap\u00e4\u00e42.jpg 667w, https:\/\/www.painters.fi\/taiteenhankintamalli\/wp-content\/uploads\/2012\/11\/valkeap\u00e4\u00e42-300x211.jpg 300w\" sizes=\"auto, (max-width: 667px) 100vw, 667px\" \/><\/a><\/p>\n<p><a href=\"https:\/\/www.painters.fi\/taiteenhankintamalli\/wp-content\/uploads\/2012\/11\/valkeap\u00e4\u00e431.jpg\"><img loading=\"lazy\" decoding=\"async\" class=\"alignnone size-full wp-image-1303\" title=\"Tiina Valkeap\u00e4\u00e4: \u201dEl\u00e4m\u00e4npuu\u201d taideteos Kauniston vanhainkodin laajennusosaan Hyvink\u00e4\u00e4lle 2010\" src=\"https:\/\/www.painters.fi\/taiteenhankintamalli\/wp-content\/uploads\/2012\/11\/valkeap\u00e4\u00e431.jpg\" alt=\"\" width=\"446\" height=\"667\" srcset=\"https:\/\/www.painters.fi\/taiteenhankintamalli\/wp-content\/uploads\/2012\/11\/valkeap\u00e4\u00e431.jpg 446w, https:\/\/www.painters.fi\/taiteenhankintamalli\/wp-content\/uploads\/2012\/11\/valkeap\u00e4\u00e431-200x300.jpg 200w\" sizes=\"auto, (max-width: 446px) 100vw, 446px\" \/><\/a><\/p>\n<p>&nbsp;<\/p>\n\n","protected":false},"excerpt":{"rendered":"<p>Kauniston vanhainkodin laajennus Perustiedot Taiteilija: Tiina Valkeap\u00e4\u00e4 &gt;&gt; Tiina Valkeap\u00e4\u00e4 Hankkeen nimi: Kauniston vanhainkodin laajennus Sijainti: Hyvink\u00e4\u00e4 Tilaaja: Hyvink\u00e4\u00e4n kaupunki Arkkitehti: BST-Arkkitehdit\/Pekka Timola Hankkeen suunnittelu alkoi: 2010 Hanke toteutui: 2011 Projektin k\u00e4yt\u00e4nn\u00f6n etenemisest\u00e4 Valkeap\u00e4\u00e4 sai tilauksen syyskuussa 2010. H\u00e4n esitteli &hellip; <a href=\"https:\/\/www.painters.fi\/taiteenhankintamalli\/esimerkkeja-taideprojekteista\/valkeapaa-tiina\/\">Continue reading <span class=\"meta-nav\">&rarr;<\/span><\/a><\/p>\n","protected":false},"author":4,"featured_media":0,"parent":74,"menu_order":51,"comment_status":"closed","ping_status":"closed","template":"","meta":{"footnotes":""},"class_list":["post-117","page","type-page","status-publish","hentry"],"_links":{"self":[{"href":"https:\/\/www.painters.fi\/taiteenhankintamalli\/wp-json\/wp\/v2\/pages\/117","targetHints":{"allow":["GET"]}}],"collection":[{"href":"https:\/\/www.painters.fi\/taiteenhankintamalli\/wp-json\/wp\/v2\/pages"}],"about":[{"href":"https:\/\/www.painters.fi\/taiteenhankintamalli\/wp-json\/wp\/v2\/types\/page"}],"author":[{"embeddable":true,"href":"https:\/\/www.painters.fi\/taiteenhankintamalli\/wp-json\/wp\/v2\/users\/4"}],"replies":[{"embeddable":true,"href":"https:\/\/www.painters.fi\/taiteenhankintamalli\/wp-json\/wp\/v2\/comments?post=117"}],"version-history":[{"count":13,"href":"https:\/\/www.painters.fi\/taiteenhankintamalli\/wp-json\/wp\/v2\/pages\/117\/revisions"}],"predecessor-version":[{"id":302,"href":"https:\/\/www.painters.fi\/taiteenhankintamalli\/wp-json\/wp\/v2\/pages\/117\/revisions\/302"}],"up":[{"embeddable":true,"href":"https:\/\/www.painters.fi\/taiteenhankintamalli\/wp-json\/wp\/v2\/pages\/74"}],"wp:attachment":[{"href":"https:\/\/www.painters.fi\/taiteenhankintamalli\/wp-json\/wp\/v2\/media?parent=117"}],"curies":[{"name":"wp","href":"https:\/\/api.w.org\/{rel}","templated":true}]}}