{"id":113,"date":"2012-11-13T14:25:46","date_gmt":"2012-11-13T12:25:46","guid":{"rendered":"http:\/\/www.painters.fi\/taiteenhankintamalli\/?page_id=113"},"modified":"2013-02-08T09:41:52","modified_gmt":"2013-02-08T07:41:52","slug":"uggla-hanna-ja-marita-harkio","status":"publish","type":"page","link":"https:\/\/www.painters.fi\/taiteenhankintamalli\/esimerkkeja-taideprojekteista\/uggla-hanna-ja-marita-harkio\/","title":{"rendered":"Uggla Hanna ja Marita Harkio"},"content":{"rendered":"<h2>Lasten taidemakkara<\/h2>\n<p><a href=\"https:\/\/www.painters.fi\/taiteenhankintamalli\/wp-content\/uploads\/2012\/11\/hanna_uggla1.jpg\"><img loading=\"lazy\" decoding=\"async\" class=\"alignnone size-full wp-image-353\" title=\"Yhteisty\u00f6projekti: &quot;Lasten taide makkaralla&quot; vinyylille painetut kuvat lasten taideteoksista. Yhteisty\u00f6toteutus Hanna Ugglan ja Marita Harkion kanssa makkarataloon Helsingkiin kes\u00e4ll\u00e4 2006\" src=\"https:\/\/www.painters.fi\/taiteenhankintamalli\/wp-content\/uploads\/2012\/11\/hanna_uggla1.jpg\" alt=\"\" width=\"640\" height=\"480\" srcset=\"https:\/\/www.painters.fi\/taiteenhankintamalli\/wp-content\/uploads\/2012\/11\/hanna_uggla1.jpg 640w, https:\/\/www.painters.fi\/taiteenhankintamalli\/wp-content\/uploads\/2012\/11\/hanna_uggla1-300x225.jpg 300w\" sizes=\"auto, (max-width: 640px) 100vw, 640px\" \/><\/a><\/p>\n<h3>Perustiedot<\/h3>\n<p>Ty\u00f6ryhm\u00e4: Marita Harkio ja Hanna Uggla <a href=\"http:\/\/hannauggla.com\/_\/Hanna_Uggla.html\">&gt;&gt; Hanna Uggla<\/a><br \/>\nHankkeen nimi: Lasten taidemakkara<br \/>\nSijainti: Helsinki, Makkaratalon makkara<br \/>\nTilaaja: Taiteilijal\u00e4ht\u00f6inen. Talon omistaa Sponda.<br \/>\nHankkeen suunnittelu alkoi: 2005<br \/>\nHanke toteutui: 2006<\/p>\n<h3>Projektin k\u00e4yt\u00e4nn\u00f6n toteutuksesta ja teoksen ideoinnista<\/h3>\n<p>Marita Harkio ja Hanna Uggla saivat idean toteuttaa taidetta Helsingin keskustan katukuvaan. He pitiv\u00e4t Makkaratalon makkaraa harmaana ja tyls\u00e4n\u00e4 ja ajattelivat, ett\u00e4 taideteokset toisivat siihen ilmett\u00e4. He miettiv\u00e4t, ett\u00e4 tekij\u00e4t voisivat olla lapsia. Harkio ja Uggla ajattelivat, ett\u00e4 olisi hienoa, jos teoksen saisivat toteuttaa juuri vammaiset lapset, jotta he saisivat tuoda iloa kaupunkiin. Samassa oli ajatus, ett\u00e4 joskus lapset ja aikuiset, jotka ovat jollain tavalla erilaisia, saattavat olla erityisen luovia.<\/p>\n<p>Harkio ja Uggla uskoivat ideaan niin, ett\u00e4 alkoivat heti vet\u00e4\u00e4 taidepajoja ja kertoa, ett\u00e4 heill\u00e4 on t\u00e4llainen idea. Uggla oli aikaisemmin tehnyt ty\u00f6t\u00e4 vammaisten lasten kanssa, ja Harkio oli ollut aikaisemmin Invaliidiliitolla t\u00f6iss\u00e4.<br \/>\nKouluissa lapset ja henkil\u00f6kunta olivat innoissaan, ja taidepajat olivat suosittuja. Harkio ja Uggla ajattelivat, ett\u00e4 vaikka Makkaratalo-idea ei toteutuisi, lasten teokset laitettaisiin joka tapauksessa jonnekin esille. Mm. taidekoulu Maan rehtori Isse Karsten oli ideasta innostunut ja antoi heille hyvi\u00e4 ideoita projektin alkumetreill\u00e4.<br \/>\nVammaisten lasten kuvatataideryhmi\u00e4 oli Ruskeasuon koulussa, Topeliuksen koulussa ja Helsingin Invalidiyhdistyksen ja P\u00e4\u00e4kaupunkiseudun omaishoitajien lasten taidepajoissa.<\/p>\n<p>Harkiolla ja Ugglalla oli kolme eri toteutusideaa: Ensimm\u00e4isess\u00e4 teoksista tehd\u00e4\u00e4n mosaiikkit\u00f6it\u00e4 suoraan makkaralle. Toisessa teokset maalataan suoraan betonille ja niist\u00e4 tulisi kest\u00e4vi\u00e4 ja osa kaupunkikuvaa. Kolmannessa teos tehd\u00e4\u00e4n erillisist\u00e4 kuvista, jotka kiinnitet\u00e4\u00e4n makkaraan.<\/p>\n<p>Harkio ja Uggla tarvitsivat suostumuksen Makkaratalon omistavalta Spondalta. He rakensivat pienoismallin Makkaratalosta ja tekiv\u00e4t siihen v\u00e4rikk\u00e4it\u00e4 kuvia makkaralle. Harkio ja Uggla esitteliv\u00e4t my\u00f6s kuvia ymp\u00e4rist\u00f6taideprojekteista ymp\u00e4ri maailmaa ja kertoivat ideastaan tehd\u00e4 taideteos, jossa lapset saavat tuoda iloa kaupungille, ajatellen, ett\u00e4 t\u00e4m\u00e4 voisi edist\u00e4\u00e4 suvaitsevaisuutta ja erilaisuuden kunnioittamista. Spondassa Joni Mikkola, joka vastasi Makkaratalosta, suhtautui ideaan positiivisesti ja piti sit\u00e4 toteutuskelpoisena. Sponda kysyi rakennusvalvontavirastolta, voisiko projektia toteuttaa. Mikkola oli eritt\u00e4in innostunut, mutta juuri kun projekti oli saanut kaikki tarvittavat luvat, Sponda vaihtoi johtajaa, ja koko taidehanke kariutui. Harkio ja Uggla olivat v\u00e4h\u00e4ll\u00e4 luovuttaa, mutta kysyiv\u00e4t v\u00e4h\u00e4n ajan kuluttua uudestaan, ja uusi johtaja hyv\u00e4ksyi projektin.<\/p>\n<p>Neuvottelujen tuloksena kuvat toteutettiin makkaraan siirt\u00e4m\u00e4ll\u00e4 lasten kuvat isoille s\u00e4\u00e4nkest\u00e4ville vinyyleille. T\u00e4t\u00e4 tehtiin suurkuvatulostimella, ja Mainospy\u00f6r\u00e4 (Brandfactory) sponsoroi hanketta tekem\u00e4ll\u00e4 sen edullisesti. Kuvat nostettiin nosturilla ja ruuvattiin kiinni makkaraan. T\u00e4h\u00e4n tarvittiin viel\u00e4 rakennusviraston lupa ja se saatiin, kun kuvia nostettiin y\u00f6ll\u00e4 sein\u00e4\u00e4n.<\/p>\n<p>Projekti toteutui hienosti, ja lapset ja heid\u00e4n vanhemmat k\u00e4viv\u00e4t katsomassa teoksia.<\/p>\n<h3>Rahoitus ja sponsorointi<\/h3>\n<p>Kun Harkio ja Uggla miettiv\u00e4t sponsoreita, ottivat he ensimm\u00e4iseksi yhteytt\u00e4 Helsingin Invaliidiliittoon ja Folkh\u00e4lsaniin. N\u00e4m\u00e4 innostuivat hankkeesta ja lupasivat antaa tukea. T\u00e4m\u00e4n j\u00e4lkeen he esittiv\u00e4t kysymyksen Helsingin kaupungin kulttuuriasiainkeskukselle ja Svenska kulturfondenille. N\u00e4m\u00e4kin tahot l\u00e4htiv\u00e4t hankkeeseen mukaan. Harkio ja Uggla l\u00e4hestyiv\u00e4t sponsoreita ensin puhelimitse ja meniv\u00e4t sen j\u00e4lkeen tapamaan heit\u00e4. Tapaamisissa heill\u00e4 oli mukana kuvia lasten teoksista ja niist\u00e4 tehty pieni haitari t\u00e4ynn\u00e4 kuvia, jonka avulla kaikkia kuvia pystyi katsomaan yht\u00e4 aikaa.<\/p>\n<p>T\u00e4m\u00e4n vaiheen j\u00e4lkeen he kirjoittivat sponsorointipyynt\u00f6kirjeen, jossa kerrottiin hankkeen ideasta ja ketk\u00e4 jo tukevat hanketta. Kirje l\u00e4hetettiin monelle suuryritykselle. Kirjeisiin ei tullut vastauksia, joten he viel\u00e4 soittivat n\u00e4ille yrityksille. Muutama yritys innostui ideasta niin, ett\u00e4 he tulivat heti mukaan, mutta monella yrityksell\u00e4 ei ollut rahaa k\u00e4ytett\u00e4v\u00e4n\u00e4. Harkio ja Uggla kuitenkin saivat sponsorointia hankkeelleen. Lopulta hanketta tuki Folkh\u00e4lsan, Forumin parkkihalli, Helsingin kaupungin kulttuuriasiainkeskus, Ilmarinen, Invalidiliitto ry, Mainospy\u00f6r\u00e4, Sampo, SOK, Sponda, Svenska kulturfonden ja Konstsamfundet.<br \/>\nUggla on tullut siihen lopputulokseen, ett\u00e4 Makkaratalon makkaran tunnettavuus ja h\u00e4nen ja Harkion innostuneisuus hankkeesta auttoivat sponsoreiden saamisessa.<\/p>\n\n","protected":false},"excerpt":{"rendered":"<p>Lasten taidemakkara Perustiedot Ty\u00f6ryhm\u00e4: Marita Harkio ja Hanna Uggla &gt;&gt; Hanna Uggla Hankkeen nimi: Lasten taidemakkara Sijainti: Helsinki, Makkaratalon makkara Tilaaja: Taiteilijal\u00e4ht\u00f6inen. Talon omistaa Sponda. Hankkeen suunnittelu alkoi: 2005 Hanke toteutui: 2006 Projektin k\u00e4yt\u00e4nn\u00f6n toteutuksesta ja teoksen ideoinnista Marita Harkio &hellip; <a href=\"https:\/\/www.painters.fi\/taiteenhankintamalli\/esimerkkeja-taideprojekteista\/uggla-hanna-ja-marita-harkio\/\">Continue reading <span class=\"meta-nav\">&rarr;<\/span><\/a><\/p>\n","protected":false},"author":4,"featured_media":0,"parent":74,"menu_order":49,"comment_status":"closed","ping_status":"closed","template":"","meta":{"footnotes":""},"class_list":["post-113","page","type-page","status-publish","hentry"],"_links":{"self":[{"href":"https:\/\/www.painters.fi\/taiteenhankintamalli\/wp-json\/wp\/v2\/pages\/113","targetHints":{"allow":["GET"]}}],"collection":[{"href":"https:\/\/www.painters.fi\/taiteenhankintamalli\/wp-json\/wp\/v2\/pages"}],"about":[{"href":"https:\/\/www.painters.fi\/taiteenhankintamalli\/wp-json\/wp\/v2\/types\/page"}],"author":[{"embeddable":true,"href":"https:\/\/www.painters.fi\/taiteenhankintamalli\/wp-json\/wp\/v2\/users\/4"}],"replies":[{"embeddable":true,"href":"https:\/\/www.painters.fi\/taiteenhankintamalli\/wp-json\/wp\/v2\/comments?post=113"}],"version-history":[{"count":15,"href":"https:\/\/www.painters.fi\/taiteenhankintamalli\/wp-json\/wp\/v2\/pages\/113\/revisions"}],"predecessor-version":[{"id":314,"href":"https:\/\/www.painters.fi\/taiteenhankintamalli\/wp-json\/wp\/v2\/pages\/113\/revisions\/314"}],"up":[{"embeddable":true,"href":"https:\/\/www.painters.fi\/taiteenhankintamalli\/wp-json\/wp\/v2\/pages\/74"}],"wp:attachment":[{"href":"https:\/\/www.painters.fi\/taiteenhankintamalli\/wp-json\/wp\/v2\/media?parent=113"}],"curies":[{"name":"wp","href":"https:\/\/api.w.org\/{rel}","templated":true}]}}