{"id":111,"date":"2012-11-13T14:25:07","date_gmt":"2012-11-13T12:25:07","guid":{"rendered":"http:\/\/www.painters.fi\/taiteenhankintamalli\/?page_id=111"},"modified":"2013-02-08T09:41:39","modified_gmt":"2013-02-08T07:41:39","slug":"tukiainen-katja","status":"publish","type":"page","link":"https:\/\/www.painters.fi\/taiteenhankintamalli\/esimerkkeja-taideprojekteista\/tukiainen-katja\/","title":{"rendered":"Tukiainen Katja"},"content":{"rendered":"<h2>Hus Lastenklinikan laajennusosan taidehankinta<\/h2>\n<p><a href=\"https:\/\/www.painters.fi\/taiteenhankintamalli\/wp-content\/uploads\/2012\/11\/katja_tukiainen1.jpg\"><img loading=\"lazy\" decoding=\"async\" class=\"alignnone size-full wp-image-337\" title=\"Katja Tukiainen &quot;Salainen puutarha&quot;, alkydimaali sein\u00e4lle ja akryylimaali mdf-levylle. Teos toteutettu HUS Lastenklinikan sairaalan laajennusosaan Helsinkiin  2010, Kuva: Katja Tukiainen\" src=\"https:\/\/www.painters.fi\/taiteenhankintamalli\/wp-content\/uploads\/2012\/11\/katja_tukiainen1.jpg\" alt=\"\" width=\"482\" height=\"370\" srcset=\"https:\/\/www.painters.fi\/taiteenhankintamalli\/wp-content\/uploads\/2012\/11\/katja_tukiainen1.jpg 482w, https:\/\/www.painters.fi\/taiteenhankintamalli\/wp-content\/uploads\/2012\/11\/katja_tukiainen1-300x230.jpg 300w\" sizes=\"auto, (max-width: 482px) 100vw, 482px\" \/><\/a><\/p>\n<h3>Perustiedot<\/h3>\n<p>Taiteilija: Katja Tukiainen <a href=\"http:\/\/www.katjat.net\/\">&gt;&gt; Katja Tukiainen<\/a><br \/>\nHankkeen nimi: HUS Lastenklinikan laajennusosan taidehankinta 2010 \u201dSalainen Puutarha&#8221; \/ Katja Tukiainen<br \/>\nSijainti: Helsinki, Meilahti<br \/>\nTilaaja: HUS-kuntayhtym\u00e4 Naisten- ja lastentautien tulosyksikk\u00f6<br \/>\nRakennuttaja: HUS-Kiinteist\u00f6t Oy<br \/>\nArkkitehti: Matti Anttila \/ AW2 -arkkitehdit Oy<br \/>\nHankkeen suunnittelu alkoi: 2009<br \/>\nHanke toteutui: 2010-2011<\/p>\n<h3>Projektin k\u00e4yt\u00e4nn\u00f6n etenemisest\u00e4<\/h3>\n<p>Tukiaiselle hyvin kiinnostava projekti, jossa h\u00e4n sai suunnitella tiloihin varta vasten tarkoitetun teoskokonaisuuden katto- ja sein\u00e4maalauksineen. Yhteisty\u00f6 oli tiivist\u00e4 ja hedelm\u00e4llist\u00e4 arkkitehti Matti Anttilan sek\u00e4 sairaalan sis\u00e4isen taideteostoimikunnan kanssa, joka oli perustettu t\u00e4t\u00e4 hanketta varten.<br \/>\n<\/p>\n","protected":false},"excerpt":{"rendered":"<p>Hus Lastenklinikan laajennusosan taidehankinta Perustiedot Taiteilija: Katja Tukiainen &gt;&gt; Katja Tukiainen Hankkeen nimi: HUS Lastenklinikan laajennusosan taidehankinta 2010 \u201dSalainen Puutarha&#8221; \/ Katja Tukiainen Sijainti: Helsinki, Meilahti Tilaaja: HUS-kuntayhtym\u00e4 Naisten- ja lastentautien tulosyksikk\u00f6 Rakennuttaja: HUS-Kiinteist\u00f6t Oy Arkkitehti: Matti Anttila \/ AW2 &hellip; <a href=\"https:\/\/www.painters.fi\/taiteenhankintamalli\/esimerkkeja-taideprojekteista\/tukiainen-katja\/\">Continue reading <span class=\"meta-nav\">&rarr;<\/span><\/a><\/p>\n","protected":false},"author":4,"featured_media":0,"parent":74,"menu_order":46,"comment_status":"closed","ping_status":"closed","template":"","meta":{"footnotes":""},"class_list":["post-111","page","type-page","status-publish","hentry"],"_links":{"self":[{"href":"https:\/\/www.painters.fi\/taiteenhankintamalli\/wp-json\/wp\/v2\/pages\/111","targetHints":{"allow":["GET"]}}],"collection":[{"href":"https:\/\/www.painters.fi\/taiteenhankintamalli\/wp-json\/wp\/v2\/pages"}],"about":[{"href":"https:\/\/www.painters.fi\/taiteenhankintamalli\/wp-json\/wp\/v2\/types\/page"}],"author":[{"embeddable":true,"href":"https:\/\/www.painters.fi\/taiteenhankintamalli\/wp-json\/wp\/v2\/users\/4"}],"replies":[{"embeddable":true,"href":"https:\/\/www.painters.fi\/taiteenhankintamalli\/wp-json\/wp\/v2\/comments?post=111"}],"version-history":[{"count":12,"href":"https:\/\/www.painters.fi\/taiteenhankintamalli\/wp-json\/wp\/v2\/pages\/111\/revisions"}],"predecessor-version":[{"id":336,"href":"https:\/\/www.painters.fi\/taiteenhankintamalli\/wp-json\/wp\/v2\/pages\/111\/revisions\/336"}],"up":[{"embeddable":true,"href":"https:\/\/www.painters.fi\/taiteenhankintamalli\/wp-json\/wp\/v2\/pages\/74"}],"wp:attachment":[{"href":"https:\/\/www.painters.fi\/taiteenhankintamalli\/wp-json\/wp\/v2\/media?parent=111"}],"curies":[{"name":"wp","href":"https:\/\/api.w.org\/{rel}","templated":true}]}}