{"id":109,"date":"2012-11-13T14:24:43","date_gmt":"2012-11-13T12:24:43","guid":{"rendered":"http:\/\/www.painters.fi\/taiteenhankintamalli\/?page_id=109"},"modified":"2013-02-08T09:41:32","modified_gmt":"2013-02-08T07:41:32","slug":"tella-tarja","status":"publish","type":"page","link":"https:\/\/www.painters.fi\/taiteenhankintamalli\/esimerkkeja-taideprojekteista\/tella-tarja\/","title":{"rendered":"Tella Tarja"},"content":{"rendered":"<h2>Korjausrakentamishankkeet, Pohjois-Karjalan sairaanhoito- ja<br \/>\nsosiaalipalveluiden ky\/ Psykiatrian klinikka \/ Keskussairaala ja<br \/>\nPaiholan sairaala<\/h2>\n<p><a href=\"https:\/\/www.painters.fi\/taiteenhankintamalli\/wp-content\/uploads\/2012\/11\/tarja_tella1.jpg\"><img loading=\"lazy\" decoding=\"async\" class=\"alignnone size-full wp-image-1104\" title=\"Tarja Tella: Taideteos ja luonnos psykiatrian yksikk\u00f6\u00f6n Kaiholan sairaalaan Kontilahteen, 1998\" src=\"https:\/\/www.painters.fi\/taiteenhankintamalli\/wp-content\/uploads\/2012\/11\/tarja_tella1.jpg\" alt=\"\" width=\"628\" height=\"837\" srcset=\"https:\/\/www.painters.fi\/taiteenhankintamalli\/wp-content\/uploads\/2012\/11\/tarja_tella1.jpg 628w, https:\/\/www.painters.fi\/taiteenhankintamalli\/wp-content\/uploads\/2012\/11\/tarja_tella1-225x300.jpg 225w\" sizes=\"auto, (max-width: 628px) 100vw, 628px\" \/><\/a><\/p>\n<h3>Perustiedot<\/h3>\n<p>Taiteilija: Tarja Tella<br \/>\nHankkeen nimi: Pohjois-Karjalan sairaanhoitopiirin kuntayhtym\u00e4n korjausrakentamishankkeet (psykiatrian klinikka, vanhuspsykiatrian osasto, lastenpsykiatrian poliklinikka)<br \/>\nSijainti: Pohjois-Karjala, Kontiolahti (Paiholan sairaalan vastaanotto-osasto ja vanhuspsykiatrinen osasto)\u2028ja Joensuu (Keskussairaalan lastenpsykiatrian poliklinikka)<br \/>\nTilaaja: Pohjois-Karjalan sairaanhoito- ja sosiaalipalveluiden kuntayhtym\u00e4<br \/>\nHankkeiden suunnittelu alkoi: 1998\u20132002<br \/>\nHankeet toteutuivat: 1998\u20132002<\/p>\n<h3>Paiholan sairaalan vastaanotto-osaston esteettisyyden lis\u00e4\u00e4minen ja v\u00e4risuunnittelu<\/h3>\n<p>Paiholan sairaalan Vastaanotto-osaston osastonhoitaja otti yhteytt\u00e4 Tarja Tellaan. Sairaala oli Tellalle tuttu ymp\u00e4rist\u00f6, koska h\u00e4n on ty\u00f6skennellyt psykiatrisessa sairaalassa taidetta hoitoty\u00f6h\u00f6n soveltaen. Teht\u00e4v\u00e4nantona oli lis\u00e4t\u00e4 esteettisyytt\u00e4 ja viihtyvyytt\u00e4 juuri korjausrakennetulla osastolla. Korjausrakentamisen budjetti oli ollut pieni ja sein\u00e4t oli j\u00e4tetty valkoisiksi. Henkil\u00f6kunta oli korjausrakentamisen lopputulokseen tyytym\u00e4t\u00f6n ja he halusivat lis\u00e4t\u00e4 tiloihin v\u00e4ri\u00e4, edes pienin\u00e4 annoksina. Asialla oli kiire, koska hoitoty\u00f6 osastolla oli jo aloitettu.<\/p>\n<p>Osastonhoitajan puhelinsoiton j\u00e4lkeen Tella teki luonnoksia pienist\u00e4 ja pienehk\u00f6ist\u00e4 suoraan sein\u00e4\u00e4n toteutettavista maalauksista, v\u00e4riehdotukset paksusein\u00e4isen talon ikkunasyvennyksiin ja ehdotuksen potilashuoneiden ovien ulkokarmien v\u00e4rilliseksi maalaamisesta.<\/p>\n<p>Haasteena oli eritt\u00e4in kiireinen aikataulu, yll\u00e4tt\u00e4en tapahtunut tarjouspyynt\u00f6, haasteelliset sein\u00e4maalauksille ajatellut kohteet sek\u00e4 osaston kokonaisuudessaan laitosmaisen valkea tilavaikutelma ja pitk\u00e4t k\u00e4yt\u00e4v\u00e4t. Psykiatrinen hoitoymp\u00e4rist\u00f6 loi my\u00f6s omat haasteensa sopivien v\u00e4ris\u00e4vyjen, v\u00e4ripintojen ja kuvioiden koon ja aihemaailman suunnittelulle. Lis\u00e4ksi sein\u00e4maalaukset piti suunnitella niin, ett\u00e4 rakennusmaalari pystyi ne selkeiden apukuvien avulla maalaamaan. Kaikki maalausty\u00f6t piti kyet\u00e4 suorittamaan potilaiden ja henkil\u00f6kunnan ollessa paikan p\u00e4\u00e4ll\u00e4. Muutama p\u00e4iv\u00e4 luonnosten teon j\u00e4lkeen Tella ja osaston henkil\u00f6kunta kokoontuivat tutkimaan luonnoksia ja keskustemaan Tellan muista ehdotuksista. Tella kiersi osastonhoitajan kanssa kuuntelemassa potilaiden mielipiteit\u00e4. Sein\u00e4maalausehdotuksista toteutettiin osaston p\u00e4\u00e4oven viereen sijoittuva yksinkertainen perusv\u00e4reill\u00e4 sabluunoita apuna k\u00e4ytt\u00e4en toteutettu kasviaiheinen maalaus. Maalaus sijoittuu pohjapiirrokseltaan pitk\u00e4nomaisen osaston puoleenv\u00e4liin niin, ett\u00e4 se n\u00e4kyy pitkin k\u00e4yt\u00e4v\u00e4\u00e4, merkitsee kaikille t\u00e4rke\u00e4n p\u00e4\u00e4oven, n\u00e4kyy henkil\u00f6kunnan kansliatilaan sek\u00e4 l\u00e4hell\u00e4 olevaan oleskelutilaan. Sein\u00e4pinta-, ikkunasyvennys- ja ovien ulkokarmimaalaukset suoritettiin suunnitellusti. Lis\u00e4ksi Tella sis\u00e4llytti kokonaisbudjettiin yhden valmiin teoksensa, joka sijoitettiin henkil\u00f6kunnan taukotilaan. Ty\u00f6korvaus sis\u00e4lsi suunnittelun, luonnokset, sein\u00e4maalauksen maalit, valmiin taideteoksen kehystettyn\u00e4 sek\u00e4 yhteisty\u00f6n eri ammattikunnan edustajien ja k\u00e4ytt\u00e4jien kanssa.<\/p>\n<h3>Paiholan sairaalan vanhuspsykiatrisen osaston korjausrakentamisen sis\u00e4v\u00e4risuunnitelma<\/h3>\n<p>Tarja Tella otti itse yhteytt\u00e4 Paiholan sairaalan vanhuspsykiatriseen hoito-osastoon, koska tiesi siell\u00e4 olevan korjausrakentamissuunnitelmia. H\u00e4nell\u00e4 oli ajatuksena p\u00e4\u00e4st\u00e4 toteuttamaan parempi sis\u00e4v\u00e4rimaailma kuin sairaalan vastaanotto-osaston kohdalla. Tella oletti ett\u00e4 henkil\u00f6kunta ja rakentamisesta vastaavat henkil\u00f6t sairaalaorganisaatiossa olisivat yhteisty\u00f6haluisia h\u00e4nen aiemman suunnitteluhankkeensa johdosta. Asia l\u00e4hti nopeasti liikkeelle Tellan tekem\u00e4n yhteydenoton j\u00e4lkeen ja h\u00e4nest\u00e4 tuli korjausrakennushankkeen sis\u00e4v\u00e4risuunnittelija.<\/p>\n<p>Hankkeeseen mukaan p\u00e4\u00e4sy riitt\u00e4v\u00e4n varhaisessa vaiheessa mahdollisti pienien yksityiskohtien suunnittelun sek\u00e4 tilojen k\u00e4ytt\u00f6- ja k\u00e4ytt\u00e4j\u00e4tarpeiden huomioimisen kokonaisn\u00e4kemyksess\u00e4. Osaston laadukas taidekokoelma, sein\u00e4vaatteet ja jotkin vanhat huonekalut ja esineet suunniteltiin osaksi kokonaisuutta. Henkil\u00f6kunnan kanssa k\u00e4ytiin useita keskusteluita. Heid\u00e4n kauttaan oli mahdollista kuulla my\u00f6s potilaiden ja omaisten mielipiteit\u00e4. Ty\u00f6maakokouksissa Tella koki tulleensa hyvin kuulluksi ja oppi my\u00f6s itse eritt\u00e4in paljon taiteilijan ammatin laajentamismahdollisuuksista.<\/p>\n<p>Suunnittelu toteutettiin huonekortteihin, maalien, lattia- ja sein\u00e4laatta yms. v\u00e4ri-ja materiaalikarttojen avulla. Sis\u00e4v\u00e4risuunnitelmassa esiteltiin suunnittelun idea my\u00f6s sanallisesti. Kokonaisbudjetti oli kertamaksuinen ja sis\u00e4lsi ty\u00f6vaiheet ideoinnista loppukatselmukseen. Yksitt\u00e4isi\u00e4 kuluja ei eritelty. Tella teki osastonhoitajan kautta tarjousehdotuksen, jossa eritteli p\u00e4\u00e4linjoittain asiasis\u00e4ll\u00f6t suhteutettuna suunnittelusta valmistuneeseen remonttiin. Kyseinen hoitoyksikk\u00f6 piti Tellaan yhteytt\u00e4 my\u00f6hemminkin erilaisia sisustuksellisia pulmia ratkoessaan.<\/p>\n<h3>Joensuun keskussairaalan lastenpsykiatrian osaston korjausrakentamisen sis\u00e4v\u00e4risuunnitelma<\/h3>\n<p>Keskussairaalan lastenpsykiatrisen poliklinikan korjausrakentaminen l\u00e4hti liikkeelle kuntayhtym\u00e4n tilaty\u00f6ryhm\u00e4n j\u00e4senen yhteydenotosta Tellaan. H\u00e4n halusi Tellan mukaan poliklinikan &#8220;remonttiryhm\u00e4\u00e4n&#8221; sis\u00e4v\u00e4risuunnittelijaksi. Muut ryhm\u00e4n j\u00e4senet olivat rakennuttajan, suunnittelevan arkkitehdin, urakkafirmojen ja k\u00e4ytt\u00e4jien edustajia. Sis\u00e4v\u00e4risuunnittelun budjetin raamit kerrottiin jo yhteydenottokeskustelussa. Aikataulu oli kire\u00e4 ja kes\u00e4lomakausi alkanut. Tellan saama korvaus sis\u00e4lsi vaiheet ty\u00f6n suunnittelusta sen valmistumiseen, ja se maksettiin yhdess\u00e4 er\u00e4ss\u00e4.<\/p>\n<p>Haasteena oli tilojen sijainti kahdessa kerroksessa, pienet lapset vanhempineen tilojen k\u00e4ytt\u00e4jin\u00e4, moniammatillinen ja runsaslukuinen henkil\u00f6kunta ja erityisesti lasten ja perheiden haasteelliset el\u00e4m\u00e4ntilanteet hoitotilanteissa. Henkil\u00f6kunnan kautta Tella pyysi lapsia vanhempineen esitt\u00e4m\u00e4\u00e4n toiveita ja ajatuksia hoitoymp\u00e4rist\u00f6n v\u00e4reist\u00e4. Hanke eteni juhannuspyhin\u00e4 tapahtuneen eritt\u00e4in tiiviin suunnittelun, vilkkaasti keskustelevien tapaamisten ja rakentajien kanssa sujuvasti toteutuneen yhteisty\u00f6n merkeiss\u00e4. Suunnittelu tapahtui huonekortteihin maali- ja materiaalikarttojen avulla. Lis\u00e4ksi sis\u00e4v\u00e4risuunnitelma sis\u00e4lsi tekstimuotoisena ajatuksia v\u00e4riopillisista n\u00e4k\u00f6kohdista psykiatrisessa hoitoymp\u00e4rist\u00f6ss\u00e4.<\/p>\n<h3>Mit\u00e4 taiteilija oppi hankkeissa ja mit\u00e4 siit\u00e4 seurasi<\/h3>\n<p>Tellan kokemus yhteisty\u00f6st\u00e4 rakennushankkeissa sis\u00e4v\u00e4risuunnittelijan roolissa (sein\u00e4pinnat, lattiat, katot, kuiva- ja m\u00e4rk\u00e4tilat, erilaiset toimintatilat, laajat kokonaisuudet, pienet yksityiskohdat&#8230; ) oli n\u00e4iden kolmen hankkeen j\u00e4lkeen se, ett\u00e4 h\u00e4n huomasi suunnittelevansa yht\u00e4 hanketta kuin suurikokoista maalausta. Samat lainalaisuudet n\u00e4yttiv\u00e4t toimivan. Mielenkiintoisen lis\u00e4n toi yhteisty\u00f6 eri alojen ammattilaisten kanssa. Vaikutti silt\u00e4, ett\u00e4 taiteilijan n\u00e4kemykset saivat hoitoty\u00f6ntekij\u00e4t ja potilaat innostumaan ty\u00f6- ja hoitoymp\u00e4rist\u00f6ns\u00e4 visuaalisuuden merkityksest\u00e4.<\/p>\n<p>Tellan mielest\u00e4 psykiatrian historiassa parasta onkin ollut ns. milj\u00f6\u00f6terapeuttinen n\u00e4kemys, jossa ajatellaan sis\u00e4- ja ulkotilojen ja erilaisten luovien toimintojen (kuvataide, k\u00e4sity\u00f6t, puutarhanhoito, musiikki, runojen lausunta, tanssi, kirjastot) olevan mielenterveyden t\u00e4rke\u00e4 parantaja ja edellytys. H\u00e4nen mielest\u00e4\u00e4n nykyaikainen psykiatria onkin t\u00e4ss\u00e4 asiassa velvollinen ottamaan opiksi menneist\u00e4 vuosikymmenist\u00e4. Sama koskee kaikkea muutakin hoitoymp\u00e4rist\u00f6jen rakentamista. Taiteilijan n\u00e4kemykset esimerkiksi sairaalaa suunniteltaessa voivat nostaa esteettisyyden ja viihtyvyyden sek\u00e4 ihmisen kokemuksineen ja tunteineen keski\u00f6\u00f6n hierarkkisessa ja suurikokoisessa organisaatiossa.<\/p>\n<p>Rakennushankkeista innostuneena Tella on tehnyt vuosien ajan prosenttitaiteen edist\u00e4misty\u00f6t\u00e4. Kotikunnassaan Kontiolahdella prosenttitaide on pitk\u00e4n tauon j\u00e4lkeen saatu osaksi korjaus- ja uudisrakentamisesta. Joensuussa Penttil\u00e4nrannan prosenttitaidety\u00f6ryhm\u00e4 PENTAssa h\u00e4n on Joensuun Taiteilijaseuran edustajana. Joensuun Penttil\u00e4nrannan monivuotinen rakennushanke on t\u00e4ll\u00e4 er\u00e4\u00e4 Suomen suurikokoisimpia prosenttitaidehankkeita, jonka Taiteilijapankki on eritt\u00e4in kattava.<\/p>\n<p>Joensuun keskussairaalan yhteyteen rakentuvan uuden Psykiatriatalon Taidety\u00f6ryhm\u00e4n j\u00e4senen\u00e4 Tella koordinoi taidehankintoja ja on mukana keskusteltaessa talon sis\u00e4- ja ulkotila- sek\u00e4 pihasuunnittelusta. Tella onkin k\u00e4ytt\u00e4nyt omasta roolistaan nimikett\u00e4 &#8220;sairaalataiteilija&#8221;, koska on saanut hy\u00f6dynt\u00e4\u00e4 kuvataiteilijan, taidemaalarin ja yhteis\u00f6taiteilijan n\u00e4kemyksi\u00e4 osana psykiatrisen hoidon toteuttamista. T\u00e4ss\u00e4 ty\u00f6ss\u00e4 sairaaloiden henkil\u00f6kunnalta ja potilailta saatu kannustus on ollut korvaamatonta.<\/p>\n\n","protected":false},"excerpt":{"rendered":"<p>Korjausrakentamishankkeet, Pohjois-Karjalan sairaanhoito- ja sosiaalipalveluiden ky\/ Psykiatrian klinikka \/ Keskussairaala ja Paiholan sairaala Perustiedot Taiteilija: Tarja Tella Hankkeen nimi: Pohjois-Karjalan sairaanhoitopiirin kuntayhtym\u00e4n korjausrakentamishankkeet (psykiatrian klinikka, vanhuspsykiatrian osasto, lastenpsykiatrian poliklinikka) Sijainti: Pohjois-Karjala, Kontiolahti (Paiholan sairaalan vastaanotto-osasto ja vanhuspsykiatrinen osasto)\u2028ja Joensuu (Keskussairaalan &hellip; <a href=\"https:\/\/www.painters.fi\/taiteenhankintamalli\/esimerkkeja-taideprojekteista\/tella-tarja\/\">Continue reading <span class=\"meta-nav\">&rarr;<\/span><\/a><\/p>\n","protected":false},"author":4,"featured_media":0,"parent":74,"menu_order":45,"comment_status":"closed","ping_status":"closed","template":"","meta":{"footnotes":""},"class_list":["post-109","page","type-page","status-publish","hentry"],"_links":{"self":[{"href":"https:\/\/www.painters.fi\/taiteenhankintamalli\/wp-json\/wp\/v2\/pages\/109","targetHints":{"allow":["GET"]}}],"collection":[{"href":"https:\/\/www.painters.fi\/taiteenhankintamalli\/wp-json\/wp\/v2\/pages"}],"about":[{"href":"https:\/\/www.painters.fi\/taiteenhankintamalli\/wp-json\/wp\/v2\/types\/page"}],"author":[{"embeddable":true,"href":"https:\/\/www.painters.fi\/taiteenhankintamalli\/wp-json\/wp\/v2\/users\/4"}],"replies":[{"embeddable":true,"href":"https:\/\/www.painters.fi\/taiteenhankintamalli\/wp-json\/wp\/v2\/comments?post=109"}],"version-history":[{"count":17,"href":"https:\/\/www.painters.fi\/taiteenhankintamalli\/wp-json\/wp\/v2\/pages\/109\/revisions"}],"predecessor-version":[{"id":1094,"href":"https:\/\/www.painters.fi\/taiteenhankintamalli\/wp-json\/wp\/v2\/pages\/109\/revisions\/1094"}],"up":[{"embeddable":true,"href":"https:\/\/www.painters.fi\/taiteenhankintamalli\/wp-json\/wp\/v2\/pages\/74"}],"wp:attachment":[{"href":"https:\/\/www.painters.fi\/taiteenhankintamalli\/wp-json\/wp\/v2\/media?parent=109"}],"curies":[{"name":"wp","href":"https:\/\/api.w.org\/{rel}","templated":true}]}}