{"id":107,"date":"2012-11-13T14:24:17","date_gmt":"2012-11-13T12:24:17","guid":{"rendered":"http:\/\/www.painters.fi\/taiteenhankintamalli\/?page_id=107"},"modified":"2013-02-08T09:41:22","modified_gmt":"2013-02-08T07:41:22","slug":"soini-kaisa","status":"publish","type":"page","link":"https:\/\/www.painters.fi\/taiteenhankintamalli\/esimerkkeja-taideprojekteista\/soini-kaisa\/","title":{"rendered":"Soini Kaisa"},"content":{"rendered":"<h2 style=\"text-align: left;\">Tampereen kauppaoppilaitoksen peruskorjauksen yhteydess\u00e4 toteutettu taideteoshankinta<\/h2>\n<div style=\"text-align: left;\"><a href=\"https:\/\/www.painters.fi\/taiteenhankintamalli\/wp-content\/uploads\/2012\/11\/soini2.jpg\"><img loading=\"lazy\" decoding=\"async\" class=\"alignnone size-full wp-image-174\" title=\"Kaisa Soini, debet - credit, akryyli- ja \u00f6ljyv\u00e4ri kankaalle ja alumiini Tampereen kauppaoppilaitos, 2010. Kuva: Kaisa Soini\" src=\"https:\/\/www.painters.fi\/taiteenhankintamalli\/wp-content\/uploads\/2012\/11\/soini2.jpg\" alt=\"\" width=\"640\" height=\"480\" srcset=\"https:\/\/www.painters.fi\/taiteenhankintamalli\/wp-content\/uploads\/2012\/11\/soini2.jpg 640w, https:\/\/www.painters.fi\/taiteenhankintamalli\/wp-content\/uploads\/2012\/11\/soini2-300x225.jpg 300w\" sizes=\"auto, (max-width: 640px) 100vw, 640px\" \/><\/a><\/div>\n<div style=\"text-align: left;\"><\/div>\n<h3 style=\"text-align: left;\">Perustiedot<\/h3>\n<div style=\"text-align: left;\">Taiteilija:\u00a0Kaisa Soini <a href=\"http:\/\/www.kaisasoini.fi\/\">&gt;&gt; Kaisa Soini<\/a><\/div>\n<div style=\"text-align: left;\">Hankkeen nimi:\u00a0Tampereen kauppaoppilaitoksen peruskorjauksen yhteydess\u00e4 toteutettu taideteoshankinta<\/div>\n<div style=\"text-align: left;\">Sijainti:\u00a0Tampereen kauppaoppilaitos, Teiskontie, Tampere<\/div>\n<div style=\"text-align: left;\">Tilaaja:\u00a0Tampereen kaupunki<\/div>\n<div style=\"text-align: left;\">Rakennuttaja:\u00a0Tampereen kaupunki, Tilakeskus<\/div>\n<div style=\"text-align: left;\">Arkkitehti:\u00a0Mauri Niemi<\/div>\n<div style=\"text-align: left;\">Hankkeen suunnittelu alkoi: teostilaus tehtiin 4\/2009<\/div>\n<div style=\"text-align: left;\">Hanke toteutui: 5\/2010<\/div>\n<div style=\"text-align: left;\">Tietoa teoksesta:\u00a0Teoskokonaisuus ottaa haltuun toisen kerroksen lehterik\u00e4yt\u00e4v\u00e4n sein\u00e4n, jolla on mittaa noin 30 metri\u00e4. Sein\u00e4n pilarijakoa noudattaen teos jakautuu seitsem\u00e4\u00e4n osaan. Maalaustekniikkana on akryyli- ja \u00f6ljyv\u00e4ri\u00e4 kankaalle. Muuna materiaalina on k\u00e4ytetty alumiinia.<\/div>\n<div style=\"text-align: left;\"><\/div>\n<div style=\"text-align: left;\"><a href=\"https:\/\/www.painters.fi\/taiteenhankintamalli\/wp-content\/uploads\/2012\/11\/soini3.jpg\"><img loading=\"lazy\" decoding=\"async\" class=\"alignnone size-full wp-image-175\" title=\"Kaisa Soini, debet - credit, akryyli- ja \u00f6ljyv\u00e4ri kankaalle ja alumiini Tampereen kauppaoppilaitos, 2010. Kuva: Kaisa Soini\" src=\"https:\/\/www.painters.fi\/taiteenhankintamalli\/wp-content\/uploads\/2012\/11\/soini3.jpg\" alt=\"\" width=\"480\" height=\"640\" srcset=\"https:\/\/www.painters.fi\/taiteenhankintamalli\/wp-content\/uploads\/2012\/11\/soini3.jpg 480w, https:\/\/www.painters.fi\/taiteenhankintamalli\/wp-content\/uploads\/2012\/11\/soini3-225x300.jpg 225w\" sizes=\"auto, (max-width: 480px) 100vw, 480px\" \/><\/a><\/div>\n<div style=\"text-align: left;\"><\/div>\n<h3 style=\"text-align: left;\">Hankkeen k\u00e4yt\u00e4nn\u00f6n toteutumisesta<\/h3>\n<p>Tampereen kaupungin taholta l\u00e4hestyttiin Kaisa Soinia kysyen, onko h\u00e4n kiinnostunut esitt\u00e4m\u00e4\u00e4n teosluonnoksen kaupungin taidehankinnoista vastaavalle johtoryhm\u00e4lle. Vastattuaan kyll\u00e4 Soini aloitti kohteeseen perehtymisen. H\u00e4n haastatteli kaupungin tilakeskuksen projektiarkkitehtia, joka vastasi kohteen perusparannuksesta. Arkkitehdin kautta Soini sai kohdetilan arkkitehtipiirustukset (1:100). H\u00e4n haastatteli my\u00f6s oppilaitoksen rehtoria tutustuakseen rakennuksen k\u00e4ytt\u00e4j\u00e4puoleen ja tutki rakennuksen historiaa ja kohdetilassa olevia muita taideteoksia.<\/p>\n<p>Soini esitti luonnoksen mittakaavallisin piirustuksin, kirjallisin selostuksin ja mallinnoksin noin 2 kuukauden p\u00e4\u00e4st\u00e4 t\u00e4st\u00e4. Idea hyv\u00e4ksyttiin, ja annetun raamin pohjalta tehdyn budjetin kanssa se eteni ao. lautakunnan (vapaa-aika ja kulttuuri) esittelyyn noin 1 kuukauden sis\u00e4ll\u00e4. Puoltavan p\u00e4\u00e4t\u00f6ksen j\u00e4lkeen Soini ryhtyi ty\u00f6skentelem\u00e4\u00e4n. Kuvataiteen johtoryhm\u00e4 seurasi ty\u00f6n etenemist\u00e4 ja k\u00e4vi ateljeessa tutustumassa teokseen. Ty\u00f6skentelyvaihe kesti noin vuoden. Soini sai hyv\u00e4\u00e4 ohjausta ja apua tilaajaryhm\u00e4lt\u00e4. Ty\u00f6 valmistui, ja se ripustettiin yhteisty\u00f6ss\u00e4 kaupungin toimijoiden kanssa kohteeseen. Ty\u00f6n julkistuksen hoiti tilaajataho. Soini kirjoitti Rakennettu ymp\u00e4rist\u00f6 -lehteen esittelyn teoksesta itse ottamansa kuvituksen kanssa. Teos on julkaistu, ja siihen voi tutustua kuvien ja tekstin v\u00e4lityksell\u00e4 Kaisa Soinin kotisivuilla kohdassa &#8216;julkiset teokset&#8217; osoitteessa:<br \/>\n<a href=\"http:\/\/www.kaisasoini.fi\">&gt;&gt; www.kaisasoini.fi<\/a> .<\/p>\n<div style=\"text-align: left;\"><\/div>\n<div style=\"text-align: left;\"><a href=\"https:\/\/www.painters.fi\/taiteenhankintamalli\/wp-content\/uploads\/2012\/11\/soini1.jpg\"><img loading=\"lazy\" decoding=\"async\" class=\"alignnone size-full wp-image-173\" title=\"Kaisa Soini, debet - credit, akryyli- ja \u00f6ljyv\u00e4ri kankaalle ja alumiini Tampereen kauppaoppilaitos, 2010.  Etualalla veistos: Raimo Utriainen, Mobile, 1967. Kuva: Kaisa Soini\" src=\"https:\/\/www.painters.fi\/taiteenhankintamalli\/wp-content\/uploads\/2012\/11\/soini1.jpg\" alt=\"\" width=\"640\" height=\"480\" srcset=\"https:\/\/www.painters.fi\/taiteenhankintamalli\/wp-content\/uploads\/2012\/11\/soini1.jpg 640w, https:\/\/www.painters.fi\/taiteenhankintamalli\/wp-content\/uploads\/2012\/11\/soini1-300x225.jpg 300w\" sizes=\"auto, (max-width: 640px) 100vw, 640px\" \/><\/a><\/div>\n<div style=\"text-align: left;\"><\/div>\n\n","protected":false},"excerpt":{"rendered":"<p>Tampereen kauppaoppilaitoksen peruskorjauksen yhteydess\u00e4 toteutettu taideteoshankinta Perustiedot Taiteilija:\u00a0Kaisa Soini &gt;&gt; Kaisa Soini Hankkeen nimi:\u00a0Tampereen kauppaoppilaitoksen peruskorjauksen yhteydess\u00e4 toteutettu taideteoshankinta Sijainti:\u00a0Tampereen kauppaoppilaitos, Teiskontie, Tampere Tilaaja:\u00a0Tampereen kaupunki Rakennuttaja:\u00a0Tampereen kaupunki, Tilakeskus Arkkitehti:\u00a0Mauri Niemi Hankkeen suunnittelu alkoi: teostilaus tehtiin 4\/2009 Hanke toteutui: 5\/2010 Tietoa &hellip; <a href=\"https:\/\/www.painters.fi\/taiteenhankintamalli\/esimerkkeja-taideprojekteista\/soini-kaisa\/\">Continue reading <span class=\"meta-nav\">&rarr;<\/span><\/a><\/p>\n","protected":false},"author":4,"featured_media":0,"parent":74,"menu_order":44,"comment_status":"closed","ping_status":"closed","template":"","meta":{"footnotes":""},"class_list":["post-107","page","type-page","status-publish","hentry"],"_links":{"self":[{"href":"https:\/\/www.painters.fi\/taiteenhankintamalli\/wp-json\/wp\/v2\/pages\/107","targetHints":{"allow":["GET"]}}],"collection":[{"href":"https:\/\/www.painters.fi\/taiteenhankintamalli\/wp-json\/wp\/v2\/pages"}],"about":[{"href":"https:\/\/www.painters.fi\/taiteenhankintamalli\/wp-json\/wp\/v2\/types\/page"}],"author":[{"embeddable":true,"href":"https:\/\/www.painters.fi\/taiteenhankintamalli\/wp-json\/wp\/v2\/users\/4"}],"replies":[{"embeddable":true,"href":"https:\/\/www.painters.fi\/taiteenhankintamalli\/wp-json\/wp\/v2\/comments?post=107"}],"version-history":[{"count":36,"href":"https:\/\/www.painters.fi\/taiteenhankintamalli\/wp-json\/wp\/v2\/pages\/107\/revisions"}],"predecessor-version":[{"id":176,"href":"https:\/\/www.painters.fi\/taiteenhankintamalli\/wp-json\/wp\/v2\/pages\/107\/revisions\/176"}],"up":[{"embeddable":true,"href":"https:\/\/www.painters.fi\/taiteenhankintamalli\/wp-json\/wp\/v2\/pages\/74"}],"wp:attachment":[{"href":"https:\/\/www.painters.fi\/taiteenhankintamalli\/wp-json\/wp\/v2\/media?parent=107"}],"curies":[{"name":"wp","href":"https:\/\/api.w.org\/{rel}","templated":true}]}}