{"id":105,"date":"2012-11-13T14:23:53","date_gmt":"2012-11-13T12:23:53","guid":{"rendered":"http:\/\/www.painters.fi\/taiteenhankintamalli\/?page_id=105"},"modified":"2013-02-08T09:41:10","modified_gmt":"2013-02-08T07:41:10","slug":"siltanen-janne","status":"publish","type":"page","link":"https:\/\/www.painters.fi\/taiteenhankintamalli\/esimerkkeja-taideprojekteista\/siltanen-janne\/","title":{"rendered":"Siltanen Janne"},"content":{"rendered":"<h2>Baana<\/h2>\n<p><a href=\"https:\/\/www.painters.fi\/taiteenhankintamalli\/wp-content\/uploads\/2012\/11\/janne_siltanen1.jpg\"><img loading=\"lazy\" decoding=\"async\" class=\"alignnone size-full wp-image-410\" title=\"Janne Siltanen: &quot;Baana&quot;, v\u00e4rj\u00e4tty betoni valettuna muottiin. Taideteokset toteutettu vanhaan ratakuiluun Helsinkiin 2012. Kuva: Janne Siltanen\" src=\"https:\/\/www.painters.fi\/taiteenhankintamalli\/wp-content\/uploads\/2012\/11\/janne_siltanen1.jpg\" alt=\"\" width=\"635\" height=\"850\" srcset=\"https:\/\/www.painters.fi\/taiteenhankintamalli\/wp-content\/uploads\/2012\/11\/janne_siltanen1.jpg 635w, https:\/\/www.painters.fi\/taiteenhankintamalli\/wp-content\/uploads\/2012\/11\/janne_siltanen1-224x300.jpg 224w\" sizes=\"auto, (max-width: 635px) 100vw, 635px\" \/><\/a><\/p>\n<h3>Perustiedot<\/h3>\n<p>Taiteilija: Janne Siltanen <a href=\"http:\/\/www.jannesiltanen.com\/\">&gt;&gt; Janne Siltanen<\/a><br \/>\nHankkeen nimi: Baana<br \/>\nSijainti: Baana\/Vanha ratakuilu<br \/>\nTilaaja: Helsingin kaupungin taidemuseo<br \/>\nRakennuttaja: Helsingin kaupungin rakennusvirasto<br \/>\nArkkitehti: Logi maisema-arkkitehtitoimisto<br \/>\nHankkeen suunnittelu alkoi: 2010 joulukuussa<br \/>\nHanke valmistui: 12.6.2012<\/p>\n<p><a href=\"https:\/\/www.painters.fi\/taiteenhankintamalli\/wp-content\/uploads\/2012\/11\/janne_siltanen21.jpg\"><img loading=\"lazy\" decoding=\"async\" class=\"alignnone  wp-image-412\" title=\"Janne Siltanen: &quot;Baana&quot;, sekatekniikka. Taideteokset toteutettu vanhaan ratakuiluun Helsinkiin, 2012. Kuva: Janne Siltanen\" src=\"https:\/\/www.painters.fi\/taiteenhankintamalli\/wp-content\/uploads\/2012\/11\/janne_siltanen21.jpg\" alt=\"\" width=\"637\" height=\"423\" srcset=\"https:\/\/www.painters.fi\/taiteenhankintamalli\/wp-content\/uploads\/2012\/11\/janne_siltanen21.jpg 722w, https:\/\/www.painters.fi\/taiteenhankintamalli\/wp-content\/uploads\/2012\/11\/janne_siltanen21-300x199.jpg 300w\" sizes=\"auto, (max-width: 637px) 100vw, 637px\" \/><\/a><\/p>\n<p>Janne Siltaseen otettiin yhteytt\u00e4 2010 joulukuussa. Ensimm\u00e4inen deadline oli syyskuussa 2011, mutta koko alueen my\u00f6h\u00e4stymisen takia h\u00e4nenkin deadline siirtyi kes\u00e4lle 2012.<\/p>\n<p><a title=\"Video sein\u00e4maalauksen valmistumisesta\" href=\"http:\/\/www.youtube.com\/watch?v=zojTZUhxOOk&amp;noredirect=1\" target=\"_blank\">&gt;&gt; Video sein\u00e4maalauksen valmistumisesta<\/a><\/p>\n<p><a href=\"https:\/\/www.painters.fi\/taiteenhankintamalli\/wp-content\/uploads\/2012\/11\/janne_siltanen3.jpg\"><img loading=\"lazy\" decoding=\"async\" class=\"alignnone  wp-image-413\" title=\"Janne Siltanen ty\u00f6st\u00e4m\u00e4ss\u00e4 teostaan &quot;Baana&quot; vanhaan ratakuiluun Helsinkiin, 2012. Kuva: Juice Huhtala\" src=\"https:\/\/www.painters.fi\/taiteenhankintamalli\/wp-content\/uploads\/2012\/11\/janne_siltanen3.jpg\" alt=\"\" width=\"641\" height=\"358\" \/><\/a><br \/>\n<\/p>\n","protected":false},"excerpt":{"rendered":"<p>Baana Perustiedot Taiteilija: Janne Siltanen &gt;&gt; Janne Siltanen Hankkeen nimi: Baana Sijainti: Baana\/Vanha ratakuilu Tilaaja: Helsingin kaupungin taidemuseo Rakennuttaja: Helsingin kaupungin rakennusvirasto Arkkitehti: Logi maisema-arkkitehtitoimisto Hankkeen suunnittelu alkoi: 2010 joulukuussa Hanke valmistui: 12.6.2012 Janne Siltaseen otettiin yhteytt\u00e4 2010 joulukuussa. Ensimm\u00e4inen &hellip; <a href=\"https:\/\/www.painters.fi\/taiteenhankintamalli\/esimerkkeja-taideprojekteista\/siltanen-janne\/\">Continue reading <span class=\"meta-nav\">&rarr;<\/span><\/a><\/p>\n","protected":false},"author":4,"featured_media":0,"parent":74,"menu_order":41,"comment_status":"closed","ping_status":"closed","template":"","meta":{"footnotes":""},"class_list":["post-105","page","type-page","status-publish","hentry"],"_links":{"self":[{"href":"https:\/\/www.painters.fi\/taiteenhankintamalli\/wp-json\/wp\/v2\/pages\/105","targetHints":{"allow":["GET"]}}],"collection":[{"href":"https:\/\/www.painters.fi\/taiteenhankintamalli\/wp-json\/wp\/v2\/pages"}],"about":[{"href":"https:\/\/www.painters.fi\/taiteenhankintamalli\/wp-json\/wp\/v2\/types\/page"}],"author":[{"embeddable":true,"href":"https:\/\/www.painters.fi\/taiteenhankintamalli\/wp-json\/wp\/v2\/users\/4"}],"replies":[{"embeddable":true,"href":"https:\/\/www.painters.fi\/taiteenhankintamalli\/wp-json\/wp\/v2\/comments?post=105"}],"version-history":[{"count":15,"href":"https:\/\/www.painters.fi\/taiteenhankintamalli\/wp-json\/wp\/v2\/pages\/105\/revisions"}],"predecessor-version":[{"id":409,"href":"https:\/\/www.painters.fi\/taiteenhankintamalli\/wp-json\/wp\/v2\/pages\/105\/revisions\/409"}],"up":[{"embeddable":true,"href":"https:\/\/www.painters.fi\/taiteenhankintamalli\/wp-json\/wp\/v2\/pages\/74"}],"wp:attachment":[{"href":"https:\/\/www.painters.fi\/taiteenhankintamalli\/wp-json\/wp\/v2\/media?parent=105"}],"curies":[{"name":"wp","href":"https:\/\/api.w.org\/{rel}","templated":true}]}}