{"id":1032,"date":"2013-01-03T16:02:45","date_gmt":"2013-01-03T14:02:45","guid":{"rendered":"http:\/\/www.painters.fi\/taiteenhankintamalli\/?page_id=1032"},"modified":"2013-04-19T14:06:39","modified_gmt":"2013-04-19T11:06:39","slug":"mika-vesalahti","status":"publish","type":"page","link":"https:\/\/www.painters.fi\/taiteenhankintamalli\/esimerkkeja-taideprojekteista\/mika-vesalahti\/","title":{"rendered":"Vesalahti Mika"},"content":{"rendered":"<h2>S\u00e4hk\u00f6kaappien taideteokset<\/h2>\n<p><a href=\"https:\/\/www.painters.fi\/taiteenhankintamalli\/wp-content\/uploads\/2013\/01\/mika_vesalahti2.jpg\"><img loading=\"lazy\" decoding=\"async\" class=\"alignnone size-full wp-image-1039\" title=\"Mika Vesalahti: Taideteokset s\u00e4k\u00f6kaappeihin Pitk\u00e4nsillan rantaan Helsinkiin\" alt=\"\" src=\"https:\/\/www.painters.fi\/taiteenhankintamalli\/wp-content\/uploads\/2013\/01\/mika_vesalahti2.jpg\" width=\"688\" height=\"516\" srcset=\"https:\/\/www.painters.fi\/taiteenhankintamalli\/wp-content\/uploads\/2013\/01\/mika_vesalahti2.jpg 688w, https:\/\/www.painters.fi\/taiteenhankintamalli\/wp-content\/uploads\/2013\/01\/mika_vesalahti2-300x225.jpg 300w\" sizes=\"auto, (max-width: 688px) 100vw, 688px\" \/><\/a><\/p>\n<h3>Perustiedot<\/h3>\n<p>Taiteilija: Mika Vesalahti<br \/>\nHankkeen nimi: Unioninakselin katugalleria<br \/>\nSijainti: Kaisaniemi, pitk\u00e4n sillan molemmissa p\u00e4iss\u00e4<br \/>\nTilaaja: \u00a0Helsingin Energia<br \/>\nKuratointi\/toteuttaminen: Magdaleena \u00c5berg, Helsingin taiteilijaseura, Helsingin Energia. Mukana my\u00f6s Helen S\u00e4hk\u00f6verkko Oy ja Eltel Networks<br \/>\nHanke toteutui: 6.6.2012\u201331.12.2015<\/p>\n<h3>Projektin k\u00e4yt\u00e4nn\u00f6n etenemisest\u00e4<\/h3>\n<p>Katugalleria hankkeen kuraattori Magdaleena \u00c5berg valitsi Mika Vesalahden toteuttamaan taideteoksia Unioninakselin varrella sijaitseviin s\u00e4hk\u00f6kaappeihin. Taideprojekti eteni kokouksilla valintavaiheesta ehdotuksiin ja toteutukseen. Taiteilija sai materiaalikustannuksen lis\u00e4ksi palkkion taideteoksen tekemisest\u00e4. Projekti oli ensin itsen\u00e4inen hanke, mutta liitettiin sittemmin osaksi\u00a0<a title=\"Helsinki 200 vuotta \" href=\"http:\/\/www.helsinki200.fi\/juhlavuoden-ohjelma\/unioninakselin-taidegalleria\" target=\"_blank\">&gt;&gt; Helsinki 200 vuotta<\/a> projektia.<\/p>\n<p><a href=\"https:\/\/www.painters.fi\/taiteenhankintamalli\/wp-content\/uploads\/2013\/01\/mika_vesalahti1.jpg\"><img loading=\"lazy\" decoding=\"async\" class=\"alignnone size-full wp-image-1040\" title=\"Mika Vesalahti: Taideteokset s\u00e4k\u00f6kaappeihin Pitk\u00e4nsillan rantaan Helsin\" alt=\"\" src=\"https:\/\/www.painters.fi\/taiteenhankintamalli\/wp-content\/uploads\/2013\/01\/mika_vesalahti1.jpg\" width=\"565\" height=\"753\" srcset=\"https:\/\/www.painters.fi\/taiteenhankintamalli\/wp-content\/uploads\/2013\/01\/mika_vesalahti1.jpg 565w, https:\/\/www.painters.fi\/taiteenhankintamalli\/wp-content\/uploads\/2013\/01\/mika_vesalahti1-225x300.jpg 225w\" sizes=\"auto, (max-width: 565px) 100vw, 565px\" \/><\/a><br \/>\n<\/p>\n","protected":false},"excerpt":{"rendered":"<p>S\u00e4hk\u00f6kaappien taideteokset Perustiedot Taiteilija: Mika Vesalahti Hankkeen nimi: Unioninakselin katugalleria Sijainti: Kaisaniemi, pitk\u00e4n sillan molemmissa p\u00e4iss\u00e4 Tilaaja: \u00a0Helsingin Energia Kuratointi\/toteuttaminen: Magdaleena \u00c5berg, Helsingin taiteilijaseura, Helsingin Energia. Mukana my\u00f6s Helen S\u00e4hk\u00f6verkko Oy ja Eltel Networks Hanke toteutui: 6.6.2012\u201331.12.2015 Projektin k\u00e4yt\u00e4nn\u00f6n etenemisest\u00e4 &hellip; <a href=\"https:\/\/www.painters.fi\/taiteenhankintamalli\/esimerkkeja-taideprojekteista\/mika-vesalahti\/\">Continue reading <span class=\"meta-nav\">&rarr;<\/span><\/a><\/p>\n","protected":false},"author":2,"featured_media":0,"parent":74,"menu_order":52,"comment_status":"closed","ping_status":"closed","template":"","meta":{"footnotes":""},"class_list":["post-1032","page","type-page","status-publish","hentry"],"_links":{"self":[{"href":"https:\/\/www.painters.fi\/taiteenhankintamalli\/wp-json\/wp\/v2\/pages\/1032","targetHints":{"allow":["GET"]}}],"collection":[{"href":"https:\/\/www.painters.fi\/taiteenhankintamalli\/wp-json\/wp\/v2\/pages"}],"about":[{"href":"https:\/\/www.painters.fi\/taiteenhankintamalli\/wp-json\/wp\/v2\/types\/page"}],"author":[{"embeddable":true,"href":"https:\/\/www.painters.fi\/taiteenhankintamalli\/wp-json\/wp\/v2\/users\/2"}],"replies":[{"embeddable":true,"href":"https:\/\/www.painters.fi\/taiteenhankintamalli\/wp-json\/wp\/v2\/comments?post=1032"}],"version-history":[{"count":18,"href":"https:\/\/www.painters.fi\/taiteenhankintamalli\/wp-json\/wp\/v2\/pages\/1032\/revisions"}],"predecessor-version":[{"id":1035,"href":"https:\/\/www.painters.fi\/taiteenhankintamalli\/wp-json\/wp\/v2\/pages\/1032\/revisions\/1035"}],"up":[{"embeddable":true,"href":"https:\/\/www.painters.fi\/taiteenhankintamalli\/wp-json\/wp\/v2\/pages\/74"}],"wp:attachment":[{"href":"https:\/\/www.painters.fi\/taiteenhankintamalli\/wp-json\/wp\/v2\/media?parent=1032"}],"curies":[{"name":"wp","href":"https:\/\/api.w.org\/{rel}","templated":true}]}}