{"id":103,"date":"2012-11-13T14:23:20","date_gmt":"2012-11-13T12:23:20","guid":{"rendered":"http:\/\/www.painters.fi\/taiteenhankintamalli\/?page_id=103"},"modified":"2013-09-10T11:09:49","modified_gmt":"2013-09-10T08:09:49","slug":"hellsten-schutt-siltanen-vaittinen","status":"publish","type":"page","link":"https:\/\/www.painters.fi\/taiteenhankintamalli\/esimerkkeja-taideprojekteista\/hellsten-schutt-siltanen-vaittinen\/","title":{"rendered":"Hellsten, Sch\u00fctt, Siltanen, Vaittinen"},"content":{"rendered":"<h2>L\u00e4nsimetron taideaidat<\/h2>\n<p>&nbsp;<\/p>\n<h3>Perustiedot<\/h3>\n<p><a href=\"https:\/\/www.painters.fi\/taiteenhankintamalli\/wp-content\/uploads\/2012\/11\/hans_peter_sch\u00fctt2.jpg\"><img loading=\"lazy\" decoding=\"async\" class=\"alignnone  wp-image-449\" title=\"Hans-Peter Sch\u00fctt: &quot;Mystery Train&quot;, Lateksi- ja spray-maalaus l\u00e4nsimetron taideaitaan espooseen, 2011\" alt=\"\" src=\"https:\/\/www.painters.fi\/taiteenhankintamalli\/wp-content\/uploads\/2012\/11\/hans_peter_sch\u00fctt2.jpg\" width=\"818\" height=\"68\" srcset=\"https:\/\/www.painters.fi\/taiteenhankintamalli\/wp-content\/uploads\/2012\/11\/hans_peter_sch\u00fctt2.jpg 1134w, https:\/\/www.painters.fi\/taiteenhankintamalli\/wp-content\/uploads\/2012\/11\/hans_peter_sch\u00fctt2-300x25.jpg 300w, https:\/\/www.painters.fi\/taiteenhankintamalli\/wp-content\/uploads\/2012\/11\/hans_peter_sch\u00fctt2-1024x86.jpg 1024w\" sizes=\"auto, (max-width: 818px) 100vw, 818px\" \/><\/a><\/p>\n<p>Ty\u00f6ryhm\u00e4: Juho Hellsten, <a href=\"http:\/\/www.hps.ainoan.com\/\" target=\"_blank\">Hans-Peter Sch\u00fctt<\/a>, Janne Siltanen <a href=\"http:\/\/www.jannesiltanen.com\/\">&gt;&gt; Janne Siltanen<\/a> ja<br \/>\nTimo Vaittinen<a href=\"http:\/\/www.timovaittinen.net\/\"> &gt;&gt; Timo Vaittinen<\/a><br \/>\nHankkeen nimi: L\u00e4nsimetron taideaidat<br \/>\nSijainti: Hanasaari, Otaniemi, Matinkyl\u00e4\/Iso Omena, Lauttasaari, Niittykumpu<br \/>\nTilaaja: L\u00e4nsimetro Oy<br \/>\nHankkeen suunnittelu alkoi: alkuvuodesta 2011<br \/>\nHanke toteutui: 2011\u20132012<\/p>\n<p><a href=\"https:\/\/www.painters.fi\/taiteenhankintamalli\/wp-content\/uploads\/2012\/11\/janne_siltanen4.jpg\"><img loading=\"lazy\" decoding=\"async\" class=\"alignnone size-full wp-image-318\" title=\"Janne Siltanen: Lateksi- ja spray-maalaus l\u00e4nsimetron taideaitaan Helsingin Lauttasaareen 2011-2012\" alt=\"\" src=\"https:\/\/www.painters.fi\/taiteenhankintamalli\/wp-content\/uploads\/2012\/11\/janne_siltanen4.jpg\" width=\"657\" height=\"392\" srcset=\"https:\/\/www.painters.fi\/taiteenhankintamalli\/wp-content\/uploads\/2012\/11\/janne_siltanen4.jpg 657w, https:\/\/www.painters.fi\/taiteenhankintamalli\/wp-content\/uploads\/2012\/11\/janne_siltanen4-300x178.jpg 300w\" sizes=\"auto, (max-width: 657px) 100vw, 657px\" \/><\/a><\/p>\n<h3>Projektin k\u00e4yt\u00e4nn\u00f6n etenemisest\u00e4<\/h3>\n<p>Loppuvuodesta 2010 Hans-Peter Sch\u00fctt\u00a0pyysi kolmea taiteilijaa (Juho Hellsten, Janne Siltanen ja Timo Vaittinen) mukaansa, \u00a0ja he ehdottivat ryhm\u00e4\u00e4ns\u00e4 tekem\u00e4\u00e4n maalauksia ty\u00f6maa-aitoihin L\u00e4nsimetro Oy:lle. He ottivat yhteytt\u00e4 L\u00e4nsimetroon 2011 alkuvuonna. Projektiin suhtauduttiin my\u00f6t\u00e4mielisesti, ja he tekiv\u00e4t sopimukset viidest\u00e4 maalauksesta. Jokainen taiteilija teki yhden oman maalauksen ja yhden yhteisen ty\u00f6n. Projektin aikataulu venyi, koska ty\u00f6maat, joihin he olivat suunnitelleet maalauksia, eiv\u00e4t kaikki valmistuneet ajallaan ja aitoja ei ollut pystyss\u00e4. Projekti toteutui 2011\u20132012. Sch\u00fctt sai itse lis\u00e4\u00e4 t\u00f6it\u00e4 kes\u00e4lle 2012 ja teki viel\u00e4 toisen kohteen.<\/p>\n<p><a href=\"https:\/\/www.painters.fi\/taiteenhankintamalli\/wp-content\/uploads\/2012\/11\/timo_vaittinen5.jpg\"><img loading=\"lazy\" decoding=\"async\" class=\"alignnone  wp-image-319\" title=\"Timo Vaittinen: Spray-maalaus l\u00e4nsimetron taideaitaan Helsingin Otaniemeen 2012\" alt=\"\" src=\"https:\/\/www.painters.fi\/taiteenhankintamalli\/wp-content\/uploads\/2012\/11\/timo_vaittinen5.jpg\" width=\"899\" height=\"76\" srcset=\"https:\/\/www.painters.fi\/taiteenhankintamalli\/wp-content\/uploads\/2012\/11\/timo_vaittinen5.jpg 1134w, https:\/\/www.painters.fi\/taiteenhankintamalli\/wp-content\/uploads\/2012\/11\/timo_vaittinen5-300x25.jpg 300w, https:\/\/www.painters.fi\/taiteenhankintamalli\/wp-content\/uploads\/2012\/11\/timo_vaittinen5-1024x85.jpg 1024w\" sizes=\"auto, (max-width: 899px) 100vw, 899px\" \/><\/a><\/p>\n\n","protected":false},"excerpt":{"rendered":"<p>L\u00e4nsimetron taideaidat &nbsp; Perustiedot Ty\u00f6ryhm\u00e4: Juho Hellsten, Hans-Peter Sch\u00fctt, Janne Siltanen &gt;&gt; Janne Siltanen ja Timo Vaittinen &gt;&gt; Timo Vaittinen Hankkeen nimi: L\u00e4nsimetron taideaidat Sijainti: Hanasaari, Otaniemi, Matinkyl\u00e4\/Iso Omena, Lauttasaari, Niittykumpu Tilaaja: L\u00e4nsimetro Oy Hankkeen suunnittelu alkoi: alkuvuodesta 2011 Hanke &hellip; <a href=\"https:\/\/www.painters.fi\/taiteenhankintamalli\/esimerkkeja-taideprojekteista\/hellsten-schutt-siltanen-vaittinen\/\">Continue reading <span class=\"meta-nav\">&rarr;<\/span><\/a><\/p>\n","protected":false},"author":4,"featured_media":0,"parent":74,"menu_order":38,"comment_status":"closed","ping_status":"closed","template":"","meta":{"footnotes":""},"class_list":["post-103","page","type-page","status-publish","hentry"],"_links":{"self":[{"href":"https:\/\/www.painters.fi\/taiteenhankintamalli\/wp-json\/wp\/v2\/pages\/103","targetHints":{"allow":["GET"]}}],"collection":[{"href":"https:\/\/www.painters.fi\/taiteenhankintamalli\/wp-json\/wp\/v2\/pages"}],"about":[{"href":"https:\/\/www.painters.fi\/taiteenhankintamalli\/wp-json\/wp\/v2\/types\/page"}],"author":[{"embeddable":true,"href":"https:\/\/www.painters.fi\/taiteenhankintamalli\/wp-json\/wp\/v2\/users\/4"}],"replies":[{"embeddable":true,"href":"https:\/\/www.painters.fi\/taiteenhankintamalli\/wp-json\/wp\/v2\/comments?post=103"}],"version-history":[{"count":26,"href":"https:\/\/www.painters.fi\/taiteenhankintamalli\/wp-json\/wp\/v2\/pages\/103\/revisions"}],"predecessor-version":[{"id":307,"href":"https:\/\/www.painters.fi\/taiteenhankintamalli\/wp-json\/wp\/v2\/pages\/103\/revisions\/307"}],"up":[{"embeddable":true,"href":"https:\/\/www.painters.fi\/taiteenhankintamalli\/wp-json\/wp\/v2\/pages\/74"}],"wp:attachment":[{"href":"https:\/\/www.painters.fi\/taiteenhankintamalli\/wp-json\/wp\/v2\/media?parent=103"}],"curies":[{"name":"wp","href":"https:\/\/api.w.org\/{rel}","templated":true}]}}