{"id":101,"date":"2012-11-13T14:20:25","date_gmt":"2012-11-13T12:20:25","guid":{"rendered":"http:\/\/www.painters.fi\/taiteenhankintamalli\/?page_id=101"},"modified":"2013-02-08T09:38:52","modified_gmt":"2013-02-08T07:38:52","slug":"arba-ja-salonen","status":"publish","type":"page","link":"https:\/\/www.painters.fi\/taiteenhankintamalli\/esimerkkeja-taideprojekteista\/arba-ja-salonen\/","title":{"rendered":"Arba-ryhm\u00e4"},"content":{"rendered":"<h2>Laiturit, Arabianranta, Helsinki<\/h2>\n<h3>Perustiedot<\/h3>\n<p>Ty\u00f6ryhm\u00e4: Arba-ryhm\u00e4, (Merja Salonen <a href=\"http:\/\/www.merjasalonen.net\/fi\/?cat=9\">&gt;&gt; Merja Salonen<\/a>, Samuli Naamanka<br \/>\n<a href=\"http:\/\/www.samulinaamanka.com\/\">&gt;&gt; Samuli Naamanka<\/a>, Jan Pesonen)<br \/>\nHankkeen nimi: Laiturit<br \/>\nSijainti: Arabianranta, Helsinki<br \/>\nTilaaja: HKR, puisto-osasto<br \/>\nRakennuttaja: : HKR, puisto-osasto<br \/>\nHankkeen suunnittelu alkoi: 2000<br \/>\nHanke toteutui: 2007<\/p>\n<p><a href=\"https:\/\/www.painters.fi\/taiteenhankintamalli\/wp-content\/uploads\/2012\/11\/merja_salo.jpg\"><img loading=\"lazy\" decoding=\"async\" class=\"size-full wp-image-1082 alignnone\" title=\"Merja Salonen: &quot;Hiekka-aallokko&quot; savesta muotoiltu laituri Arabianrantaan Helsinkiin, 2007\" src=\"https:\/\/www.painters.fi\/taiteenhankintamalli\/wp-content\/uploads\/2012\/11\/merja_salo.jpg\" alt=\"\" width=\"373\" height=\"500\" srcset=\"https:\/\/www.painters.fi\/taiteenhankintamalli\/wp-content\/uploads\/2012\/11\/merja_salo.jpg 373w, https:\/\/www.painters.fi\/taiteenhankintamalli\/wp-content\/uploads\/2012\/11\/merja_salo-223x300.jpg 223w\" sizes=\"auto, (max-width: 373px) 100vw, 373px\" \/><\/a><a href=\"https:\/\/www.painters.fi\/taiteenhankintamalli\/wp-content\/uploads\/2012\/11\/samuli_naamanka.jpg\"><img loading=\"lazy\" decoding=\"async\" class=\"size-full wp-image-1086 alignnone\" title=\"Samuli Naamanka: &quot;laituri&quot; graafinen betoni, toteutettu Arabianrantaan Helsinkiin, 2007\" src=\"https:\/\/www.painters.fi\/taiteenhankintamalli\/wp-content\/uploads\/2012\/11\/samuli_naamanka.jpg\" alt=\"\" width=\"373\" height=\"500\" srcset=\"https:\/\/www.painters.fi\/taiteenhankintamalli\/wp-content\/uploads\/2012\/11\/samuli_naamanka.jpg 373w, https:\/\/www.painters.fi\/taiteenhankintamalli\/wp-content\/uploads\/2012\/11\/samuli_naamanka-223x300.jpg 223w\" sizes=\"auto, (max-width: 373px) 100vw, 373px\" \/><\/a><\/p>\n<h3>Projektin k\u00e4yt\u00e4nn\u00f6n etenemisest\u00e4<\/h3>\n<p>Arba-ryhm\u00e4 suunnitteli Arabianrannan puisto-alueelle kolmesta laiturimaisesta 1,5 x 18m elementist\u00e4 koostuvan teoksen. Teosta ei voinut rakentaa ennen kuin l\u00e4heisen alueen rakennukset ja ymp\u00e4r\u00f6iv\u00e4 puistoalue oli rakennettu. Betonivalu tapahtui Forssassa Parman betonitehtaalla. Installointi tapahtui loppuvuodesta 2007.<\/p>\n<p><a href=\"http:\/\/www.merjasalonen.net\/fi\/wp-content\/uploads\/2008\/11\/bet0803_16-19.pdf\" target=\"_blank\">&gt;&gt; \u201dArabianrannan laiturit ovat muistumaa menneest\u00e4\u201d -artikkeli Betoni-lehdess\u00e4 3\/2008<\/a><\/p>\n<p><a href=\"https:\/\/www.painters.fi\/taiteenhankintamalli\/wp-content\/uploads\/2012\/11\/jan_pesonen1.jpg\"><img loading=\"lazy\" decoding=\"async\" class=\"alignnone size-full wp-image-1084\" title=\"Jan Pesonen: &quot;laituri&quot; puuta, toteutettu Arabianrantaan Helsinkiin, 2007\" src=\"https:\/\/www.painters.fi\/taiteenhankintamalli\/wp-content\/uploads\/2012\/11\/jan_pesonen1.jpg\" alt=\"\" width=\"640\" height=\"479\" srcset=\"https:\/\/www.painters.fi\/taiteenhankintamalli\/wp-content\/uploads\/2012\/11\/jan_pesonen1.jpg 640w, https:\/\/www.painters.fi\/taiteenhankintamalli\/wp-content\/uploads\/2012\/11\/jan_pesonen1-300x224.jpg 300w\" sizes=\"auto, (max-width: 640px) 100vw, 640px\" \/><\/a><\/p>\n\n","protected":false},"excerpt":{"rendered":"<p>Laiturit, Arabianranta, Helsinki Perustiedot Ty\u00f6ryhm\u00e4: Arba-ryhm\u00e4, (Merja Salonen &gt;&gt; Merja Salonen, Samuli Naamanka &gt;&gt; Samuli Naamanka, Jan Pesonen) Hankkeen nimi: Laiturit Sijainti: Arabianranta, Helsinki Tilaaja: HKR, puisto-osasto Rakennuttaja: : HKR, puisto-osasto Hankkeen suunnittelu alkoi: 2000 Hanke toteutui: 2007 Projektin k\u00e4yt\u00e4nn\u00f6n &hellip; <a href=\"https:\/\/www.painters.fi\/taiteenhankintamalli\/esimerkkeja-taideprojekteista\/arba-ja-salonen\/\">Continue reading <span class=\"meta-nav\">&rarr;<\/span><\/a><\/p>\n","protected":false},"author":4,"featured_media":0,"parent":74,"menu_order":5,"comment_status":"closed","ping_status":"closed","template":"","meta":{"footnotes":""},"class_list":["post-101","page","type-page","status-publish","hentry"],"_links":{"self":[{"href":"https:\/\/www.painters.fi\/taiteenhankintamalli\/wp-json\/wp\/v2\/pages\/101","targetHints":{"allow":["GET"]}}],"collection":[{"href":"https:\/\/www.painters.fi\/taiteenhankintamalli\/wp-json\/wp\/v2\/pages"}],"about":[{"href":"https:\/\/www.painters.fi\/taiteenhankintamalli\/wp-json\/wp\/v2\/types\/page"}],"author":[{"embeddable":true,"href":"https:\/\/www.painters.fi\/taiteenhankintamalli\/wp-json\/wp\/v2\/users\/4"}],"replies":[{"embeddable":true,"href":"https:\/\/www.painters.fi\/taiteenhankintamalli\/wp-json\/wp\/v2\/comments?post=101"}],"version-history":[{"count":23,"href":"https:\/\/www.painters.fi\/taiteenhankintamalli\/wp-json\/wp\/v2\/pages\/101\/revisions"}],"predecessor-version":[{"id":746,"href":"https:\/\/www.painters.fi\/taiteenhankintamalli\/wp-json\/wp\/v2\/pages\/101\/revisions\/746"}],"up":[{"embeddable":true,"href":"https:\/\/www.painters.fi\/taiteenhankintamalli\/wp-json\/wp\/v2\/pages\/74"}],"wp:attachment":[{"href":"https:\/\/www.painters.fi\/taiteenhankintamalli\/wp-json\/wp\/v2\/media?parent=101"}],"curies":[{"name":"wp","href":"https:\/\/api.w.org\/{rel}","templated":true}]}}